{"id":1083,"date":"2018-02-19T14:51:10","date_gmt":"2018-02-19T13:51:10","guid":{"rendered":"https:\/\/www.hsu-hh.de\/ees\/?page_id=1083"},"modified":"2021-05-27T13:49:14","modified_gmt":"2021-05-27T11:49:14","slug":"energetischen-potentials-der-verbrauchersteuerung","status":"publish","type":"page","link":"https:\/\/www.hsu-hh.de\/ees\/forschung\/forschungsgebiete\/energetischen-potentials-der-verbrauchersteuerung","title":{"rendered":"Identifikation, Analyse und Bewertung des energetischen Potentials der Verbrauchersteuerung sowie der dezentralen und virtuellen Energiespeicherung"},"content":{"rendered":"<p>Die Energiewende ist ein politisch gewolltes Ziel, das die Steigerung der Nachhaltigkeit der deutschen Energieversorgung mit hohen Anteilen erneuerbarer Energien anstrebt. Die Ausbaupl\u00e4ne f\u00fcr erneuerbare Energien und damit die Basis der Energiewende fu\u00dfen haupts\u00e4chlich auf den wetterabh\u00e4ngigen, fluktuierenden Erzeugern Windkraft und Photovoltaik. Dadurch wird das deutsche Elektrizit\u00e4tsversorgungssystem zunehmend wetterabh\u00e4ngig und der Strom wird nicht mehr nachfrageabh\u00e4ngig produziert.<\/p>\n<p>Es gibt viele M\u00f6glichkeiten, diesen Herausforderungen zu begegnen, <abbr title=\"unter anderem\">u.a.<\/abbr> Import\/Export von Energie, Speicherung, flexible und schnell regelbare fossile Kraftwerke. Eine weitere, sehr wichtige Option ist, die Nachfrage dem Angebot anzupassen. Das bedeutet, Energie dann zu verbrauchen, wenn sie von erneuerbaren Quellen zur Verf\u00fcgung gestellt wird. Die m\u00f6glichen Adressaten sind Stromkunden aus der Industrie, Gewerbe\/Dienstleistungen und Haushalten. Von diesen 3 Sektoren bieten die Haushalte das gr\u00f6\u00dfte Potential, da hier die meiste Flexibilit\u00e4t erwartet werden kann. Daher ist es unabdinglich, in diesem Bereich zu forschen, das Potential einer Verbrauchersteuerung im Haushalt zu ermitteln und potentielle Realisierungsm\u00f6glichkeiten zu erarbeiten. Die daraus resultierenden Ergebnisse k\u00f6nnen dann in Pilotprojekten umgesetzt werden.<\/p>\n<p>Gerade bei der Verbrauchersteuerung im Haushalt (demand side management DSM) m\u00fcssen regionale L\u00f6sungen gefunden werden, um die Bed\u00fcrfnisse der Bev\u00f6lkerung vor Ort einzubinden und somit auch die Akzeptanz zu steigern. Stadtwerke als regionale Energieversorger sind daf\u00fcr die optimalen Partner. Vor allem die Stadtwerke Norderstedt bieten durch die schnell voranschreitende Installation von f\u00fcr DSM voll tauglichen Smart-Metern optimale Voraussetzungen f\u00fcr eine sp\u00e4tere Umsetzung in interessierten Haushalten.<\/p>\n<p><img loading=\"lazy\" decoding=\"async\" class=\"aligncenter wp-image-1087\" src=\"https:\/\/www.hsu-hh.de\/ees\/wp-content\/uploads\/sites\/680\/2018\/02\/Kommunikation-zwischen-EVU-und-Kunden-1024x651.jpg\" alt=\"Kommunikation zwischen EVU und Kunden\" width=\"503\" height=\"320\" srcset=\"https:\/\/www.hsu-hh.de\/ees\/wp-content\/uploads\/sites\/680\/2018\/02\/Kommunikation-zwischen-EVU-und-Kunden-1024x651.jpg 1024w, https:\/\/www.hsu-hh.de\/ees\/wp-content\/uploads\/sites\/680\/2018\/02\/Kommunikation-zwischen-EVU-und-Kunden-300x191.jpg 300w, https:\/\/www.hsu-hh.de\/ees\/wp-content\/uploads\/sites\/680\/2018\/02\/Kommunikation-zwischen-EVU-und-Kunden-768x488.jpg 768w\" sizes=\"auto, (max-width: 503px) 100vw, 503px\" \/>Die Aufgabenstellung der HSU in diesem Verbundprojekt ist die Identifikation, Analyse und Bewertung des energetischen Potenzials der Verbrauchersteuerung sowie der dezentralen und virtuellen Energiespeicherung.<\/p>\n<h2>Ansprechpartner:<\/h2>\n<p>Prof. <abbr title=\"Doktor der Ingenieurwissenschaften\">Dr.-Ing.<\/abbr> <abbr title=\"habilitatus\">habil.<\/abbr> Detlef Schulz (<u>Teilprojektleiter<\/u>)<br \/>\nFakult\u00e4t f\u00fcr Elektrotechnik<br \/>\nElektrische Energiesysteme<\/p>\n","protected":false},"excerpt":{"rendered":"<p>Die Energiewende ist ein politisch gewolltes Ziel, das die Steigerung der Nachhaltigkeit der deutschen Energieversorgung mit hohen Anteilen erneuerbarer Energien anstrebt. Die Ausbaupl\u00e4ne f\u00fcr erneuerbare Energien und damit die Basis [&hellip;]<\/p>\n","protected":false},"author":57,"featured_media":0,"parent":3518,"menu_order":0,"comment_status":"closed","ping_status":"closed","template":"","meta":{"footnotes":""},"categories":[4,118],"tags":[],"class_list":["post-1083","page","type-page","status-publish","hentry","category-forschung","category-projekte"],"_links":{"self":[{"href":"https:\/\/www.hsu-hh.de\/ees\/wp-json\/wp\/v2\/pages\/1083","targetHints":{"allow":["GET"]}}],"collection":[{"href":"https:\/\/www.hsu-hh.de\/ees\/wp-json\/wp\/v2\/pages"}],"about":[{"href":"https:\/\/www.hsu-hh.de\/ees\/wp-json\/wp\/v2\/types\/page"}],"author":[{"embeddable":true,"href":"https:\/\/www.hsu-hh.de\/ees\/wp-json\/wp\/v2\/users\/57"}],"replies":[{"embeddable":true,"href":"https:\/\/www.hsu-hh.de\/ees\/wp-json\/wp\/v2\/comments?post=1083"}],"version-history":[{"count":6,"href":"https:\/\/www.hsu-hh.de\/ees\/wp-json\/wp\/v2\/pages\/1083\/revisions"}],"predecessor-version":[{"id":4667,"href":"https:\/\/www.hsu-hh.de\/ees\/wp-json\/wp\/v2\/pages\/1083\/revisions\/4667"}],"up":[{"embeddable":true,"href":"https:\/\/www.hsu-hh.de\/ees\/wp-json\/wp\/v2\/pages\/3518"}],"wp:attachment":[{"href":"https:\/\/www.hsu-hh.de\/ees\/wp-json\/wp\/v2\/media?parent=1083"}],"wp:term":[{"taxonomy":"category","embeddable":true,"href":"https:\/\/www.hsu-hh.de\/ees\/wp-json\/wp\/v2\/categories?post=1083"},{"taxonomy":"post_tag","embeddable":true,"href":"https:\/\/www.hsu-hh.de\/ees\/wp-json\/wp\/v2\/tags?post=1083"}],"curies":[{"name":"wp","href":"https:\/\/api.w.org\/{rel}","templated":true}]}}