{"id":1077,"date":"2018-02-19T14:46:24","date_gmt":"2018-02-19T13:46:24","guid":{"rendered":"https:\/\/www.hsu-hh.de\/ees\/?page_id=1077"},"modified":"2021-05-27T13:43:54","modified_gmt":"2021-05-27T11:43:54","slug":"netzspeicherkonzepte-durch-integration-von-elektromobilitaet","status":"publish","type":"page","link":"https:\/\/www.hsu-hh.de\/ees\/forschung\/forschungsgebiete\/netzspeicherkonzepte-durch-integration-von-elektromobilitaet","title":{"rendered":"Netzspeicherkonzepte durch Integration von Elektromobilit\u00e4t"},"content":{"rendered":"<p>Das Forschungsgebiet Elektromobilit\u00e4t wird vom Fachgebiet Elektrische Energiesysteme als ein Projekt im Forschungsschwerpunkt \u201eNachhaltige Energieversorgung\u201c bearbeitet.<\/p>\n<p>Physikalisch bedingt m\u00fcssen bei elektrischer Energie Einspeisung und Verbrauch zu jedem Zeitpunkt im Gleichgewicht sein. Durch die Fluktuation des Windangebots k\u00f6nnen Windenergieanlagen jedoch nicht kontinuierlich Energie liefern. Abweichungen zwischen der eingespeisten Leistung und der Last, die ebenfalls zeitlich schwankt, haben einen Leistungsmangel oder einen Leistungs\u00fcberschuss zur Folge. Mit dem weiteren Ausbau der erneuerbaren Energien gehen die Aufgaben zur Sicherstellung der elektrischen Energieversorgung zunehmend an die Erzeugungsanlagen mit erneuerbaren Energien \u00fcber. F\u00fcr diesen Zweck werden Energiespeicher ben\u00f6tigt.<\/p>\n<p>Eine M\u00f6glichkeit\u00a0 zur Pufferung von Lastspitzen oder Erzeugungs\u00fcbersch\u00fcssen stellt die Nutzung der Fahrzeugbatterien von Elektrofahrzeugen dar. Sie k\u00f6nnten w\u00e4hrend ihrer Standzeit an ein r\u00fcckspeisef\u00e4higes Ladesystem angeschlossen werden und so einen Beitrag zur Netzstabilisierung leisten.<\/p>\n<p>Dieser als Elektromobilit\u00e4t bezeichnete Themenkomplex stellt ein breites Forschungsgebiet dar. Am Fachgebiet Elektrische Energiesysteme werden folgende Punkte untersucht:<\/p>\n<ul>\n<li>Speichertechnologien f\u00fcr das Elektroauto von morgen<\/li>\n<li>Dezentrale Kurzzeitnetzst\u00fctzung mithilfe der automobilen Energiespeicher<\/li>\n<li>Netzintegration von Ladestationen in vorhandene Energieversorgungsnetze<\/li>\n<\/ul>\n<p>Um diese Forschungsarbeiten unter realen Verkehrsbedingungen durchf\u00fchren zu k\u00f6nnen, betreibt die Professur ein eigenes Elektroauto.<\/p>\n<h2>Ansprechpartner:<\/h2>\n<p>Prof. <abbr title=\"Doktor der Ingenieurwissenschaften\">Dr.-Ing.<\/abbr> <abbr title=\"habilitatus\">habil.<\/abbr> Detlef Schulz (<u>Projektleiter<\/u>)<br \/>\nFakult\u00e4t f\u00fcr Elektrotechnik<br \/>\nElektrische Energiesysteme<\/p>\n","protected":false},"excerpt":{"rendered":"<p>Das Forschungsgebiet Elektromobilit\u00e4t wird vom Fachgebiet Elektrische Energiesysteme als ein Projekt im Forschungsschwerpunkt \u201eNachhaltige Energieversorgung\u201c bearbeitet. Physikalisch bedingt m\u00fcssen bei elektrischer Energie Einspeisung und Verbrauch zu jedem Zeitpunkt im Gleichgewicht [&hellip;]<\/p>\n","protected":false},"author":57,"featured_media":0,"parent":3518,"menu_order":0,"comment_status":"closed","ping_status":"closed","template":"","meta":{"footnotes":""},"categories":[4,118],"tags":[],"class_list":["post-1077","page","type-page","status-publish","hentry","category-forschung","category-projekte"],"_links":{"self":[{"href":"https:\/\/www.hsu-hh.de\/ees\/wp-json\/wp\/v2\/pages\/1077","targetHints":{"allow":["GET"]}}],"collection":[{"href":"https:\/\/www.hsu-hh.de\/ees\/wp-json\/wp\/v2\/pages"}],"about":[{"href":"https:\/\/www.hsu-hh.de\/ees\/wp-json\/wp\/v2\/types\/page"}],"author":[{"embeddable":true,"href":"https:\/\/www.hsu-hh.de\/ees\/wp-json\/wp\/v2\/users\/57"}],"replies":[{"embeddable":true,"href":"https:\/\/www.hsu-hh.de\/ees\/wp-json\/wp\/v2\/comments?post=1077"}],"version-history":[{"count":5,"href":"https:\/\/www.hsu-hh.de\/ees\/wp-json\/wp\/v2\/pages\/1077\/revisions"}],"predecessor-version":[{"id":4660,"href":"https:\/\/www.hsu-hh.de\/ees\/wp-json\/wp\/v2\/pages\/1077\/revisions\/4660"}],"up":[{"embeddable":true,"href":"https:\/\/www.hsu-hh.de\/ees\/wp-json\/wp\/v2\/pages\/3518"}],"wp:attachment":[{"href":"https:\/\/www.hsu-hh.de\/ees\/wp-json\/wp\/v2\/media?parent=1077"}],"wp:term":[{"taxonomy":"category","embeddable":true,"href":"https:\/\/www.hsu-hh.de\/ees\/wp-json\/wp\/v2\/categories?post=1077"},{"taxonomy":"post_tag","embeddable":true,"href":"https:\/\/www.hsu-hh.de\/ees\/wp-json\/wp\/v2\/tags?post=1077"}],"curies":[{"name":"wp","href":"https:\/\/api.w.org\/{rel}","templated":true}]}}