{"id":1056,"date":"2018-02-19T14:05:29","date_gmt":"2018-02-19T13:05:29","guid":{"rendered":"https:\/\/www.hsu-hh.de\/ees\/?page_id=1056"},"modified":"2021-05-27T13:24:26","modified_gmt":"2021-05-27T11:24:26","slug":"netzharmonie","status":"publish","type":"page","link":"https:\/\/www.hsu-hh.de\/ees\/forschung\/forschungsgebiete\/netzharmonie","title":{"rendered":"NetzHarmonie"},"content":{"rendered":"<h3><\/h3>\n<p><img loading=\"lazy\" decoding=\"async\" class=\"alignnone wp-image-1074\" src=\"https:\/\/www.hsu-hh.de\/ees\/wp-content\/uploads\/sites\/680\/2018\/02\/Logos_BMBiF_BMWi.jpg\" alt=\"Logos\" width=\"546\" height=\"120\" srcset=\"https:\/\/www.hsu-hh.de\/ees\/wp-content\/uploads\/sites\/680\/2018\/02\/Logos_BMBiF_BMWi.jpg 3780w, https:\/\/www.hsu-hh.de\/ees\/wp-content\/uploads\/sites\/680\/2018\/02\/Logos_BMBiF_BMWi-300x66.jpg 300w, https:\/\/www.hsu-hh.de\/ees\/wp-content\/uploads\/sites\/680\/2018\/02\/Logos_BMBiF_BMWi-768x169.jpg 768w, https:\/\/www.hsu-hh.de\/ees\/wp-content\/uploads\/sites\/680\/2018\/02\/Logos_BMBiF_BMWi-1024x225.jpg 1024w\" sizes=\"auto, (max-width: 546px) 100vw, 546px\" \/><\/p>\n<h3>gef\u00f6rdert von: (FKZ 0325757G)<\/h3>\n<h2><strong>Optimierte Effizienz und Netzvertr\u00e4glichkeit bei der Integration von Erzeugungsanlagen aus Oberschwingungssicht<\/strong><\/h2>\n<p>Das Projektziel ist die Verbesserung der aktuellen Verfahren zur Ermittlung und Bewertung der Oberschwingungsemissionen von Erzeugungseinheiten (EZE) und Erzeugungsanlagen (EZA) f\u00fcr alle Netzebenen. Hierbei sollen insbesondere die individuelle Netzvorbelastung und Netzresonanzen an einem Netzanschlusspunkt ber\u00fccksichtigt werden. Zur Umsetzung des Gesamtziels erfolgt eine messtechnische Bestimmung der zeit- und frequenzabh\u00e4ngigen Netzimpedanz auf der Mittelspannungsebene bis 20 kV durch einen an der Helmut-Schmidt-Universit\u00e4t (<abbr title=\"Helmut-Schmidt-Universit\u00e4t\">HSU<\/abbr>) entwickelten Messcontainer. Durch die Bestimmung der frequenzabh\u00e4ngigen Netzimpedanz kann eine verbesserte Netzintegration von Erzeugungsanlagen und Verbrauchern mit leistungselektronischer Netzkopplung erreicht werden. Dabei kann insbesondere die Projektierung und Realisierung von Wind- und Photovoltaikanlagen optimiert werden.<\/p>\n<p>Erzeugungsanlagen ver\u00e4ndern die Netzeigenschaften, weil sie wie das Netz selbst eine Innenimpedanz besitzen. Deren Impedanz weist ebenfalls eine Zeit- und Frequenzabh\u00e4ngigkeit auf und \u00fcberlagert sich mit dem Verlauf der Netzimpedanz. Die \u00dcberlagerung kann sich positiv aber auch negativ auf die Netzqualit\u00e4t auswirken. Die messtechnische Bestimmung der Netzimpedanz liefert im Vergleich zu den derzeitigen angewandten Absch\u00e4tzverfahren anhand von Tabellenwerten oder Simulationsprogrammen, genauere Aussagen \u00fcber die m\u00f6gliche Anschlusskapazit\u00e4t an einem Netzanschlusspunkt (NAP). Hierf\u00fcr werden Anforderungen an die ausreichend genauen Modelle definiert, Validierungsprozesse erstellt und zul\u00e4ssige Unsicherheiten definiert. Schwerpunkt der <abbr title=\"Helmut-Schmidt-Universit\u00e4t\">HSU<\/abbr> liegt in der Entwicklung neuer Ans\u00e4tze zur Modellierung von Netzen und deren Vorbelastung. Durch systematische Forschung wird ein umfassenderes Verst\u00e4ndnis der Oberschwingungsaussendung und -ausbreitung im Frequenzbereich bis 9 kHz erzielt. Damit k\u00f6nnen die aktuellen Oberschwingungs-Bewertungsverfahren verbessert werden, um ungenutzte Netzkapazit\u00e4ten zum Anschluss von Windenergie; und Photovoltaikanlagen in allen Netzebenen zu erschlie\u00dfen und gleichzeitig oberschwingungsbedingte St\u00f6rungen an Netz und Anlagen verhindert werden.<\/p>\n<p><img loading=\"lazy\" decoding=\"async\" class=\"aligncenter wp-image-1058\" src=\"https:\/\/www.hsu-hh.de\/ees\/wp-content\/uploads\/sites\/680\/2018\/02\/Impedanzmessung-1024x727.jpg\" alt=\"Impedanzmessung\" width=\"512\" height=\"363\" srcset=\"https:\/\/www.hsu-hh.de\/ees\/wp-content\/uploads\/sites\/680\/2018\/02\/Impedanzmessung-1024x727.jpg 1024w, https:\/\/www.hsu-hh.de\/ees\/wp-content\/uploads\/sites\/680\/2018\/02\/Impedanzmessung-300x213.jpg 300w, https:\/\/www.hsu-hh.de\/ees\/wp-content\/uploads\/sites\/680\/2018\/02\/Impedanzmessung-768x545.jpg 768w\" sizes=\"auto, (max-width: 512px) 100vw, 512px\" \/><\/p>\n<p>Der Fokus der <abbr title=\"Helmut-Schmidt-Universit\u00e4t\">HSU<\/abbr> liegt haupts\u00e4chlich bei Forschungsaufgaben. Aufgrund der Erfahrungen\/Vorarbeiten im Bereich der Impedanzmessung wurde auch die Leitung der Messkampagnen im Feld an die <abbr title=\"Helmut-Schmidt-Universit\u00e4t\">HSU<\/abbr> \u00fcbertragen. Das Themenfeld der <abbr title=\"Helmut-Schmidt-Universit\u00e4t\">HSU<\/abbr> erstreckt sich aus Sicht der Netzebenen im Wesentlichen \u00fcber die Mittelspannungs- und teilweise Hochspannungsebenen (MS- und HS-Ebenen). Insbesondere handelt es sich um die Entwicklung neuer Bewertungsverfahren bez\u00fcglich der Oberschwingungen. Diese Kenntnisse sollen anschlie\u00dfend in Normen ber\u00fccksichtigt und durch Publikationen der \u00d6ffentlichkeit zug\u00e4ngig gemacht werden.<\/p>\n<h2>Ansprechpartner:<\/h2>\n<p>Prof. <abbr title=\"Doktor der Ingenieurwissenschaften\">Dr.-Ing.<\/abbr> <abbr title=\"habilitatus\">habil.<\/abbr> Detlef Schulz (<u>Projektleiter<\/u>)<br \/>\nMarc Florian Meyer, <abbr title=\"Master of Science\">M.Sc.<\/abbr><br \/>\nFakult\u00e4t f\u00fcr Elektrotechnik<br \/>\nElektrische Energiesysteme<\/p>\n<hr \/>\n<h2>Weitere Informationen:<\/h2>\n<p><a href=\"http:\/\/www.forschung-stromnetze.info\/projekte\/oberschwingungen-im-netz-erkennen\/\" target=\"_blank\" rel=\"noopener noreferrer\"><img loading=\"lazy\" decoding=\"async\" class=\"alignnone wp-image-1054 size-medium\" src=\"https:\/\/www.hsu-hh.de\/ees\/wp-content\/uploads\/sites\/680\/2018\/02\/Logo_Stromnetze-300x67.jpg\" alt=\"Stromnetze\" width=\"300\" height=\"67\" srcset=\"https:\/\/www.hsu-hh.de\/ees\/wp-content\/uploads\/sites\/680\/2018\/02\/Logo_Stromnetze-300x67.jpg 300w, https:\/\/www.hsu-hh.de\/ees\/wp-content\/uploads\/sites\/680\/2018\/02\/Logo_Stromnetze-768x172.jpg 768w, https:\/\/www.hsu-hh.de\/ees\/wp-content\/uploads\/sites\/680\/2018\/02\/Logo_Stromnetze-1024x230.jpg 1024w, https:\/\/www.hsu-hh.de\/ees\/wp-content\/uploads\/sites\/680\/2018\/02\/Logo_Stromnetze.jpg 1600w\" sizes=\"auto, (max-width: 300px) 100vw, 300px\" \/><\/a><\/p>\n<hr \/>\n<h2>Projektpatner:<\/h2>\n<p><img loading=\"lazy\" decoding=\"async\" class=\"wp-image-1053 size-full alignnone\" src=\"https:\/\/www.hsu-hh.de\/ees\/wp-content\/uploads\/sites\/680\/2018\/02\/Projektpartner_Logos.png\" alt=\"Projektpartner\" width=\"454\" height=\"378\" srcset=\"https:\/\/www.hsu-hh.de\/ees\/wp-content\/uploads\/sites\/680\/2018\/02\/Projektpartner_Logos.png 454w, https:\/\/www.hsu-hh.de\/ees\/wp-content\/uploads\/sites\/680\/2018\/02\/Projektpartner_Logos-300x250.png 300w\" sizes=\"auto, (max-width: 454px) 100vw, 454px\" \/><\/p>\n","protected":false},"excerpt":{"rendered":"<p>gef\u00f6rdert von: (FKZ 0325757G) Optimierte Effizienz und Netzvertr\u00e4glichkeit bei der Integration von Erzeugungsanlagen aus Oberschwingungssicht Das Projektziel ist die Verbesserung der aktuellen Verfahren zur Ermittlung und Bewertung der Oberschwingungsemissionen von [&hellip;]<\/p>\n","protected":false},"author":57,"featured_media":0,"parent":3518,"menu_order":0,"comment_status":"closed","ping_status":"closed","template":"","meta":{"footnotes":""},"categories":[4,118],"tags":[],"class_list":["post-1056","page","type-page","status-publish","hentry","category-forschung","category-projekte"],"_links":{"self":[{"href":"https:\/\/www.hsu-hh.de\/ees\/wp-json\/wp\/v2\/pages\/1056","targetHints":{"allow":["GET"]}}],"collection":[{"href":"https:\/\/www.hsu-hh.de\/ees\/wp-json\/wp\/v2\/pages"}],"about":[{"href":"https:\/\/www.hsu-hh.de\/ees\/wp-json\/wp\/v2\/types\/page"}],"author":[{"embeddable":true,"href":"https:\/\/www.hsu-hh.de\/ees\/wp-json\/wp\/v2\/users\/57"}],"replies":[{"embeddable":true,"href":"https:\/\/www.hsu-hh.de\/ees\/wp-json\/wp\/v2\/comments?post=1056"}],"version-history":[{"count":18,"href":"https:\/\/www.hsu-hh.de\/ees\/wp-json\/wp\/v2\/pages\/1056\/revisions"}],"predecessor-version":[{"id":4637,"href":"https:\/\/www.hsu-hh.de\/ees\/wp-json\/wp\/v2\/pages\/1056\/revisions\/4637"}],"up":[{"embeddable":true,"href":"https:\/\/www.hsu-hh.de\/ees\/wp-json\/wp\/v2\/pages\/3518"}],"wp:attachment":[{"href":"https:\/\/www.hsu-hh.de\/ees\/wp-json\/wp\/v2\/media?parent=1056"}],"wp:term":[{"taxonomy":"category","embeddable":true,"href":"https:\/\/www.hsu-hh.de\/ees\/wp-json\/wp\/v2\/categories?post=1056"},{"taxonomy":"post_tag","embeddable":true,"href":"https:\/\/www.hsu-hh.de\/ees\/wp-json\/wp\/v2\/tags?post=1056"}],"curies":[{"name":"wp","href":"https:\/\/api.w.org\/{rel}","templated":true}]}}