{"id":935,"date":"2020-01-15T14:37:52","date_gmt":"2020-01-15T13:37:52","guid":{"rendered":"https:\/\/www.hsu-hh.de\/eb\/?page_id=935"},"modified":"2020-02-03T16:25:20","modified_gmt":"2020-02-03T15:25:20","slug":"entwicklung-eines-referenzsmodells-zur-personenbezogenen-beratung","status":"publish","type":"page","link":"https:\/\/www.hsu-hh.de\/eb\/entwicklung-eines-referenzsmodells-zur-personenbezogenen-beratung","title":{"rendered":"\u201eEntwicklung eines Referenzmodells zur personenbezogenen Beratung\u201c"},"content":{"rendered":"<h2>Teilprojekt im Verbundvorhaben\u00a0 \u201eBildungsberatung in den Lernenden Regionen\u201c<\/h2>\n<h3>Ziele<\/h3>\n<p>Gesamtprojekt:<br \/>\nGesamtziel des Verbundvorhabens \u00bbBildungsberatung in den lernenden Regionen\u00ab ist es, handlungsorientierte Ans\u00e4tze zur Bildungsberatung herauszuarbeiten, die in alternativen Variationen eingesetzt werden k\u00f6nnen.<\/p>\n<p>Teilprojekt:<br \/>\nDas Ziel ist die Konzeption eines Referenzmodells zur personenbezogenen Weiterbildungsberatung. Intendiert ist, in einem diskursiven Verfahren mit den Akteuren der Lernenden Regionen die bereits vorhandenen Praxisans\u00e4tze und -modelle zu diskutieren, systematisieren, strukturieren und weiterzuentwickeln.<\/p>\n<p>Resultat soll ein Beratungsmodell sein, das, theoretisch begr\u00fcndet, eine \u201eModellverdichtung\u201c der vorhandenen Praxis darstellt.<\/p>\n<p>Thematische Schwerpunkte des zu entwickelnden personenbezogenen Beratungsmodells:<\/p>\n<ul>\n<li>Orientierungsberatung,<\/li>\n<li>Kompetenzberatung und<\/li>\n<li>Beratungsans\u00e4tze f\u00fcr besondere Zielgruppen.<\/li>\n<\/ul>\n<h3>Team<\/h3>\n<ul>\n<li>Prof. <abbr title=\"Doktor\">Dr.<\/abbr> Christine Zeuner<\/li>\n<li><abbr title=\"Doktor\">Dr.<\/abbr> Andrea de Cuvry<\/li>\n<li><abbr title=\"Doktor\">Dr.<\/abbr> Peter Kossack<\/li>\n<li><abbr title=\"Diplom\">Dipl.<\/abbr> Sozialp\u00e4dagogin Zuzana R\u00f6seke<\/li>\n<li>Mirjam Bretschneider<\/li>\n<\/ul>\n<h3>Kooperation<\/h3>\n<ul>\n<li>Humboldt Universit\u00e4t Berlin, Prof. <abbr title=\"Doktor\">Dr.<\/abbr> Wiltrud Gieseke<\/li>\n<li>Technische Universit\u00e4t Kaiserslautern, Prof. <abbr title=\"Doktor\">Dr.<\/abbr> Rolf Arnold<\/li>\n<\/ul>\n<h3>Finanzierung und Laufzeit<\/h3>\n<p>Das Projekt wurde gef\u00f6rdert vom Bundesministerium f\u00fcr Bildung und Forschung (<abbr title=\"Bundesministerium f\u00fcr Bildung und Forschung\">BMBF<\/abbr>) und dem Europ\u00e4ischen Sozialfonds (ESF) vom 01.05.2007 bis 30.06.2008.<\/p>\n<h3>Ergebnisse und Ver\u00f6ffentlichungen<\/h3>\n<p>Arnold, Rolf\/Gieseke, Wiltrud\/Zeuner, Christine (2012): <em>Bildungsberatung im Dialog. Eine Handreichung.<\/em> Hg. v. der Technischen Universit\u00e4t Kaiserslautern, Reihe: P\u00e4dagogische Materialien der Technischen Universit\u00e4t Kaiserslautern.<\/p>\n<p>Arnold, Rolf\/Gieseke, Wiltrud\/Zeuner, Christine (<abbr title=\"Herausgeber\">Hrsg.<\/abbr>) (2009): <em>Bildungsberatung im Dialog.<\/em> Band 1: Theorie \u2013 Empirie \u2013 Reflexion. Baltmannsweiler: Schneider-Verlag Hohengehren.<\/p>\n<p>Arnold, Rolf\/Gieseke, Wiltrud\/Zeuner, Christine (<abbr title=\"Herausgeber\">Hrsg.<\/abbr>) (2009): <em>Bildungsberatung im Dialog.<\/em> Band 2: 13 Wortmeldungen. Baltmannsweiler: Schneider-Verlag Hohengehren.<\/p>\n<p>Arnold, Rolf\/Gieseke, Wiltrud\/Zeuner, Christine (<abbr title=\"Herausgeber\">Hrsg.<\/abbr>) (2009): <em>Bildungsberatung im Dialog.<\/em> Band 3: Referenzmodelle. Baltmannsweiler: Schneider-Verlag Hohengehren<\/p>\n<p>Cuvry, Andrea de\/Kossack, Peter\/Zeuner, Christine (2009): <em>Das Hamburger Strukturmodell zur Bildungsberatung.<\/em> In: Hessische Bl\u00e4tter f\u00fcr Volksbildung. Zeitschrift f\u00fcr Erwachsenenbildung in Deutschland 59, H 1, S. 19-28.<\/p>\n","protected":false},"excerpt":{"rendered":"<p>Teilprojekt im Verbundvorhaben\u00a0 \u201eBildungsberatung in den Lernenden Regionen\u201c Ziele Gesamtprojekt: Gesamtziel des Verbundvorhabens \u00bbBildungsberatung in den lernenden Regionen\u00ab ist es, handlungsorientierte Ans\u00e4tze zur Bildungsberatung herauszuarbeiten, die in alternativen Variationen eingesetzt [&hellip;]<\/p>\n","protected":false},"author":2369,"featured_media":0,"parent":0,"menu_order":0,"comment_status":"closed","ping_status":"closed","template":"","meta":{"footnotes":""},"categories":[4],"tags":[],"class_list":["post-935","page","type-page","status-publish","hentry","category-forschung"],"_links":{"self":[{"href":"https:\/\/www.hsu-hh.de\/eb\/wp-json\/wp\/v2\/pages\/935","targetHints":{"allow":["GET"]}}],"collection":[{"href":"https:\/\/www.hsu-hh.de\/eb\/wp-json\/wp\/v2\/pages"}],"about":[{"href":"https:\/\/www.hsu-hh.de\/eb\/wp-json\/wp\/v2\/types\/page"}],"author":[{"embeddable":true,"href":"https:\/\/www.hsu-hh.de\/eb\/wp-json\/wp\/v2\/users\/2369"}],"replies":[{"embeddable":true,"href":"https:\/\/www.hsu-hh.de\/eb\/wp-json\/wp\/v2\/comments?post=935"}],"version-history":[{"count":7,"href":"https:\/\/www.hsu-hh.de\/eb\/wp-json\/wp\/v2\/pages\/935\/revisions"}],"predecessor-version":[{"id":952,"href":"https:\/\/www.hsu-hh.de\/eb\/wp-json\/wp\/v2\/pages\/935\/revisions\/952"}],"wp:attachment":[{"href":"https:\/\/www.hsu-hh.de\/eb\/wp-json\/wp\/v2\/media?parent=935"}],"wp:term":[{"taxonomy":"category","embeddable":true,"href":"https:\/\/www.hsu-hh.de\/eb\/wp-json\/wp\/v2\/categories?post=935"},{"taxonomy":"post_tag","embeddable":true,"href":"https:\/\/www.hsu-hh.de\/eb\/wp-json\/wp\/v2\/tags?post=935"}],"curies":[{"name":"wp","href":"https:\/\/api.w.org\/{rel}","templated":true}]}}