{"id":781,"date":"2021-02-22T19:21:04","date_gmt":"2021-02-22T18:21:04","guid":{"rendered":"https:\/\/www.hsu-hh.de\/eb\/?page_id=781"},"modified":"2025-10-07T16:29:11","modified_gmt":"2025-10-07T14:29:11","slug":"benz-gydat","status":"publish","type":"page","link":"https:\/\/www.hsu-hh.de\/eb\/benz-gydat","title":{"rendered":"Dr. Melanie Benz-Gydat"},"content":{"rendered":"\n<div style=\"height:20px\" aria-hidden=\"true\" class=\"wp-block-spacer\"><\/div>\n\n\n\n<div class=\"wp-block-columns is-layout-flex wp-container-core-columns-is-layout-9d6595d7 wp-block-columns-is-layout-flex\">\n<div class=\"wp-block-column is-layout-flow wp-block-column-is-layout-flow\" style=\"flex-basis:33.34%\">\n<figure class=\"wp-block-image size-large is-resized\"><img loading=\"lazy\" decoding=\"async\" width=\"626\" height=\"1024\" src=\"https:\/\/www.hsu-hh.de\/eb\/wp-content\/uploads\/sites\/662\/2021\/01\/Foto-Dr.-Melanie-Benz-Gydat_Groesse-angepasst-626x1024.jpg\" data-credit=\"Dr. Melanie Benz-Gydat\" alt=\"Dr. Melanie Benz-Gydat\" class=\"wp-image-1156\" style=\"width:262px;height:auto\" srcset=\"https:\/\/www.hsu-hh.de\/eb\/wp-content\/uploads\/sites\/662\/2021\/01\/Foto-Dr.-Melanie-Benz-Gydat_Groesse-angepasst-626x1024.jpg 626w, https:\/\/www.hsu-hh.de\/eb\/wp-content\/uploads\/sites\/662\/2021\/01\/Foto-Dr.-Melanie-Benz-Gydat_Groesse-angepasst-183x300.jpg 183w, https:\/\/www.hsu-hh.de\/eb\/wp-content\/uploads\/sites\/662\/2021\/01\/Foto-Dr.-Melanie-Benz-Gydat_Groesse-angepasst-768x1256.jpg 768w, https:\/\/www.hsu-hh.de\/eb\/wp-content\/uploads\/sites\/662\/2021\/01\/Foto-Dr.-Melanie-Benz-Gydat_Groesse-angepasst-939x1536.jpg 939w, https:\/\/www.hsu-hh.de\/eb\/wp-content\/uploads\/sites\/662\/2021\/01\/Foto-Dr.-Melanie-Benz-Gydat_Groesse-angepasst-1100x1799.jpg 1100w, https:\/\/www.hsu-hh.de\/eb\/wp-content\/uploads\/sites\/662\/2021\/01\/Foto-Dr.-Melanie-Benz-Gydat_Groesse-angepasst.jpg 1153w\" sizes=\"auto, (max-width: 626px) 100vw, 626px\" \/><figcaption class=\"wp-element-caption\"><abbr title=\"Doktor\">Dr.<\/abbr> Melanie Benz-Gydat<\/figcaption><\/figure>\n<\/div>\n\n\n\n<div class=\"wp-block-column is-layout-flow wp-block-column-is-layout-flow\">\n<p class=\"has-medium-font-size\"><strong>Kontakt<\/strong><\/p>\n\n\n\n<p>benz-gydat@hsu-hh.de<\/p>\n\n\n\n<p><\/p>\n\n\n\n<div style=\"height:36px\" aria-hidden=\"true\" class=\"wp-block-spacer\"><\/div>\n\n\n\n<p><\/p>\n<\/div>\n\n\n\n<div class=\"wp-block-column is-layout-flow wp-block-column-is-layout-flow\" style=\"flex-basis:33.33%\">\n<p class=\"has-medium-font-size\"><strong>Postanschrift<\/strong> <\/p>\n\n\n\n<p>Helmut-Schmidt-Universit\u00e4t<br>Fakult\u00e4t&nbsp;f\u00fcr Geistes- und Sozialwissenschaften<br>Professur f\u00fcr Erwachsenenbildung<br>Postfach 70 08 22<br>22008 Hamburg<\/p>\n\n\n\n<p class=\"has-medium-font-size\"><\/p>\n\n\n\n<p><\/p>\n<\/div>\n<\/div>\n\n\n\n<div style=\"height:20px\" aria-hidden=\"true\" class=\"wp-block-spacer\"><\/div>\n\n\n\n<p class=\"has-medium-font-size\"><strong>Arbeitsschwerpunkte<\/strong><\/p>\n\n\n\n<p class=\"has-medium-font-size\">Professions- und Professionalit\u00e4tsforschung in der Disziplin der Erwachsenenbildung\/Weiterbildung, Lernen Erwachsener, Alphabetisierung\/Grundbildung, Literalit\u00e4t und Numeralit\u00e4t als soziale Praxis, Partizipative Forschung insbesondere in der Grundbildung.<\/p>\n\n\n\n<div style=\"height:20px\" aria-hidden=\"true\" class=\"wp-block-spacer\"><\/div>\n\n\n\n<p class=\"has-medium-font-size\"><strong><a href=\"https:\/\/www.hsu-hh.de\/eb\/veroeffentlichungen-dr-melanie-benz-gydat\" data-type=\"page\" data-id=\"2501\">Ver\u00f6ffentlichungen<\/a><\/strong><\/p>\n\n\n\n<div style=\"height:20px\" aria-hidden=\"true\" class=\"wp-block-spacer\"><\/div>\n\n\n\n<p class=\"has-medium-font-size\"><strong><a href=\"https:\/\/www.hsu-hh.de\/eb\/kurzvita-benz-gydat\" data-type=\"page\" data-id=\"2499\">Kurzvita<\/a><\/strong><br><br><br><\/p>\n\n\n\n<p><br><\/p>\n\n\n\n<p><br><\/p>\n","protected":false},"excerpt":{"rendered":"<p>Kontakt benz-gydat@hsu-hh.de Postanschrift Helmut-Schmidt-Universit\u00e4tFakult\u00e4t&nbsp;f\u00fcr Geistes- und SozialwissenschaftenProfessur f\u00fcr ErwachsenenbildungPostfach 70 08 2222008 Hamburg Arbeitsschwerpunkte Professions- und Professionalit\u00e4tsforschung in der Disziplin der Erwachsenenbildung\/Weiterbildung, Lernen Erwachsener, Alphabetisierung\/Grundbildung, Literalit\u00e4t und Numeralit\u00e4t als soziale [&hellip;]<\/p>\n","protected":false},"author":2369,"featured_media":0,"parent":0,"menu_order":0,"comment_status":"closed","ping_status":"closed","template":"","meta":{"footnotes":""},"categories":[4],"tags":[],"class_list":["post-781","page","type-page","status-publish","hentry","category-forschung"],"_links":{"self":[{"href":"https:\/\/www.hsu-hh.de\/eb\/wp-json\/wp\/v2\/pages\/781","targetHints":{"allow":["GET"]}}],"collection":[{"href":"https:\/\/www.hsu-hh.de\/eb\/wp-json\/wp\/v2\/pages"}],"about":[{"href":"https:\/\/www.hsu-hh.de\/eb\/wp-json\/wp\/v2\/types\/page"}],"author":[{"embeddable":true,"href":"https:\/\/www.hsu-hh.de\/eb\/wp-json\/wp\/v2\/users\/2369"}],"replies":[{"embeddable":true,"href":"https:\/\/www.hsu-hh.de\/eb\/wp-json\/wp\/v2\/comments?post=781"}],"version-history":[{"count":51,"href":"https:\/\/www.hsu-hh.de\/eb\/wp-json\/wp\/v2\/pages\/781\/revisions"}],"predecessor-version":[{"id":2847,"href":"https:\/\/www.hsu-hh.de\/eb\/wp-json\/wp\/v2\/pages\/781\/revisions\/2847"}],"wp:attachment":[{"href":"https:\/\/www.hsu-hh.de\/eb\/wp-json\/wp\/v2\/media?parent=781"}],"wp:term":[{"taxonomy":"category","embeddable":true,"href":"https:\/\/www.hsu-hh.de\/eb\/wp-json\/wp\/v2\/categories?post=781"},{"taxonomy":"post_tag","embeddable":true,"href":"https:\/\/www.hsu-hh.de\/eb\/wp-json\/wp\/v2\/tags?post=781"}],"curies":[{"name":"wp","href":"https:\/\/api.w.org\/{rel}","templated":true}]}}