{"id":749,"date":"2021-02-22T19:17:06","date_gmt":"2021-02-22T18:17:06","guid":{"rendered":"https:\/\/www.hsu-hh.de\/eb\/?page_id=749"},"modified":"2025-10-07T16:36:38","modified_gmt":"2025-10-07T14:36:38","slug":"zeuner","status":"publish","type":"page","link":"https:\/\/www.hsu-hh.de\/eb\/zeuner","title":{"rendered":"Prof. Dr. a. D. Christine Zeuner"},"content":{"rendered":"\n<div class=\"wp-block-columns is-layout-flex wp-container-core-columns-is-layout-9d6595d7 wp-block-columns-is-layout-flex\">\n<div class=\"wp-block-column is-layout-flow wp-block-column-is-layout-flow\" style=\"flex-basis:33.34%\">\n<figure class=\"wp-block-image\"><img loading=\"lazy\" decoding=\"async\" width=\"668\" height=\"1024\" src=\"https:\/\/www.hsu-hh.de\/eb\/wp-content\/uploads\/sites\/662\/2020\/09\/Christine-Portrait-Ausschnitt_mittel-668x1024.png\" data-credit=\"Christine Zeuner\" alt=\"Foto von Christine Zeuner\" class=\"wp-image-1008\" srcset=\"https:\/\/www.hsu-hh.de\/eb\/wp-content\/uploads\/sites\/662\/2020\/09\/Christine-Portrait-Ausschnitt_mittel-668x1024.png 668w, https:\/\/www.hsu-hh.de\/eb\/wp-content\/uploads\/sites\/662\/2020\/09\/Christine-Portrait-Ausschnitt_mittel-196x300.png 196w, https:\/\/www.hsu-hh.de\/eb\/wp-content\/uploads\/sites\/662\/2020\/09\/Christine-Portrait-Ausschnitt_mittel-768x1177.png 768w, https:\/\/www.hsu-hh.de\/eb\/wp-content\/uploads\/sites\/662\/2020\/09\/Christine-Portrait-Ausschnitt_mittel-1002x1536.png 1002w, https:\/\/www.hsu-hh.de\/eb\/wp-content\/uploads\/sites\/662\/2020\/09\/Christine-Portrait-Ausschnitt_mittel-1100x1686.png 1100w, https:\/\/www.hsu-hh.de\/eb\/wp-content\/uploads\/sites\/662\/2020\/09\/Christine-Portrait-Ausschnitt_mittel.png 1153w\" sizes=\"auto, (max-width: 668px) 100vw, 668px\" \/><figcaption class=\"wp-element-caption\"><abbr title=\"Professor\">Prof.<\/abbr> <abbr title=\"Doktor\">Dr.<\/abbr> Christine Zeuner<\/figcaption><\/figure>\n<\/div>\n\n\n\n<div class=\"wp-block-column is-layout-flow wp-block-column-is-layout-flow\">\n<p class=\"has-medium-font-size\"><strong>Kontakt<\/strong><\/p>\n\n\n\n<p>zeuner@hsu-hh.de<\/p>\n\n\n\n<p><\/p>\n\n\n\n<p><\/p>\n\n\n\n<div style=\"height:14px\" aria-hidden=\"true\" class=\"wp-block-spacer\"><\/div>\n\n\n\n<p class=\"has-medium-font-size\"><\/p>\n\n\n\n<p><\/p>\n\n\n\n<p><\/p>\n<\/div>\n\n\n\n<div class=\"wp-block-column is-layout-flow wp-block-column-is-layout-flow\" style=\"flex-basis:33.33%\">\n<p class=\"has-medium-font-size\"><strong>Postanschrift<\/strong> <\/p>\n\n\n\n<p>Helmut-Schmidt-Universit\u00e4t<br>Fakult\u00e4t&nbsp;f\u00fcr Geistes- und Sozialwissenschaften<br>Professur f\u00fcr Erwachsenenbildung<br>Postfach 70 08 22<br>22008 Hamburg<\/p>\n\n\n\n<p class=\"has-medium-font-size\"><\/p>\n\n\n\n<p><\/p>\n<\/div>\n<\/div>\n\n\n\n<div class=\"wp-block-columns is-layout-flex wp-container-core-columns-is-layout-9d6595d7 wp-block-columns-is-layout-flex\">\n<div class=\"wp-block-column is-layout-flow wp-block-column-is-layout-flow\">\n<p class=\"has-medium-font-size\"><strong>Arbeitsschwerpunkte<\/strong><\/p>\n\n\n\n<p>Theorie und Geschichte der Erwachsenenbildung, Politische Bildung, Community Education, International vergleichende Erwachsenenbildung, Grundbildung, Literalit\u00e4t und Numeralit\u00e4t als soziale Praxis, Lerntheorien, Bildungsurlaub, Theorie der Erwachsenenbildung, Gesellschaftliche Kompetenzen.<\/p>\n\n\n\n<div style=\"height:20px\" aria-hidden=\"true\" class=\"wp-block-spacer\"><\/div>\n\n\n\n<p class=\"has-medium-font-size\"><strong><a href=\"https:\/\/www.hsu-hh.de\/eb\/veroeffentlichungen_zeuner\" data-type=\"page\" data-id=\"2476\">Ver\u00f6ffentlichungen<\/a><\/strong><\/p>\n\n\n\n<div style=\"height:20px\" aria-hidden=\"true\" class=\"wp-block-spacer\"><\/div>\n\n\n\n<p class=\"has-medium-font-size\"><strong><a href=\"https:\/\/www.hsu-hh.de\/eb\/kurzvita-zeuner\" data-type=\"page\" data-id=\"2486\">Kurzvita<\/a><\/strong><\/p>\n<\/div>\n<\/div>\n\n\n\n<div style=\"height:20px\" aria-hidden=\"true\" class=\"wp-block-spacer\"><\/div>\n","protected":false},"excerpt":{"rendered":"<p>Kontakt zeuner@hsu-hh.de Postanschrift Helmut-Schmidt-Universit\u00e4tFakult\u00e4t&nbsp;f\u00fcr Geistes- und SozialwissenschaftenProfessur f\u00fcr ErwachsenenbildungPostfach 70 08 2222008 Hamburg Arbeitsschwerpunkte Theorie und Geschichte der Erwachsenenbildung, Politische Bildung, Community Education, International vergleichende Erwachsenenbildung, Grundbildung, Literalit\u00e4t und Numeralit\u00e4t [&hellip;]<\/p>\n","protected":false},"author":2369,"featured_media":0,"parent":0,"menu_order":0,"comment_status":"closed","ping_status":"closed","template":"","meta":{"footnotes":""},"categories":[8],"tags":[],"class_list":["post-749","page","type-page","status-publish","hentry","category-team"],"_links":{"self":[{"href":"https:\/\/www.hsu-hh.de\/eb\/wp-json\/wp\/v2\/pages\/749","targetHints":{"allow":["GET"]}}],"collection":[{"href":"https:\/\/www.hsu-hh.de\/eb\/wp-json\/wp\/v2\/pages"}],"about":[{"href":"https:\/\/www.hsu-hh.de\/eb\/wp-json\/wp\/v2\/types\/page"}],"author":[{"embeddable":true,"href":"https:\/\/www.hsu-hh.de\/eb\/wp-json\/wp\/v2\/users\/2369"}],"replies":[{"embeddable":true,"href":"https:\/\/www.hsu-hh.de\/eb\/wp-json\/wp\/v2\/comments?post=749"}],"version-history":[{"count":113,"href":"https:\/\/www.hsu-hh.de\/eb\/wp-json\/wp\/v2\/pages\/749\/revisions"}],"predecessor-version":[{"id":2851,"href":"https:\/\/www.hsu-hh.de\/eb\/wp-json\/wp\/v2\/pages\/749\/revisions\/2851"}],"wp:attachment":[{"href":"https:\/\/www.hsu-hh.de\/eb\/wp-json\/wp\/v2\/media?parent=749"}],"wp:term":[{"taxonomy":"category","embeddable":true,"href":"https:\/\/www.hsu-hh.de\/eb\/wp-json\/wp\/v2\/categories?post=749"},{"taxonomy":"post_tag","embeddable":true,"href":"https:\/\/www.hsu-hh.de\/eb\/wp-json\/wp\/v2\/tags?post=749"}],"curies":[{"name":"wp","href":"https:\/\/api.w.org\/{rel}","templated":true}]}}