{"id":711,"date":"2019-03-21T15:28:28","date_gmt":"2019-03-21T14:28:28","guid":{"rendered":"https:\/\/www.hsu-hh.de\/eb\/?page_id=711"},"modified":"2019-11-13T14:22:28","modified_gmt":"2019-11-13T13:22:28","slug":"aktuelles","status":"publish","type":"page","link":"https:\/\/www.hsu-hh.de\/eb\/aktuelles","title":{"rendered":"Aktuelles"},"content":{"rendered":"<p><strong>Sprechstunde Prof. <abbr title=\"Doktor\">Dr.<\/abbr> Christine Zeuner:<\/strong><\/p>\n<p>Die aktuellen Sprechzeiten finden Sie <a href=\"https:\/\/www.hsu-hh.de\/eb\/startseite\/team\">HIER<\/a><\/p>\n<p>&nbsp;<\/p>\n<hr \/>\n<p>&nbsp;<\/p>\n<p><strong>Fachtagung &#8222;Erwachsenenbildung als kritische Utopie? Diskussionen um Mu\u0308ndigkeit, Gerechtigkeit und Verantwortung!\u201c<\/strong><\/p>\n<p>Am 2. M\u00e4rz 2019 fand an unserer Universit\u00e4t die Fachtagung \u201eErwachsenenbildung als kritische Utopie? Diskussionen um Mu\u0308ndigkeit, Gerechtigkeit und Verantwortung!\u201c statt. Sie wurde gemeinsam von der Professur f\u00fcr Erwachsenenbildung und der Professur f\u00fcr Weiterbildung und Lebenslanges Lernen der <abbr title=\"Helmut-Schmidt-Universit\u00e4t\">HSU<\/abbr> sowie der Juniorprofessur f\u00fcr Erwachsenenbildung der Universit\u00e4t Hamburg organisiert.<\/p>\n<p>Thema und Programm der Tagung: <a href=\"https:\/\/www.hsu-hh.de\/eb\/wp-content\/uploads\/sites\/662\/2019\/03\/Tagungsprogramm.pdf\">Tagungsprogramm<\/a><\/p>\n<p>Wir danken allen Beteiligten f\u00fcr die interessanten und spannenden Beitr\u00e4ge und dem Publikum f\u00fcr die anregenden Gespr\u00e4che und Diskussionen!<\/p>\n<p>Im Rahmen der Fachtagung haben wir Prof. <abbr title=\"Doktor\">Dr.<\/abbr> Christine Zeuner zu ihrem 60. Geburtstag ganz herzlich gratulieren d\u00fcrfen.<\/p>\n<p><em>Visuelle Impressionen folgen&#8230;<\/em><\/p>\n","protected":false},"excerpt":{"rendered":"<p>Sprechstunde Prof. Dr. Christine Zeuner: Die aktuellen Sprechzeiten finden Sie HIER &nbsp; &nbsp; Fachtagung &#8222;Erwachsenenbildung als kritische Utopie? Diskussionen um Mu\u0308ndigkeit, Gerechtigkeit und Verantwortung!\u201c Am 2. M\u00e4rz 2019 fand an [&hellip;]<\/p>\n","protected":false},"author":672,"featured_media":0,"parent":0,"menu_order":0,"comment_status":"closed","ping_status":"closed","template":"","meta":{"footnotes":""},"categories":[],"tags":[],"class_list":["post-711","page","type-page","status-publish","hentry"],"_links":{"self":[{"href":"https:\/\/www.hsu-hh.de\/eb\/wp-json\/wp\/v2\/pages\/711","targetHints":{"allow":["GET"]}}],"collection":[{"href":"https:\/\/www.hsu-hh.de\/eb\/wp-json\/wp\/v2\/pages"}],"about":[{"href":"https:\/\/www.hsu-hh.de\/eb\/wp-json\/wp\/v2\/types\/page"}],"author":[{"embeddable":true,"href":"https:\/\/www.hsu-hh.de\/eb\/wp-json\/wp\/v2\/users\/672"}],"replies":[{"embeddable":true,"href":"https:\/\/www.hsu-hh.de\/eb\/wp-json\/wp\/v2\/comments?post=711"}],"version-history":[{"count":7,"href":"https:\/\/www.hsu-hh.de\/eb\/wp-json\/wp\/v2\/pages\/711\/revisions"}],"predecessor-version":[{"id":746,"href":"https:\/\/www.hsu-hh.de\/eb\/wp-json\/wp\/v2\/pages\/711\/revisions\/746"}],"wp:attachment":[{"href":"https:\/\/www.hsu-hh.de\/eb\/wp-json\/wp\/v2\/media?parent=711"}],"wp:term":[{"taxonomy":"category","embeddable":true,"href":"https:\/\/www.hsu-hh.de\/eb\/wp-json\/wp\/v2\/categories?post=711"},{"taxonomy":"post_tag","embeddable":true,"href":"https:\/\/www.hsu-hh.de\/eb\/wp-json\/wp\/v2\/tags?post=711"}],"curies":[{"name":"wp","href":"https:\/\/api.w.org\/{rel}","templated":true}]}}