{"id":690,"date":"2019-02-13T11:58:03","date_gmt":"2019-02-13T10:58:03","guid":{"rendered":"https:\/\/www.hsu-hh.de\/eb\/?page_id=690"},"modified":"2024-10-01T13:07:13","modified_gmt":"2024-10-01T11:07:13","slug":"eki","status":"publish","type":"page","link":"https:\/\/www.hsu-hh.de\/eb\/forschung\/eki","title":{"rendered":"E.K.I. &#8211; Evaluation, Konzeptionalisierung und Implementierung arbeitsprozessorientierter \u00e4rztlicher Weiterbildung"},"content":{"rendered":"<h2>Forschungsidee<\/h2>\n<p>Die aktuellen Diskussionen um die Bedeutung einer kompetenzorientierten \u00e4rztlichen Weiterbildung k\u00f6nnen als Reaktion auf festgestellte Defizite in diesem Bereich und die sich stetig wandelnden Herausforderungen in der \u00e4rztlichen Berufsaus\u00fcbung gedeutet werden. Unstrittig innerhalb der Debatte ist, dass \u00e4rztliche Weiterbildung &#8222;der Sicherheit der Qualit\u00e4t \u00e4rztlicher Berufsaus\u00fcbung&#8220; (MWBO 2015 \u00a71) dient und zwischen \u00e4rztlicher Weiterbildung und Versorgungsqualit\u00e4t ein enger Zusammenhang besteht.<\/p>\n<p>Daher ist es verk\u00fcrzt, \u00e4rztliche Weiterbildung als ein &#8218;Nebenprodukt&#8216; zu charakterisieren, das sich w\u00e4hrend der Patientenversorgung quasi nebenbei einstellt. Das Gegenteil ist der Fall: Wie die Novellierungsbem\u00fchungen hinsichtlich der Musterweiterbildungsordnung oder die Evaluationsans\u00e4tze unter der Federf\u00fchrung der \u00c4rztekammern zeigen, steht die \u00e4rztliche Weiterbildung vor vielf\u00e4ltigen Herausforderungen, die auch die Ziele und die Gestaltung von Weiterbildung im \u00e4rztlichen Berufsalltag betreffen.<\/p>\n<p>Weiterbildungsgestaltung wird innerhalb institutioneller und gesellschaftlicher Rahmenbedingungen von den unmittelbar an ihr Beteiligten getragen, die in ihren Arbeitsprozessen zugleich die gegenw\u00e4rtigen Anforderungen an die Rolle des Arztes ber\u00fccksichtigen m\u00fcssen. Diese umfassen <abbr title=\"zum Beispiel\">z.B.<\/abbr> eine zunehmende Spezialisierung und Fluidit\u00e4t von Wissen und Praktiken oder die Bedeutung von Arbeiten in Handlungsgemeinschaften in der arbeitsteiligen Patientenversorgung. Dies f\u00fchrt zu einer Notwendigkeit der Aneignung \u00fcberfachlicher Kompetenzen, die \u00fcber reine medizinische Fachkompetenz hinausgehen und eine das Berufsleben begleitende Lehr-Lernbereitschaft mit professionellem Handeln in der \u00e4rztlichen Arbeit verbinden.<\/p>\n<p>Somit r\u00fcckt die Frage in den Fokus, was wann wie wo und ob \u00fcberhaupt gelehrt und gelernt wird, um das rechtlich verankerte Ziel der \u00e4rztlichen Weiterbildung zu erreichen. Dieses wird definiert als der &#8222;geregelte Erwerb festgelegter Kenntnisse, Erfahrungen und Fertigkeiten, um nach dem Abschluss der Berufsausbildung besondere \u00e4rztliche Kompetenzen zu erlangen&#8220; (MWBO 2015).<\/p>\n<p>Idee von E.K.I. ist die Entwicklung und Umsetzung eines Rahmenkonzeptes, das Weiterbildungsbefugte und Weiterbildungsteilnehmende in ihren Lehr-Lernprozessen ber\u00e4t, begleitet und unterst\u00fctzt.\u00a0 Aus Sicht der Erwachsenenbildungswissenschaft ist zu fragen:<\/p>\n<ul>\n<li>Existieren methodische oder didaktische Konzepte f\u00fcr die \u00e4rztliche Weiterbildung?<\/li>\n<li>Welche Einflussfaktoren sind aus Sicht aller an der Weiterbildung beteiligten bedeutsam f\u00fcr die \u00e4rztliche Weiterbildung?<\/li>\n<li>Welche formalen, organisationalen, sozialen und individuellen Bedingungen sind f\u00fcr das Lernen und Lehren in der \u00e4rztlichen Weiterbildung von Bedeutung?<\/li>\n<li>Wie lassen sich Lehren und Lernen sowie Kompetenzentwicklung in den Prozess \u00e4rztlicher Arbeit integrieren <abbr title=\"beziehungsweise\">bzw.<\/abbr> sichtbar machen?<\/li>\n<\/ul>\n<h2>Forschungsziele<\/h2>\n<p>Diese vielf\u00e4ltigen Forschungsfragen untersucht &#8222;E.K.I.&#8220; im Bundeswehrkrankenhaus Hamburg innerhalb einer Prozessevaluation, die sich fortlaufende aus folgenden Komponenten zusammensetzt:<\/p>\n<p><strong>E<\/strong>valuation: Analyse und Systematisierung organisationaler und struktureller Voraussetzungen sowie Besonderheiten der \u00e4rztlichen Weiterbildung am BwK Hamburg<\/p>\n<p><strong>K<\/strong>onzeptionalisierung: Ideen und Konzepte zur \u00e4rztlichen Weiterbildung am BwK Hamburg vor dem Hintergrund der Weiterbildungsordnungen, den Grundlagen und Richtlinien zum Lernen im Prozess der Arbeit sowie arbeitsintegrierter Kompetenzentwicklung, Ber\u00fccksichtigung der Besonderheiten der einzelnen Fachkliniken sowie der strukturellen Spezifika eines Bundeswehrkrankenhauses<\/p>\n<p><strong>I<\/strong>mplementierung: Entwicklung didaktisch-methodische Konzepte zur \u00e4rztlichen Weiterbildung; Weiterbildungsberatung unter Ber\u00fccksichtigung abteilungsinterner Voraussetzungen und Bed\u00fcrfnisse; Lehr-Lerninfrastruktur<\/p>\n<h2>Publikationen<\/h2>\n<p>Petersen, Katja\/Schmidt, Katja (2024): \u201e\u00c4rztliche Weiterbildung im Wandel \u2013 \u00dcber die Bedeutung von Erfahrung f\u00fcr das Lernen und Lehren aus der Sicht weiterbildender \u00c4rztinnen und \u00c4rzte\u201c. Hamburg (im Erscheinen).<\/p>\n<p>Petersen, Katja\/Schmidt, Katja (2024): Handbuch Kompetenzentwicklung im Prozess der Arbeit \u2013Theorien, Ans\u00e4tze und Methoden \u00e4rztlicher Weiterbildung im klinischen Alltag. Hamburg (im Erscheinen).<\/p>\n<p>Schmidt, Katja\/Petersen, Katja (2023): Abschlussbericht Evaluation, Konzeptionalisierung und Implementierung arbeitsprozessorientierter \u00e4rztlicher Weiterbildung am BwK Hamburg (E.K.I.). Gef\u00f6rdert durch die Sanit\u00e4tsakademie der Bundeswehr. Hamburg<\/p>\n<p>Petersen, Katja\/Schmidt, Katja (2022): Herausforderungen einer kompetenzbasierten Weiterbildung \u2013 Ans\u00e4tze aus dem Forschungsprojekt \u201eE.K.I. Evaluation, Konzeptionalisierung und Implementierung arbeitsprozessorientierter \u00e4rztlicher Weiterbildung im Bundeswehrkrankenhaus Hamburg\u201c. In: Hamburger \u00c4rzteblatt, Ausgabe 09\/22, S. 42-44.<\/p>\n<p>Petersen, Katja\/Schmidt, Katja (2021): \u00c4rztliche Weiterbildung im Fokus der Erwachsenenbildungswissenschaft. In: Erziehungswissenschaft. Mitteilungsheft der Deutschen Gesellschaft f\u00fcr Erziehungswissenschaft 32, 62, S. 133\u2010135.<\/p>\n<p>Petersen, Katja\/Schmidt, Katja (2021): Kompetenzentwicklung in der \u00e4rztlichen Weiterbildung. Ein Praxisheft f\u00fcr Weiterbildende. Hamburg.<\/p>\n<p>Petersen, Katja\/Schmidt, Katja (2021): \u201eStrukturierte Weiterbildung auf Augenh\u00f6he\u201c (?) \u2013 Die neue Weiterbildungsordnung als Herausforderung f\u00fcr die Praxis. Zusammenfassung des Sommerworkshops mit Weiterbildungsbefugten und Weiterbildenden im BwK Hamburg. Hamburg.<\/p>\n<p>Zeuner, Christine\/Petersen, Katja\/Schmidt, Katja (2021): Corona\u2010Pandemie und \u00e4rztliche Weiterbildung. Gesamtauswertung. Umfrage im Rahmen des E.K.I.\u2010Projektes im Juni 2021 f\u00fcr die \u00e4rztliche Weiterbildung im Bundeswehrkrankenhaus Hamburg. Hamburg.<\/p>\n<p>Zeuner, Christine\/Petersen, Katja\/Schmidt, Katja (2021): Corona\u2010Pandemie und \u00e4rztliche Weiterbildung. Auswertung nach Einzelkliniken. Umfrage im Rahmen des E.K.I.\u2010Projektes im Juni 2021 f\u00fcr die \u00e4rztliche Weiterbildung im Bundeswehrkrankenhaus Hamburg. Hamburg.<\/p>\n<p>Zeuner, Christine\/Petersen, Katja\/Schmidt, Katja (2021): Dritter Zwischenbericht. Evaluation, Konzeptionalisierung und Implementierung arbeitsprozessorientierter \u00e4rztlicher Weiterbildung am BwK Hamburg (E.K.I.). Hamburg.<\/p>\n<p>Petersen, Katja\/Schmidt, Katja (2021); Postgraduate Medical Education and Training: the Research Project &#8222;Evaluation, Konzeptionalsierung und Implementierung arbeitsprozessorientierter \u00e4rztlicher Weiterbildung am BwK Hamburg (E.K.I.)&#8220;. In: Military Scientific Research Annual Report 2021, S. 72-73.<\/p>\n<div class=\"col-xs-12 downloads-item\">\n<div class=\"row border-line\">\n<div class=\"thumbnail-area\"><img decoding=\"async\" class=\"download-image\" src=\"\/wp-content\/themes\/hsu\/img\/dummy\/downloads_dummy.png\" alt=\"\" \/><\/div>\n<div class=\"text-area\"><span class=\"download-text\">EKI im Military Scientific Researsch Annual Report 2021<\/span><\/div>\n<div class=\"download-area\"><a class=\"download-link\" href=\"https:\/\/www.hsu-hh.de\/eb\/wp-content\/uploads\/sites\/662\/2023\/03\/EKI-im-Military-Scientific-Researsch-Annual-Report-2021.pdf\"><span class=\"download-name\">pdf laden<\/span><span class=\"donwload-icon\"><img decoding=\"async\" class=\"download-icon\" src=\"\/wp-content\/themes\/hsu\/img\/icons\/download_icon.png\" alt=\"download icon\" \/><\/span><span class=\"download-size\">1 MB<\/span><\/a><\/div>\n<\/div>\n<\/div>\n<p>Petersen, Katja\/Schmidt, Katja (2021): \u00c4rztliche Weiterbildung im Fokus: Das Forschungsprojekt &#8222;Evaluation, Konzeptionalsierung und Implementierung arbeitsprozessorientierter \u00e4rztlicher Weiterbildung am BwK Hamburg (E.K.I.)&#8220;. In: Wehrwissenschaftliche Forschung. Jahresbericht 2021, S. 72-73.<\/p>\n<div class=\"col-xs-12 downloads-item\">\n<div class=\"row border-line\">\n<div class=\"thumbnail-area\"><img decoding=\"async\" class=\"download-image\" src=\"\/wp-content\/themes\/hsu\/img\/dummy\/downloads_dummy.png\" alt=\"\" \/><\/div>\n<div class=\"text-area\"><span class=\"download-text\">EKI in der Wehrwissenschaftlichen F._Jahresbericht 2021<\/span><\/div>\n<div class=\"download-area\"><a class=\"download-link\" href=\"https:\/\/www.hsu-hh.de\/eb\/wp-content\/uploads\/sites\/662\/2023\/03\/EKI-in-der-Wehrwissenschaftlichen-Forschung_Jahresbericht-2021.pdf\"><span class=\"download-name\">pdf laden<\/span><span class=\"donwload-icon\"><img decoding=\"async\" class=\"download-icon\" src=\"\/wp-content\/themes\/hsu\/img\/icons\/download_icon.png\" alt=\"download icon\" \/><\/span><span class=\"download-size\">1 MB<\/span><\/a><\/div>\n<\/div>\n<\/div>\n<p>Petersen, Katja\/Schmidt, Katja (2021): \u201eErfahrung ist eine Funktion der Zeit.\u201c \u00dcberlegungen zur \u00e4rztlichen Weiterbildung aus erwachsenenbildnerischer Perspektive. In: Pabst, A.\/Zeuner, C. (<abbr title=\"Herausgeber\">Hrsg.<\/abbr>): \u201eF\u00fcnf Tage sind einfach viel zu wenig.\u201c Bildungszeit und Bildungsfreistellung in der Diskussion. Frankfurt am Main, S. 116-129.<\/p>\n<p>Petersen, Katja\/Schmidt, Katja (2020): \u201eAlter Wein in neuen Schl\u00e4uchen?\u201c \u2013 Weiterbildungsgespr\u00e4che als Lernort in der \u00e4rztlichen Weiterbildung. Zusammenfassung des Sommerworkshops mit Weiterbildungsbefugten und Weiterbildenden im BwK Hamburg. Hamburg.<\/p>\n<p>Zeuner, Christine\/Petersen, Katja\/Schmidt, Katja (2020): Lernf\u00f6rderliche Arbeitsgestaltung und Kompetenzentwicklung in der \u00e4rztlichen Weiterbildung. Ergebnisse der E.K.I.\u2010Assistentenbefragung im BWK Hamburg 2019. Hamburg.<\/p>\n<p>Zeuner, Christine\/Petersen, Katja\/Schmidt, Katja (2020): Lernf\u00f6rderliche Arbeitsgestaltung und Kompetenzentwicklung in der \u00e4rztlichen Weiterbildung. Ergebnisse der E.K.I.\u2010Assistentenbefragung im BWK Hamburg 2019 nach Kliniken. Hamburg.<\/p>\n<p>Zeuner, Christine\/Petersen, Katja\/Schmidt, Katja (2020): Zwischenbericht f\u00fcr den Antrag zur Verl\u00e4ngerung des Forschungsprojektes aufgrund der Eind\u00e4mmungsma\u00dfnahmen der Corona\u2010Virus\u2010Pandemie (Dezember 2019 bis September 2020). Evaluation, Konzeptionalisierung und Implementierung arbeitsprozessorientierter \u00e4rztlicher Weiterbildung am BwK Hamburg (E.K.I.). Hamburg.<\/p>\n<p>Zeuner, Christine\/Petersen, Katja\/Schmidt, Katja (2020): Zweiter Zwischenbericht. Evaluation, Konzeptionalisierung und Implementierung arbeitsprozessorientierter \u00e4rztlicher Weiterbildung am BwK Hamburg (E.K.I.). Hamburg.<\/p>\n<p>Zeuner, Christine\/Petersen, Katja\/Schmidt, Katja\u00a0 (2019): Erster Zwischenbericht. Evaluation, Konzeptionalisierung und Implementierung arbeitsprozessorientierter \u00e4rztlicher Weiterbildung am BwK Hamburg (E.K.I.). Hamburg.<\/p>\n<h2>Vortr\u00e4ge<\/h2>\n<p>&#8222;Spritzt die Vene, isses keene!&#8220; Strukturierte Weiterbildung als Herausforderung f\u00fcr die Praxis? Vortrag auf der konstituierenden Tagung der BG Kliniken in Kooperation mit dem Kommando Sanit\u00e4tsdienst der Bundeswehr Koblenz zur Entwicklung des Spitzenkr\u00e4ftetrainings f\u00fcr \u00e4rztliche F\u00fchrungskr\u00e4fte am 16.11.2021 in Hamburg. (Katja Petersen und Katja Schmidt)<\/p>\n<div class=\"col-xs-12 downloads-item\">\n<div class=\"row border-line\">\n<div class=\"thumbnail-area\"><img decoding=\"async\" class=\"download-image\" src=\"\/wp-content\/themes\/hsu\/img\/dummy\/downloads_dummy.png\" alt=\"\" \/><\/div>\n<div class=\"text-area\"><span class=\"download-text\">Strukturierte Weiterbildung als Herausforderung f\u00fcr den klinischen Alltag_Vortrag Hamburg 2021<\/span><\/div>\n<div class=\"download-area\"><a class=\"download-link\" href=\"https:\/\/www.hsu-hh.de\/eb\/wp-content\/uploads\/sites\/662\/2023\/03\/Strukturierte-Weiterbildung-als-Herausforderung-fuer-den-klinischen-Alltag_Vortrag-Hamburg-2021.pdf\"><span class=\"download-name\">pdf laden<\/span><span class=\"donwload-icon\"><img decoding=\"async\" class=\"download-icon\" src=\"\/wp-content\/themes\/hsu\/img\/icons\/download_icon.png\" alt=\"download icon\" \/><\/span><span class=\"download-size\">1 MB<\/span><\/a><\/div>\n<\/div>\n<\/div>\n<p>&#8222;Ausbildung in Streitkr\u00e4ften ist Erwachsenenbildung&#8220; \u2013 strukturierte \u00e4rztliche Weiterbildung als Herausforderung im klinischen Alltag, Vortrag im Rahmen des Besuches des Beauftragten f\u00fcr Ausbildung der Bundeswehr am 30. Mai 2022 in Hamburg. (Katja Petersen und Katja Schmidt)<\/p>\n<div class=\"col-xs-12 downloads-item\">\n<div class=\"row border-line\">\n<div class=\"thumbnail-area\"><img decoding=\"async\" class=\"download-image\" src=\"\/wp-content\/themes\/hsu\/img\/dummy\/downloads_dummy.png\" alt=\"\" \/><\/div>\n<div class=\"text-area\"><span class=\"download-text\">\u00c4rztliche Weiterbildung ist Erwachsenenbildung_Vortrag Hamburg 2022<\/span><\/div>\n<div class=\"download-area\"><a class=\"download-link\" href=\"https:\/\/www.hsu-hh.de\/eb\/wp-content\/uploads\/sites\/662\/2023\/03\/Aerztliche-Weiterbildung-ist-Erwachsenenbildung_Vortrag-Hamburg-2022.pdf\"><span class=\"download-name\">pdf laden<\/span><span class=\"donwload-icon\"><img decoding=\"async\" class=\"download-icon\" src=\"\/wp-content\/themes\/hsu\/img\/icons\/download_icon.png\" alt=\"download icon\" \/><\/span><span class=\"download-size\">1 MB<\/span><\/a><\/div>\n<\/div>\n<\/div>\n<p>&#8222;Wer performt hier unzureichend? Weiterbildung, \u00e4rztliche F\u00fchrung und die underperforming trainees&#8220; &#8211; Bundeswehrkrankenhaus Hamburg, 5. September 2022 (Katja Petersen und Katja Schmidt)<\/p>\n<p>&#8222;Die \u00e4rztliche Weiterbildung im Bundeswehrkrankenhaus Hamburg \u2013 Erwachsenenbildnerische Perspektiven im Spiegel gesellschaftlicher Entwicklungen\u201c, Vortrag auf der Strategiesitzung zw. Kommando Sanit\u00e4tsdienst der Bundeswehr Koblenz und Helmut-Schmidt-Universit\u00e4t\/Universit\u00e4t der Bundeswehr Hamburg am 28. September 2021 in Hamburg. (Katja Petersen und Katja Schmidt)<\/p>\n<p>&#8222;Lernf\u00f6rderliche Arbeitsgestaltung und Kompetenzentwicklung in der \u00e4rztlichen Weiterbildung&#8220; \u2013 Vortrag f\u00fcr Abteilungsleitende im Kommando Sanit\u00e4tsdienst der Bundeswehr Koblenz am 9. September 2020 in Hamburg. (Katja Petersen und Katja Schmidt)<\/p>\n<p>&#8222;Die Rolle als Weiterbildungsbefugte(r)-Weiterbildungsbefugnis als p\u00e4dagogische Herausforderung&#8220;, Vortrag und Workshop in der \u00c4rztekammer Hamburg am 21. Mai 2014. (Katja Petersen und Katja Schmidt)<\/p>\n<h2>Team<\/h2>\n<p>Wissenschaftliche Verantwortung: <abbr title=\"Professor\">Prof.<\/abbr> <abbr title=\"Doktor\">Dr.<\/abbr> Christine Zeuner<\/p>\n<p>Projektleitung: <abbr title=\"Doktor\">Dr.<\/abbr> Katja Petersen und <abbr title=\"Doktor\">Dr.<\/abbr> Katja Schmidt<\/p>\n<h2>Kontakt<\/h2>\n<p>Telefon: 040 &#8211; 6541 &#8211; 2566<\/p>\n<p>E-Mail: eki@hsu-hh.de<\/p>\n<h2><strong>Laufzeit- und Drittmittelgeber<\/strong><\/h2>\n<p>Das Projekt wird gef\u00f6rdert von der Sanit\u00e4tsakademie der Bundeswehr M\u00fcnchen. Laufzeit: Februar 2019 bis Dezember 2023<\/p>\n\n\n<h2 class=\"wp-block-heading\"><\/h2>\n","protected":false},"excerpt":{"rendered":"<p>Forschungsidee Die aktuellen Diskussionen um die Bedeutung einer kompetenzorientierten \u00e4rztlichen Weiterbildung k\u00f6nnen als Reaktion auf festgestellte Defizite in diesem Bereich und die sich stetig wandelnden Herausforderungen in der \u00e4rztlichen Berufsaus\u00fcbung [&hellip;]<\/p>\n","protected":false},"author":116,"featured_media":0,"parent":183,"menu_order":0,"comment_status":"closed","ping_status":"closed","template":"","meta":{"footnotes":""},"categories":[4],"tags":[172,56,170],"class_list":["post-690","page","type-page","status-publish","hentry","category-forschung","tag-bwk","tag-projekt","tag-weiterbildung"],"_links":{"self":[{"href":"https:\/\/www.hsu-hh.de\/eb\/wp-json\/wp\/v2\/pages\/690","targetHints":{"allow":["GET"]}}],"collection":[{"href":"https:\/\/www.hsu-hh.de\/eb\/wp-json\/wp\/v2\/pages"}],"about":[{"href":"https:\/\/www.hsu-hh.de\/eb\/wp-json\/wp\/v2\/types\/page"}],"author":[{"embeddable":true,"href":"https:\/\/www.hsu-hh.de\/eb\/wp-json\/wp\/v2\/users\/116"}],"replies":[{"embeddable":true,"href":"https:\/\/www.hsu-hh.de\/eb\/wp-json\/wp\/v2\/comments?post=690"}],"version-history":[{"count":19,"href":"https:\/\/www.hsu-hh.de\/eb\/wp-json\/wp\/v2\/pages\/690\/revisions"}],"predecessor-version":[{"id":2405,"href":"https:\/\/www.hsu-hh.de\/eb\/wp-json\/wp\/v2\/pages\/690\/revisions\/2405"}],"up":[{"embeddable":true,"href":"https:\/\/www.hsu-hh.de\/eb\/wp-json\/wp\/v2\/pages\/183"}],"wp:attachment":[{"href":"https:\/\/www.hsu-hh.de\/eb\/wp-json\/wp\/v2\/media?parent=690"}],"wp:term":[{"taxonomy":"category","embeddable":true,"href":"https:\/\/www.hsu-hh.de\/eb\/wp-json\/wp\/v2\/categories?post=690"},{"taxonomy":"post_tag","embeddable":true,"href":"https:\/\/www.hsu-hh.de\/eb\/wp-json\/wp\/v2\/tags?post=690"}],"curies":[{"name":"wp","href":"https:\/\/api.w.org\/{rel}","templated":true}]}}