{"id":284,"date":"2017-11-15T11:20:58","date_gmt":"2017-11-15T10:20:58","guid":{"rendered":"https:\/\/www.hsu-hh.de\/eb\/?page_id=284"},"modified":"2021-02-04T12:13:46","modified_gmt":"2021-02-04T11:13:46","slug":"evaluation-arbeitsplatzorientierte-alphabetisierung-und-grundbildung","status":"publish","type":"page","link":"https:\/\/www.hsu-hh.de\/eb\/forschung\/evaluation-arbeitsplatzorientierte-alphabetisierung-und-grundbildung","title":{"rendered":"Evaluation: &#8222;Arbeitsplatzorientierte Alphabetisierung und Grundbildung&#8220;"},"content":{"rendered":"<div>\n<h3>Projektbeschreibung<\/h3>\n<p>Lesen und Schreiben sind in einer immer komplexer werdenden Arbeitswelt F\u00e4higkeiten, die auch auf niedrig qualifizierten Arbeitspl\u00e4tzen unerl\u00e4sslich sind. In diesem Zusammenhang \u00fcberrascht die hohe Anzahl der von funktionalem Analphabetismus betroffenen Menschen in Deutschland, die teilweise nur einzelne W\u00f6rter lesen und schreiben oder die Bedeutung auch einfacher Texte kaum entschl\u00fcsseln k\u00f6nnen: Aus der Studie &#8222;leo. &#8211; Level-One Survey&#8220; geht hervor, dass 14,5 Prozent der erwerbsf\u00e4higen Bev\u00f6lkerung von funktionalem Analphabetismus betroffen ist &#8211; das sind 7,5 Millionen Menschen in Deutschland. Um diese betroffenen erwerbsf\u00e4higen Menschen beim Lese- und Schreibverst\u00e4ndnis zu unterst\u00fctzen, hat das BMBF im Rahmen der nationalen Strategie f\u00fcr Alphabetisierung den zweiten F\u00f6rderschwerpunkt &#8222;Arbeitsplatzorientierte Alphabetisierung und Grundbildung Erwachsener&#8220; f\u00fcr den Zeitraum von 2012 bis 2015 initiiert. Diesem war von 2007 bis 2012 der erste F\u00f6rderschwerpunkt &#8222;Forschung und Entwicklung zur Alphabetisierung und Grundbildung&#8220; vorausgegangen, in dem in 24 Verb\u00fcnden mehr als 100 Projekte gef\u00f6rdert wurden.<\/p>\n<p>Der zweite F\u00f6rderschwerpunkt zielt mit einer Summe von 20 Millionen Euro auf die verst\u00e4rkte F\u00f6rderung von Konzepten und Ma\u00dfnahmen arbeitsplatzorientierter Alphabetisierung und Grundbildung durch Unternehmen und andere Akteure am Arbeitsmarkt. In der Praxis bedeutet dies beispielsweise, dass Unternehmen interne Alphabetisierungs- und Grundbildungsangebote bereitstellen, Mitarbeiterinnen und Mitarbeiter motivieren, daran teilzunehmen und diese F\u00f6rderungsangebote in ihre Personalentwicklung integrieren. Zudem fokussiert der F\u00f6rderschwerpunkt auf die Sensibilisierung von Kontaktpersonen, um die Zielgruppe in ihrer Arbeits- und Lebenswelt erfolgreich unterst\u00fctzen zu k\u00f6nnen. Um die dargelegten Ziele zu erreichen, f\u00f6rdert das BMBF bundesweit 24 Einzelprojekte und 11 Verbundprojekte, welche sich auf die vier Schwerpunktthemen &#8222;Unterricht und Lernmedien&#8220;, &#8222;Branchen und Zielgruppen&#8220;, &#8222;Personalentwicklung in Betrieben&#8220; und &#8222;Sensibilisierung und Netzwerkbildung&#8220; konzentrieren und in diesem Rahmen Methoden und Konzepte zur Alphabetisierung und Grundbildung entwickeln und erproben.<\/p>\n<p>Das Team der Ramboll Management Consulting GMbH und der Helmut Schmidt Universit\u00e4t\/Universit\u00e4t der Bundeswehr Hamburg hat die Evaluation des zweiten F\u00f6rderschwerpunktes \u00fcbernommen. Die Evaluation zielt auf die Identifizierung von guten Beispielen sowie der Ermittlung von erfolgreichen Handlungsstrategien bez\u00fcglich auftretender Herausforderungen und Schwierigkeiten bei der Umsetzung arbeitsplatzorientierter Alphabetisierung und Grundbildung.<\/p>\n<p>Die Evaluation umfasst folgende Elemente:<\/p>\n<ul>\n<li><strong>Bestandsaufnahme:<\/strong> Sichtung und Analyse der Vorhabensbeschreibungen, Zwischen- und Abschlussberichte,&nbsp; Interviews mit begleitenden Evaluatorinnen und Evaluatoren<\/li>\n<li><strong>Quantitative Analyse:<\/strong> Online-Befragung aller Projekte zu ihren Ergebnissen<\/li>\n<li><strong>Qualitative Analyse:<\/strong> Sechs Fallstudien von ausgew\u00e4hlten Best-Practice-Projekten<\/li>\n<li><strong>Sonderauswertungen:<\/strong>\n<ol>\n<li>Umsetzung und Mehrwert der begleitenden Evaluationen der Projekt<\/li>\n<li>Entwicklung und Einsatz von diagnostischen Instrumenten und Lernstandserhebungen&#8220;<\/li>\n<\/ol>\n<\/li>\n<\/ul>\n<h3><strong>Laufzeit: <\/strong>Mai 2015 bis April 2016<\/h3>\n<h3>Kooperationspartner:<\/h3>\n<p>Ramboll Management Consulting GmbH<br \/>\nChilehaus C &#8211; Burchardstra\u00dfe 13<br \/>\n20095 Hamburg<\/p>\n<p>Ansprechpartner: Marcus Neureiter (Projektleiter)<br \/>\nTelefon: +49 40 302020-137<br \/>\nE-Mail: marcus.neureiter@ramboll.com<\/p>\n<h3>Ansprechpartner<\/h3>\n<p>Prof. Dr. Christine Zeuner<br \/>\nTelefon: +49 40 6541-2796<br \/>\nE-Mail: zeuner@hsu-hh.de<\/p>\n<p>Dipl.-P\u00e4d. Antje Pabst<br \/>\nTelefon: +49 40 6541-3908<br \/>\nE-Mail: antje.pabst@hsu-hh.de<\/p>\n<h3><strong>Projekttr\u00e4ger<\/strong><\/h3>\n<p>Deutsches Zentrum f\u00fcr Luft- und Raumfahrt<\/p>\n<h3>Auftraggeber<\/h3>\n<p>Bundesministerium f\u00fcr Bildung und Forschung<\/p>\n<h3>Ergebnisse<\/h3>\n<p><a href=\"https:\/\/www.hsu-hh.de\/eb\/wp-content\/uploads\/sites\/662\/2020\/03\/Abschlussbericht-Arbeitsplatzorientierte-Alphabetisierung-und-Grundbildung-Erwachsener_mit-Anhang.pdf\">Abschlussbericht der Evaluation: Arbeitsplatzorientierte Alphabetisierung und Grundbildung Erwachsener<\/a><\/p>\n<\/div>\n","protected":false},"excerpt":{"rendered":"<p>Projektbeschreibung Lesen und Schreiben sind in einer immer komplexer werdenden Arbeitswelt F\u00e4higkeiten, die auch auf niedrig qualifizierten Arbeitspl\u00e4tzen unerl\u00e4sslich sind. In diesem Zusammenhang \u00fcberrascht die hohe Anzahl der von funktionalem [&hellip;]<\/p>\n","protected":false},"author":672,"featured_media":0,"parent":183,"menu_order":0,"comment_status":"closed","ping_status":"closed","template":"","meta":{"footnotes":""},"categories":[4],"tags":[74,78,72,52,76,56],"class_list":["post-284","page","type-page","status-publish","hentry","category-forschung","tag-alphabetisierung","tag-arbeitsplatzorientierung","tag-evaluation","tag-forschung","tag-grundbildung","tag-projekt"],"_links":{"self":[{"href":"https:\/\/www.hsu-hh.de\/eb\/wp-json\/wp\/v2\/pages\/284","targetHints":{"allow":["GET"]}}],"collection":[{"href":"https:\/\/www.hsu-hh.de\/eb\/wp-json\/wp\/v2\/pages"}],"about":[{"href":"https:\/\/www.hsu-hh.de\/eb\/wp-json\/wp\/v2\/types\/page"}],"author":[{"embeddable":true,"href":"https:\/\/www.hsu-hh.de\/eb\/wp-json\/wp\/v2\/users\/672"}],"replies":[{"embeddable":true,"href":"https:\/\/www.hsu-hh.de\/eb\/wp-json\/wp\/v2\/comments?post=284"}],"version-history":[{"count":9,"href":"https:\/\/www.hsu-hh.de\/eb\/wp-json\/wp\/v2\/pages\/284\/revisions"}],"predecessor-version":[{"id":1577,"href":"https:\/\/www.hsu-hh.de\/eb\/wp-json\/wp\/v2\/pages\/284\/revisions\/1577"}],"up":[{"embeddable":true,"href":"https:\/\/www.hsu-hh.de\/eb\/wp-json\/wp\/v2\/pages\/183"}],"wp:attachment":[{"href":"https:\/\/www.hsu-hh.de\/eb\/wp-json\/wp\/v2\/media?parent=284"}],"wp:term":[{"taxonomy":"category","embeddable":true,"href":"https:\/\/www.hsu-hh.de\/eb\/wp-json\/wp\/v2\/categories?post=284"},{"taxonomy":"post_tag","embeddable":true,"href":"https:\/\/www.hsu-hh.de\/eb\/wp-json\/wp\/v2\/tags?post=284"}],"curies":[{"name":"wp","href":"https:\/\/api.w.org\/{rel}","templated":true}]}}