{"id":2582,"date":"2024-12-05T15:10:47","date_gmt":"2024-12-05T14:10:47","guid":{"rendered":"https:\/\/www.hsu-hh.de\/eb\/?page_id=2582"},"modified":"2024-12-05T15:10:47","modified_gmt":"2024-12-05T14:10:47","slug":"kurzvita-ziehmer","status":"publish","type":"page","link":"https:\/\/www.hsu-hh.de\/eb\/kurzvita-ziehmer","title":{"rendered":"Kurzvita &#8211; Halinia Ziehmer, M.A."},"content":{"rendered":"\n<div style=\"height:20px\" aria-hidden=\"true\" class=\"wp-block-spacer\"><\/div>\n\n\n\n<p>2009 &#8211; 2012 Studium Erziehungs- und Bildungswissenschaft, Bachelor of Arts an der Universit\u00e4t Hamburg<\/p>\n\n\n\n<p>2012 &#8211; 2016 Studium Erziehungs- und Bildungswissenschaft, Schwerpunkt Bildungstheorie und Empirische Bildungsforschung, Master of Arts an der Universit\u00e4t Hamburg<\/p>\n\n\n\n<p>2011 \u2013 2016 Praktikum und Honorart\u00e4tigkeit am Institut f\u00fcr Bildungsmonitoring und Qualit\u00e4tsentwicklung (IfBQ) der Hamburger Beh\u00f6rde f\u00fcr Schule und Berufsbildung<\/p>\n\n\n\n<p>2017 \u2013 2020 Wissenschaftliche Mitarbeiterin an der FOM Hochschule f\u00fcr Oekonomie &amp; Management gGmbH im Projekt: \u201eKODIMA &#8211; Kompetenzen von Mitarbeitern\/innen in der digitalisierten Arbeitswelt\u201c<\/p>\n\n\n\n<p>Seit 2021 Wissenschaftliche Mitarbeiterin an der Professur f\u00fcr Erwachsenenbildung, Helmut-Schmidt-Universit\u00e4t\/Universit\u00e4t der Bundeswehr Hamburg<\/p>\n","protected":false},"excerpt":{"rendered":"<p>2009 &#8211; 2012 Studium Erziehungs- und Bildungswissenschaft, Bachelor of Arts an der Universit\u00e4t Hamburg 2012 &#8211; 2016 Studium Erziehungs- und Bildungswissenschaft, Schwerpunkt Bildungstheorie und Empirische Bildungsforschung, Master of Arts an [&hellip;]<\/p>\n","protected":false},"author":672,"featured_media":0,"parent":0,"menu_order":0,"comment_status":"closed","ping_status":"closed","template":"","meta":{"footnotes":""},"categories":[4,8],"tags":[],"class_list":["post-2582","page","type-page","status-publish","hentry","category-forschung","category-team"],"_links":{"self":[{"href":"https:\/\/www.hsu-hh.de\/eb\/wp-json\/wp\/v2\/pages\/2582","targetHints":{"allow":["GET"]}}],"collection":[{"href":"https:\/\/www.hsu-hh.de\/eb\/wp-json\/wp\/v2\/pages"}],"about":[{"href":"https:\/\/www.hsu-hh.de\/eb\/wp-json\/wp\/v2\/types\/page"}],"author":[{"embeddable":true,"href":"https:\/\/www.hsu-hh.de\/eb\/wp-json\/wp\/v2\/users\/672"}],"replies":[{"embeddable":true,"href":"https:\/\/www.hsu-hh.de\/eb\/wp-json\/wp\/v2\/comments?post=2582"}],"version-history":[{"count":1,"href":"https:\/\/www.hsu-hh.de\/eb\/wp-json\/wp\/v2\/pages\/2582\/revisions"}],"predecessor-version":[{"id":2583,"href":"https:\/\/www.hsu-hh.de\/eb\/wp-json\/wp\/v2\/pages\/2582\/revisions\/2583"}],"wp:attachment":[{"href":"https:\/\/www.hsu-hh.de\/eb\/wp-json\/wp\/v2\/media?parent=2582"}],"wp:term":[{"taxonomy":"category","embeddable":true,"href":"https:\/\/www.hsu-hh.de\/eb\/wp-json\/wp\/v2\/categories?post=2582"},{"taxonomy":"post_tag","embeddable":true,"href":"https:\/\/www.hsu-hh.de\/eb\/wp-json\/wp\/v2\/tags?post=2582"}],"curies":[{"name":"wp","href":"https:\/\/api.w.org\/{rel}","templated":true}]}}