{"id":2576,"date":"2024-12-05T15:03:33","date_gmt":"2024-12-05T14:03:33","guid":{"rendered":"https:\/\/www.hsu-hh.de\/eb\/?page_id=2576"},"modified":"2024-12-05T15:03:33","modified_gmt":"2024-12-05T14:03:33","slug":"veroffentlichungen-schmidt","status":"publish","type":"page","link":"https:\/\/www.hsu-hh.de\/eb\/veroffentlichungen-schmidt","title":{"rendered":"Ver\u00f6ffentlichungen &#8211; Dr. Katja Schmidt"},"content":{"rendered":"\n<div style=\"height:20px\" aria-hidden=\"true\" class=\"wp-block-spacer\"><\/div>\n\n\n\n<h3 class=\"wp-block-heading\">Publikationen<\/h3>\n\n\n\n<p>Engelbracht, Mischa\/Klein, Alex\/Richter, Martina\/Schmidt-Hertha, Bernhardt\/Schmidt, Katja\/Wiezorek, Christine (2022): Editorial. Stichwort: Staatliche Anerkennung. In: Erziehungswissenschaft 64, 3, S.5-7. <a href=\"https:\/\/doi.org\/10.3224\/ezw.v33i1.01\" rel='nofollow'>https:\/\/doi.org\/10.3224\/ezw.v33i1.01<\/a>.<\/p>\n\n\n\n<p>Petersen, Katja\/Schmidt, Katja (2022): Herausforderungen einer kompetenzbasierten Weiterbildung \u2013 Ans\u00e4tze aus dem Forschungsprojekt \u201eE.K.I. Evaluation, Konzeptualisierung und Implementierung arbeitsprozessorientierter \u00e4rztlicher Weiterbildung am Bundeswehrkrankenhaus Hamburg\u201c. In: Hamburger \u00c4rzteblatt, Ausgabe 09\/22, S. 42-44.<\/p>\n\n\n\n<p>Zeuner, Christine\/Petersen, Katja\/Schmidt, Katja (2022): \u00c4rztliche Weiterbildung im Fokus: das Forschungsprojekt \u201eEvaluation, Konzeptionalisierung und Implementierung arbeitsprozessorientierter \u00e4rztlicher Weiterbildung am BwK Hamburg (E.K.I.)\u201c. In: Jahresbericht Wehrwissenschaftliche Forschung, S. 72-73.<\/p>\n\n\n\n<p>Petersen, Katja\/Schmidt, Katja (2021): \u201eErfahrung ist eine Funktion der Zeit.\u201c \u00dcberlegungen zur \u00e4rztlichen Weiterbildung aus erwachsenenbildnerischer Perspektive. In: Pabst, A.\/Zeuner, C. (<abbr title=\"Herausgeber\">Hrsg.<\/abbr>): \u201eF\u00fcnf Tage sind einfach viel zu wenig.\u201c Bildungszeit und Bildungsfreistellung in der Diskussion. Frankfurt am Main, S. 116-129.<br><br>Kleinau, Elke\/Glaser, Edith\/Schmidt-Hertha, Bernhard\/Schmidt, Katja (2021):Editorial. Disziplin\u00e4re Verstrickungen und disziplin\u00e4re Verantwortung. In: Erziehungswissenschaft 63, 32, S. 7-10. <a href=\"https:\/\/doi.org\/10.3224\/ezw.v32i2.0\" rel='nofollow'>https:\/\/doi.org\/10.3224\/ezw.v32i2.0 <\/a>.<\/p>\n\n\n\n<p>Petersen, Katja\/Schmidt, Katja (2021); Postgraduate Medical Education and Training: the Research Project \u201eEvaluation, Konzeptionalsierung und Implementierung arbeitsprozessorientierter \u00e4rztlicher Weiterbildung am BwK Hamburg (E.K.I.)\u201c. In: Military Scientific Research Annual Report 2021, S. 72-73.<\/p>\n\n\n\n<p>Petersen, Katja\/Schmidt, Katja (2021): \u00c4rztliche Weiterbildung im Fokus: Das Forschungsprojekt \u201eEvaluation, Konzeptionalsierung und Implementierung arbeitsprozessorientierter \u00e4rztlicher Weiterbildung am BwK Hamburg (E.K.I.)\u201c. In: Wehrwissenschaftliche Forschung. Jahresbericht 2021, S. 72-73.<\/p>\n\n\n\n<p>Petersen, Katja\/Schmidt, Katja (2021): \u00c4rztliche Weiterbildung im Fokus der Erwachsenenbildungswissenschaft. In: Erziehungswissenschaft. Mitteilungsheft der Deutschen Gesellschaft f\u00fcr Erziehungswissenschaft 32, 62, S. 133\u2010135.<\/p>\n\n\n\n<p>Petersen, Katja\/Schmidt, Katja (2021): Kompetenzentwicklung in der \u00e4rztlichen Weiterbildung. Praxisheft f\u00fcr Weiterbildende. Hamburg.<\/p>\n\n\n\n<p>Sturm, Tanja\/Wiezorek, Christine\/Schmidt, Katja (2020): Editorial. Neue Formen der Archivierung, Bereitstellung und Nachnutzung von Forschungsdaten. In: Erziehungswissenschaft 60, 31, <a href=\"https:\/\/doi.org\/10.3224\/ezw.v31i1.0\" rel='nofollow'>https:\/\/doi.org\/10.3224\/ezw.v31i1.0<\/a>.<\/p>\n\n\n\n<p>Kuper, Harm\/Sturm, Tanja\/Schmidt, Katja (2020): Editorial.Universit\u00e4re Lehrkr\u00e4ftebildung \u2013 Herausforderungen und Profilbildung. In: Erziehungswissenschaft 61, 31, S. 5-7. <a href=\"https:\/\/doi.org\/10.3224\/ezw.v31i2.01\" rel='nofollow'>https:\/\/doi.org\/10.3224\/ezw.v31i2.01 <\/a>.<\/p>\n\n\n\n<p>Schmidt, Katja\/Petersen, Katja\/Koryshev, Michail (<abbr title=\"Herausgeber\">Hrsg.<\/abbr>) (2019): Streifzug durch die deutsche Kulturgeschichte. Studienbuch Band I, Hamburg, St. Petersburg.<\/p>\n\n\n\n<p>Koryshev, Mikhail\/Ivanova, Ekaterina\/Zubova, Elena\/Petersen, Katja\/Schmidt, Katja: Dutch artist Vincent van Gogh through the eyes of the German psychiatrist Karl Leonhard in the context of current cultural and medical discussion. In: Scandinavian Philology\/Skandinavskaja Filologija 2\/2019, 17, S. 000-000.<\/p>\n\n\n\n<p>Schmidt, Katja (2018): \u00dcber die L\u00fcge in \u201epostfaktischen\u201c Zeiten. Eine Herausforderung f\u00fcr die Erwachsenenbildung? In: Hessische Bl\u00e4tter f\u00fcr Volksbildung, 3, S. 245-252.<\/p>\n\n\n\n<p>Petersen, Katja\/Schmidt, Katja\/Zeuner, Christine: Der Mensch und seine Biographie zwischen Individualisierung und \u00d6konomisierung. In: Einf\u00fchrung in das Bildungs- und Kulturmanagement, hrsg. v. Gernot Grae\u00dfner und Martin Hendrik Kurz, Augsburg 2018, S. 191-208.<\/p>\n\n\n\n<p>Schmidt, Katja (2018): L\u00fcge, Hochstapelei und Bildung Bildungstheoretische Ann\u00e4herungen und biographische Rekonstruktionen, Bielefeld.<\/p>\n\n\n\n<p>Schmidt, Katja (2018, wissenschaftliches Lektorat): Das Politische in der Erwachsenenbildung,&nbsp;hrsg. v. Anke Grotl\u00fcschen, Sabine Schmidt-Lauff, Silke Schreiber-Barsch und Christine Zeuner, Schwalbach\/Taunus.<\/p>\n\n\n\n<p>Schmidt, Katja (2018, wissenschaftliches Lektorat): Betriebliche Kompetenzentwicklung in heterogenen Lernkonstellationen gestalten. Erfahrungen und Erkenntnisse zu den M\u00f6glichkeiten arbeitsintegrierter betrieblicher Weiterbildung, hrsg. v. Gabriele Molzberger, M\u00fcnster.<\/p>\n\n\n\n<p>Jornitz, Siglinde\/Kessl, Fabian\/Sturm, Tanja\/Schmidt, Katja (2018): Editorial. (Erziehungs-)Wissenschaftlich publizieren. Ver\u00e4nderte Bedingungen und neue Techniken. In: Erziehungswissenschaft 29, 57, S. 5-7.<\/p>\n\n\n\n<p>Koller, Hans-Christoph\/Kessl, Fabian\/Schmidt, Katja (2018): Editorial. Der Beitragt der Erziehungswissenschaft zur Bildungsforschung. In: Erziehungswissenschaft 29, 56, S. 7-8.<\/p>\n\n\n\n<p>Kessl, Fabian\/Schmidt, Katja (2017): Editorial. \u201eZur Rolle der Erziehungswissenschaft im Rahmen der Debatte um sexuelle Gewalt in p\u00e4dagogischen Kontexten\u201c. In: Erziehungswissenschaft 28, 54, S. 7-8.<\/p>\n\n\n\n<p>Kessl\/Fabian\/Schmidt, Katja (2016): Editorial. \u201eHamsterrad (Erziehungs-)Wissenschaft: prek\u00e4r und beschleunigt\u201c. In: Erziehungswissenschaft 27, 53, S. 5-8.<\/p>\n\n\n\n<p>Zeuner, Christine\/Schmidt, Katja (2016): Editorial. \u201eErziehungswissenschaft in den Nachbarl\u00e4ndern\u201c. In: Erziehungswissenschaft 27, 52, S. 5-6.<\/p>\n\n\n\n<p>Zeuner, Christine\/Petersen, Katja\/Schmidt, Katja (2015): Biographie und Erwachsenenbildung. Studienheft f\u00fcr die Euro-FH G\u00f6ttingen, Hamburg.<\/p>\n\n\n\n<p>Zeuner, Christine\/Kessl, Fabian\/Schmidt, Katja (2015): Editorial. \u201eWie politisch ist die Erziehungswissenschaft\u201c. In: Erziehungswissenschaft 26, 50, S. 5-6.<\/p>\n\n\n\n<p>Zeuner, Christine\/Schmidt, Katja (2014): Editorial. \u201eTradition und Zuk\u00fcnfte. 50 Jahre Deutsche Gesellschaft f\u00fcr Erziehungswissenschaft\u201c. In: Erziehungswissenschaft 25, 48, S. 5-9.<\/p>\n\n\n\n<p>Zeuner, Christine\/Schmidt, Katja (2013): Editorial. \u201eZwischen Institutionalisierung und Selbstverpflichtung. Zur Diskussion um ethische Standards in der Erziehungswissenschaft\u201c. In: Erziehungswissenschaft 24, 47, S. 5-7.<\/p>\n\n\n\n<p>Zeuner, Christine\/Schmidt, Katja (2013): Editorial. \u201eWissenschaftliche Gutachten schreiben. (Bildungs-)politische Entwicklungen und disziplin\u00e4re Anforderungen. In: Erziehungswissenschaft 24, 46, S. 5-7.<\/p>\n\n\n\n<p>Schmidt, Katja (2012): Erwachsenenbildung im Nationalsozialismus. In: Enzyklop\u00e4die Erziehungswissenschaft Online (EEO), Fachgebiet Erwachsenenbildung, hrsg. v. Christine Zeuner, Weinheim und Basel. [http:\/\/www.erzwissonline.de\/fachgebiete\/erwachsenenbildung\/beitraege\/16120271.htm] (Zugriff: 12.11.2012).<\/p>\n\n\n\n<p>Zeuner, Christine\/Schmidt, Katja (2012): Evaluationsbericht f\u00fcr das Projekt \u201eFamilien leben im Quartier\u201c. Hamburg.<\/p>\n\n\n\n<p>Zeuner, Christine\/Schmidt, Katja (2012): Evaluationsbericht f\u00fcr das Projekt \u201eSchritte \u2013 Frauen finden ihren Weg\u201c. Hamburg.<\/p>\n\n\n\n<p>Schmidt, Katja (2010): Generationen zwischen Bildung, Erziehung und sozialer Wirklichkeit. Rezension \u00fcber: Ecarius, Jutta: Generation, Erziehung und Bildung. Eine Einf\u00fchrung. Stuttgart 2008. In: Kursiv. Journal f\u00fcr politische Bildung, 1, S. 85-87.<\/p>\n\n\n\n<p>Schmidt, Katja (2008): Zwischen Kritik und Utopie \u2013 Facetten aufgekl\u00e4rter politischer Bildung. Rezension \u00fcber: Ahlheim, Klaus: Mut zur Erkenntnis. \u00dcber das Subjekt politischer Erwachsenenbildung, Schwalbach\/Ts. 2008. In. Kursiv. Journal f\u00fcr politische Bildung, 3, S. 87-90.<\/p>\n\n\n\n<p>Schmidt, Katja (2008): Aufsuchendes Lernen an erinnernden Orten. Rezension \u00fcber: Grillmeyer, Siegfried\/Wirtz, Peter (<abbr title=\"Herausgeber\">Hrsg.<\/abbr>): Ortstermine 2. Politisches Lernen am historischen Ort, Schwalbach\/Ts. 2008. In: Kursiv. Journal f\u00fcr politische Bildung, 1, S. 76-77.<\/p>\n\n\n\n<p>Schmidt, Katja (2008): Rezension \u00fcber: Molzberger, Gabriele: Rahmungen informellen Lernens. Zur Erschlie\u00dfung neuer Lern- und Weiterbildungsperspektiven, Wiesbaden 2007. In: Das Argument. Zeitschrift f\u00fcr Philosophie und Sozialwissenschaften, 5, S. 606-607.<\/p>\n\n\n\n<h3 class=\"wp-block-heading\">Vortr\u00e4ge<\/h3>\n\n\n\n<h3 class=\"wp-block-heading\">Projekt- und Forschungsberichte<\/h3>\n\n\n\n<p>Petersen, Katja\/Schmidt, Katja (2021): \u201eStrukturierte Weiterbildung auf Augenh\u00f6he\u201c (?) \u2013 Die neue Weiterbildungsordnung als Herausforderung f\u00fcr die Praxis. Zusammenfassung des Sommerworkshops mit Weiterbildungsbefugten und Weiterbildenden im BwK Hamburg. Hamburg.<\/p>\n\n\n\n<p>Zeuner, Christine\/Petersen, Katja\/Schmidt, Katja (2021): Corona\u2010Pandemie und \u00e4rztliche Weiterbildung. Gesamtauswertung. Umfrage im Rahmen des E.K.I.\u2010Projektes im Juni 2021 f\u00fcr die \u00e4rztliche Weiterbildung im Bundeswehrkrankenhaus Hamburg. Hamburg.<\/p>\n\n\n\n<p>Zeuner, Christine\/Petersen, Katja\/Schmidt, Katja (2021): Corona\u2010Pandemie und \u00e4rztliche Weiterbildung. Auswertung nach Einzelkliniken. Umfrage im Rahmen des E.K.I.\u2010Projektes im Juni 2021 f\u00fcr die \u00e4rztliche Weiterbildung im Bundeswehrkrankenhaus Hamburg. Hamburg.<\/p>\n\n\n\n<p>Zeuner, Christine\/Petersen, Katja\/Schmidt, Katja (2021): Dritter Zwischenbericht. Evaluation, Konzeptionalisierung und Implementierung arbeitsprozessorientierter \u00e4rztlicher Weiterbildung am BwK Hamburg (E.K.I.). Hamburg.<\/p>\n\n\n\n<p>Petersen, Katja\/Schmidt, Katja (2020): \u201eAlter Wein in neuen Schl\u00e4uchen?\u201c \u2013 Weiterbildungsgespr\u00e4che als Lernort in der \u00e4rztlichen Weiterbildung. Zusammenfassung des Sommerworkshops mit Weiterbildungsbefugten und Weiterbildenden im BwK Hamburg. Hamburg.<\/p>\n\n\n\n<p>Zeuner, Christine\/Petersen, Katja\/Schmidt, Katja (2020): Lernf\u00f6rderliche Arbeitsgestaltung und Kompetenzentwicklung in der \u00e4rztlichen Weiterbildung. Ergebnisse der E.K.I.\u2010Assistentenbefragung im BWK Hamburg 2019. Hamburg.<\/p>\n\n\n\n<p>Zeuner, Christine\/Petersen, Katja\/Schmidt, Katja (2020): Lernf\u00f6rderliche Arbeitsgestaltung und Kompetenzentwicklung in der \u00e4rztlichen Weiterbildung. Ergebnisse der E.K.I.\u2010Assistentenbefragung im BWK Hamburg 2019 nach Kliniken. Hamburg.<\/p>\n\n\n\n<p>Zeuner, Christine\/Petersen, Katja\/Schmidt, Katja (2020): Zwischenbericht f\u00fcr den Antrag zur Verl\u00e4ngerung des Forschungsprojektes aufgrund der Eind\u00e4mmungsma\u00dfnahmen der Corona\u2010Virus\u2010Pandemie (Dezember 2019 bis September 2020). Evaluation, Konzeptionalisierung und Implementierung arbeitsprozessorientierter \u00e4rztlicher Weiterbildung am BwK Hamburg (E.K.I.). Hamburg.<\/p>\n\n\n\n<p>Zeuner, Christine\/Petersen, Katja\/Schmidt, Katja (2020): Zweiter Zwischenbericht. Evaluation, Konzeptionalisierung und Implementierung arbeitsprozessorientierter \u00e4rztlicher Weiterbildung am BwK Hamburg (E.K.I.). Hamburg.<\/p>\n\n\n\n<p>Zeuner, Christine\/Petersen, Katja\/Schmidt, Katja&nbsp; (2019): Erster Zwischenbericht. Evaluation, Konzeptionalisierung und Implementierung arbeitsprozessorientierter \u00e4rztlicher Weiterbildung am BwK Hamburg (E.K.I.). Hamburg.<\/p>\n\n\n\n<p>Schmidt, Katja\/Stopka, Christine (2001): 1951-2001. 50 Jahre Stadtjugendring. Einblicke in die Geschichte der kommunalen Jugendarbeit in Schwarzenbek nach dem Zweiten Weltkrieg, Schwarzenbek.<\/p>\n","protected":false},"excerpt":{"rendered":"<p>Publikationen Engelbracht, Mischa\/Klein, Alex\/Richter, Martina\/Schmidt-Hertha, Bernhardt\/Schmidt, Katja\/Wiezorek, Christine (2022): Editorial. Stichwort: Staatliche Anerkennung. In: Erziehungswissenschaft 64, 3, S.5-7. https:\/\/doi.org\/10.3224\/ezw.v33i1.01. Petersen, Katja\/Schmidt, Katja (2022): Herausforderungen einer kompetenzbasierten Weiterbildung \u2013 Ans\u00e4tze aus [&hellip;]<\/p>\n","protected":false},"author":672,"featured_media":0,"parent":0,"menu_order":0,"comment_status":"closed","ping_status":"closed","template":"","meta":{"footnotes":""},"categories":[8],"tags":[],"class_list":["post-2576","page","type-page","status-publish","hentry","category-team"],"_links":{"self":[{"href":"https:\/\/www.hsu-hh.de\/eb\/wp-json\/wp\/v2\/pages\/2576","targetHints":{"allow":["GET"]}}],"collection":[{"href":"https:\/\/www.hsu-hh.de\/eb\/wp-json\/wp\/v2\/pages"}],"about":[{"href":"https:\/\/www.hsu-hh.de\/eb\/wp-json\/wp\/v2\/types\/page"}],"author":[{"embeddable":true,"href":"https:\/\/www.hsu-hh.de\/eb\/wp-json\/wp\/v2\/users\/672"}],"replies":[{"embeddable":true,"href":"https:\/\/www.hsu-hh.de\/eb\/wp-json\/wp\/v2\/comments?post=2576"}],"version-history":[{"count":1,"href":"https:\/\/www.hsu-hh.de\/eb\/wp-json\/wp\/v2\/pages\/2576\/revisions"}],"predecessor-version":[{"id":2577,"href":"https:\/\/www.hsu-hh.de\/eb\/wp-json\/wp\/v2\/pages\/2576\/revisions\/2577"}],"wp:attachment":[{"href":"https:\/\/www.hsu-hh.de\/eb\/wp-json\/wp\/v2\/media?parent=2576"}],"wp:term":[{"taxonomy":"category","embeddable":true,"href":"https:\/\/www.hsu-hh.de\/eb\/wp-json\/wp\/v2\/categories?post=2576"},{"taxonomy":"post_tag","embeddable":true,"href":"https:\/\/www.hsu-hh.de\/eb\/wp-json\/wp\/v2\/tags?post=2576"}],"curies":[{"name":"wp","href":"https:\/\/api.w.org\/{rel}","templated":true}]}}