{"id":2574,"date":"2024-12-05T15:00:27","date_gmt":"2024-12-05T14:00:27","guid":{"rendered":"https:\/\/www.hsu-hh.de\/eb\/?page_id=2574"},"modified":"2024-12-05T15:00:27","modified_gmt":"2024-12-05T14:00:27","slug":"kurzvita-schmidt","status":"publish","type":"page","link":"https:\/\/www.hsu-hh.de\/eb\/kurzvita-schmidt","title":{"rendered":"Kurzvita &#8211; Dr. Katja Schmidt"},"content":{"rendered":"\n<div style=\"height:20px\" aria-hidden=\"true\" class=\"wp-block-spacer\"><\/div>\n\n\n\n<ul class=\"wp-block-list\">\n<li>seit 2023 Modulverantwortliche und Dozentin f\u00fcr \u201eKompetenzentwicklung im Prozess der Arbeit\/Interaktion im Team\u201c im Rahmen des \u201eSpitzenkr\u00e4ftetraining\u201c des Kommandos Sanit\u00e4tsdienst in Kooperation mit den BG Kliniken am Zentrum f\u00fcr Wissenschaftliche Weiterbildung an der <abbr title=\"Helmut Schmidt Universit\u00e4t\">HSU<\/abbr><\/li>\n\n\n\n<li>seit 2021 Modulverantwortliche und Dozentin f\u00fcr \u201eBildung und Didaktik\u201c sowie \u201eBildungsmanagement\u201c im Rahmen des Studiengangs\u201c F\u00fchren in der Medizin\u201c am Zentrum f\u00fcr Wissenschaftliche Weiterbildung an der <abbr title=\"Helmut Schmidt Universit\u00e4t\">HSU<\/abbr><\/li>\n\n\n\n<li>seit 2019 Leiterin des Forschungsprojektes E.K.I. \u2013 \u201eEvaluation, Konzeptionalsierung und Implementierung arbeitsprozessorientierter \u00e4rztliche Weiterbildung am Bundeswehrkrankenhaus Hamburg\u201c<\/li>\n\n\n\n<li>seit M\u00e4rz 2009 wissenschaftliche Mitarbeiterin an der Professur f\u00fcr Erwachsenenbildung<\/li>\n\n\n\n<li>M\u00e4rz 2017 Promotion, Titel der Doktorarbeit: \u201eL\u00fcgen bildet?! \u2013 Hochstapler und ihre Bildungsprozesse in biographischen Erz\u00e4hlungen\u201c, Note summa cum laude<\/li>\n\n\n\n<li>seit 2013 Redaktion der Zeitschrift \u201eErziehungswissenschaft\u201c (DGfE)<\/li>\n\n\n\n<li>Lehrauftrag der Universit\u00e4t Hamburg im WS 2013<\/li>\n\n\n\n<li>2010-212 wissenschaftliche Evaluation der Projekte \u201eFLIQ\u201c (Familien leben im Quartier) und \u201eSchritte\u201c der BEQUA in Flensburg<\/li>\n\n\n\n<li>von 2009-2011 Vertreterin des Mittelbaus im Fakult\u00e4tsrat der Fakult\u00e4t Geistes- und Sozialwissenschaften an der <abbr title=\"Helmut Schmidt Universit\u00e4t\">HSU<\/abbr><\/li>\n\n\n\n<li>M\u00e4rz 2007 bis M\u00e4rz 2009 wissenschaftliche Mitarbeiterin am Lehrstuhl f\u00fcr Berufs- und Arbeitsp\u00e4dagogik, Professur Dehnbostel an der <abbr title=\"Helmut Schmidt Universit\u00e4t\">HSU<\/abbr><\/li>\n\n\n\n<li>freie Lektorin f\u00fcr wissenschaftliche Publikationen<\/li>\n\n\n\n<li>Studium der Deutschen Sprache und Literatur sowie der Erziehungswissenschaft mit Schwerpunkt Erwachsenenbildung an der Universit\u00e4t Hamburg<\/li>\n\n\n\n<li>w\u00e4hrend des Studiums studentische Hilfskraft und Korrekturassistentin an der Universit\u00e4t Hamburg im Fachbereich Deutsch als Fremdsprache sowie studentische Mitarbeiterin f\u00fcr verschiedene Weiterbildungsanbieter<\/li>\n<\/ul>\n","protected":false},"excerpt":{"rendered":"","protected":false},"author":672,"featured_media":0,"parent":0,"menu_order":0,"comment_status":"closed","ping_status":"closed","template":"","meta":{"footnotes":""},"categories":[8],"tags":[],"class_list":["post-2574","page","type-page","status-publish","hentry","category-team"],"_links":{"self":[{"href":"https:\/\/www.hsu-hh.de\/eb\/wp-json\/wp\/v2\/pages\/2574","targetHints":{"allow":["GET"]}}],"collection":[{"href":"https:\/\/www.hsu-hh.de\/eb\/wp-json\/wp\/v2\/pages"}],"about":[{"href":"https:\/\/www.hsu-hh.de\/eb\/wp-json\/wp\/v2\/types\/page"}],"author":[{"embeddable":true,"href":"https:\/\/www.hsu-hh.de\/eb\/wp-json\/wp\/v2\/users\/672"}],"replies":[{"embeddable":true,"href":"https:\/\/www.hsu-hh.de\/eb\/wp-json\/wp\/v2\/comments?post=2574"}],"version-history":[{"count":1,"href":"https:\/\/www.hsu-hh.de\/eb\/wp-json\/wp\/v2\/pages\/2574\/revisions"}],"predecessor-version":[{"id":2575,"href":"https:\/\/www.hsu-hh.de\/eb\/wp-json\/wp\/v2\/pages\/2574\/revisions\/2575"}],"wp:attachment":[{"href":"https:\/\/www.hsu-hh.de\/eb\/wp-json\/wp\/v2\/media?parent=2574"}],"wp:term":[{"taxonomy":"category","embeddable":true,"href":"https:\/\/www.hsu-hh.de\/eb\/wp-json\/wp\/v2\/categories?post=2574"},{"taxonomy":"post_tag","embeddable":true,"href":"https:\/\/www.hsu-hh.de\/eb\/wp-json\/wp\/v2\/tags?post=2574"}],"curies":[{"name":"wp","href":"https:\/\/api.w.org\/{rel}","templated":true}]}}