{"id":2564,"date":"2024-12-05T14:24:16","date_gmt":"2024-12-05T13:24:16","guid":{"rendered":"https:\/\/www.hsu-hh.de\/eb\/?page_id=2564"},"modified":"2024-12-05T14:24:16","modified_gmt":"2024-12-05T13:24:16","slug":"kurzvita-petersen","status":"publish","type":"page","link":"https:\/\/www.hsu-hh.de\/eb\/kurzvita-petersen","title":{"rendered":"Kurzvita &#8211; Dr. Katja Petersen"},"content":{"rendered":"\n<div style=\"height:20px\" aria-hidden=\"true\" class=\"wp-block-spacer\"><\/div>\n\n\n\n<ul class=\"wp-block-list\">\n<li>seit 2023 Modulverantwortliche und Dozentin f\u00fcr \u201eKompetenzentwicklung im Prozess der Arbeit\/Interaktion im Team\u201c im Rahmen des \u201eSpitzenkr\u00e4ftetraining\u201c des Kommandos Sanit\u00e4tsdienst in Kooperation mit den BG Kliniken am Zentrum f\u00fcr Wissenschaftliche Weiterbildung an der <abbr title=\"Helmut Schmidt Universit\u00e4t\">HSU<\/abbr><\/li>\n\n\n\n<li>seit 2021 Modulverantwortliche und Dozentin f\u00fcr \u201eBildung und Didaktik\u201c sowie \u201eBildungsmanagement\u201c im Rahmen des Studiengangs\u201c F\u00fchren in der Medizin\u201c am Zentrum f\u00fcr Wissenschaftliche Weiterbildung an der <abbr title=\"Helmut Schmidt Universit\u00e4t\">HSU<\/abbr><\/li>\n\n\n\n<li>seit 2019 Leiterin des Forschungsprojektes E.K.I. \u2013 \u201eEvaluation, Konzeptionalsierung und Implementierung arbeitsprozessorientierter \u00e4rztliche Weiterbildung am Bundeswehrkrankenhaus Hamburg\u201c<\/li>\n\n\n\n<li>seit September 2008 wissenschaftliche Mitarbeiterin an der Professur f\u00fcr Erwachsenenbildung der Helmut Schmidt Universit\u00e4t\/Universit\u00e4t der Bundeswehr Hamburg<\/li>\n\n\n\n<li>2014 Lehrauftrag des Zentrums f\u00fcr Wissenschaftliche Weiterbildung an der <abbr title=\"Helmut Schmidt Universit\u00e4t\">HSU<\/abbr><\/li>\n\n\n\n<li>2013 Lehrauftrag der Universit\u00e4t Hamburg<\/li>\n\n\n\n<li>Mai 2012 Promotion an der Helmut-Schmidt-Universit\u00e4t, Titel der Dissertation: \u201eDenn keine gr\u00f6ssere Quaal kann es wohl geben, als eine g\u00e4nzliche Leerheit der Seele\u201c \u2013 Karl Philipp Moritz\u2018 Magazin zur Erfahrungsseelenkunde als Bildungsmedium Erwachsener im sp\u00e4ten 18. Jahrhundert<\/li>\n\n\n\n<li>2011 bis 2013 Vertreterin des Mitelbaus im Fakult\u00e4tsrat der Fakult\u00e4t f\u00fcr Geistes- und Sozialwissenschaften<\/li>\n\n\n\n<li>von September 2006 bis August 2008 wissenschaftliche Hilfskraft an der Professur f\u00fcr Erwachsenenbildung der Helmut Schmidt Universit\u00e4t\/Universit\u00e4t der Bundeswehr Hamburg<\/li>\n\n\n\n<li>von 2007 bis 2009 redaktionelle Mitarbeit im Wochenschau Verlag; \u201eKursiv\u201c \u2013 Zeitschrift f\u00fcr politische Bildung, Rubrik \u201eSzene\u201c<\/li>\n\n\n\n<li>2008 Evaluation der Beratungsagentur Weiterbildung L\u00fcbeck c\/o Wirtschaftsf\u00f6rderung L\u00dcBECK <abbr title=\"Gesellschaft mit beschr\u00e4nkter Haftung\">GmbH<\/abbr> (zusammen mit <abbr title=\"Professor\">Prof.<\/abbr> <abbr title=\"Doktor\">Dr.<\/abbr> Christine Zeuner)<\/li>\n\n\n\n<li>2007 T\u00e4tigkeit als Lehrerin f\u00fcr Pflegeberufe in Bremerhaven (F\u00e4cher: Psychologie, Soziologie, P\u00e4dagogik, Geschichte der Medizin)<\/li>\n\n\n\n<li>von 2001-2006 Studium der Erziehungswissenschaft \u2013 Schwerpunkt Erwachsenenbildung\/Weiterbildung; Arbeits- Betriebs- und Umweltpsychologie an der Universit\u00e4t Hamburg<\/li>\n\n\n\n<li>2000-2001 Studium der Sozialp\u00e4dagogik\/Sozialarbeit an der FH Hamburg<\/li>\n\n\n\n<li>1998-2000 Studium der Sozialp\u00e4dagogik\/Sozialarbeit an der FH Fulda<\/li>\n\n\n\n<li>1991-1993 Ausbildung zur Krankenschwester<\/li>\n<\/ul>\n","protected":false},"excerpt":{"rendered":"","protected":false},"author":672,"featured_media":0,"parent":0,"menu_order":0,"comment_status":"closed","ping_status":"closed","template":"","meta":{"footnotes":""},"categories":[8],"tags":[],"class_list":["post-2564","page","type-page","status-publish","hentry","category-team"],"_links":{"self":[{"href":"https:\/\/www.hsu-hh.de\/eb\/wp-json\/wp\/v2\/pages\/2564","targetHints":{"allow":["GET"]}}],"collection":[{"href":"https:\/\/www.hsu-hh.de\/eb\/wp-json\/wp\/v2\/pages"}],"about":[{"href":"https:\/\/www.hsu-hh.de\/eb\/wp-json\/wp\/v2\/types\/page"}],"author":[{"embeddable":true,"href":"https:\/\/www.hsu-hh.de\/eb\/wp-json\/wp\/v2\/users\/672"}],"replies":[{"embeddable":true,"href":"https:\/\/www.hsu-hh.de\/eb\/wp-json\/wp\/v2\/comments?post=2564"}],"version-history":[{"count":1,"href":"https:\/\/www.hsu-hh.de\/eb\/wp-json\/wp\/v2\/pages\/2564\/revisions"}],"predecessor-version":[{"id":2565,"href":"https:\/\/www.hsu-hh.de\/eb\/wp-json\/wp\/v2\/pages\/2564\/revisions\/2565"}],"wp:attachment":[{"href":"https:\/\/www.hsu-hh.de\/eb\/wp-json\/wp\/v2\/media?parent=2564"}],"wp:term":[{"taxonomy":"category","embeddable":true,"href":"https:\/\/www.hsu-hh.de\/eb\/wp-json\/wp\/v2\/categories?post=2564"},{"taxonomy":"post_tag","embeddable":true,"href":"https:\/\/www.hsu-hh.de\/eb\/wp-json\/wp\/v2\/tags?post=2564"}],"curies":[{"name":"wp","href":"https:\/\/api.w.org\/{rel}","templated":true}]}}