{"id":2534,"date":"2024-11-28T19:30:38","date_gmt":"2024-11-28T18:30:38","guid":{"rendered":"https:\/\/www.hsu-hh.de\/eb\/?page_id=2534"},"modified":"2024-11-28T19:30:38","modified_gmt":"2024-11-28T18:30:38","slug":"kurzvita-schudoma","status":"publish","type":"page","link":"https:\/\/www.hsu-hh.de\/eb\/kurzvita-schudoma","title":{"rendered":"Kurzvita &#8211; Laura Schudoma M.A."},"content":{"rendered":"\n<div style=\"height:20px\" aria-hidden=\"true\" class=\"wp-block-spacer\"><\/div>\n\n\n\n<p>seit 2019&nbsp; <br>Wissenschaftliche Mitarbeiterin an der Professur f\u00fcr Erwachsenenbildung, Helmut-Schmidt-Universit\u00e4t\/Universit\u00e4t der Bundeswehr Hamburg<\/p>\n\n\n\n<p>2016 \u2013 2019&nbsp;&nbsp;&nbsp;&nbsp;&nbsp;&nbsp;&nbsp;<br>P\u00e4dagogische Mitarbeiterin im K\u00f6nzgenHaus &#8211; HVHS G. K\u00f6nzgen KAB\/CAJ gem. <abbr title=\"Gesellschaft mit beschr\u00e4nkter Haftung\">GmbH<\/abbr><\/p>\n\n\n\n<p>2012 \u2013 2015&nbsp;&nbsp;&nbsp;&nbsp;&nbsp;&nbsp;&nbsp;<br>Projektmitarbeiterin f\u00fcr den Bundesarbeitskreis ARBEIT UND LEBEN DGB\/VHS e.V. im Grundbildungs-Projekt: \u201eBasisKom \u2013 BasisKompetenz am Arbeitsplatz st\u00e4rken!\u201c<\/p>\n\n\n\n<p>2010 \u2013 2012&nbsp;&nbsp;&nbsp;&nbsp;&nbsp;&nbsp;&nbsp;<br>Wissenschaftliche Hilfskraft f\u00fcr den Bundesarbeitskreis ARBEIT UND LEBEN DGB\/VHS e.V. im Projekt: \u201eProPol \u2013 Professionalisierung in der politischen Bildung\u201c<\/p>\n\n\n\n<p>2009 \u2013 2011&nbsp;&nbsp;&nbsp;&nbsp;&nbsp;&nbsp;&nbsp;<br>Praktikum und Honorart\u00e4tigkeit f\u00fcr die politische Jugendbildung der Stadt Essen<\/p>\n\n\n\n<p>2010 \u2013 2014&nbsp;&nbsp;&nbsp;&nbsp;&nbsp;&nbsp;&nbsp;<br>Studium der Erwachsenenbildung\/Weiterbildung Schwerpunkt Politische Bildung, Master of Arts an der Universit\u00e4t Duisburg-Essen<\/p>\n\n\n\n<p>2007 \u2013 2010&nbsp;&nbsp;&nbsp;&nbsp;&nbsp;<br>Studium der Erziehungswissenschaft, Bachelor of Arts an der Universit\u00e4t Duisburg-Essen<\/p>\n","protected":false},"excerpt":{"rendered":"<p>seit 2019&nbsp; Wissenschaftliche Mitarbeiterin an der Professur f\u00fcr Erwachsenenbildung, Helmut-Schmidt-Universit\u00e4t\/Universit\u00e4t der Bundeswehr Hamburg 2016 \u2013 2019&nbsp;&nbsp;&nbsp;&nbsp;&nbsp;&nbsp;&nbsp;P\u00e4dagogische Mitarbeiterin im K\u00f6nzgenHaus &#8211; HVHS G. K\u00f6nzgen KAB\/CAJ gem. GmbH 2012 \u2013 2015&nbsp;&nbsp;&nbsp;&nbsp;&nbsp;&nbsp;&nbsp;Projektmitarbeiterin f\u00fcr [&hellip;]<\/p>\n","protected":false},"author":672,"featured_media":0,"parent":0,"menu_order":0,"comment_status":"closed","ping_status":"closed","template":"","meta":{"footnotes":""},"categories":[4],"tags":[],"class_list":["post-2534","page","type-page","status-publish","hentry","category-forschung"],"_links":{"self":[{"href":"https:\/\/www.hsu-hh.de\/eb\/wp-json\/wp\/v2\/pages\/2534","targetHints":{"allow":["GET"]}}],"collection":[{"href":"https:\/\/www.hsu-hh.de\/eb\/wp-json\/wp\/v2\/pages"}],"about":[{"href":"https:\/\/www.hsu-hh.de\/eb\/wp-json\/wp\/v2\/types\/page"}],"author":[{"embeddable":true,"href":"https:\/\/www.hsu-hh.de\/eb\/wp-json\/wp\/v2\/users\/672"}],"replies":[{"embeddable":true,"href":"https:\/\/www.hsu-hh.de\/eb\/wp-json\/wp\/v2\/comments?post=2534"}],"version-history":[{"count":1,"href":"https:\/\/www.hsu-hh.de\/eb\/wp-json\/wp\/v2\/pages\/2534\/revisions"}],"predecessor-version":[{"id":2535,"href":"https:\/\/www.hsu-hh.de\/eb\/wp-json\/wp\/v2\/pages\/2534\/revisions\/2535"}],"wp:attachment":[{"href":"https:\/\/www.hsu-hh.de\/eb\/wp-json\/wp\/v2\/media?parent=2534"}],"wp:term":[{"taxonomy":"category","embeddable":true,"href":"https:\/\/www.hsu-hh.de\/eb\/wp-json\/wp\/v2\/categories?post=2534"},{"taxonomy":"post_tag","embeddable":true,"href":"https:\/\/www.hsu-hh.de\/eb\/wp-json\/wp\/v2\/tags?post=2534"}],"curies":[{"name":"wp","href":"https:\/\/api.w.org\/{rel}","templated":true}]}}