{"id":2525,"date":"2024-11-28T19:15:21","date_gmt":"2024-11-28T18:15:21","guid":{"rendered":"https:\/\/www.hsu-hh.de\/eb\/?page_id=2525"},"modified":"2025-10-07T19:40:29","modified_gmt":"2025-10-07T17:40:29","slug":"kurzvita-pabst","status":"publish","type":"page","link":"https:\/\/www.hsu-hh.de\/eb\/kurzvita-pabst","title":{"rendered":"Kurzvita &#8211; Dr. Antje Pabst"},"content":{"rendered":"\n<div style=\"height:20px\" aria-hidden=\"true\" class=\"wp-block-spacer\"><\/div>\n\n\n\n<p><strong>Seit Oktober 2025<\/strong><\/p>\n\n\n\n<p>Vertretung der Professur f\u00fcr Erwachsenenbildung; Helmut-Schmidt-Universit\u00e4t\/Universit\u00e4t der Bundeswehr Hamburg<\/p>\n\n\n\n<p><strong>2009 \u2013 aktuell&nbsp;&nbsp;&nbsp;&nbsp;<\/strong>&nbsp;&nbsp;<\/p>\n\n\n\n<p>t\u00e4tig (mit kleinen Unterbrechungen) als wissenschaftliche Mitarbeiterin in unterschiedlichen Forschungsprojekten sowie Lehrbeauftragte an der Professur f\u00fcr Erwachsenenbildung (<abbr title=\"Professor\">Prof.<\/abbr> <abbr title=\"Doktor\">Dr.<\/abbr> Christine Zeuner); Helmut-Schmidt-Universit\u00e4t\/Universit\u00e4t der Bundeswehr Hamburg <\/p>\n\n\n\n<p><strong>2018&nbsp;&nbsp;&nbsp;&nbsp;&nbsp;<\/strong> &nbsp;&nbsp;&nbsp;&nbsp;&nbsp;&nbsp;&nbsp;&nbsp;&nbsp;&nbsp;&nbsp;&nbsp;&nbsp;&nbsp;&nbsp;<\/p>\n\n\n\n<p>Promotion zum Thema \u201eBeruflichkeit im Wandel von Arbeit, Besch\u00e4ftigung und Arbeitsmarkt. Perspektiven individuellen beruflichen Handelns am Beispiel der Leiharbeit\u201c &#8211; <a href=\"https:\/\/www.wbv.de\/shop\/detail\/0ecdd4c95fed30ed89512f27af6f3201\" rel='nofollow'>Ver\u00f6ffentlichung im W. Bertelsmann Verlag<\/a><\/p>\n\n\n\n<p><strong>2011 \u2013 2014<\/strong> &nbsp;&nbsp;&nbsp;&nbsp;&nbsp;<\/p>\n\n\n\n<p>Elternzeit \/ Wahrnehmung von Lehrauftr\u00e4gen und Publikationst\u00e4tigkeiten<\/p>\n\n\n\n<p><strong>2001 \u2013 2008<\/strong> &nbsp;&nbsp;&nbsp;&nbsp;&nbsp;<\/p>\n\n\n\n<p>t\u00e4tig als wissenschaftliche Mitarbeiterin und Lehrende an der Professur f\u00fcr Berufs- und Betriebsp\u00e4dagogik (<abbr title=\"Professor\">Prof.<\/abbr> <abbr title=\"Doktor\">Dr.<\/abbr> Gerhard Zimmer); Helmut-Schmidt-Universit\u00e4t\/Universit\u00e4t der Bundeswehr Hamburg<\/p>\n\n\n\n<p><strong>2000<\/strong>&nbsp;&nbsp;&nbsp;&nbsp;&nbsp;&nbsp;&nbsp;&nbsp;&nbsp;&nbsp;&nbsp;&nbsp;&nbsp;&nbsp;&nbsp;&nbsp;&nbsp;&nbsp;&nbsp;&nbsp;&nbsp;<\/p>\n\n\n\n<p>Erhalt des Diploms f\u00fcr Erziehungswissenschaft, P\u00e4d. Hochschule\/Universit\u00e4t Erfurt<\/p>\n\n\n\n<p><strong>1975&nbsp;<\/strong>&nbsp;&nbsp;&nbsp;&nbsp;&nbsp;&nbsp;&nbsp;&nbsp;&nbsp;&nbsp;&nbsp;&nbsp;&nbsp;&nbsp;&nbsp;&nbsp;&nbsp;&nbsp;&nbsp;&nbsp;<\/p>\n\n\n\n<p>geboren in Nordhausen<\/p>\n","protected":false},"excerpt":{"rendered":"<p>Seit Oktober 2025 Vertretung der Professur f\u00fcr Erwachsenenbildung; Helmut-Schmidt-Universit\u00e4t\/Universit\u00e4t der Bundeswehr Hamburg 2009 \u2013 aktuell&nbsp;&nbsp;&nbsp;&nbsp;&nbsp;&nbsp; t\u00e4tig (mit kleinen Unterbrechungen) als wissenschaftliche Mitarbeiterin in unterschiedlichen Forschungsprojekten sowie Lehrbeauftragte an der Professur [&hellip;]<\/p>\n","protected":false},"author":672,"featured_media":0,"parent":0,"menu_order":0,"comment_status":"closed","ping_status":"closed","template":"","meta":{"footnotes":""},"categories":[4],"tags":[],"class_list":["post-2525","page","type-page","status-publish","hentry","category-forschung"],"_links":{"self":[{"href":"https:\/\/www.hsu-hh.de\/eb\/wp-json\/wp\/v2\/pages\/2525","targetHints":{"allow":["GET"]}}],"collection":[{"href":"https:\/\/www.hsu-hh.de\/eb\/wp-json\/wp\/v2\/pages"}],"about":[{"href":"https:\/\/www.hsu-hh.de\/eb\/wp-json\/wp\/v2\/types\/page"}],"author":[{"embeddable":true,"href":"https:\/\/www.hsu-hh.de\/eb\/wp-json\/wp\/v2\/users\/672"}],"replies":[{"embeddable":true,"href":"https:\/\/www.hsu-hh.de\/eb\/wp-json\/wp\/v2\/comments?post=2525"}],"version-history":[{"count":2,"href":"https:\/\/www.hsu-hh.de\/eb\/wp-json\/wp\/v2\/pages\/2525\/revisions"}],"predecessor-version":[{"id":2873,"href":"https:\/\/www.hsu-hh.de\/eb\/wp-json\/wp\/v2\/pages\/2525\/revisions\/2873"}],"wp:attachment":[{"href":"https:\/\/www.hsu-hh.de\/eb\/wp-json\/wp\/v2\/media?parent=2525"}],"wp:term":[{"taxonomy":"category","embeddable":true,"href":"https:\/\/www.hsu-hh.de\/eb\/wp-json\/wp\/v2\/categories?post=2525"},{"taxonomy":"post_tag","embeddable":true,"href":"https:\/\/www.hsu-hh.de\/eb\/wp-json\/wp\/v2\/tags?post=2525"}],"curies":[{"name":"wp","href":"https:\/\/api.w.org\/{rel}","templated":true}]}}