{"id":2506,"date":"2024-11-28T18:51:31","date_gmt":"2024-11-28T17:51:31","guid":{"rendered":"https:\/\/www.hsu-hh.de\/eb\/?page_id=2506"},"modified":"2024-11-28T18:51:32","modified_gmt":"2024-11-28T17:51:32","slug":"kurzvita-kluever","status":"publish","type":"page","link":"https:\/\/www.hsu-hh.de\/eb\/kurzvita-kluever","title":{"rendered":"Kurzvita &#8211; Thea Kl\u00fcver M.A."},"content":{"rendered":"\n<div style=\"height:20px\" aria-hidden=\"true\" class=\"wp-block-spacer\"><\/div>\n\n\n\n<p><strong>2013 \u2013 2017<\/strong><br>Studium der Diversit\u00e4tsbewussten Sozialp\u00e4dagogik, Bachelor of Arts an der Universit\u00e4t Oldenburg<\/p>\n\n\n\n<p><strong>2013 \u2013 2017<\/strong><br>Studentische Hilfskraft in der Fachgruppe Diversit\u00e4tsbewusste Sozialp\u00e4dagogik an der Universit\u00e4t Oldenburg<\/p>\n\n\n\n<p><strong>2017 \u2013 2020<\/strong><br>Studium der Erziehungswissenschaft\/Schwerpunkt Partizipation und Lebenslanges Lernen, Master of Arts an der Universit\u00e4t Hamburg<\/p>\n\n\n\n<p><strong>2018<\/strong><br>Praktikum bei der Rosa-Luxemburg-Stiftung Hamburg<\/p>\n\n\n\n<p><strong>2018 \u2013 2020<\/strong><br>Studentische Hilfskraft an der Professur f\u00fcr Erwachsenenbildung, Helmut-Schmidt-Universit\u00e4t Hamburg<\/p>\n\n\n\n<p><strong>2018 \u2013 2021<\/strong><br>Sozialp\u00e4dagogin am Grone Bildungszentrum BZQI im Projekt \u201eEingliederung weiblicher Migrantinnen\u201c<\/p>\n\n\n\n<p><strong>Seit 2020<\/strong><br>Wissenschaftliche Hilfskraft an der Professur f\u00fcr Erwachsenenbildung, Helmut-Schmidt-Universit\u00e4t Hamburg<\/p>\n","protected":false},"excerpt":{"rendered":"<p>2013 \u2013 2017Studium der Diversit\u00e4tsbewussten Sozialp\u00e4dagogik, Bachelor of Arts an der Universit\u00e4t Oldenburg 2013 \u2013 2017Studentische Hilfskraft in der Fachgruppe Diversit\u00e4tsbewusste Sozialp\u00e4dagogik an der Universit\u00e4t Oldenburg 2017 \u2013 2020Studium der [&hellip;]<\/p>\n","protected":false},"author":672,"featured_media":0,"parent":0,"menu_order":0,"comment_status":"closed","ping_status":"closed","template":"","meta":{"footnotes":""},"categories":[8],"tags":[],"class_list":["post-2506","page","type-page","status-publish","hentry","category-team"],"_links":{"self":[{"href":"https:\/\/www.hsu-hh.de\/eb\/wp-json\/wp\/v2\/pages\/2506","targetHints":{"allow":["GET"]}}],"collection":[{"href":"https:\/\/www.hsu-hh.de\/eb\/wp-json\/wp\/v2\/pages"}],"about":[{"href":"https:\/\/www.hsu-hh.de\/eb\/wp-json\/wp\/v2\/types\/page"}],"author":[{"embeddable":true,"href":"https:\/\/www.hsu-hh.de\/eb\/wp-json\/wp\/v2\/users\/672"}],"replies":[{"embeddable":true,"href":"https:\/\/www.hsu-hh.de\/eb\/wp-json\/wp\/v2\/comments?post=2506"}],"version-history":[{"count":1,"href":"https:\/\/www.hsu-hh.de\/eb\/wp-json\/wp\/v2\/pages\/2506\/revisions"}],"predecessor-version":[{"id":2507,"href":"https:\/\/www.hsu-hh.de\/eb\/wp-json\/wp\/v2\/pages\/2506\/revisions\/2507"}],"wp:attachment":[{"href":"https:\/\/www.hsu-hh.de\/eb\/wp-json\/wp\/v2\/media?parent=2506"}],"wp:term":[{"taxonomy":"category","embeddable":true,"href":"https:\/\/www.hsu-hh.de\/eb\/wp-json\/wp\/v2\/categories?post=2506"},{"taxonomy":"post_tag","embeddable":true,"href":"https:\/\/www.hsu-hh.de\/eb\/wp-json\/wp\/v2\/tags?post=2506"}],"curies":[{"name":"wp","href":"https:\/\/api.w.org\/{rel}","templated":true}]}}