{"id":2499,"date":"2024-11-28T18:29:51","date_gmt":"2024-11-28T17:29:51","guid":{"rendered":"https:\/\/www.hsu-hh.de\/eb\/?page_id=2499"},"modified":"2024-11-28T18:29:51","modified_gmt":"2024-11-28T17:29:51","slug":"kurzvita-benz-gydat","status":"publish","type":"page","link":"https:\/\/www.hsu-hh.de\/eb\/kurzvita-benz-gydat","title":{"rendered":"Kurzvita &#8211; Dr. Melanie Benz-Gydat"},"content":{"rendered":"\n<div style=\"height:40px\" aria-hidden=\"true\" class=\"wp-block-spacer\"><\/div>\n\n\n\n<p>seit 2017 Wissenschaftliche Mitarbeiterin in der Fakult\u00e4t f\u00fcr Erziehungswissenschaften, Professur f\u00fcr Erwachsenenbildung an der Helmut-Schmidt-Universit\u00e4t\/Universit\u00e4t der Bundeswehr Hamburg<\/p>\n\n\n\n<p>seit Oktober 2017 verantwortlich f\u00fcr die Module &#8222;Theoretische Zug\u00e4nge und Konzepte&#8220; und &#8222;Forschung und Qualit\u00e4t&#8220; im MA-Studiengang Business Coaching und Change Management der Euro-FH Hamburg<\/p>\n\n\n\n<p>01\/2016 \u2013 03\/2018 Wissenschaftliche Mitarbeiterin im Forschungsprojekt \u201eWissenschaftliche Begleitforschung zu den Fellowships f\u00fcr Innovationen in der Hochschullehre\u201c in der Fakult\u00e4t f\u00fcr Erziehungswissenschaft, AG Weiterbildung und Governance of Lifelong Learning der Universit\u00e4t Bielefeld<\/p>\n\n\n\n<p>2016 Promotion, Titel der Dissertation: \u201eEinstieg in erwachsenenp\u00e4dagogische Berufe. Studie zum \u00dcbergang von der Hochschule in die berufliche Praxis\u201c, Bielefeld: W. Bertelsmann 2017<br><a href=\"https:\/\/www.wbv.de\/artikel\/6004503\" rel='nofollow'>https:\/\/www.wbv.de\/artikel\/6004503<\/a><\/p>\n\n\n\n<p>WS 2015\/2016 Lehrauftr\u00e4ge an der Universit\u00e4t Hamburg, Fakult\u00e4t f\u00fcr Erziehungswissenschaft, Arbeitsbereich Lebenslanges Lernen<\/p>\n\n\n\n<p>12\/2008-12\/2014 Wissenschaftliche Mitarbeiterin mit dem Schwerpunkt Lehrkraft f\u00fcr besondere Aufgaben <abbr title=\"beziehungsweise\">bzw.<\/abbr> Wissenschaftliche Hilfskraft an der Professur f\u00fcr Erwachsenenbildung an der Helmut Schmidt Universit\u00e4t Hamburg<\/p>\n\n\n\n<p>10\/2003-7\/2008 Studium der Erwachsenenbildung mit den Schwerpunkten Psychologie, Soziologie und Bildungs\u00f6konomie an der Leibniz Universit\u00e4t Hannover Diplomarbeit zum Thema \u201eLernwiderst\u00e4nde bei Erwachsenen in Lehr-Lern-Situationen\u201c<\/p>\n\n\n\n<p>Geboren 1983 in Hannover<\/p>\n","protected":false},"excerpt":{"rendered":"<p>seit 2017 Wissenschaftliche Mitarbeiterin in der Fakult\u00e4t f\u00fcr Erziehungswissenschaften, Professur f\u00fcr Erwachsenenbildung an der Helmut-Schmidt-Universit\u00e4t\/Universit\u00e4t der Bundeswehr Hamburg seit Oktober 2017 verantwortlich f\u00fcr die Module &#8222;Theoretische Zug\u00e4nge und Konzepte&#8220; und [&hellip;]<\/p>\n","protected":false},"author":672,"featured_media":0,"parent":0,"menu_order":0,"comment_status":"closed","ping_status":"closed","template":"","meta":{"footnotes":""},"categories":[8],"tags":[],"class_list":["post-2499","page","type-page","status-publish","hentry","category-team"],"_links":{"self":[{"href":"https:\/\/www.hsu-hh.de\/eb\/wp-json\/wp\/v2\/pages\/2499","targetHints":{"allow":["GET"]}}],"collection":[{"href":"https:\/\/www.hsu-hh.de\/eb\/wp-json\/wp\/v2\/pages"}],"about":[{"href":"https:\/\/www.hsu-hh.de\/eb\/wp-json\/wp\/v2\/types\/page"}],"author":[{"embeddable":true,"href":"https:\/\/www.hsu-hh.de\/eb\/wp-json\/wp\/v2\/users\/672"}],"replies":[{"embeddable":true,"href":"https:\/\/www.hsu-hh.de\/eb\/wp-json\/wp\/v2\/comments?post=2499"}],"version-history":[{"count":1,"href":"https:\/\/www.hsu-hh.de\/eb\/wp-json\/wp\/v2\/pages\/2499\/revisions"}],"predecessor-version":[{"id":2500,"href":"https:\/\/www.hsu-hh.de\/eb\/wp-json\/wp\/v2\/pages\/2499\/revisions\/2500"}],"wp:attachment":[{"href":"https:\/\/www.hsu-hh.de\/eb\/wp-json\/wp\/v2\/media?parent=2499"}],"wp:term":[{"taxonomy":"category","embeddable":true,"href":"https:\/\/www.hsu-hh.de\/eb\/wp-json\/wp\/v2\/categories?post=2499"},{"taxonomy":"post_tag","embeddable":true,"href":"https:\/\/www.hsu-hh.de\/eb\/wp-json\/wp\/v2\/tags?post=2499"}],"curies":[{"name":"wp","href":"https:\/\/api.w.org\/{rel}","templated":true}]}}