{"id":2486,"date":"2024-11-28T17:59:47","date_gmt":"2024-11-28T16:59:47","guid":{"rendered":"https:\/\/www.hsu-hh.de\/eb\/?page_id=2486"},"modified":"2024-11-28T18:38:41","modified_gmt":"2024-11-28T17:38:41","slug":"kurzvita-zeuner","status":"publish","type":"page","link":"https:\/\/www.hsu-hh.de\/eb\/kurzvita-zeuner","title":{"rendered":"Kurzvita &#8211; Prof. Dr. Christine Zeuner"},"content":{"rendered":"\n<div style=\"height:40px\" aria-hidden=\"true\" class=\"wp-block-spacer\"><\/div>\n\n\n\n<p>1959 in Duisburg geboren<\/p>\n\n\n\n<p>Studium der Amerikanistik, Anglistik und Soziologie an der Universit\u00e4t T\u00fcbingen, Magister 1985. Zusatzstudium der Erziehungswissenschaft mit Schwerpunkt Erwachsenenbildung, Magister 1988<\/p>\n\n\n\n<p>Auslandsstudium: WS 1981\/82: Lake Erie College, Painesville, Ohio, USA; SS 1982: Bedford College, University of London, GB<\/p>\n\n\n\n<p>1986 \u2013 1987: Forschungsaufenthalt in den USA (Kalifornien)<\/p>\n\n\n\n<p>1991: Promotion zum <abbr title=\"Doktor\">Dr.<\/abbr> phil. im Fach Weiterbildung an der Universit\u00e4t Bremen<\/p>\n\n\n\n<p>1992 \u2013 1994: Wissenschaftliche Mitarbeiterin am Landesinstitut Sozialforschungsstelle in Dortmund im Forschungsbereich \u201eArbeit und Bildung in Europa\u201c<\/p>\n\n\n\n<p>WS 1994\/95 \u2013 WS 1995\/96: Vertretung einer Akademischen Oberratsstelle an der Fakult\u00e4t f\u00fcr Erziehungswissenschaften an der Universit\u00e4t T\u00fcbingen<\/p>\n\n\n\n<p>SS 1996 \u2013 WS 2000\/2001: Wissenschaftliche Assistentin am Institut f\u00fcr Sozialp\u00e4dagogik, Erwachsenenbildung und Freizeitp\u00e4dagogik der Universit\u00e4t Hamburg<\/p>\n\n\n\n<p>SS 2000: Habilitation<\/p>\n\n\n\n<p>SS 2001- SS 2006: Professorin f\u00fcr Erwachsenenbildung an der Universit\u00e4t Flensburg<\/p>\n\n\n\n<p>September 2002 \u2013 September 2006: Sprecherin der Sektion Erwachsenenbildung der Deutschen Gesellschaft f\u00fcr Erziehungswissenschaft. Seit September 2006 Mitglied im Vorstand der Sektion.<\/p>\n\n\n\n<p>Januar bis M\u00e4rz 2005: Forschungsaufenthalt am Ontario Institute for Studies in Education (OISE) der University of Toronto, Canada<\/p>\n\n\n\n<p>seit Juli 2006: Professorin f\u00fcr Erziehungswissenschaft unter besonderer Ber\u00fccksichtigung der Erwachsenenbildung an der Helmut-Schmidt-Universit\u00e4t\/ Universit\u00e4t der Bundeswehr Hamburg<\/p>\n\n\n\n<p>Juli \u2013 August 2007: Gastprofessur am Ontario Institute for Studies in Education (OISE) der University of Toronto, Canada<\/p>\n\n\n\n<p>Januar 2008 \u2013 Januar 2011: Studiendekanin f\u00fcr das Fach Bildungs- und Erziehungswissenschaft an der Helmut-Schmidt-Universit\u00e4t\/Universit\u00e4t der Bundeswehr Hamburg<\/p>\n\n\n\n<p>Januar 2010 \u2013 Januar 2011: Prodekanin der Fakult\u00e4t f\u00fcr Geistes- und Sozialwissenschaften an der Helmut-Schmidt-Universit\u00e4t\/Universit\u00e4t der Bundeswehr Hamburg<\/p>\n\n\n\n<p>Januar 2011 \u2013 Januar 2013: Dekanin der Fakult\u00e4t f\u00fcr Geistes- und Sozialwissenschaften an der Helmut-Schmidt-Universit\u00e4t\/Universit\u00e4t der Bundeswehr Hamburg<\/p>\n\n\n\n<p>seit Januar 2013: Mitglied des Akademischen Senats der Helmut-Schmidt-Universit\u00e4t\/Universit\u00e4t der Bundeswehr Hamburg<\/p>\n\n\n\n<p>M\u00e4rz 2012 \u2013 M\u00e4rz 2016: Mitglied im Vorstand der Deutschen Gesellschaft f\u00fcr Erziehungswissenschaft (DGfE). Von April \u2013 M\u00e4rz 2016 stellvertretende Vorsitzende der DGfE<\/p>\n\n\n\n<p>Juli 2013 \u2013 Juni 2017: Vizepr\u00e4sidentin f\u00fcr Lehre der Helmut-Schmidt-Universit\u00e4t\/Universit\u00e4t der Bundeswehr Hamburg<\/p>\n\n\n\n<p>Mai \u2013 August 2018: Forschungsaufenthalt am Department f\u00fcr Adult Education der St. Francis Xavier University und am Coady International Institute in Antigonish, Nova Scotia, Canada<\/p>\n\n\n\n<p>Juli 2020 \u2013 Juni 2023: Vizepr\u00e4sidentin f\u00fcr Internationales der Helmut-Schmidt-Universit\u00e4t\/Universit\u00e4t der Bundeswehr Hamburg<br><\/p>\n","protected":false},"excerpt":{"rendered":"<p>1959 in Duisburg geboren Studium der Amerikanistik, Anglistik und Soziologie an der Universit\u00e4t T\u00fcbingen, Magister 1985. Zusatzstudium der Erziehungswissenschaft mit Schwerpunkt Erwachsenenbildung, Magister 1988 Auslandsstudium: WS 1981\/82: Lake Erie College, [&hellip;]<\/p>\n","protected":false},"author":672,"featured_media":0,"parent":0,"menu_order":0,"comment_status":"closed","ping_status":"closed","template":"","meta":{"footnotes":""},"categories":[8],"tags":[],"class_list":["post-2486","page","type-page","status-publish","hentry","category-team"],"_links":{"self":[{"href":"https:\/\/www.hsu-hh.de\/eb\/wp-json\/wp\/v2\/pages\/2486","targetHints":{"allow":["GET"]}}],"collection":[{"href":"https:\/\/www.hsu-hh.de\/eb\/wp-json\/wp\/v2\/pages"}],"about":[{"href":"https:\/\/www.hsu-hh.de\/eb\/wp-json\/wp\/v2\/types\/page"}],"author":[{"embeddable":true,"href":"https:\/\/www.hsu-hh.de\/eb\/wp-json\/wp\/v2\/users\/672"}],"replies":[{"embeddable":true,"href":"https:\/\/www.hsu-hh.de\/eb\/wp-json\/wp\/v2\/comments?post=2486"}],"version-history":[{"count":2,"href":"https:\/\/www.hsu-hh.de\/eb\/wp-json\/wp\/v2\/pages\/2486\/revisions"}],"predecessor-version":[{"id":2488,"href":"https:\/\/www.hsu-hh.de\/eb\/wp-json\/wp\/v2\/pages\/2486\/revisions\/2488"}],"wp:attachment":[{"href":"https:\/\/www.hsu-hh.de\/eb\/wp-json\/wp\/v2\/media?parent=2486"}],"wp:term":[{"taxonomy":"category","embeddable":true,"href":"https:\/\/www.hsu-hh.de\/eb\/wp-json\/wp\/v2\/categories?post=2486"},{"taxonomy":"post_tag","embeddable":true,"href":"https:\/\/www.hsu-hh.de\/eb\/wp-json\/wp\/v2\/tags?post=2486"}],"curies":[{"name":"wp","href":"https:\/\/api.w.org\/{rel}","templated":true}]}}