{"id":1924,"date":"2021-10-25T13:39:37","date_gmt":"2021-10-25T11:39:37","guid":{"rendered":"https:\/\/www.hsu-hh.de\/eb\/?page_id=1924"},"modified":"2024-11-28T18:08:39","modified_gmt":"2024-11-28T17:08:39","slug":"bildungsaspirationen","status":"publish","type":"page","link":"https:\/\/www.hsu-hh.de\/eb\/forschung\/bildungsaspirationen","title":{"rendered":"Bildungsaspirationen verstehen: Subjektive Narrative als Ausgangspunkt f\u00fcr Weiterbildungsentscheidungen"},"content":{"rendered":"\n<p>Seit vielen Jahrzehnten fragen sich sowohl Praktiker:innen als auch Wissenschaftler:innen der Erwachsenenbildung, aus welchen Gr\u00fcnden Erwachsene an Angeboten der Erwachsenen- und Weiterbildung teilnehmen \u2013 oder auch nicht. Wir gehen davon aus, dass auch im Erwachsenenalter eine grundlegende subjektive Bereitschaft vorhanden ist, sich lebensbegleitend Wissen anzueignen und die eigenen F\u00e4higkeiten und Kompetenzen weiterzuentwickeln. Diese Lernprozesse sind in ihrer Form vielf\u00e4ltig: sie sind informeller oder formaler Natur, sie werden individuell und selbstbestimmt gestaltet oder finden im Rahmen organisierter Weiterbildung statt.<\/p>\n\n\n\n<p>Menschen streben Lernprozesse zur Erweiterung ihrer pers\u00f6nlichen, beruflichen oder auch gesellschaftlichen Handlungsf\u00e4higkeit an, zur Ver\u00e4nderung oder Verbesserung ihrer Lebensperspektiven oder auch zur pers\u00f6nlichen Wissenserweiterung und -vertiefung. Verschiedene kontextabh\u00e4ngige Faktoren k\u00f6nnen jedoch eine Teilnahme an organisierter Erwachsenenbildung erschweren oder verhindern: Hier gilt der Blick einerseits den \u00e4u\u00dferen Rahmenbedingungen (Zeit und Raum, Angebot und Nachfrage, organisatorische und strukturelle Gegebenheiten und Bedingungen des Weiterbildungssystems, bildungspolitische Rahmungen <abbr title=\"und so weiter\">usw.<\/abbr>). Andererseits spielen individuelle (Lern-)Interessen, Bed\u00fcrfnisse und Bildungsambitionen der Adressat:innen und Teilnehmenden eine gro\u00dfe Rolle. Alle Faktoren k\u00f6nnen die subjektive Bereitschaft beeinflussen, formale Angebote der Erwachsenen- und Weiterbildung wahrzunehmen und an ihnen teilzunehmen.<\/p>\n\n\n\n<p>Ziel des Projekts ist es, Wechselwirkungen zwischen Bildungsteilnahme, subjektiven Begr\u00fcndungen und biographischen Entwicklungen sowie objektiven Umweltbedingungen zu untersuchen. Teilnehmende und Nichtteilnehmende \u00e4u\u00dfern und begr\u00fcnden in biographisch erz\u00e4hlten Lerngeschichten ihre Interessen, Bed\u00fcrfnisse, Einstellungen und Widerst\u00e4nde in Bezug auf Weiterbildung und lebenslanges Lernen. Diese Lerngeschichten sollen mit einem sozialraumorientierten Ansatz in verschiedenen Hamburger Stadtteilen\/Quartieren erhoben werden.<\/p>\n\n\n\n<p>Ausgehend von diesem Szenario verfolgt das Projekt zwei zentrale Forschungsfragen:<\/p>\n\n\n\n<ol class=\"wp-block-list\" style=\"list-style-type:1\">\n<li>Welche Bedeutung haben subjektive Lerngeschichten im Rahmen individueller Weiterbildungsentscheidungen?<\/li>\n\n\n\n<li>Welche Erkenntnisse und Strategien f\u00fcr die Erreichung bisher unterrepr\u00e4sentierter Zielgruppen in der Weitebildung k\u00f6nnen aus subjektiven Lernnarrativen abgeleitet und umgesetzt werden?<\/li>\n<\/ol>\n\n\n\n<p>Zur Beantwortung dieser Fragen werden explorativ-narrative Interviews mit Teilnehmenden und Nichtteilnehmenden an Weiterbildung durchgef\u00fchrt sowie problemzentrierte Interviews mit Expert:innen aus der Weiterbildungspraxis und -beratung. In Gespr\u00e4chswerkst\u00e4tten werden Praktiker:innen und interessierte Interviewteilnehmende zusammenkommen, um sich \u00fcber M\u00f6glichkeiten der Ansprache, teilnehmerorientierte Angebotsformate sowie&nbsp;subjektorientierte Lernberatung und -begleitung auszutauschen. In zwei Forschungswerkst\u00e4tten mit Befragten, Expert:innen und Forscherinnen soll zum Abschluss des Projektes eine praxisbezogene Handreichung f\u00fcr Weiterbildungseinrichtungen und Beratungseinrichtungen entwickelt werden. <\/p>\n\n\n\n<p>Das Forschungsprojekt wird eng mit verschiedenen Tr\u00e4ger:innen der Erwachsenenbildung sowie mit B\u00fcrgerh\u00e4usern, Stadtteilb\u00fcros, Sozialstationen oder weiteren in den jeweiligen Sozialr\u00e4umen etablierten Einrichtungen kooperieren.<\/p>\n\n\n<p><strong>Publikationen im Projekt<\/strong><\/p>\n<p>Zeuner, Christine (2024): Teilnahme an Erwachsenenbildung im Lichte subjektiver Begr\u00fcndungen. In Christopher Wimmer &amp; Georg Tafner (<abbr title=\"Herausgeber\">Hrsg.<\/abbr>), <em>Habitus und Grundbildung.<\/em> Wiesbaden: Springer Verlag. (im Erscheinen)<\/p>\n<p>Zeuner, Christine; Pabst, Antje; Kl\u00fcver, Thea; unter Mitarbeit von Paula Zok (2024): <a href=\"https:\/\/openhsu.ub.hsu-hh.de\/entities\/publication\/15322\" rel='nofollow'>Weiterbildung im Fokus! Anregungen zu einer zielgruppengerechten Aktivierung, Ermutigung und Unterst\u00fctzung. Eine Handreichung f\u00fcr die Weiterbildung. <\/a>Hamburg: Helmut-Schmidt-Universit\u00e4t\/Universit\u00e4t der Bundeswehr. DOI: 10.24405\/15322 <a><img decoding=\"async\" class=\"citavipicker10.24405\/15322\" style=\"border: 0px;width: 16px;height: 16px !important;margin-left: 1px !important;margin-right: 1px !important;vertical-align: bottom !important\" title=\"Titel anhand dieser DOI in Citavi-Projekt \u00fcbernehmen\" src=\"image\/png;base64,iVBORw0KGgoAAAANSUhEUgAAABAAAAAQCAYAAAAf8\/9hAAAAGXRFWHRTb2Z0d2FyZQBBZG9iZSBJbWFnZVJlYWR5ccllPAAAAUlJREFUeNpiZEADV7XlEoBUPBA7oEkdAOKF2lcfLUAWZETSqACk1gOxgUBACAOvkzsDMy8fWO7v508Mn\/ftZPiwYQ2IewGIA4EGPUC2VQGI398N9vj\/\/frV\/7gASA6kBqQWaiHcgPMgiT+fPsIVv1009\/+DhLD\/zzsa\/v96+hguDlIDNeQ83M9AjGIzSDNIDIZvWOigGA5SC5VLYAIFGMjPHBpacBeB\/IwMQPyPEP+DAUgtSA9IL8gAB1CAIQNeJzd4AMLAj5tX0dSA9TiADMBQDLJB\/fhlBq0rDxmEYpPAYqxSsihqYHqYGAgAZl5+iAHSMljlmbD5GRl82LgabBvIW+jhAjPgACiRYAPPaooZfj99wiDV2ovhTaieA1ijEZZgQNH3fsNqrAkKFo1YE9KnvTv\/P60uQklAOBMSpUmZ4szESGl2BggwAJR\/ZVgK6XqqAAAAAElFTkSuQmCC\" \/><\/a><\/p>\n<p>Zeuner, Christine; Pabst, Antje; Heilmann, Lisanne (2023): <a href=\"https:\/\/erwachsenenbildung.at\/magazin\/23-50\/04-teilnahme-und-nichtteilnahme-an-erwachsenenbildung-im-lichte-subjektiver-begruendungen-zeuner-pabst-heilmann.pdf\" rel='nofollow'>Teilnahme und Nichtteilnahme an Erwachsenenbildung im Lichte subjektiver Begr\u00fcndungen: Ambivalente Befunde einer Hamburger Regionalstudie. <\/a><em>Magazin Erwachsenenbildung.at,<\/em> Das Fachmedium f\u00fcr Forschung, Praxis und Diskurs. Ausgabe 50, 2023, S. 31 &#8211; 40.<\/p>\n\n\n<h3 class=\"wp-block-heading\"><strong>Team und Kontakt<\/strong><\/h3>\n\n\n\n<div class=\"wp-block-columns is-layout-flex wp-container-core-columns-is-layout-9d6595d7 wp-block-columns-is-layout-flex\">\n<div class=\"wp-block-column is-layout-flow wp-block-column-is-layout-flow\">\n<p><strong><a href=\"https:\/\/www.hsu-hh.de\/eb\/zeuner\" data-type=\"page\" data-id=\"749\"><abbr title=\"Professor\">Prof.<\/abbr> <abbr title=\"Doktor\">Dr.<\/abbr> Christine Zeuner<\/a><\/strong> <\/p>\n\n\n\n<p>(wissenschaftliche Verantwortung)<\/p>\n<\/div>\n\n\n\n<div class=\"wp-block-column is-layout-flow wp-block-column-is-layout-flow\">\n<p>Telefon:    +49-40-6541-2796 <\/p>\n\n\n\n<p>E-Mail:      zeuner(at)hsu-hh.de<\/p>\n<\/div>\n<\/div>\n\n\n\n<div class=\"wp-block-columns is-layout-flex wp-container-core-columns-is-layout-9d6595d7 wp-block-columns-is-layout-flex\">\n<div class=\"wp-block-column is-layout-flow wp-block-column-is-layout-flow\">\n<p><strong><a href=\"https:\/\/www.hsu-hh.de\/eb\/pabst\" data-type=\"page\" data-id=\"1194\"><abbr title=\"Doktor\">Dr.<\/abbr> Antje Pabst<\/a><\/strong> <\/p>\n\n\n\n<p>(Leitung, Koordination und wissenschaftliche Bearbeitung)<\/p>\n<\/div>\n\n\n\n<div class=\"wp-block-column is-layout-flow wp-block-column-is-layout-flow\">\n<p>Telefon:    +49-40-6541-3908 <\/p>\n\n\n\n<p>E-Mail:      antje.pabst(at)hsu-hh.de<\/p>\n<\/div>\n<\/div>\n\n\n\n<div class=\"wp-block-columns is-layout-flex wp-container-core-columns-is-layout-9d6595d7 wp-block-columns-is-layout-flex\">\n<div class=\"wp-block-column is-layout-flow wp-block-column-is-layout-flow\">\n<p><strong><a href=\"https:\/\/www.hsu-hh.de\/eb\/dr-lisanne-heilmann\" data-type=\"page\" data-id=\"1833\">Thea Kl\u00fcver<\/a><\/strong> <\/p>\n\n\n\n<p>(wissenschaftliche Bearbeitung)<\/p>\n<\/div>\n\n\n\n<div class=\"wp-block-column is-layout-flow wp-block-column-is-layout-flow\">\n<p><\/p>\n\n\n\n<p>E-Mail:     kluevert@hsu-hh.de<\/p>\n<\/div>\n<\/div>\n\n\n\n<h3 class=\"wp-block-heading\"><strong>Drittmittelgeber<\/strong><\/h3>\n\n\n\n<div class=\"wp-block-columns is-layout-flex wp-container-core-columns-is-layout-9d6595d7 wp-block-columns-is-layout-flex\">\n<div class=\"wp-block-column is-layout-flow wp-block-column-is-layout-flow\">\n<p>Hamburger Institut f\u00fcr Berufliche Bildung<\/p>\n\n\n\n<p>Hamburger Str. 131<\/p>\n\n\n\n<p>22083 Hamburg<\/p>\n<\/div>\n\n\n\n<div class=\"wp-block-column is-layout-flow wp-block-column-is-layout-flow\">\n<figure class=\"wp-block-image size-full is-resized\"><img loading=\"lazy\" decoding=\"async\" width=\"109\" height=\"99\" src=\"https:\/\/www.hsu-hh.de\/eb\/wp-content\/uploads\/sites\/662\/2017\/12\/image005.jpg\" data-credit=\"\" alt=\"Logo HIBB\" class=\"wp-image-370\" style=\"width:110px;height:100px\" \/><\/figure>\n<\/div>\n<\/div>\n\n\n\n<h3 class=\"wp-block-heading\"><strong>Publikationen<\/strong> <strong>zum Thema<\/strong><\/h3>\n\n\n\n<p>Ahlheit, Peter und Bettina Dausien (2009). Bildungsprozesse \u00fcber die Lebensspanne: Politik und Theorie lebenslangen Lernens. In: Rudolf Tippelt und Bernhard Schmidt (<abbr title=\"Herausgeber\">Hrsg.<\/abbr>). Handbuch Bildungsforschung. 2. Auflage. Wiesbaden: VS Verlag f\u00fcr Sozialwissenschaften, S. 713-734.<\/p>\n\n\n\n<p>Holzer, Daniela (2017). Weiterbildungswiderstand. Eine kritische Theorie der Verweigerung. Bielefeld: transcript.<\/p>\n\n\n\n<p>Holzer, Daniela (2004). Widerstand gegen Weiterbildung. Weiterbildungsabstinenz und die Forderung nach lebenslangem Lernen. Wien: Lit.<\/p>\n\n\n\n<p>Mania, Ewelina (2018). Weiterbildungsbeteiligung <abbr title=\"sogenannt\">sog.<\/abbr> \u201abildungsferner Gruppen\u2018 in sozialraumorientierter Forschungsperspektive. Bielefeld: wbv. DOI: 10.3278\/14\/1139w<\/p>\n\n\n\n<p>Pabst, Antje (2020a): Flexibilisierte Besch\u00e4ftigung und Bildungszeit \u2013 Chance oder Risiko? Befunde einer qualitativen Studie zur Zeitarbeit. In: Magazin erwachsenenbildung.at. Das Fachmedium f\u00fcr Forschung, Praxis und Diskurs. Ausgabe 41, 2020. Wien. <a href=\"https:\/\/erwachsenenbildung.at\/magazin\/ausgabe-41\/15367-flexibilisierte-beschaeftigung-und-bildungszeit-chance-oder-risiko.php\" rel='nofollow'>https:\/\/erwachsenenbildung.at\/magazin\/20-41\/meb20-41.pdf<\/a><\/p>\n\n\n\n<p>Umbach, Susanne (2016). Lernbilder. Collagen als Ausdrucksform in Untersuchungen zu Lernvorstellungen Erwachsener. Bielefeld: transcript.<\/p>\n\n\n\n<p>Umbach, Susanne (2012). Lernlust \u2013 die Lust am Sinn. In: Peter Faulstich und Mechthild Bayer (<abbr title=\"Herausgeber\">Hrsg.<\/abbr>): LernLust \u2013 Hunger nach Wissen, lustvolle Weiterbildung. Hamburg: VSA, S. 115-130.<\/p>\n\n\n\n<p>Zeuner, Christine; Pabst, Antje (2020). Wirkungsforschung am Beispiel der Bildungsfreistellung. Magazin Erwachsenenbildung.at 40, 2. <a href=\"https:\/\/erwachsenenbildung.at\/magazin\/ausgabe-40\/14302-wirkungsforschung-am-beispiel-der-bildungsfreistellung.php\" rel='nofollow'>https:\/\/erwachsenenbildung.at\/magazin\/19-40\/meb19-40.pdf<\/a> <\/p>\n\n\n\n<p>Zeuner, Christine (2000). Erwachsenenbildung in Hamburg 1945 bis 1972. Institutionen und Profile. Hamburger Beitr\u00e4ge zur Aus- und Weiterbildung <abbr title=\"Band\">Bd.<\/abbr> 1. M\u00fcnster: Lit-Verlag.<\/p>\n","protected":false},"excerpt":{"rendered":"<p>Seit vielen Jahrzehnten fragen sich sowohl Praktiker:innen als auch Wissenschaftler:innen der Erwachsenenbildung, aus welchen Gr\u00fcnden Erwachsene an Angeboten der Erwachsenen- und Weiterbildung teilnehmen \u2013 oder auch nicht. Wir gehen davon [&hellip;]<\/p>\n","protected":false},"author":672,"featured_media":0,"parent":183,"menu_order":0,"comment_status":"closed","ping_status":"closed","template":"","meta":{"footnotes":""},"categories":[4],"tags":[],"class_list":["post-1924","page","type-page","status-publish","hentry","category-forschung"],"_links":{"self":[{"href":"https:\/\/www.hsu-hh.de\/eb\/wp-json\/wp\/v2\/pages\/1924","targetHints":{"allow":["GET"]}}],"collection":[{"href":"https:\/\/www.hsu-hh.de\/eb\/wp-json\/wp\/v2\/pages"}],"about":[{"href":"https:\/\/www.hsu-hh.de\/eb\/wp-json\/wp\/v2\/types\/page"}],"author":[{"embeddable":true,"href":"https:\/\/www.hsu-hh.de\/eb\/wp-json\/wp\/v2\/users\/672"}],"replies":[{"embeddable":true,"href":"https:\/\/www.hsu-hh.de\/eb\/wp-json\/wp\/v2\/comments?post=1924"}],"version-history":[{"count":26,"href":"https:\/\/www.hsu-hh.de\/eb\/wp-json\/wp\/v2\/pages\/1924\/revisions"}],"predecessor-version":[{"id":2495,"href":"https:\/\/www.hsu-hh.de\/eb\/wp-json\/wp\/v2\/pages\/1924\/revisions\/2495"}],"up":[{"embeddable":true,"href":"https:\/\/www.hsu-hh.de\/eb\/wp-json\/wp\/v2\/pages\/183"}],"wp:attachment":[{"href":"https:\/\/www.hsu-hh.de\/eb\/wp-json\/wp\/v2\/media?parent=1924"}],"wp:term":[{"taxonomy":"category","embeddable":true,"href":"https:\/\/www.hsu-hh.de\/eb\/wp-json\/wp\/v2\/categories?post=1924"},{"taxonomy":"post_tag","embeddable":true,"href":"https:\/\/www.hsu-hh.de\/eb\/wp-json\/wp\/v2\/tags?post=1924"}],"curies":[{"name":"wp","href":"https:\/\/api.w.org\/{rel}","templated":true}]}}