{"id":187,"date":"2017-11-07T13:15:25","date_gmt":"2017-11-07T12:15:25","guid":{"rendered":"https:\/\/www.hsu-hh.de\/eb\/?page_id=187"},"modified":"2025-12-16T16:34:09","modified_gmt":"2025-12-16T15:34:09","slug":"lehre","status":"publish","type":"page","link":"https:\/\/www.hsu-hh.de\/eb\/lehre","title":{"rendered":"Lehre"},"content":{"rendered":"<h3><\/h3>\n<h2><a href=\"https:\/\/www.hsu-hh.de\/eb\/lehre\/lehrveranstaltungen\">Lehrveranstaltungen<\/a><\/h2>\n<p><a href=\"https:\/\/www.hsu-hh.de\/eb\/lehre\/lehrveranstaltungen\">Hier<\/a> erhalten Sie Informationen f\u00fcr die Lehrveranstaltungen der Professur im laufenden Trimester. Au\u00dferdem findet sich das Lehrangebot im <a href=\"http:\/\/campus.hsu-hh.de\/\" rel='nofollow'>Campus-Management-System<\/a> der <abbr title=\"Helmut Schmidt Universit\u00e4t\">HSU<\/abbr> (Anmeldung erforderlich).<\/p>\n<h2>Hinweise zum wissenschaftlichen Arbeiten<\/h2>\n<p>Gerne k\u00f6nnen Sie sich den Reader zum wissenschaftlichen Arbeiten downloaden!<\/p>\n<div class=\"col-xs-12 downloads-item\">\n<div class=\"row border-line\">\n<div class=\"thumbnail-area\"><img decoding=\"async\" class=\"download-image\" src=\"\/wp-content\/themes\/hsu\/img\/dummy\/downloads_dummy.png\" alt=\"\" \/><\/div>\n<div class=\"text-area\"><span class=\"download-text\">Reader zum wissenschaftlichen Arbeiten _ Januar 2024<\/span><\/div>\n<div class=\"download-area\"><a class=\"download-link\" href=\"https:\/\/www.hsu-hh.de\/eb\/wp-content\/uploads\/sites\/662\/2024\/01\/Reader-zum-wissenschaftlichen-Arbeiten-_-Januar-2024.pdf\"><span class=\"download-name\">pdf laden<\/span><span class=\"donwload-icon\"><img decoding=\"async\" class=\"download-icon\" src=\"\/wp-content\/themes\/hsu\/img\/icons\/download_icon.png\" alt=\"download icon\" \/><\/span><span class=\"download-size\">557 kB<\/span><\/a><\/div>\n<\/div>\n<\/div>\n<h3><\/h3>\n<h2>Hinweise zum Umgang und zur Nutzung von generativer KI f\u00fcr BuErz-Studierende<\/h2>\n<p>Hier finden Sie Hinweise, Regelungen und Formulierungen f\u00fcr Ihre eidesstattliche Erkl\u00e4rungen zu Umgang und Nutzung von gKI der Fakult\u00e4t f\u00fcr Geistes- und Sozialwissenschaften f\u00fcr den Studiengang Bildungs- und Erziehungswissenschaft (B.A.\/M.A.) sowie die M\u00f6glichkeiten und Begrenzungen der Nutzung von gKI im Rahmen der Lehre und Pr\u00fcfungsleistungen an der Professur f\u00fcr Erwachsenenbildung.<\/p>\n<p><strong>Bitte beachten Sie, dass jede:r Dozent:in f\u00fcr die von ihr\/ihm verantwortete Lehre und Pr\u00fcfungen nach eigenem Ermessen Festlegungen zum Umgang mit gKI in Bezug auf akademische Lehrinhalte und -ziele trifft.<\/strong><\/p>\n<p><strong>Allgemeine Hinweise der Fakult\u00e4t:<\/strong><\/p>\n<div class=\"col-xs-12 downloads-item\">\n<div class=\"row border-line\">\n<div class=\"thumbnail-area\"><img decoding=\"async\" class=\"download-image\" src=\"\/wp-content\/themes\/hsu\/img\/dummy\/downloads_dummy.png\" alt=\"\" \/><\/div>\n<div class=\"text-area\"><span class=\"download-text\">Hinweise der Fakult\u00e4t Nutzung gKI<\/span><\/div>\n<div class=\"download-area\"><a class=\"download-link\" href=\"https:\/\/www.hsu-hh.de\/eb\/wp-content\/uploads\/sites\/662\/2025\/12\/BuErz-Hinweise-fuer-Studierende-zur-Nutzung-von-KI-und-Eigenstaendigkeitserklaerung-151025.pdf\"><span class=\"download-name\">pdf laden<\/span><span class=\"donwload-icon\"><img decoding=\"async\" class=\"download-icon\" src=\"\/wp-content\/themes\/hsu\/img\/icons\/download_icon.png\" alt=\"download icon\" \/><\/span><span class=\"download-size\">112 kB<\/span><\/a><\/div>\n<\/div>\n<\/div>\n<p><strong>Lehre und Pr\u00fcfungsleistungen bei <abbr title=\"Doktor\">Dr.<\/abbr> Antje Pabst (<abbr title=\"Wintertrimester\">WT<\/abbr> 2026)<\/strong><\/p>\n<p>Sollten Sie gKI nutzen, m\u00fcssen Sie beide Dokumente an Ihre Pr\u00fcfungsleistungen anh\u00e4ngen. Das Dokument &#8222;Pabst_Vorgaben KI&#8220; ist von mir unterzeichnet. Das Dokument &#8222;Pabst_Hinweise und Eigenst\u00e4ndigkeitserkl\u00e4rung&#8220; m\u00fcssen Sie eigenst\u00e4ndig entsprechend Ihrer Nutzung von gKI anpassen.<\/p>\n<div class=\"col-xs-12 downloads-item\">\n<div class=\"row border-line\">\n<div class=\"thumbnail-area\"><img decoding=\"async\" class=\"download-image\" src=\"\/wp-content\/themes\/hsu\/img\/dummy\/downloads_dummy.png\" alt=\"\" \/><\/div>\n<div class=\"text-area\"><span class=\"download-text\">Pabst_Vorgaben KI<\/span><\/div>\n<div class=\"download-area\"><a class=\"download-link\" href=\"https:\/\/www.hsu-hh.de\/eb\/wp-content\/uploads\/sites\/662\/2025\/12\/Pabst_Vorgaben-zur-Nutzung-KI-Pruefungen-Abschlussarbeiten_2025-12-12.pdf\"><span class=\"download-name\">pdf laden<\/span><span class=\"donwload-icon\"><img decoding=\"async\" class=\"download-icon\" src=\"\/wp-content\/themes\/hsu\/img\/icons\/download_icon.png\" alt=\"download icon\" \/><\/span><span class=\"download-size\">237 kB<\/span><\/a><\/div>\n<\/div>\n<\/div>\n<div class=\"col-xs-12 downloads-item\">\n<div class=\"row border-line\">\n<div class=\"thumbnail-area\"><img decoding=\"async\" class=\"download-image\" src=\"\/wp-content\/themes\/hsu\/img\/dummy\/downloads_dummy.png\" alt=\"\" \/><\/div>\n<div class=\"text-area\"><span class=\"download-text\">Pabst_Hinweise und Eigenst\u00e4ndigkeitserkl\u00e4rung<\/span><\/div>\n<div class=\"download-area\"><a class=\"download-link\" href=\"https:\/\/www.hsu-hh.de\/eb\/wp-content\/uploads\/sites\/662\/2025\/12\/Pabst_Hinweise-fuer-Studierende-zur-Nutzung-von-KI-und-Eigenstaendigkeitserklaerung-031125.pdf\"><span class=\"download-name\">pdf laden<\/span><span class=\"donwload-icon\"><img decoding=\"async\" class=\"download-icon\" src=\"\/wp-content\/themes\/hsu\/img\/icons\/download_icon.png\" alt=\"download icon\" \/><\/span><span class=\"download-size\">112 kB<\/span><\/a><\/div>\n<\/div>\n<\/div>\n","protected":false},"excerpt":{"rendered":"<p>Lehrveranstaltungen Hier erhalten Sie Informationen f\u00fcr die Lehrveranstaltungen der Professur im laufenden Trimester. Au\u00dferdem findet sich das Lehrangebot im Campus-Management-System der HSU (Anmeldung erforderlich). Hinweise zum wissenschaftlichen Arbeiten Gerne k\u00f6nnen [&hellip;]<\/p>\n","protected":false},"author":116,"featured_media":0,"parent":0,"menu_order":0,"comment_status":"closed","ping_status":"closed","template":"","meta":{"footnotes":""},"categories":[4],"tags":[162,164,166],"class_list":["post-187","page","type-page","status-publish","hentry","category-forschung","tag-lehre","tag-lehrveranstaltungen","tag-trimester"],"_links":{"self":[{"href":"https:\/\/www.hsu-hh.de\/eb\/wp-json\/wp\/v2\/pages\/187","targetHints":{"allow":["GET"]}}],"collection":[{"href":"https:\/\/www.hsu-hh.de\/eb\/wp-json\/wp\/v2\/pages"}],"about":[{"href":"https:\/\/www.hsu-hh.de\/eb\/wp-json\/wp\/v2\/types\/page"}],"author":[{"embeddable":true,"href":"https:\/\/www.hsu-hh.de\/eb\/wp-json\/wp\/v2\/users\/116"}],"replies":[{"embeddable":true,"href":"https:\/\/www.hsu-hh.de\/eb\/wp-json\/wp\/v2\/comments?post=187"}],"version-history":[{"count":22,"href":"https:\/\/www.hsu-hh.de\/eb\/wp-json\/wp\/v2\/pages\/187\/revisions"}],"predecessor-version":[{"id":2916,"href":"https:\/\/www.hsu-hh.de\/eb\/wp-json\/wp\/v2\/pages\/187\/revisions\/2916"}],"wp:attachment":[{"href":"https:\/\/www.hsu-hh.de\/eb\/wp-json\/wp\/v2\/media?parent=187"}],"wp:term":[{"taxonomy":"category","embeddable":true,"href":"https:\/\/www.hsu-hh.de\/eb\/wp-json\/wp\/v2\/categories?post=187"},{"taxonomy":"post_tag","embeddable":true,"href":"https:\/\/www.hsu-hh.de\/eb\/wp-json\/wp\/v2\/tags?post=187"}],"curies":[{"name":"wp","href":"https:\/\/api.w.org\/{rel}","templated":true}]}}