{"id":183,"date":"2017-11-07T13:12:15","date_gmt":"2017-11-07T12:12:15","guid":{"rendered":"https:\/\/www.hsu-hh.de\/eb\/?page_id=183"},"modified":"2025-10-14T17:07:06","modified_gmt":"2025-10-14T15:07:06","slug":"forschung","status":"publish","type":"page","link":"https:\/\/www.hsu-hh.de\/eb\/forschung","title":{"rendered":"Forschung"},"content":{"rendered":"<div>\n<div>\n<div>\n<div>\n<p>Unsere aktuellen Forschungsschwerpunkte an der Professur f\u00fcr Erwachsenenbildung sind:<\/p>\n<ul>\n<li>Alphabetisierung und Grundbildung<\/li>\n<li>Berufliche Weiterbildung<\/li>\n<li>Politische Bildung<\/li>\n<li>Biographie- und Bildungsforschung<\/li>\n<li>Lehr- und Lernforschung<\/li>\n<li>Evaluationsforschung<\/li>\n<li>Professionsforschung<\/li>\n<\/ul>\n<p><strong>\u00a0\u00a0<\/strong><\/p>\n<p>Neben Forschungsprojekten f\u00fchren wir an der Professur f\u00fcr Erwachsenenbildung auch wissenschaftliche Begleitungen und Evaluationen durch. Publikationen und Vortr\u00e4ge zu unseren Projekten finden Sie unter den jeweiligen Projekten und auf der Teamseite.<\/p>\n<h2><strong>Aktuelle Projekte:<\/strong><\/h2>\n<p><a href=\"https:\/\/www.hsu-hh.de\/eb\/eeo\">EEO Enzyklop\u00e4die Erziehungswissenschaft Online &#8211; Fachgebiet Erwachsenenbildung<\/a> (Laufzeit 2009 &#8211; fortlaufend in Verantwortung von <abbr title=\"Professor\">Prof.<\/abbr> <abbr title=\"Doktor\">Dr.<\/abbr> Christine Zeuner)<\/p>\n<h2><strong>Abgeschlossene Projekte der Professur f\u00fcr Erwachsenenbildung (bis 2024):<\/strong><\/h2>\n<p><a href=\"https:\/\/www.hsu-hh.de\/eb\/forschung\/bildungsaspirationen\">&#8222;Bildungsaspirationen verstehen: Subjektive Narrative als Ausgangspunkt f\u00fcr Weiterbildungsentscheidungen&#8220;<\/a> Forschung im Auftrag des Hamburger Instituts f\u00fcr Berufliche Bildung (Laufzeit: Mai 2021 bis M\u00e4rz 2024)<\/p>\n<p><a href=\"https:\/\/www.hsu-hh.de\/eb\/forschung\/alpha-lab\">&#8222;Alpha-Laboratorium: Literalit\u00e4t im Dialog &#8211; partizipativ, reflexiv und handlungserweiternd&#8220;<\/a> Forschung im <abbr title=\"Bundesministerium f\u00fcr Bildung und Forschung\">BMBF<\/abbr>-F\u00f6rderschwerpunkt &#8218;Forschungsvorhaben im Bereich Alphabetisierung und Grundbildung&#8216; (Laufzeit: Januar 2021 bis M\u00e4rz 2024)<\/p>\n<p><a href=\"https:\/\/www.hsu-hh.de\/eb\/forschung\/eki\">&#8222;E.K.I. &#8211; Evaluation, Konzeptionalisierung und Implementierung arbeitsprozessorientierter \u00e4rztlicher Weiterbildung&#8220;<\/a> (Laufzeit Februar 2019 &#8211; Dezember 2023)<\/p>\n<p><a href=\"https:\/\/www.hsu-hh.de\/eb\/numeralitaet\">&#8222;Numeralit\u00e4t als soziale Praxis im Wandel der Zeit&#8220;<\/a>, Grundlagenforschung im Forschungsverbund \u201eAlltagsmathematik als Teil der Grundbildung Erwachsener\u201c (Laufzeit Juli 2017 &#8211; Dezember 2020)<\/p>\n<p><a href=\"https:\/\/www.hsu-hh.de\/eb\/forschung\/bildungsfreistellung\">&#8222;Bildungsfreistellung: Hintergr\u00fcnde, Entwicklungen und Perspektiven. Strukturelle und biographische Aspekte zum Lernen im Lebenslauf&#8220;<\/a> (Laufzeit Juni 2017 &#8211; Dezember 2019)<\/p>\n<p><a href=\"https:\/\/www.hsu-hh.de\/eb\/evaluation-arbeitsplatzorientierte-alphabetisierung-und-grundbildung\/\">Evaluation des <abbr title=\"Bundesministerium f\u00fcr Bildung und Forschung\">BMBF<\/abbr>-F\u00f6rderschwerpunktes &#8222;Arbeitsplatzorientierte Alphabetisierung und Grundbildung&#8220;<\/a> (Laufzeit Mai 2015 &#8211; April 2016)<\/p>\n<p><a href=\"https:\/\/www.hsu-hh.de\/eb\/literalitaet\">&#8222;Literalit\u00e4t als Soziale Praxis &#8211; ein Stadtteil unter der Lupe&#8220;<\/a>, Grundlagenforschung im Rahmen des <abbr title=\"Bundesministerium f\u00fcr Bildung und Forschung\">BMBF<\/abbr>-F\u00f6rderschwerpunktes &#8222;Alphabund: Forschung und Entwicklung zur Alphabetisierung und Grundbildung Erwachsener&#8220;(Laufzeit M\u00e4rz 2008 &#8211; September 2010)<\/p>\n<p><a href=\"https:\/\/www.hsu-hh.de\/eb\/grundtvig-projekt\">&#8222;Politische Partizipation durch gesellschaftliche Kompetenz&#8220;<\/a> Grundtvig-Projekt im Rahmen des Socrates Programmes der EU (Laufzeit 2003 bis 2005)<\/p>\n<p><a href=\"https:\/\/www.hsu-hh.de\/eb\/entwicklung-eines-referenzsmodells-zur-personenbezogenen-beratung\">&#8222;Entwicklung eines Referenzmodells zur personenbezogenen Beratung&#8220;, Teilprojekt im Verbundvorhaben &#8222;Bildungsberatung in den lernenden Regionen&#8220;<\/a> (Laufzeit Mai 2007 &#8211; Juni 2008)<\/p>\n<\/div>\n<\/div>\n<\/div>\n<\/div>\n","protected":false},"excerpt":{"rendered":"<p>Unsere aktuellen Forschungsschwerpunkte an der Professur f\u00fcr Erwachsenenbildung sind: Alphabetisierung und Grundbildung Berufliche Weiterbildung Politische Bildung Biographie- und Bildungsforschung Lehr- und Lernforschung Evaluationsforschung Professionsforschung \u00a0\u00a0 Neben Forschungsprojekten f\u00fchren wir an [&hellip;]<\/p>\n","protected":false},"author":116,"featured_media":0,"parent":0,"menu_order":0,"comment_status":"closed","ping_status":"closed","template":"","meta":{"footnotes":""},"categories":[4],"tags":[52,56,54],"class_list":["post-183","page","type-page","status-publish","hentry","category-forschung","tag-forschung","tag-projekt","tag-projekte"],"_links":{"self":[{"href":"https:\/\/www.hsu-hh.de\/eb\/wp-json\/wp\/v2\/pages\/183","targetHints":{"allow":["GET"]}}],"collection":[{"href":"https:\/\/www.hsu-hh.de\/eb\/wp-json\/wp\/v2\/pages"}],"about":[{"href":"https:\/\/www.hsu-hh.de\/eb\/wp-json\/wp\/v2\/types\/page"}],"author":[{"embeddable":true,"href":"https:\/\/www.hsu-hh.de\/eb\/wp-json\/wp\/v2\/users\/116"}],"replies":[{"embeddable":true,"href":"https:\/\/www.hsu-hh.de\/eb\/wp-json\/wp\/v2\/comments?post=183"}],"version-history":[{"count":52,"href":"https:\/\/www.hsu-hh.de\/eb\/wp-json\/wp\/v2\/pages\/183\/revisions"}],"predecessor-version":[{"id":2888,"href":"https:\/\/www.hsu-hh.de\/eb\/wp-json\/wp\/v2\/pages\/183\/revisions\/2888"}],"wp:attachment":[{"href":"https:\/\/www.hsu-hh.de\/eb\/wp-json\/wp\/v2\/media?parent=183"}],"wp:term":[{"taxonomy":"category","embeddable":true,"href":"https:\/\/www.hsu-hh.de\/eb\/wp-json\/wp\/v2\/categories?post=183"},{"taxonomy":"post_tag","embeddable":true,"href":"https:\/\/www.hsu-hh.de\/eb\/wp-json\/wp\/v2\/tags?post=183"}],"curies":[{"name":"wp","href":"https:\/\/api.w.org\/{rel}","templated":true}]}}