{"id":1786,"date":"2021-07-01T17:50:47","date_gmt":"2021-07-01T15:50:47","guid":{"rendered":"https:\/\/www.hsu-hh.de\/eb\/?page_id=1786"},"modified":"2024-12-05T15:15:14","modified_gmt":"2024-12-05T14:15:14","slug":"halina-ziehmer-m-a","status":"publish","type":"page","link":"https:\/\/www.hsu-hh.de\/eb\/halina-ziehmer-m-a","title":{"rendered":"Halina Ziehmer, M.A."},"content":{"rendered":"\n<div style=\"height:20px\" aria-hidden=\"true\" class=\"wp-block-spacer\"><\/div>\n\n\n\n<div class=\"wp-block-columns is-layout-flex wp-container-core-columns-is-layout-9d6595d7 wp-block-columns-is-layout-flex\">\n<div class=\"wp-block-column is-layout-flow wp-block-column-is-layout-flow\" style=\"flex-basis:33.34%\">\n<figure class=\"wp-block-image size-full is-resized\"><img loading=\"lazy\" decoding=\"async\" width=\"591\" height=\"827\" src=\"https:\/\/www.hsu-hh.de\/eb\/wp-content\/uploads\/sites\/662\/2021\/07\/Halina_Homepage.jpg\" data-credit=\"Halina Ziehmer\" alt=\"Halina Ziehmer\" class=\"wp-image-1807\" style=\"width:276px;height:auto\" srcset=\"https:\/\/www.hsu-hh.de\/eb\/wp-content\/uploads\/sites\/662\/2021\/07\/Halina_Homepage.jpg 591w, https:\/\/www.hsu-hh.de\/eb\/wp-content\/uploads\/sites\/662\/2021\/07\/Halina_Homepage-214x300.jpg 214w\" sizes=\"auto, (max-width: 591px) 100vw, 591px\" \/><figcaption class=\"wp-element-caption\">Halina Ziehmer, M.A.<\/figcaption><\/figure>\n<\/div>\n\n\n\n<div class=\"wp-block-column is-layout-flow wp-block-column-is-layout-flow\">\n<p class=\"has-medium-font-size\"><strong>Kontakt<\/strong>:<\/p>\n\n\n\n<p><strong>Mail: <\/strong> ziehmerh@hsu-hh.de<\/p>\n\n\n\n<p><\/p>\n<\/div>\n\n\n\n<div class=\"wp-block-column is-layout-flow wp-block-column-is-layout-flow\" style=\"flex-basis:33.33%\">\n<p class=\"has-medium-font-size\"><strong>Postanschrift<\/strong>:<\/p>\n\n\n\n<p>Helmut-Schmidt-Universit\u00e4t<br>Fakult\u00e4t&nbsp;f\u00fcr Geistes- und Sozialwissenschaften<br>Professur f\u00fcr Erwachsenenbildung<br>Postfach 70 08 22<br>22008 Hamburg<\/p>\n\n\n\n<p class=\"has-medium-font-size\"><\/p>\n<\/div>\n<\/div>\n\n\n\n<p class=\"has-medium-font-size\"><strong>Arbeitsschwerpunkte<\/strong><\/p>\n\n\n\n<p>Subjektwissenschaftliche Lehr-Lernforschung in der Erwachsenenbildung sowie beruflich-betriebliche Weiterbildung im Zeitalter der Digitalisierung, Bildungstheorie und empirische Bildungsforschung.<\/p>\n\n\n\n<div style=\"height:20px\" aria-hidden=\"true\" class=\"wp-block-spacer\"><\/div>\n\n\n\n<p class=\"has-medium-font-size\"><strong><a href=\"https:\/\/www.hsu-hh.de\/eb\/veroffentlichungen-ziehmer\" data-type=\"page\" data-id=\"2584\">Ver\u00f6ffentlichungen<\/a><\/strong><\/p>\n\n\n\n<div style=\"height:20px\" aria-hidden=\"true\" class=\"wp-block-spacer\"><\/div>\n\n\n\n<p class=\"has-medium-font-size\"><strong><a href=\"https:\/\/www.hsu-hh.de\/eb\/kurzvita-ziehmer\" data-type=\"page\" data-id=\"2582\">Kurzvita<\/a><\/strong><\/p>\n\n\n\n<p><\/p>\n","protected":false},"excerpt":{"rendered":"<p>Kontakt: Mail: ziehmerh@hsu-hh.de Postanschrift: Helmut-Schmidt-Universit\u00e4tFakult\u00e4t&nbsp;f\u00fcr Geistes- und SozialwissenschaftenProfessur f\u00fcr ErwachsenenbildungPostfach 70 08 2222008 Hamburg Arbeitsschwerpunkte Subjektwissenschaftliche Lehr-Lernforschung in der Erwachsenenbildung sowie beruflich-betriebliche Weiterbildung im Zeitalter der Digitalisierung, Bildungstheorie und empirische [&hellip;]<\/p>\n","protected":false},"author":2369,"featured_media":0,"parent":0,"menu_order":0,"comment_status":"closed","ping_status":"closed","template":"","meta":{"footnotes":""},"categories":[8],"tags":[],"class_list":["post-1786","page","type-page","status-publish","hentry","category-team"],"_links":{"self":[{"href":"https:\/\/www.hsu-hh.de\/eb\/wp-json\/wp\/v2\/pages\/1786","targetHints":{"allow":["GET"]}}],"collection":[{"href":"https:\/\/www.hsu-hh.de\/eb\/wp-json\/wp\/v2\/pages"}],"about":[{"href":"https:\/\/www.hsu-hh.de\/eb\/wp-json\/wp\/v2\/types\/page"}],"author":[{"embeddable":true,"href":"https:\/\/www.hsu-hh.de\/eb\/wp-json\/wp\/v2\/users\/2369"}],"replies":[{"embeddable":true,"href":"https:\/\/www.hsu-hh.de\/eb\/wp-json\/wp\/v2\/comments?post=1786"}],"version-history":[{"count":15,"href":"https:\/\/www.hsu-hh.de\/eb\/wp-json\/wp\/v2\/pages\/1786\/revisions"}],"predecessor-version":[{"id":2587,"href":"https:\/\/www.hsu-hh.de\/eb\/wp-json\/wp\/v2\/pages\/1786\/revisions\/2587"}],"wp:attachment":[{"href":"https:\/\/www.hsu-hh.de\/eb\/wp-json\/wp\/v2\/media?parent=1786"}],"wp:term":[{"taxonomy":"category","embeddable":true,"href":"https:\/\/www.hsu-hh.de\/eb\/wp-json\/wp\/v2\/categories?post=1786"},{"taxonomy":"post_tag","embeddable":true,"href":"https:\/\/www.hsu-hh.de\/eb\/wp-json\/wp\/v2\/tags?post=1786"}],"curies":[{"name":"wp","href":"https:\/\/api.w.org\/{rel}","templated":true}]}}