{"id":169,"date":"2019-12-17T11:26:20","date_gmt":"2019-12-17T10:26:20","guid":{"rendered":"https:\/\/www.hsu-hh.de\/eb\/?page_id=169"},"modified":"2021-02-04T12:12:33","modified_gmt":"2021-02-04T11:12:33","slug":"literalitaet","status":"publish","type":"page","link":"https:\/\/www.hsu-hh.de\/eb\/forschung\/literalitaet","title":{"rendered":"Literalit\u00e4t als soziale Praxis"},"content":{"rendered":"<div>\n<h3>Herangehensweise und Ziele<\/h3>\n<p>Ausgehend von der Bedeutsamkeit des Lebensweltbezugs f\u00fcr gelingendes Lernen wollen wir im Rahmen einer ethnographischen Studie erforschen, welche Bedeutung Literalit\u00e4t als soziale Praxis hat und wie und wof\u00fcr Literalit\u00e4t eingesetzt und genutzt wird. Unsere Herangehensweise ist dadurch gekennzeichnet, dass wir nicht funktionalen Analphabetismus und funktionale Analphabeten als Tr\u00e4ger dieses Ph\u00e4nomens untersuchen, sondern durch Beobachtung das Auftreten von Schriftsprache im \u00f6ffentlichen Raum und durch Befragung die verschiedenen literalen Praxen in einem f\u00fcr die Untersuchung geeigneten Stadtteil (Hamburg Altona) erschlie\u00dfen. Wesentlich ist die Wertsch\u00e4tzung und Kenntnisnahme individueller Literalit\u00e4tspraxen und der damit verkn\u00fcpften Interessen, Ziele und Bed\u00fcrfnisse.<\/p>\n<p>Mit der Erforschung der literalen Praxen wird im Ergebnis ein Beitrag zur Formulierung einer Bezugstheorie f\u00fcr die praktische Bildungsarbeit geliefert. Damit einhergehend werden wir mit unserer Studie einen Beitrag zur Bestimmung von Begriffen und Konzepten zum Gegenstandsbereich leisten.<\/p>\n<p>Ziel unseres Forschungsvorhabens ist die Schaffung einer theoretischen Grundlage f\u00fcr die Gestaltung von individuell bedeutsamen und am Lebenskontext ausgerichteten Grundbildungsangeboten.<\/p>\n<p>Die Heterogenit\u00e4t der Zielgruppe k\u00f6nnte innerhalb eines in einem n\u00e4chsten Schritt noch zu bestimmenden Rahmencurriculums durch individuell ausgerichtete Lernpl\u00e4ne aufgefangen werden.<\/p>\n<p>Wir gestalten unser Vorhaben in internationaler Perspektive mit folgenden Theorie-Praxis-Bez\u00fcgen:<\/p>\n<p>Theoretischer Bezug: New Literacy Studies (NLS)<br \/>\nForschungsmethodischer Bezug: Ethnographische Studien, insbes. die von Barton\/Hamilton durchgef\u00fchrte Studie \u201eLocal Literacies. Reading and writing in one community\u201c<br \/>\nBildungspraktischer Bezug: Schottland als Umsetzungsbeispiel von Literali\u00e4t als soziale Praxis<\/p>\n<h3>Team<\/h3>\n<ul>\n<li>Prof. Dr. Christine Zeuner<\/li>\n<li>Dr. Andrea Linde<\/li>\n<li>Dipl.-P\u00e4d. Antje Pabst<\/li>\n<li>Dipl.-P\u00e4d. Britta St\u00fcbe<\/li>\n<li>Evangelia Komborakis<\/li>\n<\/ul>\n<h3>Finanzierung und Laufzeit<\/h3>\n<p>Das Projekt wurde finanziert vom Bundesministerium f\u00fcr Bildung und Forschung (BMBF) vom 01.03.2008 bis 30.09.2010.<\/p>\n<h3>Projektverbund &#8222;Alpha-Wissen&#8220;<\/h3>\n<p>Das Forschungsprojekt &#8222;Literalit\u00e4t als soziale Praxis&#8220; ist ein Teilprojekt des Forschungsverbundes &#8222;Alpha-Wissen&#8220;. Ziel des Verbundes ist es, wissenschaftlich fundierte Grundlagen f\u00fcr die Alphabetisierung und Grundbildung zu entwickeln und damit Voraussetzungen f\u00fcr die Institutionalisierung und Professionalisierung der Alphabetisierung\/Grundbildung in Deutschland zu schaffen.<\/p>\n<p>Hierzu haben sich Einrichtungen mit unterschiedlichen Zug\u00e4ngen zu den Handlungsfeldern zusammen gefunden, die als Verbund in besonderer Weise dazu geeignet sind, die Ergebnisse sowohl in die Wissenschafts- und Forschungslandschaft als auch in die Praxisfelder zu transferieren, um damit weitere Entwicklungen anzusto\u00dfen. Neben der universit\u00e4ren Forschung (hier die Helmut-Schmidt-Universit\u00e4t Hamburg und die Universit\u00e4t Potsdam) geh\u00f6ren diesem Verbund die beiden wichtigsten Praxisverb\u00e4nde in diesem Forschungsfeld, der Deutsche Volkshochschul-Verband und der Bundesverband Alphabetisierung und Grundbildung an.<\/p>\n<h3>Ergebnisse und Ver\u00f6ffentlichungen<\/h3>\n<p>Zeuner, Christine; Pabst, Antje (2011): &#8218;Lesen und Schreiben er\u00f6ffnen eine neue Welt!&#8216; Literalit\u00e4t als soziale Praxis &#8211; Eine ethnographische Studie. Bielefeld Bertelsmann.<\/p>\n<p>Abstract Linde\/St\u00fcbe <a href=\"https:\/\/www.hsu-hh.de\/eb\/wp-content\/uploads\/sites\/662\/2019\/12\/Abstract_Linde_St\u00fcbe.pdf\">&#8222;Literalit\u00e4t als soziale Praxis im Stadtteil&#8220;<\/a><\/p>\n<p><a href=\"https:\/\/www.hsu-hh.de\/eb\/wp-content\/uploads\/sites\/662\/2019\/12\/Flyer_aktuelle-Fassung.pdf\">Projekt-Flyer<\/a><\/p>\n<p><a href=\"https:\/\/www.hsu-hh.de\/eb\/wp-content\/uploads\/sites\/662\/2019\/12\/Projekt-Poster1.pdf\">Projekt-Poster<\/a><\/p>\n<p><a href=\"https:\/\/www.hsu-hh.de\/eb\/wp-content\/uploads\/sites\/662\/2019\/12\/Verbund-Flyer.pdf\">Verbund-Flyer<\/a><\/p>\n<\/div>\n","protected":false},"excerpt":{"rendered":"<p>Herangehensweise und Ziele Ausgehend von der Bedeutsamkeit des Lebensweltbezugs f\u00fcr gelingendes Lernen wollen wir im Rahmen einer ethnographischen Studie erforschen, welche Bedeutung Literalit\u00e4t als soziale Praxis hat und wie und [&hellip;]<\/p>\n","protected":false},"author":672,"featured_media":0,"parent":183,"menu_order":0,"comment_status":"closed","ping_status":"closed","template":"","meta":{"footnotes":""},"categories":[4,200],"tags":[204,74,202,56],"class_list":["post-169","page","type-page","status-publish","hentry","category-forschung","category-projekt","tag-alpha-wissen","tag-alphabetisierung","tag-literalitaet","tag-projekt"],"_links":{"self":[{"href":"https:\/\/www.hsu-hh.de\/eb\/wp-json\/wp\/v2\/pages\/169","targetHints":{"allow":["GET"]}}],"collection":[{"href":"https:\/\/www.hsu-hh.de\/eb\/wp-json\/wp\/v2\/pages"}],"about":[{"href":"https:\/\/www.hsu-hh.de\/eb\/wp-json\/wp\/v2\/types\/page"}],"author":[{"embeddable":true,"href":"https:\/\/www.hsu-hh.de\/eb\/wp-json\/wp\/v2\/users\/672"}],"replies":[{"embeddable":true,"href":"https:\/\/www.hsu-hh.de\/eb\/wp-json\/wp\/v2\/comments?post=169"}],"version-history":[{"count":4,"href":"https:\/\/www.hsu-hh.de\/eb\/wp-json\/wp\/v2\/pages\/169\/revisions"}],"predecessor-version":[{"id":1503,"href":"https:\/\/www.hsu-hh.de\/eb\/wp-json\/wp\/v2\/pages\/169\/revisions\/1503"}],"up":[{"embeddable":true,"href":"https:\/\/www.hsu-hh.de\/eb\/wp-json\/wp\/v2\/pages\/183"}],"wp:attachment":[{"href":"https:\/\/www.hsu-hh.de\/eb\/wp-json\/wp\/v2\/media?parent=169"}],"wp:term":[{"taxonomy":"category","embeddable":true,"href":"https:\/\/www.hsu-hh.de\/eb\/wp-json\/wp\/v2\/categories?post=169"},{"taxonomy":"post_tag","embeddable":true,"href":"https:\/\/www.hsu-hh.de\/eb\/wp-json\/wp\/v2\/tags?post=169"}],"curies":[{"name":"wp","href":"https:\/\/api.w.org\/{rel}","templated":true}]}}