{"id":1514,"date":"2021-02-22T19:23:53","date_gmt":"2021-02-22T18:23:53","guid":{"rendered":"https:\/\/www.hsu-hh.de\/eb\/?page_id=1514"},"modified":"2026-03-17T11:36:21","modified_gmt":"2026-03-17T10:36:21","slug":"sekretariat-britta-neumann","status":"publish","type":"page","link":"https:\/\/www.hsu-hh.de\/eb\/sekretariat-britta-neumann","title":{"rendered":"Sekretariat: Britta Neumann"},"content":{"rendered":"\n<div style=\"height:20px\" aria-hidden=\"true\" class=\"wp-block-spacer\"><\/div>\n\n\n\n<div class=\"wp-block-columns is-layout-flex wp-container-core-columns-is-layout-9d6595d7 wp-block-columns-is-layout-flex\">\n<div class=\"wp-block-column is-layout-flow wp-block-column-is-layout-flow\" style=\"flex-basis:33.34%\">\n<figure class=\"wp-block-image size-large is-resized\"><img loading=\"lazy\" decoding=\"async\" width=\"734\" height=\"1024\" src=\"https:\/\/www.hsu-hh.de\/eb\/wp-content\/uploads\/sites\/662\/2026\/01\/Britta-Neumann_Sekretariat_neu_2026-734x1024.jpg\" data-credit=\"Britta Neumann\" alt=\"Britta Neumann Sekretariat\" class=\"wp-image-2927\" style=\"width:262px;height:auto\" srcset=\"https:\/\/www.hsu-hh.de\/eb\/wp-content\/uploads\/sites\/662\/2026\/01\/Britta-Neumann_Sekretariat_neu_2026-734x1024.jpg 734w, https:\/\/www.hsu-hh.de\/eb\/wp-content\/uploads\/sites\/662\/2026\/01\/Britta-Neumann_Sekretariat_neu_2026-215x300.jpg 215w, https:\/\/www.hsu-hh.de\/eb\/wp-content\/uploads\/sites\/662\/2026\/01\/Britta-Neumann_Sekretariat_neu_2026-768x1071.jpg 768w, https:\/\/www.hsu-hh.de\/eb\/wp-content\/uploads\/sites\/662\/2026\/01\/Britta-Neumann_Sekretariat_neu_2026-1102x1536.jpg 1102w, https:\/\/www.hsu-hh.de\/eb\/wp-content\/uploads\/sites\/662\/2026\/01\/Britta-Neumann_Sekretariat_neu_2026-1100x1534.jpg 1100w, https:\/\/www.hsu-hh.de\/eb\/wp-content\/uploads\/sites\/662\/2026\/01\/Britta-Neumann_Sekretariat_neu_2026.jpg 1453w\" sizes=\"auto, (max-width: 734px) 100vw, 734px\" \/><figcaption class=\"wp-element-caption\">Britta Neumann<\/figcaption><\/figure>\n<\/div>\n\n\n\n<div class=\"wp-block-column is-layout-flow wp-block-column-is-layout-flow\">\n<p class=\"has-medium-font-size\"><strong>Kontakt<\/strong><\/p>\n\n\n\n<p><strong>Mail: <\/strong> britta.neumann@hsu.hamburg<\/p>\n\n\n\n<p class=\"has-text-align-left\"><strong>Fon:<\/strong> +49 40 6541 2366 <\/p>\n\n\n\n<p><span><strong>F<\/strong><\/span><strong>ax: <\/strong>+49 40 6541 2546<\/p>\n\n\n\n<p><strong>Raum: <\/strong> 2369<\/p>\n\n\n\n<div style=\"height:7px\" aria-hidden=\"true\" class=\"wp-block-spacer\"><\/div>\n\n\n\n<p class=\"has-medium-font-size\"><strong>Sprechzeiten <\/strong><\/p>\n\n\n\n<p>Montag-Donnerstag: 09:00-15:00 Uhr<\/p>\n\n\n\n<p>Freitag: 09:00-14:00 Uhr<\/p>\n<\/div>\n\n\n\n<div class=\"wp-block-column is-layout-flow wp-block-column-is-layout-flow\" style=\"flex-basis:33.33%\">\n<p class=\"has-medium-font-size\"><strong>Postanschrift<\/strong> <\/p>\n\n\n\n<p>Helmut-Schmidt-Universit\u00e4t<br>Fakult\u00e4t&nbsp;f\u00fcr Geistes- und Sozialwissenschaften<br>Professur f\u00fcr Erwachsenenbildung<br>Postfach 70 08 22<br>22008 Hamburg<\/p>\n\n\n\n<div style=\"height:20px\" aria-hidden=\"true\" class=\"wp-block-spacer\"><\/div>\n\n\n\n<p class=\"has-medium-font-size\"><strong>Besucheranschrift<\/strong><\/p>\n\n\n\n<p>Helmut-Schmidt-Universit\u00e4t<br>Geb\u00e4ude H01<br>Holstenhofweg 85<br>22043 Hamburg<\/p>\n<\/div>\n<\/div>\n\n\n\n<p><\/p>\n\n\n\n<p><br><\/p>\n","protected":false},"excerpt":{"rendered":"<p>Kontakt Mail: britta.neumann@hsu.hamburg Fon: +49 40 6541 2366 Fax: +49 40 6541 2546 Raum: 2369 Sprechzeiten Montag-Donnerstag: 09:00-15:00 Uhr Freitag: 09:00-14:00 Uhr Postanschrift Helmut-Schmidt-Universit\u00e4tFakult\u00e4t&nbsp;f\u00fcr Geistes- und SozialwissenschaftenProfessur f\u00fcr ErwachsenenbildungPostfach 70 [&hellip;]<\/p>\n","protected":false},"author":2369,"featured_media":0,"parent":0,"menu_order":0,"comment_status":"closed","ping_status":"closed","template":"","meta":{"footnotes":""},"categories":[4],"tags":[],"class_list":["post-1514","page","type-page","status-publish","hentry","category-forschung"],"_links":{"self":[{"href":"https:\/\/www.hsu-hh.de\/eb\/wp-json\/wp\/v2\/pages\/1514","targetHints":{"allow":["GET"]}}],"collection":[{"href":"https:\/\/www.hsu-hh.de\/eb\/wp-json\/wp\/v2\/pages"}],"about":[{"href":"https:\/\/www.hsu-hh.de\/eb\/wp-json\/wp\/v2\/types\/page"}],"author":[{"embeddable":true,"href":"https:\/\/www.hsu-hh.de\/eb\/wp-json\/wp\/v2\/users\/2369"}],"replies":[{"embeddable":true,"href":"https:\/\/www.hsu-hh.de\/eb\/wp-json\/wp\/v2\/comments?post=1514"}],"version-history":[{"count":38,"href":"https:\/\/www.hsu-hh.de\/eb\/wp-json\/wp\/v2\/pages\/1514\/revisions"}],"predecessor-version":[{"id":2933,"href":"https:\/\/www.hsu-hh.de\/eb\/wp-json\/wp\/v2\/pages\/1514\/revisions\/2933"}],"wp:attachment":[{"href":"https:\/\/www.hsu-hh.de\/eb\/wp-json\/wp\/v2\/media?parent=1514"}],"wp:term":[{"taxonomy":"category","embeddable":true,"href":"https:\/\/www.hsu-hh.de\/eb\/wp-json\/wp\/v2\/categories?post=1514"},{"taxonomy":"post_tag","embeddable":true,"href":"https:\/\/www.hsu-hh.de\/eb\/wp-json\/wp\/v2\/tags?post=1514"}],"curies":[{"name":"wp","href":"https:\/\/api.w.org\/{rel}","templated":true}]}}