{"id":1333,"date":"2021-02-03T20:33:00","date_gmt":"2021-02-03T19:33:00","guid":{"rendered":"https:\/\/www.hsu-hh.de\/eb\/?page_id=1333"},"modified":"2024-02-13T16:18:24","modified_gmt":"2024-02-13T15:18:24","slug":"alpha-lab","status":"publish","type":"page","link":"https:\/\/www.hsu-hh.de\/eb\/forschung\/alpha-lab","title":{"rendered":"Alpha-Laboratorium"},"content":{"rendered":"\n<p style=\"font-size:28px\"><strong>Literalit\u00e4t im Dialog &#8211; partizipativ, reflexiv und handlungserweiternd<\/strong><\/p>\n\n\n\n<p>Partizipative Forschung zur Literalit\u00e4t als soziale Praxis in Alphabetisierungskursen f\u00fcr Erwachsene<\/p>\n\n\n\n<p>Es ist bekannt, dass Lehrende und Lernende im Bereich der Alphabetisierung und Grundbildung Erwachsener, aufgrund differenter bio-graphischer Erfahrungen und Sozialisationsbedingungen, \u00fcber unterschiedliche Zug\u00e4nge zur Schriftsprache und ihren Anwendungsbe-z\u00fcgen verf\u00fcgen. Diese Unterschiede zeigen sich in heterogenen schriftsprachlichen Nutzungs- und Anwendungsformen und damit verbun-denen Bedeutungszuschreibungen, die auch Vermittlungs- und Aneignungsprozesse beeinflussen k\u00f6nnen. Das Lehr-Lernhandeln in die-sem Arbeitsfeld erfordert daher neben der Fach-, Methoden- und sozialen Kompetenz insbesondere eine reflexive Kompetenz in Bezug auf differente schriftsprachliche Anwendungsbez\u00fcge.<\/p>\n\n\n\n<p class=\"has-text-align-left\">Ziel des Forschungsvorhabens ist es, unterschiedliche subjektive schriftsprachliche Nutzungsformen und damit verbundene Bedeutungs-zuschreibungen \u2013 sogenannte subjektive Literalit\u00e4tskonzepte \u2013 gemeinsam mit Lernenden und Lehrenden zu untersuchen und auf diese Weise einen Beitrag zur Professionalit\u00e4tsentwicklung der Lehrenden und Professionalisierung der Alphabetisierungsarbeit zu leisten. Da-bei werden Lernende und Lehrende durch partizipative und dialogische Strukturen im Sinne der Aktions- und Handlungsforschung aktiv am Forschungsprozess beteiligt, indem sie&nbsp;eigene Fragestellungen und Interessen in den Forschungsprozess einbringen. Die Forschungsbe-funde m\u00fcnden in eine Kurskonzeption, die die individuellen Literalit\u00e4tskonzepte der Lernenden unter der Pr\u00e4misse einer Handlungserwei-terung in den Fokus nimmt. Ein Fortbildungsmodul f\u00fcr Lehrende zielt insbesondere auf die Entwicklung reflexiver Kompetenz in Bezug auf unterschiedliche Literalit\u00e4tskonzepte ab.<\/p>\n\n\n\n<p>Die zentrale Forschungsfrage lautet:&nbsp;<\/p>\n\n\n\n<p class=\"has-text-align-left\"><strong>Inwiefern k\u00f6nnen Lehrende eigene und fremde Literalit\u00e4tskonzepte bei der Gestaltung von Lehr-Lern-Arrangements ber\u00fccksichtigen, um Lernenden zu erm\u00f6glichen, ihre Lese- und Schreibfertigkeiten aktiv, reflexiv und selbstbestimmt zu erweitern?&nbsp;<\/strong><\/p>\n\n\n\n<p>Auf der Grundlage dieser Forschungsfrage und dem Gesamtziel des Forschungsvorhabens lassen sich folgende Detailfragen generieren:<\/p>\n\n\n<div>\n<div>\n<div>\n<div>\n<div>\n<div>\n<div>\n<div>\n<ul>\n<li style=\"list-style-type: none\">\n<ul>\n<li>\u00dcber welche individuellen Literalit\u00e4tskonzepte und Literalit\u00e4tsverst\u00e4ndnisse verf\u00fcgen Lernende und Lehrende?<\/li>\n<li>Inwiefern lassen sich diese f\u00fcr die Gestaltung von reflexiven, partizipativen und selbstbestimmten Lernwegen der Lernenden sowie f\u00fcr die Erweiterung ihrer literalen Handlungsf\u00e4higkeit nutzen?<\/li>\n<li>Wie kann insbesondere die reflexive Kompetenz der Lehrenden gef\u00f6rdert werden, um solche Lehr-Lern-Arrangements zu konzipieren?<\/li>\n<\/ul>\n<\/li>\n<\/ul>\n<\/div>\n<div class=\"clearfix\">&nbsp;<\/div>\n<\/div>\n<\/div>\n<\/div>\n<\/div>\n<\/div>\n<\/div>\n<\/div>\n\n\n<p>Theoretisch erfolgt eine Betrachtung der Literalit\u00e4tskonzepte auf Annahmen des Ansatzes \u201eLiteralit\u00e4t als soziale Praxis\u201c (<abbr title=\"vergleiche\">vgl.<\/abbr> Street 1984; Barton, Hamilton 1998; Zeuner, Pabst 2011), der davon ausgeht, dass Menschen \u00fcber individuell und kulturell begr\u00fcndbare Lese- und Schreibkenntnisse verf\u00fcgen. In Bezug auf die Alphabetisierungsarbeit erscheint dieser Ansatz&nbsp;&nbsp;besonders geeignet, um mit Lernenden und Lehrenden in einen Dialog \u00fcber subjektiv und objektiv zugeschriebene Bedeutungen von Literalit\u00e4t zu treten. Verschiedene \u00f6ffentliche und dominante literale Praktiken, individuelle Literalit\u00e4tskonzepte sowie Multiliteralit\u00e4t und digitale <abbr title=\"beziehungsweise\">bzw.<\/abbr> digitalisierte literale Praktiken k\u00f6nnen so Gegenstand der individuellen und gemeinsamen Reflexion werden.&nbsp;<\/p>\n\n\n\n<p>Praxispartner des Projekts ist die Hamburger Volkshochschule. Sie begleitet die Mitwirkung von interessierten Lernenden und Lehrenden im Forschungsprozess und erm\u00f6glicht den Theorie-Praxis-Transfer von Beginn an. Die zu entwickelnden Konzepte (Kurskonzept und Fortbil-dungsmodul) werden f\u00fcr die Alphabetisierungsarbeit der Hamburger Volkshochschule sowie f\u00fcr die Professionalit\u00e4tsentwicklung der Leh-renden langfristig genutzt.&nbsp;<\/p>\n\n\n\n<h3 class=\"wp-block-heading\"><strong>Quellennachweis<\/strong><\/h3>\n\n\n\n<p>Barton, D.; Hamilton, M. (1998). Local literacies: reading and writing in one community.&nbsp;London: Routledge.<\/p>\n\n\n\n<p>Street, B. (1984\/ Reprint 1995):&nbsp;Literacy in theory and practice. Cambridge: Cambridge University Press.<\/p>\n\n\n\n<p>Zeuner, C.; Pabst, A. (2011): &#8222;Lesen und Schreiben er\u00f6ffnen eine neue Welt!&#8220; Literalit\u00e4t als soziale Praxis &#8211; Eine ethnographische Studie. Bielefeld: W. Bertelsmann.&nbsp;<\/p>\n\n\n\n<h2 class=\"wp-block-heading\"><strong>Publikationen und Vortr\u00e4ge<\/strong><\/h2>\n\n\n\n<p><\/p>\n\n\n\n<p>Benz-Gydat, Melanie; Kiendl, Susanne &amp; Pabst, Antje: <a href=\"https:\/\/www.alphadekade.de\/SharedDocs\/Downloads\/DE\/praesentationen_konferenz23\/praesentation_alpha-lab.pdf?__blob=publicationFile&amp;v=2#download=1\" rel='nofollow'>Durch Ansprache und Arbeit auf Augenh\u00f6he zu gelingenderen Lehr-Lern-Prozessen in der<\/a> <a href=\"https:\/\/www.alphadekade.de\/SharedDocs\/Downloads\/DE\/praesentationen_konferenz23\/praesentation_alpha-lab.pdf?__blob=publicationFile&amp;v=2#download=1\" rel='nofollow'>Alphabetisierung und Grundbildung Erwachsener.<\/a> Online-Vortrag im Rahmen der <a href=\"https:\/\/www.alphadekade.de\/de\/AlphaDekade_Konferenz_2023\/konferenz23_node.html\" rel='nofollow'>AlphaDekade-Konferenz 2023<\/a>, Fachforum C &#8222;Formen der Adressierung in Kurs- und Sozialr\u00e4umen&#8220; (29. und 30. November 2023 in Berlin).<\/p>\n\n\n\n<p>Pabst, Antje &amp; Pape, Natalie (2023): Grundbildung und Grundbildungsforschung &#8211; Neue Wege und Begegnungen. In: Dies. (<abbr title=\"Herausgeber\">Hrsg.<\/abbr>): <a href=\"https:\/\/www.wbv.de\/shop\/Neue-Wege-und-Begegnungen-in-der-Grundbildung-und-Grundbildungsforschung-I74030\" rel='nofollow'>Neue Wege und Begegnungen in der Grundbildung und Grundbildungsforschung. <\/a>Bielefeld: W. Bertelsmann Verlag, S. 1 &#8211; 19. <\/p>\n\n\n\n<p>Benz-Gydat, Melanie; Kiendl, Susanne; Nienkemper, Barbara &amp; Pabst, Antje (2023): Partizipative Forschung &#8211; Neue Formen der Begegnung in der Grundbildung. In: Pabst, Antje &amp; Pape, Natalie (<abbr title=\"Herausgeber\">Hrsg.<\/abbr>): <a href=\"https:\/\/www.wbv.de\/shop\/Neue-Wege-und-Begegnungen-in-der-Grundbildung-und-Grundbildungsforschung-I74030\" rel='nofollow'>Neue Wege und Begegnungen in der Grundbildung und Grundbildungsforschung. <\/a>Bielefeld: W. Bertelsmann Verlag, S. 59 &#8211; 78.<\/p>\n\n\n\n<p>Melanie Benz-Gydat, Melanie; Kiendl, Susanne; Pabst, Antje (2022): Partizipative Forschung mit Lernenden und Lehrenden f\u00fcr gelingende Alphabetisierungskurse. In: ALFA-Forum: Professionalisierung. 102\/2022. (Unter Mitarbeit des erweiterten Forschungsteams)<\/p>\n\n\n\n<p>Benz-Gydat, Melanie; Nienkemper, Barbara &amp; Pabst, Antje: Entgrenzung von Forschungsstrategien durch Partizipation. Vortrag im Rahmen des DGfE-Symposiums &#8222;Entgrenzungen in der Grundbildung und der Grundbildungsforschung&#8220; am 15.3.2022.<\/p>\n\n\n\n<p>Benz-Gydat, Melanie &amp; Pabst, Antje: Alpha-Laboratorium Literalit\u00e4t&nbsp;im Dialog \u2013&nbsp;partizipativ, reflexiv und handlungserweiternd. Vortrag im Rahmen der Fachtagung zum Jubil\u00e4um 30 Jahre Basisbildung Volkshochschule Floridsdorf am 16.11.2021. Online verf\u00fcgbar unter: <a href=\"https:\/\/www.vhs.at\/files\/downloads\/PiRTFxOLT0oV6bnpLxZpyqQ8cprFqVGJrf6MuMYt.pdf\" data-type=\"URL\" data-id=\"https:\/\/www.vhs.at\/files\/downloads\/PiRTFxOLT0oV6bnpLxZpyqQ8cprFqVGJrf6MuMYt.pdf\" rel='nofollow'>https:\/\/www.vhs.at\/files\/downloads\/PiRTFxOLT0oV6bnpLxZpyqQ8cprFqVGJrf6MuMYt.pdf<\/a> (letzter Zugriff: 9.03.2023)<\/p>\n\n\n\n<h2 class=\"wp-block-heading\">Material und Downloads zum Projekt<\/h2>\n\n\n\n<p><a href=\"https:\/\/www.hsu-hh.de\/eb\/wp-content\/uploads\/sites\/662\/2023\/03\/Alpha_Lab_Flyer_final.pdf\" data-type=\"attachment\" data-id=\"2101\">Flyer Alpha-Lab_Co-Forschende<\/a><\/p>\n\n\n\n<p><a href=\"https:\/\/www.hsu-hh.de\/eb\/wp-content\/uploads\/sites\/662\/2023\/03\/Flyer_Alpha-Lab_externe-Lernende-und-Lehrende.pdf\" data-type=\"attachment\" data-id=\"2110\">Flyer Alpha-Lab_externe Lernende und Lehrende<\/a><\/p>\n\n\n\n<p><a href=\"https:\/\/www.hsu-hh.de\/eb\/wp-content\/uploads\/sites\/662\/2023\/03\/Forschungsposter_Alpha_Lab.pdf\" data-type=\"attachment\" data-id=\"2100\">Forschungsposter Alpha-Lab<\/a><\/p>\n\n\n\n<h2 class=\"wp-block-heading\"><strong>Team und Kontakt<\/strong><\/h2>\n\n\n\n<div class=\"wp-block-columns is-layout-flex wp-container-core-columns-is-layout-9d6595d7 wp-block-columns-is-layout-flex\">\n<div class=\"wp-block-column is-layout-flow wp-block-column-is-layout-flow\"><\/div>\n\n\n\n<div class=\"wp-block-column is-layout-flow wp-block-column-is-layout-flow\"><\/div>\n<\/div>\n\n\n<div>\n<div>\n<div>\n<div>\n<div>\n<div>\n<div class=\"content-block3\">\n<p><abbr title=\"Professor\">Prof.<\/abbr> <abbr title=\"Doktor\">Dr.<\/abbr> Christine Zeuner<\/p>\n<p>(wissenschaftliche Verantwortung)<\/p>\n<\/div>\n<\/div>\n<div>\n<div class=\"content-block3\">\n<p>Telefon: +49-40-6541-2796<\/p>\n<p>E-Mail: zeuner(at)hsu-hh.de<\/p>\n<\/div>\n<\/div>\n<\/div>\n<\/div>\n<\/div>\n<\/div>\n<\/div>\n\n\n<p><\/p>\n\n\n<div>\n<div>\n<div>\n<div>\n<div>\n<div class=\"clearfix\">\u00a0<\/div>\n<\/div>\n<\/div>\n<\/div>\n<\/div>\n<\/div>\n\n<div>\n<div>\n<div>\n<div>\n<div class=\"content-block3\">\n<p><abbr title=\"Doktor\">Dr.<\/abbr> phil. Antje Pabst<\/p>\n<p>(Leitung, Koordination u. wiss. Bearb.)<\/p>\n<\/div>\n<\/div>\n<\/div>\n<\/div>\n<\/div>\n\n\n<div class=\"wp-block-columns is-layout-flex wp-container-core-columns-is-layout-9d6595d7 wp-block-columns-is-layout-flex\">\n<div class=\"wp-block-column is-layout-flow wp-block-column-is-layout-flow\">\n<div>\n<div>\n<div>\n<div>\n<div class=\"content-block3\">\n<p>Telefon: +49-40-6541-3908<\/p>\n<p>E-Mail: antje.pabst(at)hsu-hh.de<\/p>\n<\/div>\n<\/div>\n<\/div>\n<\/div>\n<\/div>\n<\/div>\n\n\n\n<div class=\"wp-block-column is-layout-flow wp-block-column-is-layout-flow\"><\/div>\n<\/div>\n\n\n\n<p><\/p>\n\n\n<div>\n<div>\n<div>\n<div>\n<div class=\"clearfix\">\u00a0\u00a0 <abbr title=\"Doktor\">Dr.<\/abbr> phil. Melanie Benz-Gydat\u00a0\u00a0\u00a0\u00a0\u00a0\u00a0\u00a0\u00a0\u00a0\u00a0\u00a0\u00a0\u00a0\u00a0\u00a0\u00a0\u00a0\u00a0\u00a0\u00a0\u00a0\u00a0\u00a0\u00a0\u00a0\u00a0\u00a0\u00a0\u00a0\u00a0\u00a0\u00a0 Telefon: +49-40-6541-3392<\/div>\n<div>\u00a0\u00a0 (wissenschaftliche Bearbeitung)\u00a0\u00a0\u00a0\u00a0\u00a0\u00a0\u00a0\u00a0\u00a0\u00a0\u00a0\u00a0\u00a0\u00a0\u00a0\u00a0\u00a0\u00a0\u00a0\u00a0\u00a0\u00a0\u00a0\u00a0\u00a0 E-Mail: benz-gydat(at)hsu-hh.de<\/div>\n<\/div>\n<div>\n<div>\n<div>\u00a0<\/div>\n<\/div>\n<\/div>\n<\/div>\n<\/div>\n<\/div>\n\n\n<div class=\"wp-block-columns is-layout-flex wp-container-core-columns-is-layout-9d6595d7 wp-block-columns-is-layout-flex\">\n<div class=\"wp-block-column is-layout-flow wp-block-column-is-layout-flow\"><\/div>\n\n\n\n<div class=\"wp-block-column is-layout-flow wp-block-column-is-layout-flow\"><\/div>\n<\/div>\n\n\n<div>\n<div>\n<div>\n<p><strong>Kontakt des Kooperationspartners<\/strong><\/p>\n<\/div>\n<div>\n<div>\n<div>\n<div>\n<div class=\"content-block3\">\n<p>Susanne Kiendl<\/p>\n<p>(Koordination u. wiss. Bearbeitung)<\/p>\n<\/div>\n<\/div>\n<div>\n<div class=\"content-block3\">\n<p>Telefon: +49 40 427 31 2085<\/p>\n<p>E-Mail: s.kiendl(at)vhs-hamburg.de<\/p>\n<\/div>\n<\/div>\n<\/div>\n<\/div>\n<\/div>\n<\/div>\n<\/div>\n\n\n\n\n\n<p>\u00a0\u00a0\u00a0\u00a0\u00a0<\/p>\n\n\n<h2 class=\"wp-block-heading\"><\/h2>\n\n\n\n<p>   <\/p>\n\n\n\n<h2 class=\"wp-block-heading\"><strong>Laufzeit und Drittmittelgeber<\/strong><\/h2>\n\n\n\n<p>Die Laufzeit des Projekts ist von Januar 2021 bis M\u00e4rz 2024. Es wird vom Bundesministerium f\u00fcr Bildung und Forschung (<abbr title=\"Bundesministerium f\u00fcr Bildung und Forschung\">BMBF<\/abbr>) finanziert (F\u00f6rderkennzeichen W1476AFO).&nbsp;<\/p>\n\n\n\n<h2 class=\"wp-block-heading\"><\/h2>\n\n\n\n<p><\/p>\n\n\n<div>\n<div>\n<div>\n<div>\n<div>\n<div>\n<div>\n<div><\/div>\n<\/div>\n<\/div>\n<\/div>\n<\/div>\n<\/div>\n<\/div>\n<\/div>","protected":false},"excerpt":{"rendered":"<p>Literalit\u00e4t im Dialog &#8211; partizipativ, reflexiv und handlungserweiternd Partizipative Forschung zur Literalit\u00e4t als soziale Praxis in Alphabetisierungskursen f\u00fcr Erwachsene Es ist bekannt, dass Lehrende und Lernende im Bereich der Alphabetisierung [&hellip;]<\/p>\n","protected":false},"author":1395,"featured_media":0,"parent":183,"menu_order":0,"comment_status":"closed","ping_status":"closed","template":"","meta":{"footnotes":""},"categories":[4],"tags":[],"class_list":["post-1333","page","type-page","status-publish","hentry","category-forschung"],"_links":{"self":[{"href":"https:\/\/www.hsu-hh.de\/eb\/wp-json\/wp\/v2\/pages\/1333","targetHints":{"allow":["GET"]}}],"collection":[{"href":"https:\/\/www.hsu-hh.de\/eb\/wp-json\/wp\/v2\/pages"}],"about":[{"href":"https:\/\/www.hsu-hh.de\/eb\/wp-json\/wp\/v2\/types\/page"}],"author":[{"embeddable":true,"href":"https:\/\/www.hsu-hh.de\/eb\/wp-json\/wp\/v2\/users\/1395"}],"replies":[{"embeddable":true,"href":"https:\/\/www.hsu-hh.de\/eb\/wp-json\/wp\/v2\/comments?post=1333"}],"version-history":[{"count":149,"href":"https:\/\/www.hsu-hh.de\/eb\/wp-json\/wp\/v2\/pages\/1333\/revisions"}],"predecessor-version":[{"id":2315,"href":"https:\/\/www.hsu-hh.de\/eb\/wp-json\/wp\/v2\/pages\/1333\/revisions\/2315"}],"up":[{"embeddable":true,"href":"https:\/\/www.hsu-hh.de\/eb\/wp-json\/wp\/v2\/pages\/183"}],"wp:attachment":[{"href":"https:\/\/www.hsu-hh.de\/eb\/wp-json\/wp\/v2\/media?parent=1333"}],"wp:term":[{"taxonomy":"category","embeddable":true,"href":"https:\/\/www.hsu-hh.de\/eb\/wp-json\/wp\/v2\/categories?post=1333"},{"taxonomy":"post_tag","embeddable":true,"href":"https:\/\/www.hsu-hh.de\/eb\/wp-json\/wp\/v2\/tags?post=1333"}],"curies":[{"name":"wp","href":"https:\/\/api.w.org\/{rel}","templated":true}]}}