{"id":1303,"date":"2021-02-22T19:23:20","date_gmt":"2021-02-22T18:23:20","guid":{"rendered":"https:\/\/www.hsu-hh.de\/eb\/?page_id=1303"},"modified":"2025-01-29T15:29:56","modified_gmt":"2025-01-29T14:29:56","slug":"kluever","status":"publish","type":"page","link":"https:\/\/www.hsu-hh.de\/eb\/kluever","title":{"rendered":"Thea Kl\u00fcver, M.A."},"content":{"rendered":"\n<div style=\"height:20px\" aria-hidden=\"true\" class=\"wp-block-spacer\"><\/div>\n\n\n\n<div class=\"wp-block-columns is-layout-flex wp-container-core-columns-is-layout-9d6595d7 wp-block-columns-is-layout-flex\">\n<div class=\"wp-block-column is-layout-flow wp-block-column-is-layout-flow\" style=\"flex-basis:33.34%\">\n<figure class=\"wp-block-image size-large\"><img loading=\"lazy\" decoding=\"async\" width=\"813\" height=\"1024\" src=\"https:\/\/www.hsu-hh.de\/eb\/wp-content\/uploads\/sites\/662\/2021\/01\/Thea_Kluever_Groesse-geaendert-813x1024.jpg\" data-credit=\"Thea Kl\u00fcver\" alt=\"Thea Kl\u00fcver\" class=\"wp-image-1305\" srcset=\"https:\/\/www.hsu-hh.de\/eb\/wp-content\/uploads\/sites\/662\/2021\/01\/Thea_Kluever_Groesse-geaendert-813x1024.jpg 813w, https:\/\/www.hsu-hh.de\/eb\/wp-content\/uploads\/sites\/662\/2021\/01\/Thea_Kluever_Groesse-geaendert-238x300.jpg 238w, https:\/\/www.hsu-hh.de\/eb\/wp-content\/uploads\/sites\/662\/2021\/01\/Thea_Kluever_Groesse-geaendert-768x968.jpg 768w, https:\/\/www.hsu-hh.de\/eb\/wp-content\/uploads\/sites\/662\/2021\/01\/Thea_Kluever_Groesse-geaendert-1100x1386.jpg 1100w, https:\/\/www.hsu-hh.de\/eb\/wp-content\/uploads\/sites\/662\/2021\/01\/Thea_Kluever_Groesse-geaendert.jpg 1153w\" sizes=\"auto, (max-width: 813px) 100vw, 813px\" \/><figcaption class=\"wp-element-caption\">Thea Kl\u00fcver, M.A.<\/figcaption><\/figure>\n<\/div>\n\n\n\n<div class=\"wp-block-column is-layout-flow wp-block-column-is-layout-flow\">\n<p class=\"has-medium-font-size\"><strong>Kontakt<\/strong><\/p>\n\n\n\n<p><strong>Mail: <\/strong> kluevert@hsu-hh.de<\/p>\n\n\n\n<p><strong>Raum: <\/strong> 2363<\/p>\n\n\n\n<div style=\"height:50px\" aria-hidden=\"true\" class=\"wp-block-spacer\"><\/div>\n\n\n\n<p class=\"has-medium-font-size\"><strong>Sprechzeiten <\/strong><\/p>\n\n\n\n<p>Nach Vereinbarung per   E-Mail.<\/p>\n<\/div>\n\n\n\n<div class=\"wp-block-column is-layout-flow wp-block-column-is-layout-flow\" style=\"flex-basis:33.33%\">\n<p class=\"has-medium-font-size\"><strong>Postanschrift<\/strong> <\/p>\n\n\n\n<p>Helmut-Schmidt-Universit\u00e4t<br>Fakult\u00e4t&nbsp;f\u00fcr Geistes- und Sozialwissenschaften<br>Professur f\u00fcr Erwachsenenbildung<br>Postfach 70 08 22<br>22008 Hamburg<\/p>\n\n\n\n<p class=\"has-medium-font-size\"><strong>Besucheranschrift<\/strong><\/p>\n\n\n\n<p>Helmut-Schmidt-Universit\u00e4t<br>Geb\u00e4ude H01<br>Holstenhofweg 85<br>22043 Hamburg<\/p>\n<\/div>\n<\/div>\n\n\n\n<div style=\"height:20px\" aria-hidden=\"true\" class=\"wp-block-spacer\"><\/div>\n\n\n\n<p class=\"has-medium-font-size\"><strong>Arbeitsschwerpunkte<\/strong><\/p>\n\n\n\n<ul class=\"wp-block-list\">\n<li>Subjektwissenschaftliche Lehr-Lernforschung in der Erwachsenenbildung und (beruflichen) Weiterbildung, insbesondere im Rahmen von Alphabetisierung und Grundbildung, Literalit\u00e4t\/Numeralit\u00e4t und im Rahmen von Bildungsfreistellung\/Bildungsurlaub\/Bildungszeit <\/li>\n\n\n\n<li>migrationsspezifische Frage- und Themenstellungen im Zusammenhang mit den Differenzlinien Ethnien\/Nation\/Kultur und Geschlecht<\/li>\n<\/ul>\n\n\n\n<div style=\"height:40px\" aria-hidden=\"true\" class=\"wp-block-spacer\"><\/div>\n\n\n\n<p class=\"has-medium-font-size\"><strong><a href=\"https:\/\/www.hsu-hh.de\/eb\/veroffentlichungen-kluever\" data-type=\"page\" data-id=\"2508\">Ver\u00f6ffentlichungen<\/a><\/strong><\/p>\n\n\n\n<div style=\"height:20px\" aria-hidden=\"true\" class=\"wp-block-spacer\"><\/div>\n\n\n\n<p class=\"has-medium-font-size\"><strong><a href=\"https:\/\/www.hsu-hh.de\/eb\/kurzvita-kluever\" data-type=\"page\" data-id=\"2506\">Kurzvita<\/a><\/strong><br><\/p>\n\n\n\n<p><br><\/p>\n\n\n\n<p><br><\/p>\n","protected":false},"excerpt":{"rendered":"<p>Kontakt Mail: kluevert@hsu-hh.de Raum: 2363 Sprechzeiten Nach Vereinbarung per E-Mail. Postanschrift Helmut-Schmidt-Universit\u00e4tFakult\u00e4t&nbsp;f\u00fcr Geistes- und SozialwissenschaftenProfessur f\u00fcr ErwachsenenbildungPostfach 70 08 2222008 Hamburg Besucheranschrift Helmut-Schmidt-Universit\u00e4tGeb\u00e4ude H01Holstenhofweg 8522043 Hamburg Arbeitsschwerpunkte Ver\u00f6ffentlichungen Kurzvita<\/p>\n","protected":false},"author":2369,"featured_media":0,"parent":0,"menu_order":0,"comment_status":"closed","ping_status":"closed","template":"","meta":{"footnotes":""},"categories":[4],"tags":[],"class_list":["post-1303","page","type-page","status-publish","hentry","category-forschung"],"_links":{"self":[{"href":"https:\/\/www.hsu-hh.de\/eb\/wp-json\/wp\/v2\/pages\/1303","targetHints":{"allow":["GET"]}}],"collection":[{"href":"https:\/\/www.hsu-hh.de\/eb\/wp-json\/wp\/v2\/pages"}],"about":[{"href":"https:\/\/www.hsu-hh.de\/eb\/wp-json\/wp\/v2\/types\/page"}],"author":[{"embeddable":true,"href":"https:\/\/www.hsu-hh.de\/eb\/wp-json\/wp\/v2\/users\/2369"}],"replies":[{"embeddable":true,"href":"https:\/\/www.hsu-hh.de\/eb\/wp-json\/wp\/v2\/comments?post=1303"}],"version-history":[{"count":21,"href":"https:\/\/www.hsu-hh.de\/eb\/wp-json\/wp\/v2\/pages\/1303\/revisions"}],"predecessor-version":[{"id":2731,"href":"https:\/\/www.hsu-hh.de\/eb\/wp-json\/wp\/v2\/pages\/1303\/revisions\/2731"}],"wp:attachment":[{"href":"https:\/\/www.hsu-hh.de\/eb\/wp-json\/wp\/v2\/media?parent=1303"}],"wp:term":[{"taxonomy":"category","embeddable":true,"href":"https:\/\/www.hsu-hh.de\/eb\/wp-json\/wp\/v2\/categories?post=1303"},{"taxonomy":"post_tag","embeddable":true,"href":"https:\/\/www.hsu-hh.de\/eb\/wp-json\/wp\/v2\/tags?post=1303"}],"curies":[{"name":"wp","href":"https:\/\/api.w.org\/{rel}","templated":true}]}}