{"id":1194,"date":"2021-02-22T19:18:45","date_gmt":"2021-02-22T18:18:45","guid":{"rendered":"https:\/\/www.hsu-hh.de\/eb\/?page_id=1194"},"modified":"2026-01-13T15:25:30","modified_gmt":"2026-01-13T14:25:30","slug":"pabst","status":"publish","type":"page","link":"https:\/\/www.hsu-hh.de\/eb\/pabst","title":{"rendered":"Dr. Antje Pabst (Professurvertretung)"},"content":{"rendered":"\n<div style=\"height:20px\" aria-hidden=\"true\" class=\"wp-block-spacer\"><\/div>\n\n\n\n<div class=\"wp-block-columns is-layout-flex wp-container-core-columns-is-layout-9d6595d7 wp-block-columns-is-layout-flex\">\n<div class=\"wp-block-column is-layout-flow wp-block-column-is-layout-flow\" style=\"flex-basis:33.34%\">\n<figure class=\"wp-block-image size-large is-resized\"><img loading=\"lazy\" decoding=\"async\" width=\"858\" height=\"1024\" src=\"https:\/\/www.hsu-hh.de\/eb\/wp-content\/uploads\/sites\/662\/2023\/11\/0027klein-858x1024.png\" data-credit=\"Jasdz\" alt=\"\" class=\"wp-image-2224\" style=\"width:337px;height:auto\" srcset=\"https:\/\/www.hsu-hh.de\/eb\/wp-content\/uploads\/sites\/662\/2023\/11\/0027klein-858x1024.png 858w, https:\/\/www.hsu-hh.de\/eb\/wp-content\/uploads\/sites\/662\/2023\/11\/0027klein-251x300.png 251w, https:\/\/www.hsu-hh.de\/eb\/wp-content\/uploads\/sites\/662\/2023\/11\/0027klein-768x916.png 768w, https:\/\/www.hsu-hh.de\/eb\/wp-content\/uploads\/sites\/662\/2023\/11\/0027klein-1287x1536.png 1287w, https:\/\/www.hsu-hh.de\/eb\/wp-content\/uploads\/sites\/662\/2023\/11\/0027klein-1717x2048.png 1717w, https:\/\/www.hsu-hh.de\/eb\/wp-content\/uploads\/sites\/662\/2023\/11\/0027klein-1100x1312.png 1100w\" sizes=\"auto, (max-width: 858px) 100vw, 858px\" \/><figcaption class=\"wp-element-caption\"><abbr title=\"Doktor\">Dr.<\/abbr> Antje Pabst<\/figcaption><\/figure>\n<\/div>\n\n\n\n<div class=\"wp-block-column is-layout-flow wp-block-column-is-layout-flow\">\n<p class=\"has-medium-font-size\"><strong>Kontakt<\/strong><\/p>\n\n\n\n<p><strong>Mail: <\/strong> antje.pabst@hsu-hh.de<\/p>\n\n\n\n<p><strong>Fon: <\/strong> +49 40 6541 3908<br><strong>Fax: <\/strong> +49 40 6541 2546<\/p>\n\n\n\n<p><strong>Raum: <\/strong> 2363\/2360<\/p>\n\n\n\n<div style=\"height:16px\" aria-hidden=\"true\" class=\"wp-block-spacer\"><\/div>\n\n\n\n<p class=\"has-medium-font-size\"><strong>Sprechzeiten <\/strong><\/p>\n\n\n\n<p>Di 15-16 Uhr und nach Vereinbarung<\/p>\n<\/div>\n\n\n\n<div class=\"wp-block-column is-layout-flow wp-block-column-is-layout-flow\" style=\"flex-basis:33.33%\">\n<p class=\"has-medium-font-size\"><strong>Postanschrift<\/strong><\/p>\n\n\n\n<p>Helmut-Schmidt-Universit\u00e4t<br>Fakult\u00e4t&nbsp;f\u00fcr Geistes- und Sozialwissenschaften<br>Professur f\u00fcr Erwachsenenbildung<br>Postfach 70 08 22<br>22008 Hamburg<\/p>\n\n\n\n<p class=\"has-medium-font-size\"><strong>Besucheranschrift<\/strong><\/p>\n\n\n\n<p>Helmut-Schmidt-Universit\u00e4t<br>Geb\u00e4ude H01<br>Holstenhofweg 85<br>22043 Hamburg<\/p>\n<\/div>\n<\/div>\n\n\n\n<div style=\"height:20px\" aria-hidden=\"true\" class=\"wp-block-spacer\"><\/div>\n\n\n\n<p class=\"has-medium-font-size\"><strong>Arbeitsschwerpunkte<\/strong><\/p>\n\n\n\n<ul class=\"wp-block-list\">\n<li>Lehr-Lernforschung in der Erwachsenenbildung und (beruflichen) Weiterbildung, insbesondere im Rahmen von Alphabetisierung und Grundbildung, Literalit\u00e4t und Numeralit\u00e4t, Bildungsfreistellung\/Bildungsurlaub\/Bildungszeit sowie in Bezug auf bildungsbenachteiligte Adressatengruppen <\/li>\n\n\n\n<li>Subjektwissenschaftliche Forschung in Bezug auf ver\u00e4nderte Besch\u00e4ftigungsverh\u00e4ltnisse und ihren Auswirkungen auf individuelle Beruflichkeit (Promotion)<\/li>\n\n\n\n<li>Partizipative Forschung in der Grundbildung<\/li>\n<\/ul>\n\n\n\n<div style=\"height:20px\" aria-hidden=\"true\" class=\"wp-block-spacer\"><\/div>\n\n\n\n<div style=\"height:20px\" aria-hidden=\"true\" class=\"wp-block-spacer\"><\/div>\n\n\n\n<p class=\"has-medium-font-size\"><strong><a href=\"https:\/\/www.hsu-hh.de\/eb\/veroeffentlichungen-dr-antje-pabst\" data-type=\"page\" data-id=\"2527\">Ver\u00f6ffentlichungen<\/a><\/strong><\/p>\n\n\n\n<div style=\"height:20px\" aria-hidden=\"true\" class=\"wp-block-spacer\"><\/div>\n\n\n\n<p><strong><a href=\"https:\/\/www.hsu-hh.de\/eb\/kurzvita-pabst\" data-type=\"page\" data-id=\"2525\">Kurzvita<\/a><\/strong><br><br><\/p>\n","protected":false},"excerpt":{"rendered":"<p>Kontakt Mail: antje.pabst@hsu-hh.de Fon: +49 40 6541 3908Fax: +49 40 6541 2546 Raum: 2363\/2360 Sprechzeiten Di 15-16 Uhr und nach Vereinbarung Postanschrift Helmut-Schmidt-Universit\u00e4tFakult\u00e4t&nbsp;f\u00fcr Geistes- und SozialwissenschaftenProfessur f\u00fcr ErwachsenenbildungPostfach 70 08 [&hellip;]<\/p>\n","protected":false},"author":2369,"featured_media":0,"parent":0,"menu_order":0,"comment_status":"closed","ping_status":"closed","template":"","meta":{"footnotes":""},"categories":[4],"tags":[],"class_list":["post-1194","page","type-page","status-publish","hentry","category-forschung"],"_links":{"self":[{"href":"https:\/\/www.hsu-hh.de\/eb\/wp-json\/wp\/v2\/pages\/1194","targetHints":{"allow":["GET"]}}],"collection":[{"href":"https:\/\/www.hsu-hh.de\/eb\/wp-json\/wp\/v2\/pages"}],"about":[{"href":"https:\/\/www.hsu-hh.de\/eb\/wp-json\/wp\/v2\/types\/page"}],"author":[{"embeddable":true,"href":"https:\/\/www.hsu-hh.de\/eb\/wp-json\/wp\/v2\/users\/2369"}],"replies":[{"embeddable":true,"href":"https:\/\/www.hsu-hh.de\/eb\/wp-json\/wp\/v2\/comments?post=1194"}],"version-history":[{"count":71,"href":"https:\/\/www.hsu-hh.de\/eb\/wp-json\/wp\/v2\/pages\/1194\/revisions"}],"predecessor-version":[{"id":2924,"href":"https:\/\/www.hsu-hh.de\/eb\/wp-json\/wp\/v2\/pages\/1194\/revisions\/2924"}],"wp:attachment":[{"href":"https:\/\/www.hsu-hh.de\/eb\/wp-json\/wp\/v2\/media?parent=1194"}],"wp:term":[{"taxonomy":"category","embeddable":true,"href":"https:\/\/www.hsu-hh.de\/eb\/wp-json\/wp\/v2\/categories?post=1194"},{"taxonomy":"post_tag","embeddable":true,"href":"https:\/\/www.hsu-hh.de\/eb\/wp-json\/wp\/v2\/tags?post=1194"}],"curies":[{"name":"wp","href":"https:\/\/api.w.org\/{rel}","templated":true}]}}