{"id":1023,"date":"2021-02-22T19:22:08","date_gmt":"2021-02-22T18:22:08","guid":{"rendered":"https:\/\/www.hsu-hh.de\/eb\/?page_id=1023"},"modified":"2025-04-01T10:11:22","modified_gmt":"2025-04-01T08:11:22","slug":"schudoma","status":"publish","type":"page","link":"https:\/\/www.hsu-hh.de\/eb\/schudoma","title":{"rendered":"Laura Schudoma, M.A."},"content":{"rendered":"\n<div style=\"height:20px\" aria-hidden=\"true\" class=\"wp-block-spacer\"><\/div>\n\n\n\n<div class=\"wp-block-columns is-layout-flex wp-container-core-columns-is-layout-9d6595d7 wp-block-columns-is-layout-flex\">\n<div class=\"wp-block-column is-layout-flow wp-block-column-is-layout-flow\" style=\"flex-basis:33.34%\">\n<figure class=\"wp-block-image size-large is-resized\"><img loading=\"lazy\" decoding=\"async\" width=\"810\" height=\"1024\" src=\"https:\/\/www.hsu-hh.de\/eb\/wp-content\/uploads\/sites\/662\/2021\/01\/Foto-Laura-HP_gross-810x1024.png\" data-credit=\"Laura Schudoma\" alt=\"Laura Schudoma\" class=\"wp-image-1139\" style=\"width:337px;height:auto\" srcset=\"https:\/\/www.hsu-hh.de\/eb\/wp-content\/uploads\/sites\/662\/2021\/01\/Foto-Laura-HP_gross-810x1024.png 810w, https:\/\/www.hsu-hh.de\/eb\/wp-content\/uploads\/sites\/662\/2021\/01\/Foto-Laura-HP_gross-237x300.png 237w, https:\/\/www.hsu-hh.de\/eb\/wp-content\/uploads\/sites\/662\/2021\/01\/Foto-Laura-HP_gross-768x971.png 768w, https:\/\/www.hsu-hh.de\/eb\/wp-content\/uploads\/sites\/662\/2021\/01\/Foto-Laura-HP_gross-1215x1536.png 1215w, https:\/\/www.hsu-hh.de\/eb\/wp-content\/uploads\/sites\/662\/2021\/01\/Foto-Laura-HP_gross-1620x2048.png 1620w, https:\/\/www.hsu-hh.de\/eb\/wp-content\/uploads\/sites\/662\/2021\/01\/Foto-Laura-HP_gross-1100x1391.png 1100w, https:\/\/www.hsu-hh.de\/eb\/wp-content\/uploads\/sites\/662\/2021\/01\/Foto-Laura-HP_gross.png 1767w\" sizes=\"auto, (max-width: 810px) 100vw, 810px\" \/><figcaption class=\"wp-element-caption\">Laura Schudoma M.A.<\/figcaption><\/figure>\n<\/div>\n\n\n\n<div class=\"wp-block-column is-layout-flow wp-block-column-is-layout-flow\">\n<p class=\"has-medium-font-size\"><strong>Kontakt<\/strong><\/p>\n\n\n\n<p><strong>Mail: <\/strong> laura.schudoma@hsu-hh.de<\/p>\n\n\n\n<p><strong>Fon: <\/strong> +49 40 6541 2566<br><strong>Fax: <\/strong> +49 40 6541 2546<\/p>\n\n\n\n<p><strong>Raum: <\/strong> 2361<\/p>\n\n\n\n<div style=\"height:36px\" aria-hidden=\"true\" class=\"wp-block-spacer\"><\/div>\n\n\n\n<p class=\"has-medium-font-size\"><strong>Sprechzeiten <\/strong><\/p>\n\n\n\n<p>nach Vereinbarung<\/p>\n<\/div>\n\n\n\n<div class=\"wp-block-column is-layout-flow wp-block-column-is-layout-flow\" style=\"flex-basis:33.33%\">\n<p class=\"has-medium-font-size\"><strong>Postanschrift<\/strong><\/p>\n\n\n\n<p>Helmut-Schmidt-Universit\u00e4t<br>Fakult\u00e4t&nbsp;f\u00fcr Geistes- und Sozialwissenschaften<br>Professur f\u00fcr Erwachsenenbildung<br>Postfach 70 08 22<br>22008 Hamburg<\/p>\n\n\n\n<p class=\"has-medium-font-size\"><strong>Besucheranschrift<\/strong><\/p>\n\n\n\n<p>Helmut-Schmidt-Universit\u00e4t<br>Geb\u00e4ude H01<br>Holstenhofweg 85<br>22043 Hamburg<\/p>\n<\/div>\n<\/div>\n\n\n\n<div style=\"height:20px\" aria-hidden=\"true\" class=\"wp-block-spacer\"><\/div>\n\n\n\n<p class=\"has-medium-font-size\"><strong>Arbeitsschwerpunkte<\/strong><\/p>\n\n\n\n<ul class=\"wp-block-list\">\n<li>Politische Erwachsenenbildung in praktischer und theoretischer Perspektive<\/li>\n\n\n\n<li>Lernen und Lehren von Erwachsenen<\/li>\n\n\n\n<li>Geschichtsbewusstsein und Erwachsenenbildung<\/li>\n\n\n\n<li>Qualitative Biographie- und Bildungsforschung<\/li>\n\n\n\n<li>Bildungstheorie<\/li>\n\n\n\n<li>In meinem Dissertationsvorhaben besch\u00e4ftige ich mich derzeit mit gesellschaftlicher Teilhabe im Kontext von biographischen Bewegungen in geschichtlichen Lern- und Bildungswelten.<\/li>\n<\/ul>\n\n\n\n<div style=\"height:40px\" aria-hidden=\"true\" class=\"wp-block-spacer\"><\/div>\n\n\n\n<p class=\"has-medium-font-size\"><strong><a href=\"https:\/\/www.hsu-hh.de\/eb\/veroeffentlichungen-schudoma\" data-type=\"page\" data-id=\"2536\">Ver\u00f6ffentlichungen<\/a><\/strong><\/p>\n\n\n\n<div style=\"height:20px\" aria-hidden=\"true\" class=\"wp-block-spacer\"><\/div>\n\n\n\n<p><strong><a href=\"https:\/\/www.hsu-hh.de\/eb\/kurzvita-schudoma\" data-type=\"page\" data-id=\"2534\">Kurzvita<\/a><\/strong> <\/p>\n","protected":false},"excerpt":{"rendered":"<p>Kontakt Mail: laura.schudoma@hsu-hh.de Fon: +49 40 6541 2566Fax: +49 40 6541 2546 Raum: 2361 Sprechzeiten nach Vereinbarung Postanschrift Helmut-Schmidt-Universit\u00e4tFakult\u00e4t&nbsp;f\u00fcr Geistes- und SozialwissenschaftenProfessur f\u00fcr ErwachsenenbildungPostfach 70 08 2222008 Hamburg Besucheranschrift Helmut-Schmidt-Universit\u00e4tGeb\u00e4ude [&hellip;]<\/p>\n","protected":false},"author":2369,"featured_media":0,"parent":0,"menu_order":0,"comment_status":"closed","ping_status":"closed","template":"","meta":{"footnotes":""},"categories":[4],"tags":[],"class_list":["post-1023","page","type-page","status-publish","hentry","category-forschung"],"_links":{"self":[{"href":"https:\/\/www.hsu-hh.de\/eb\/wp-json\/wp\/v2\/pages\/1023","targetHints":{"allow":["GET"]}}],"collection":[{"href":"https:\/\/www.hsu-hh.de\/eb\/wp-json\/wp\/v2\/pages"}],"about":[{"href":"https:\/\/www.hsu-hh.de\/eb\/wp-json\/wp\/v2\/types\/page"}],"author":[{"embeddable":true,"href":"https:\/\/www.hsu-hh.de\/eb\/wp-json\/wp\/v2\/users\/2369"}],"replies":[{"embeddable":true,"href":"https:\/\/www.hsu-hh.de\/eb\/wp-json\/wp\/v2\/comments?post=1023"}],"version-history":[{"count":63,"href":"https:\/\/www.hsu-hh.de\/eb\/wp-json\/wp\/v2\/pages\/1023\/revisions"}],"predecessor-version":[{"id":2755,"href":"https:\/\/www.hsu-hh.de\/eb\/wp-json\/wp\/v2\/pages\/1023\/revisions\/2755"}],"wp:attachment":[{"href":"https:\/\/www.hsu-hh.de\/eb\/wp-json\/wp\/v2\/media?parent=1023"}],"wp:term":[{"taxonomy":"category","embeddable":true,"href":"https:\/\/www.hsu-hh.de\/eb\/wp-json\/wp\/v2\/categories?post=1023"},{"taxonomy":"post_tag","embeddable":true,"href":"https:\/\/www.hsu-hh.de\/eb\/wp-json\/wp\/v2\/tags?post=1023"}],"curies":[{"name":"wp","href":"https:\/\/api.w.org\/{rel}","templated":true}]}}