{"id":1018,"date":"2021-02-22T19:20:26","date_gmt":"2021-02-22T18:20:26","guid":{"rendered":"https:\/\/www.hsu-hh.de\/eb\/?page_id=1018"},"modified":"2024-12-05T15:04:58","modified_gmt":"2024-12-05T14:04:58","slug":"schmidt","status":"publish","type":"page","link":"https:\/\/www.hsu-hh.de\/eb\/schmidt","title":{"rendered":"Dr. Katja Schmidt"},"content":{"rendered":"\n<div style=\"height:20px\" aria-hidden=\"true\" class=\"wp-block-spacer\"><\/div>\n\n\n\n<div class=\"wp-block-columns is-layout-flex wp-container-core-columns-is-layout-9d6595d7 wp-block-columns-is-layout-flex\">\n<div class=\"wp-block-column is-layout-flow wp-block-column-is-layout-flow\" style=\"flex-basis:33.34%\">\n<figure class=\"wp-block-image size-large is-resized\"><img loading=\"lazy\" decoding=\"async\" width=\"905\" height=\"1024\" src=\"https:\/\/www.hsu-hh.de\/eb\/wp-content\/uploads\/sites\/662\/2021\/01\/katja-schmidt_bQ_Groesse-geaendert-905x1024.jpg\" data-credit=\"Dr. Katja Schmidt\" alt=\"Dr. Katja Schmidt\" class=\"wp-image-1189\" style=\"width:276px;height:auto\" srcset=\"https:\/\/www.hsu-hh.de\/eb\/wp-content\/uploads\/sites\/662\/2021\/01\/katja-schmidt_bQ_Groesse-geaendert-905x1024.jpg 905w, https:\/\/www.hsu-hh.de\/eb\/wp-content\/uploads\/sites\/662\/2021\/01\/katja-schmidt_bQ_Groesse-geaendert-265x300.jpg 265w, https:\/\/www.hsu-hh.de\/eb\/wp-content\/uploads\/sites\/662\/2021\/01\/katja-schmidt_bQ_Groesse-geaendert-768x869.jpg 768w, https:\/\/www.hsu-hh.de\/eb\/wp-content\/uploads\/sites\/662\/2021\/01\/katja-schmidt_bQ_Groesse-geaendert-1100x1245.jpg 1100w, https:\/\/www.hsu-hh.de\/eb\/wp-content\/uploads\/sites\/662\/2021\/01\/katja-schmidt_bQ_Groesse-geaendert.jpg 1153w\" sizes=\"auto, (max-width: 905px) 100vw, 905px\" \/><figcaption class=\"wp-element-caption\"><abbr title=\"Doktor\">Dr.<\/abbr> Katja Schmidt<\/figcaption><\/figure>\n<\/div>\n\n\n\n<div class=\"wp-block-column is-layout-flow wp-block-column-is-layout-flow\">\n<p class=\"has-medium-font-size\"><strong>Kontakt<\/strong>:<\/p>\n\n\n\n<p><strong>Mail: <\/strong> schmika@hsu-hh.de<\/p>\n\n\n\n<p><\/p>\n<\/div>\n\n\n\n<div class=\"wp-block-column is-layout-flow wp-block-column-is-layout-flow\" style=\"flex-basis:33.33%\">\n<p class=\"has-medium-font-size\"><strong>Postanschrift<\/strong>:<\/p>\n\n\n\n<p>Helmut-Schmidt-Universit\u00e4t<br>Fakult\u00e4t&nbsp;f\u00fcr Geistes- und Sozialwissenschaften<br>Professur f\u00fcr Erwachsenenbildung<br>Postfach 70 08 22<br>22008 Hamburg<\/p>\n\n\n\n<p class=\"has-medium-font-size\"><\/p>\n<\/div>\n<\/div>\n\n\n\n<div style=\"height:40px\" aria-hidden=\"true\" class=\"wp-block-spacer\"><\/div>\n\n\n\n<p class=\"has-medium-font-size\"><strong>Arbeitsschwerpunkte<\/strong><\/p>\n\n\n\n<p>Bildungstheorie, Qualitative Biographie- und Bildungsforschung, Lernen und Lehren in der beruflichen Weiterbildung, Postgraduate Medical Education sowie historische Erwachsenenbildungsforschung.<\/p>\n\n\n\n<div style=\"height:20px\" aria-hidden=\"true\" class=\"wp-block-spacer\"><\/div>\n\n\n\n<p class=\"has-medium-font-size\"><strong><a href=\"https:\/\/www.hsu-hh.de\/eb\/veroffentlichungen-schmidt\" data-type=\"page\" data-id=\"2576\">Ver\u00f6ffentlichungen<\/a><\/strong><\/p>\n\n\n\n<div style=\"height:20px\" aria-hidden=\"true\" class=\"wp-block-spacer\"><\/div>\n\n\n\n<p class=\"has-medium-font-size\"><strong><a href=\"https:\/\/www.hsu-hh.de\/eb\/kurzvita-schmidt\" data-type=\"page\" data-id=\"2574\">Kurzvita<\/a><\/strong><\/p>\n","protected":false},"excerpt":{"rendered":"<p>Kontakt: Mail: schmika@hsu-hh.de Postanschrift: Helmut-Schmidt-Universit\u00e4tFakult\u00e4t&nbsp;f\u00fcr Geistes- und SozialwissenschaftenProfessur f\u00fcr ErwachsenenbildungPostfach 70 08 2222008 Hamburg Arbeitsschwerpunkte Bildungstheorie, Qualitative Biographie- und Bildungsforschung, Lernen und Lehren in der beruflichen Weiterbildung, Postgraduate Medical Education [&hellip;]<\/p>\n","protected":false},"author":2369,"featured_media":0,"parent":0,"menu_order":0,"comment_status":"closed","ping_status":"closed","template":"","meta":{"footnotes":""},"categories":[4],"tags":[],"class_list":["post-1018","page","type-page","status-publish","hentry","category-forschung"],"_links":{"self":[{"href":"https:\/\/www.hsu-hh.de\/eb\/wp-json\/wp\/v2\/pages\/1018","targetHints":{"allow":["GET"]}}],"collection":[{"href":"https:\/\/www.hsu-hh.de\/eb\/wp-json\/wp\/v2\/pages"}],"about":[{"href":"https:\/\/www.hsu-hh.de\/eb\/wp-json\/wp\/v2\/types\/page"}],"author":[{"embeddable":true,"href":"https:\/\/www.hsu-hh.de\/eb\/wp-json\/wp\/v2\/users\/2369"}],"replies":[{"embeddable":true,"href":"https:\/\/www.hsu-hh.de\/eb\/wp-json\/wp\/v2\/comments?post=1018"}],"version-history":[{"count":39,"href":"https:\/\/www.hsu-hh.de\/eb\/wp-json\/wp\/v2\/pages\/1018\/revisions"}],"predecessor-version":[{"id":2579,"href":"https:\/\/www.hsu-hh.de\/eb\/wp-json\/wp\/v2\/pages\/1018\/revisions\/2579"}],"wp:attachment":[{"href":"https:\/\/www.hsu-hh.de\/eb\/wp-json\/wp\/v2\/media?parent=1018"}],"wp:term":[{"taxonomy":"category","embeddable":true,"href":"https:\/\/www.hsu-hh.de\/eb\/wp-json\/wp\/v2\/categories?post=1018"},{"taxonomy":"post_tag","embeddable":true,"href":"https:\/\/www.hsu-hh.de\/eb\/wp-json\/wp\/v2\/tags?post=1018"}],"curies":[{"name":"wp","href":"https:\/\/api.w.org\/{rel}","templated":true}]}}