{"id":850,"date":"2024-12-18T20:31:59","date_gmt":"2024-12-18T19:31:59","guid":{"rendered":"https:\/\/www.hsu-hh.de\/drc\/?page_id=850"},"modified":"2026-04-24T09:16:58","modified_gmt":"2026-04-24T07:16:58","slug":"neuigkeiten","status":"publish","type":"page","link":"https:\/\/www.hsu-hh.de\/drc\/neuigkeiten\/","title":{"rendered":"Neuigkeiten"},"content":{"rendered":"\n<hr class=\"wp-block-separator has-alpha-channel-opacity\" \/>\n\n\n\n<p><br>21.04.2026  <\/p>\n\n\n\n<p><strong>DRC startet mit erstem Transferworkshop an der <abbr title=\"Helmut Schmidt Universit\u00e4t\">HSU<\/abbr> f\u00fcr 2026<\/strong>. Das Democratic Resilience Center der <abbr title=\"Helmut Schmidt Universit\u00e4t\">HSU<\/abbr> konnte am heutigen Tage (21.04.2026) mit der Workshoparbeit beginnen. <abbr title=\"Doktor\">Dr.<\/abbr> Charalampos (Babis) Karpouchtsis begann die Reihe der Veranstaltungen mit einem Transferworkshop f\u00fcr politische Bildung, an der f\u00e4chergruppen\u00fcbergreifend Wissenschaftler*innen aus Psychologie, Geschichte und Politikwissenschaft teilnahmen. Der Fokus der Veranstaltung lag dabei auf der interdisziplin\u00e4ren Verst\u00e4ndigung zwischen den Professuren und den Kolleg*innen um Punkte der Zusammenarbeit unter dem Schirm des DRC zu identifizieren und diese zu erm\u00f6glichen. Hierbei konnten auch erste Erfolge verbucht werden: Eine zuk\u00fcnftige Zusammenarbeit von Geschichtswissenschaftler*innen und Psycholog*innen im Bereich der politischen Entwicklung im Baltikum wurde bereits angesto\u00dfen. Wir w\u00fcnschen den Kolleg*innen viel Erfolg bei ihren Vorhaben!<\/p>\n\n\n\n<hr class=\"wp-block-separator has-alpha-channel-opacity\" \/>\n\n\n\n<p><em>18. Dezember 2024<\/em>:<\/p>\n\n\n\n<p>Das Democratic Resilience Center freut sich, die Auswahl unserer International Fellows f\u00fcr 2025 bekanntzugeben. Unsere Fellows werden aufgrund ihrer fachlichen Expertise, akademischen Leistungen und ihres starken Charakters ausgew\u00e4hlt, ebenso wie aufgrund ihres Interesses daran, demokratische Resilienz zu verbessern und unsere kollektive Sicherheit in diesen herausfordernden Zeiten zu st\u00e4rken.<\/p>\n\n\n\n<p><a href=\"https:\/\/www.linkedin.com\/in\/isabel-chandler\/\" target=\"_blank\" rel=\"noreferrer noopener\">Isabel Chandler<\/a>&nbsp;(USA)<br><a href=\"https:\/\/www.linkedin.com\/in\/ACoAACAwg3sBn-bviEkvixRE_40yz-K23MgOtrw\" target=\"_blank\" rel=\"noreferrer noopener\"><\/a><a href=\"https:\/\/www.linkedin.com\/in\/alissa-chmiel\/\" target=\"_blank\" rel=\"noreferrer noopener\">Alissa Chmiel<\/a>&nbsp;(Deutschland)<br><a href=\"https:\/\/www.linkedin.com\/in\/ACoAAEZf7A8BFXwZ9bQyOIs4e0MlLcflPsyXZaw\" target=\"_blank\" rel=\"noreferrer noopener\"><\/a><a href=\"https:\/\/www.linkedin.com\/in\/maria-constantinescu-63b4b228b\/\" target=\"_blank\" rel=\"noreferrer noopener\">Maria Constantinescu<\/a>&nbsp;(Rum\u00e4nien)<br><a href=\"https:\/\/www.linkedin.com\/in\/ACoAADPxDPABGGVt-aE-HRftnSrGEsMkuWvDmF4\" target=\"_blank\" rel=\"noreferrer noopener\"><\/a><a href=\"https:\/\/www.linkedin.com\/in\/ilaria-gallo-b54a12203\/\" target=\"_blank\" rel=\"noreferrer noopener\">Ilaria Gallo<\/a>&nbsp;(Italien)<br><a href=\"https:\/\/www.linkedin.com\/in\/ACoAABjJ00cB9doo6M-wfp_7U29-AJsmbkORC5w\" target=\"_blank\" rel=\"noreferrer noopener\"><\/a><a href=\"https:\/\/www.linkedin.com\/in\/aogedikli\/\" target=\"_blank\" rel=\"noreferrer noopener\">Ardahan \u00d6zkan Gedikli<\/a>&nbsp;(Deutschland)<br>Vivian Kristofferson (USA)<br><a href=\"https:\/\/www.linkedin.com\/in\/ACoAAADci5IBfolpywuKtu3J0zkwL5fRE3i53nU\" target=\"_blank\" rel=\"noreferrer noopener\"><\/a><a href=\"https:\/\/www.linkedin.com\/in\/gentrylane\/\" target=\"_blank\" rel=\"noreferrer noopener\">Gentry Lane<\/a>&nbsp;(USA)<br><a href=\"https:\/\/www.linkedin.com\/in\/ACoAAEH73m8BoMtbirP32C_gW0PILQQyhvdMM0Q\" target=\"_blank\" rel=\"noreferrer noopener\"><\/a><a href=\"https:\/\/www.linkedin.com\/in\/franck-maxime-y-9278a726a\/\" target=\"_blank\" rel=\"noreferrer noopener\">Franck Maxime Y.<\/a>ankam Lemdjo (Kamerun)<br><a href=\"https:\/\/www.linkedin.com\/in\/ACoAAAXZfMQBhqIk63UlcToIOG97v2duEleP0yM\" target=\"_blank\" rel=\"noreferrer noopener\"><\/a><a href=\"https:\/\/www.linkedin.com\/in\/rebecca-nicholson-phd\/\" target=\"_blank\" rel=\"noreferrer noopener\"><abbr title=\"Doktor\">Dr.<\/abbr>&nbsp;Rebecca Nicholson<\/a>&nbsp;(USA)<br><a href=\"https:\/\/www.linkedin.com\/in\/ACoAAChY2roBV8cEMAFLCgBrUXTaeidnY7JPJn8\" target=\"_blank\" rel=\"noreferrer noopener\"><\/a><a href=\"https:\/\/www.linkedin.com\/in\/nicolaifgn\/\" target=\"_blank\" rel=\"noreferrer noopener\">Nicolai Nielsen<\/a>&nbsp;(D\u00e4nemark)<br><abbr title=\"Doktor\">Dr.<\/abbr>&nbsp;<a href=\"https:\/\/www.linkedin.com\/in\/ACoAAAEOKqMBD3U3xmnG9YfAkxLPutaPt7SI52w\" target=\"_blank\" rel=\"noreferrer noopener\"><\/a><a href=\"https:\/\/www.linkedin.com\/in\/nnekanorville\/\" target=\"_blank\" rel=\"noreferrer noopener\">Nneka N.<\/a>&nbsp;Okechukwa (Nigeria)<br><a href=\"https:\/\/www.linkedin.com\/in\/ACoAACLiQxsBoTCw3_IcdK1MUMLfQBfIdPaSDTQ\" target=\"_blank\" rel=\"noreferrer noopener\"><\/a><a href=\"https:\/\/www.linkedin.com\/in\/i%C3%B1aki-oyon-barrio-563000144\/\" target=\"_blank\" rel=\"noreferrer noopener\">I\u00f1aki Oyon Barrio<\/a>&nbsp;(Spanien)<br>Maria&nbsp;<a href=\"https:\/\/www.linkedin.com\/in\/ACoAAEHf2UcBHeDdqF8ro70nRs9IbDdhftf-3Xg\" target=\"_blank\" rel=\"noreferrer noopener\"><\/a><a href=\"https:\/\/www.linkedin.com\/in\/leonor-pinheiro-0b316126a\/\" target=\"_blank\" rel=\"noreferrer noopener\">Leonor Pinheiro<\/a>&nbsp;(Portugal)<br><a href=\"https:\/\/www.linkedin.com\/in\/ACoAAAzX-9cBaLhRYzTmoWlE8ujlvacAJwobMNY\" target=\"_blank\" rel=\"noreferrer noopener\"><\/a><a href=\"https:\/\/www.linkedin.com\/in\/john-pepe-soto-9b31b760\/\" target=\"_blank\" rel=\"noreferrer noopener\">John Pepe Soto<\/a>&nbsp;(USA)<br><a href=\"https:\/\/www.linkedin.com\/in\/ACoAACTAMkQBQmvo-WfTBXutzfrpq13OjGUM5B0\" target=\"_blank\" rel=\"noreferrer noopener\"><\/a><a href=\"https:\/\/www.linkedin.com\/in\/semih-terzi-6845a6152\/\" target=\"_blank\" rel=\"noreferrer noopener\">Semih Terzi<\/a>&nbsp;(Deutschland)<br><a href=\"https:\/\/www.linkedin.com\/in\/ACoAAClJklMBYCDJnRJxS6_3PaZLM6ACuwNZFq8\" target=\"_blank\" rel=\"noreferrer noopener\"><\/a><a href=\"https:\/\/www.linkedin.com\/in\/amaltobich\/\" target=\"_blank\" rel=\"noreferrer noopener\">Amal Tobich<\/a>&nbsp;(Tunesien)<br><a href=\"https:\/\/www.linkedin.com\/in\/ACoAACoZWzMB1Ykyr0yMdU8GAJ6GJhl9hi_GBVQ\" target=\"_blank\" rel=\"noreferrer noopener\"><\/a><a href=\"https:\/\/www.linkedin.com\/in\/brunodevesavieira\/\" target=\"_blank\" rel=\"noreferrer noopener\">Bruno Vieira<\/a>&nbsp;(Portugal)<\/p>\n\n\n\n<p>Unsere Fellows werden zu den folgenden sechs Themenbereichen forschen:<\/p>\n\n\n\n<ul class=\"wp-block-list\">\n<li><strong>Definition demokratischer Resilienz, Identifikation von Bedrohungen und Best Practices<\/strong><\/li>\n\n\n\n<li><strong>Gemeinsame demokratische Werte definieren<\/strong><\/li>\n\n\n\n<li><strong>Sicherheit als Grundlage f\u00fcr demokratische Resilienz<\/strong><\/li>\n\n\n\n<li><strong>F\u00f6rderung des zivilgesellschaftlichen Verst\u00e4ndnisses f\u00fcr demokratische Resilienz<\/strong><\/li>\n\n\n\n<li><strong>Pr\u00e4diktive Modellierung von Bedrohungen der demokratischen Resilienz mit Fokus auf Desinformation<\/strong><\/li>\n\n\n\n<li><strong>Gro\u00dfe Strategie zur Erreichung demokratischer Resilienz<\/strong><\/li>\n<\/ul>\n\n\n\n<p>Wir sind stolz darauf, diese wegweisenden Pers\u00f6nlichkeiten als Teil unseres Teams, im neuen Fellowship-Programm zu haben.<\/p>\n\n\n\n<hr class=\"wp-block-separator has-alpha-channel-opacity\" \/>\n\n\n\n<p><\/p>\n","protected":false},"excerpt":{"rendered":"<p>21.04.2026 DRC startet mit erstem Transferworkshop an der HSU f\u00fcr 2026. Das Democratic Resilience Center der HSU konnte am heutigen Tage (21.04.2026) mit der Workshoparbeit beginnen. Dr. Charalampos (Babis) Karpouchtsis [&hellip;]<\/p>\n","protected":false},"author":3912,"featured_media":0,"parent":0,"menu_order":0,"comment_status":"closed","ping_status":"closed","template":"","meta":{"footnotes":""},"categories":[4],"tags":[],"class_list":["post-850","page","type-page","status-publish","hentry","category-forschung"],"_links":{"self":[{"href":"https:\/\/www.hsu-hh.de\/drc\/wp-json\/wp\/v2\/pages\/850","targetHints":{"allow":["GET"]}}],"collection":[{"href":"https:\/\/www.hsu-hh.de\/drc\/wp-json\/wp\/v2\/pages"}],"about":[{"href":"https:\/\/www.hsu-hh.de\/drc\/wp-json\/wp\/v2\/types\/page"}],"author":[{"embeddable":true,"href":"https:\/\/www.hsu-hh.de\/drc\/wp-json\/wp\/v2\/users\/3912"}],"replies":[{"embeddable":true,"href":"https:\/\/www.hsu-hh.de\/drc\/wp-json\/wp\/v2\/comments?post=850"}],"version-history":[{"count":10,"href":"https:\/\/www.hsu-hh.de\/drc\/wp-json\/wp\/v2\/pages\/850\/revisions"}],"predecessor-version":[{"id":919,"href":"https:\/\/www.hsu-hh.de\/drc\/wp-json\/wp\/v2\/pages\/850\/revisions\/919"}],"wp:attachment":[{"href":"https:\/\/www.hsu-hh.de\/drc\/wp-json\/wp\/v2\/media?parent=850"}],"wp:term":[{"taxonomy":"category","embeddable":true,"href":"https:\/\/www.hsu-hh.de\/drc\/wp-json\/wp\/v2\/categories?post=850"},{"taxonomy":"post_tag","embeddable":true,"href":"https:\/\/www.hsu-hh.de\/drc\/wp-json\/wp\/v2\/tags?post=850"}],"curies":[{"name":"wp","href":"https:\/\/api.w.org\/{rel}","templated":true}]}}