{"id":565,"date":"2024-09-18T10:27:21","date_gmt":"2024-09-18T08:27:21","guid":{"rendered":"https:\/\/www.hsu-hh.de\/drc\/?page_id=565"},"modified":"2024-12-07T11:59:38","modified_gmt":"2024-12-07T10:59:38","slug":"forschung-2","status":"publish","type":"page","link":"https:\/\/www.hsu-hh.de\/drc\/forschung-2\/","title":{"rendered":"Forschung, Projekte &amp; Publikationen"},"content":{"rendered":"\n<hr class=\"wp-block-separator has-alpha-channel-opacity\" \/>\n\n\n\n<h2 class=\"wp-block-heading\">Projekte<\/h2>\n\n\n\n<hr class=\"wp-block-separator has-alpha-channel-opacity\" \/>\n\n\n\n<p>Das DRC verfolgt eine weitreichende Forschungsagenda, um die Vision einer Welt zu verwirklichen, in der demokratische Gesellschaften widerstandsf\u00e4hig, robust, glaubw\u00fcrdig und in der Lage sind, Herausforderungen und Bedrohungen zu erkennen, abzuwehren und zu bew\u00e4ltigen. Derzeit konzentrieren wir uns auf sechs Schwerpunktbereiche \u2013 einige mit kurzfristigen Zeitpl\u00e4nen (1-2 Jahre) und andere mit langfristigen Perspektiven (5-10 Jahre):<\/p>\n\n\n\n<ul class=\"wp-block-list\">\n<li><strong>Demokratische Resilienz definieren: Bedrohungen und bew\u00e4hrte Praktiken<\/strong><\/li>\n\n\n\n<li><strong>Gemeinsame demokratische Werte definieren<\/strong><\/li>\n\n\n\n<li><strong>Sicherheit als Grundlage demokratischer Resilienz<\/strong><\/li>\n\n\n\n<li><strong>F\u00f6rderung des zivilen Verst\u00e4ndnisses von demokratischer Resilienz<\/strong><\/li>\n\n\n\n<li><strong>Pr\u00e4diktive Modellierung von Bedrohungen f\u00fcr die demokratische Resilie<\/strong><\/li>\n\n\n\n<li><strong>Gro\u00dfe Strategie zur Erreichung demokratischer Resilienz<\/strong><\/li>\n<\/ul>\n\n\n\n<p>Wenn Sie daran interessiert sind, eines dieser Projekte zu unterst\u00fctzen \u2013 sei es durch Beitr\u00e4ge zu unseren Forschungsbem\u00fchungen oder durch finanzielle Unterst\u00fctzung zur Erweiterung unserer Forschungskapazit\u00e4ten \u2013&nbsp;<strong>Kontaktieren Sie uns gerne<\/strong>.&nbsp;<\/p>\n\n\n\n<hr class=\"wp-block-separator has-alpha-channel-opacity\" \/>\n\n\n\n<figure class=\"wp-block-image size-large\"><img loading=\"lazy\" decoding=\"async\" width=\"1024\" height=\"574\" src=\"https:\/\/www.hsu-hh.de\/drc\/wp-content\/uploads\/sites\/917\/2024\/10\/IMG_3614-1-1024x574.jpeg\" data-credit=\"DRC\" alt=\"\" class=\"wp-image-737\" srcset=\"https:\/\/www.hsu-hh.de\/drc\/wp-content\/uploads\/sites\/917\/2024\/10\/IMG_3614-1-1024x574.jpeg 1024w, https:\/\/www.hsu-hh.de\/drc\/wp-content\/uploads\/sites\/917\/2024\/10\/IMG_3614-1-300x168.jpeg 300w, https:\/\/www.hsu-hh.de\/drc\/wp-content\/uploads\/sites\/917\/2024\/10\/IMG_3614-1-768x430.jpeg 768w, https:\/\/www.hsu-hh.de\/drc\/wp-content\/uploads\/sites\/917\/2024\/10\/IMG_3614-1-1536x860.jpeg 1536w, https:\/\/www.hsu-hh.de\/drc\/wp-content\/uploads\/sites\/917\/2024\/10\/IMG_3614-1-2048x1147.jpeg 2048w, https:\/\/www.hsu-hh.de\/drc\/wp-content\/uploads\/sites\/917\/2024\/10\/IMG_3614-1-1100x616.jpeg 1100w\" sizes=\"auto, (max-width: 1024px) 100vw, 1024px\" \/><\/figure>\n","protected":false},"excerpt":{"rendered":"<p>Projekte Das DRC verfolgt eine weitreichende Forschungsagenda, um die Vision einer Welt zu verwirklichen, in der demokratische Gesellschaften widerstandsf\u00e4hig, robust, glaubw\u00fcrdig und in der Lage sind, Herausforderungen und Bedrohungen zu [&hellip;]<\/p>\n","protected":false},"author":3912,"featured_media":0,"parent":0,"menu_order":0,"comment_status":"closed","ping_status":"closed","template":"","meta":{"footnotes":""},"categories":[4],"tags":[],"class_list":["post-565","page","type-page","status-publish","hentry","category-forschung"],"_links":{"self":[{"href":"https:\/\/www.hsu-hh.de\/drc\/wp-json\/wp\/v2\/pages\/565","targetHints":{"allow":["GET"]}}],"collection":[{"href":"https:\/\/www.hsu-hh.de\/drc\/wp-json\/wp\/v2\/pages"}],"about":[{"href":"https:\/\/www.hsu-hh.de\/drc\/wp-json\/wp\/v2\/types\/page"}],"author":[{"embeddable":true,"href":"https:\/\/www.hsu-hh.de\/drc\/wp-json\/wp\/v2\/users\/3912"}],"replies":[{"embeddable":true,"href":"https:\/\/www.hsu-hh.de\/drc\/wp-json\/wp\/v2\/comments?post=565"}],"version-history":[{"count":6,"href":"https:\/\/www.hsu-hh.de\/drc\/wp-json\/wp\/v2\/pages\/565\/revisions"}],"predecessor-version":[{"id":839,"href":"https:\/\/www.hsu-hh.de\/drc\/wp-json\/wp\/v2\/pages\/565\/revisions\/839"}],"wp:attachment":[{"href":"https:\/\/www.hsu-hh.de\/drc\/wp-json\/wp\/v2\/media?parent=565"}],"wp:term":[{"taxonomy":"category","embeddable":true,"href":"https:\/\/www.hsu-hh.de\/drc\/wp-json\/wp\/v2\/categories?post=565"},{"taxonomy":"post_tag","embeddable":true,"href":"https:\/\/www.hsu-hh.de\/drc\/wp-json\/wp\/v2\/tags?post=565"}],"curies":[{"name":"wp","href":"https:\/\/api.w.org\/{rel}","templated":true}]}}