{"id":556,"date":"2024-09-18T10:19:48","date_gmt":"2024-09-18T08:19:48","guid":{"rendered":"https:\/\/www.hsu-hh.de\/drc\/?page_id=556"},"modified":"2026-03-17T13:28:57","modified_gmt":"2026-03-17T12:28:57","slug":"team-3","status":"publish","type":"page","link":"https:\/\/www.hsu-hh.de\/drc\/team-3\/","title":{"rendered":"Team"},"content":{"rendered":"\n<div class=\"wp-block-columns is-layout-flex wp-container-core-columns-is-layout-9d6595d7 wp-block-columns-is-layout-flex\">\n<div class=\"wp-block-column is-layout-flow wp-block-column-is-layout-flow\" style=\"flex-basis:54%\">\n<p class=\"has-text-align-left\">Das DRC-Team arbeitet mit leitenden Wissenschaftlern und Regierungsorganisationen zusammen, um sicherzustellen, dass die aus unserer Forschung gewonnenen Erkenntnisse in eine Reihe von Aktivit\u00e4ten einflie\u00dfen, die von staatsb\u00fcrgerlicher Bildung bis hin zur Politikberatung reichen \u2013 alles mit dem Ziel, die demokratische Widerstandsf\u00e4higkeit zu st\u00e4rken.<\/p>\n<\/div>\n\n\n\n<div class=\"wp-block-column is-vertically-aligned-stretch is-layout-flow wp-block-column-is-layout-flow\" style=\"flex-basis:46%\"><div class=\"wp-block-image\">\n<figure class=\"alignright is-resized\"><img decoding=\"async\" src=\"https:\/\/www.hsu-hh.de\/drc\/wp-content\/uploads\/sites\/917\/2024\/03\/DRC-blau-CMYK.svg\" alt=\"DrC Text\" class=\"wp-image-352\" style=\"width:406px;height:auto\" \/><\/figure>\n<\/div><\/div>\n<\/div>\n\n\n\n<hr class=\"wp-block-separator has-alpha-channel-opacity\" \/>\n\n\n\n<h2 class=\"wp-block-heading\">Leads<\/h2>\n\n\n\n<hr class=\"wp-block-separator has-alpha-channel-opacity\" \/>\n\n\n\n<p><strong><abbr title=\"Doktor\">Dr.<\/abbr> Jill Long \u2013 Lead des Democratic Resilience Centre<\/strong><\/p>\n\n\n\n<p><a href=\"https:\/\/www.hsu-hh.de\/politiktheorie\/team\/jill-long\"><abbr title=\"Doktor\">Dr.<\/abbr> Jill Long<\/a>, eine pensionierte Stabsoffizierin der U.S. Air Force, bringt mehr als 30 Jahre praktische Erfahrung als Sicherheitsexpertin und 15 Jahre Erfahrung als Senior Professorin f\u00fcr Strategische F\u00fchrung in das Democratic Resilience Centre ein. <abbr title=\"Doktor\">Dr.<\/abbr> Long hat das Strategic Emergence Model\u2122 entwickelt und damit eine Struktur geschaffen, die strategisches Design f\u00fcr hybride Konflikte und den Wettbewerb zwischen Gro\u00dfm\u00e4chten unterst\u00fctzt und eine Verbindung zwischen gro\u00dfangelegten strategischen \u00dcberlegungen und Planungsprozessen auf Beh\u00f6rden- und Ministerialebene herstellt. Als Vorsitzende im Democratic Resilience Centre leitet sie den Prozess der Umsetzung der Forschungsergebnisse des Zentrums in praktische L\u00f6sungen, die potenzielle Bedrohungen f\u00fcr Demokratien mindern und die demokratische Resilienz st\u00e4rken k\u00f6nnen.<\/p>\n\n\n\n<hr class=\"wp-block-separator has-alpha-channel-opacity\" \/>\n\n\n\n<p><strong><abbr title=\"Doktor\">Dr.<\/abbr> Babis C. Karpouchtsis &#8211; Lead f\u00fcr politische Bildung&nbsp;&nbsp;<\/strong><\/p>\n\n\n\n<p><a href=\"https:\/\/www.hsu-hh.de\/politiktheorie\/team\/babisck\"><abbr title=\"Doktor\">Dr.<\/abbr> Charalampos Babis Karpouchtsis<\/a> ist Politikwissenschaftler mit einem Hintergrund in Politikberatung, Au\u00dfenpolitik und politischer Bildung. Seine Forschungsschwerpunkte sind Au\u00dfenpolitik, Konfliktl\u00f6sung, strategische Kultur und politische Narrative sowie der Einfluss k\u00fcnstlicher Intelligenz in diesen Bereichen und ihre Rolle bei der F\u00f6rderung des sozialen Zusammenhalts. In seiner Verantwortung f\u00fcr politische Bildung setzt er sich f\u00fcr die Entwicklung von Bildungsprogrammen ein, die demokratisches Bewusstsein und sozialen Zusammenhalt st\u00e4rken. Durch seine Arbeit versucht er, die L\u00fccke zwischen akademischer Forschung und politischem Engagement zu schlie\u00dfen und B\u00fcrger zu bef\u00e4higen, an der Gestaltung widerstandsf\u00e4higer demokratischer Gesellschaften mitzuwirken.<\/p>\n\n\n\n<hr class=\"wp-block-separator has-alpha-channel-opacity\" \/>\n\n\n\n<h2 class=\"wp-block-heading\">2025 Internationale Gastwissenschaftler<\/h2>\n\n\n\n<hr class=\"wp-block-separator has-alpha-channel-opacity\" \/>\n\n\n\n<p><strong>Isabel Chandler (USA)<\/strong>&nbsp;ist Politik-Analystin beim US-Handelsministerium. Sie arbeitet im Bereich Informations- und Kommunikationstechnologie-Dienstleistungen (ICTS) und entwickelt Richtlinien zu technologischen Komponenten, die potenziell sch\u00e4dlich f\u00fcr die US-Wirtschaft sein k\u00f6nnten. Isabels Expertise liegt in den Bereichen aufstrebende Technologien, Russland-Studien und Desinformation. Nach ihrem Abschluss in Russisch und internationaler Politik und Wirtschaft an der Middlebury College war sie 2022 Fellow am American Research Institute of the South Caucasus in Georgien, wo sie russische Desinformationsstrategien im Zusammenhang mit der Ukraine-Invasion untersuchte und ver\u00f6ffentlichte.<\/p>\n\n\n\n<p><strong>Alissa Chmiel (Deutschland)<\/strong>&nbsp;ist Forscherin und Aktivistin aus Berlin, spezialisiert auf den Schnittpunkt von Technologie sowie globalem Frieden und Sicherheit. Sie hat einen Master-Abschluss der von der UNO gef\u00f6rderten Universit\u00e4t f\u00fcr Frieden, wobei sie den Einfluss von sozialen Medien auf Informations- und kognitive Kriegsf\u00fchrung im russisch-ukrainischen Kontext erforschte. Mit \u00fcber 9 Jahren Erfahrung in ziviler Friedensarbeit untersucht Alissa die Auswirkungen der Digitalisierung auf die globale Sicherheit und f\u00f6rdert L\u00f6sungen f\u00fcr eine demokratische und sichere digitale Zukunft.<\/p>\n\n\n\n<p><strong>Maria Constantinescu (Rum\u00e4nien)<\/strong>&nbsp;ist Absolventin der Universit\u00e4t Amsterdam mit einem Bachelor in Politik, Psychologie, Recht und Wirtschaft. Sie stammt aus Rum\u00e4nien und interessiert sich besonders f\u00fcr Korruption, den R\u00fcckschritt der Demokratie und Ideologien. Ihre Expertise liegt in politischer Theorie und internationalen Beziehungen.<\/p>\n\n\n\n<p><strong>Ilaria Gallo (Italien)<\/strong>&nbsp;schloss 2022 ihr Studium der Internationalen Wissenschaft der Entwicklung und Zusammenarbeit an der Universit\u00e4t Turin ab und erwarb 2024 einen Master in Internationalen Beziehungen und Diplomatie am Internationalen Institut in Genf. Ihre Forschung konzentriert sich auf internationale Sicherheitsorganisationen, strategische Missionen und Nuklearabschreckungspolitik. Ilaria hat wertvolle Erfahrungen in Forschungspositionen gesammelt und wird am Fellowship-Programm des Democratic Resilience Center 2025 teilnehmen.<\/p>\n\n\n\n<p><strong>Ardahan \u00d6zkan Gedikli (Deutschland)<\/strong>&nbsp;ist Doktorand am Leibniz-Institut f\u00fcr Globale und Regionale Studien (GIGA) und arbeitet seit Mai 2023 als wissenschaftlicher Mitarbeiter an der Helmut-Schmidt-Universit\u00e4t. Nach seinem Master-Abschluss an der Universit\u00e4t Sussex war er als Berater im \u00f6ffentlichen Sektor in Ankara t\u00e4tig. Seine j\u00fcngsten Ver\u00f6ffentlichungen umfassen ein Buchkapitel \u00fcber die t\u00fcrkisch-deutschen Beziehungen und einen Fachartikel \u00fcber die Mittelmeerpolitik der EU. Als Stipendiat der Konrad-Adenauer-Stiftung konzentriert sich Ardahan auf Friedens- und Konfliktforschung, Entwicklungshilfe, t\u00fcrkische Au\u00dfenpolitik, europ\u00e4ische Politik, MENA-Region und Diskursanalyse.<\/p>\n\n\n\n<p><strong>Vivian Kristofferson (USA)<\/strong>&nbsp;ist eine erfahrene Fachfrau f\u00fcr Kriegsspieldesign und -durchf\u00fchrung mit einem Hintergrund in Cybersicherheit und Politikmanagement. Derzeit ist sie Cyber Lead bei The MITRE Corporation, einer gemeinn\u00fctzigen Organisation im \u00f6ffentlichen Interesse. Sie entwickelt strategische Kriegsspiel-L\u00f6sungen f\u00fcr US-Regierungsbeh\u00f6rden. Vivian besitzt einen Master-Abschluss in Cybersicherheitsstrategie von der George Washington University und spricht flie\u00dfend Mandarin-Chinesisch.<\/p>\n\n\n\n<p><strong>Gentry Lane (USA)<\/strong>&nbsp;ist CEO, CTO und Gr\u00fcnderin von Nemesis Global, einem Unternehmen f\u00fcr Cyber-National-Security-Software. Sie ist Mitglied des NATO-Wissenschafts- und Technologie-Gremiums, Fellow am National Security Institute und ber\u00e4t Kongressmitglieder sowie NATO-F\u00fchrungskr\u00e4fte. Als Expertin f\u00fcr Cyberstrategien setzt sie sich f\u00fcr Frauen in der Technologiebranche ein.<\/p>\n\n\n\n<p><strong>Frank Maxime Yankam Lemdjo (Kamerun)<\/strong>&nbsp;ist ein erfahrener Jurist mit \u00fcber einem Jahrzehnt Erfahrung im internationalen Strafrecht, Menschenrechte und humanit\u00e4ren Recht. Er hat f\u00fcr die Vereinten Nationen und die Afrikanische Union gearbeitet und mehrere Publikationen zu geopolitischen Trends und demokratischen Systemen verfasst.<\/p>\n\n\n\n<p><strong><abbr title=\"Doktor\">Dr.<\/abbr> Rebecca Nicholson (USA)<\/strong>&nbsp;ist Wissenschaftlerin und Praktikerin mit \u00fcber 20 Jahren Erfahrung in der Analyse der Ursachen politischer Konflikte. Sie hat mit Milit\u00e4r, NGOs und politischen Entscheidungstr\u00e4gern zusammengearbeitet und einen Doktortitel in Konfliktanalyse.<\/p>\n\n\n\n<p><strong>Nicolai Nielsen (D\u00e4nemark)<\/strong>&nbsp;ist Spezialist f\u00fcr Open Source Intelligence (OSINT) und Experte f\u00fcr europ\u00e4ische sowie russische und chinesische Au\u00dfenpolitik. Er widmet sich der Bek\u00e4mpfung von Desinformation.<\/p>\n\n\n\n<p><strong><abbr title=\"Doktor\">Dr.<\/abbr> Nneka Okechukwa (Nigeria)<\/strong>&nbsp;<br>LinkedIn Profil:&nbsp;<a href=\"http:\/\/www.linkedin.com\/in\/nneka-okechukwu-phd-a4b20615\" target=\"_blank\" rel=\"noreferrer noopener\">www.linkedin.com\/in\/nneka-okechukwu-phd-a4b20615<\/a><\/p>\n\n\n\n<p><strong>I\u00f1aki Oyon (Spanien)<\/strong>&nbsp;ist ein erfahrener Projektmanager f\u00fcr soziale Integration, insbesondere zur Verbesserung der Besch\u00e4ftigungschancen f\u00fcr junge Eltern. Er engagiert sich ehrenamtlich f\u00fcr Bildung und Menschenrechte.<\/p>\n\n\n\n<p><strong>Maria Leonor Pinheiro (Portugal)<\/strong>&nbsp;hat duale Masterabschl\u00fcsse in Internationalen Beziehungen und Politik mit Schwerpunkt internationale Sicherheit. Sie engagiert sich f\u00fcr Demokratie und interkulturellen Dialog.<\/p>\n\n\n\n<p><strong>John \u201cPepe\u201d Soto (USA)<\/strong>&nbsp;verf\u00fcgt \u00fcber 45 Jahre Erfahrung in der nachrichtendienstlichen \u00dcberwachung und Aufkl\u00e4rung (ISR). Nach seiner Karriere in der US Air Force war er in verschiedenen Positionen in der ISR-Community t\u00e4tig.<\/p>\n\n\n\n<p><strong>Semih Teriz (Deutschland)<\/strong>&nbsp;ist ein technikaffiner Geschichtenerz\u00e4hler mit Leidenschaft f\u00fcr Psychologie und Gaming. Er leitet Marketing-Teams und redaktionelle Projekte.<\/p>\n\n\n\n<p><strong>Amal Tobich (Tunesien)<\/strong>&nbsp;ist MA-Studentin in globaler Politik und Gesellschaft und hat Erfahrung in der Arbeit mit zivilgesellschaftlichen Organisationen und benachteiligten Gemeinschaften.<\/p>\n\n\n\n<p><strong>Bruno Devesa Vieira (Portugal)<\/strong>&nbsp;ist kommunaler Abgeordneter und studiert Geopolitik. Seine Forschung konzentriert sich auf die Sicherheit im Mittelmeerraum und er engagiert sich f\u00fcr den Klimaschutz.<\/p>\n\n\n\n<p><strong>Mar\u00eda Jos\u00e9 Mera Medina (Kolumbien\/Schweden) <\/strong>ist Politikwissenschaftlerin der Pontificia Universidad Javeriana Cali mit einem Schwerpunkt auf demokratischer Governance, internationaler Zusammenarbeit und transatlantischen Beziehungen. Ihre Forschung konzentriert sich auf die politischen Dynamiken Lateinamerikas, Soft Power und die Auswirkungen der Kolonialit\u00e4t. Mit umfassender Erfahrung als Politikberaterin hat sie an der Entwicklung und Umsetzung von Strategien gearbeitet, die Jugendbeteiligung in demokratischen Prozessen f\u00f6rdern. Sie erstellt Policy Briefs, entwickelt Aktionspl\u00e4ne und arbeitet mit internationalen Akteuren an nachhaltigen L\u00f6sungen. Mar\u00eda Jos\u00e9 engagiert sich f\u00fcr evidenzbasierte Politik, die demokratische Institutionen st\u00e4rkt und interkontinentale Zusammenarbeit f\u00f6rdert.<\/p>\n\n\n\n<p><strong><abbr title=\"Doktor\">Dr.<\/abbr> Olga R. Chiriac (Rum\u00e4nien\/USA)<\/strong> ist Kognitionswissenschaftlerin und Professorin. Ihre Arbeit befindet sich an der Schnittstelle von Psychologie und Sicherheitsstudien (Entscheidungsfindung und strategische Kultur) mit besonderem Interesse an milit\u00e4rischen Anwendungen der Kognitionswissenschaften, menschlicher Sicherheit und politischer Kriegsf\u00fchrung. <abbr title=\"Doktor\">Dr.<\/abbr> Chiriac ist Projektleiterin f\u00fcr Europa bei der Irregular Warfare Initiative (eine gemeinsame Initiative des Empirical Studies of Conflict Project der Princeton University und des Modern War Institute in West Point). Zudem ist sie Gastprofessorin und Forschungsstipendiatin am Forschungsinstitut der Universit\u00e4t Bukarest, Gastdozentin an der Wirtschaftsakademie Bukarest und Minerva-Forscherin des US-Verteidigungsministeriums. Sie ist als Mitglied des Redaktionsausschusses der Journal of Strategic Competition t\u00e4tig, assoziierte Forscherin an der Joint Special Operations University in Tampa, Florida, sowie Mitglied der Economic Conflict &amp; Competition Research Group (ECCRG) am King\u2019s College London. Zuvor wurde <abbr title=\"Doktor\">Dr.<\/abbr> Chiriac als Title VIII Research Fellow des US-Au\u00dfenministeriums ausgew\u00e4hlt und arbeitete als assoziierte Forscherin am Center for Strategic Studies in Bukarest. Sie besitzt einen Doktortitel in Politikwissenschaft, einen Master-Abschluss in War Studies sowie einen Bachelor-Abschluss in Finanzen und Verhaltens\u00f6konomie.<\/p>\n\n\n\n<hr class=\"wp-block-separator has-alpha-channel-opacity\" \/>\n\n\n<script>\tvar sosereDefaults = {\"allowfullscreen\":true,\"fit\":\"contain\",\"transition\":\"crossfade\",\"loop\":true,\"autoplay\":\"3000\",\"stopautoplayontouch\":true,\"keyboard\":true,\"nav\":\"thumbs\"}<\/script><div class='sosere--wp' data-ids='735,759'data-link='file'data-itemtag='dl'data-icontag='dt'data-captiontag='dd'data-columns='0'data-size='large'data-width='1024'data-auto='false'data-max-width='100%'data-ratio='1.7902097902098'><div id='gallery-1' class='gallery galleryid-556 gallery-columns-0 gallery-size-thumbnail'><dl class='gallery-item'>\n\t\t\t<dt class='gallery-icon landscape'>\n\t\t\t\t<a href='https:\/\/www.hsu-hh.de\/drc\/wp-content\/uploads\/sites\/917\/2024\/10\/IMG_3615-1-1024x572.jpeg' data-full='https:\/\/www.hsu-hh.de\/drc\/wp-content\/uploads\/sites\/917\/2024\/10\/IMG_3615-1.jpeg' data-credit=\"DRC\"><img loading=\"lazy\" decoding=\"async\" width=\"150\" height=\"150\" src=\"https:\/\/www.hsu-hh.de\/drc\/wp-content\/uploads\/sites\/917\/2024\/10\/IMG_3615-1-150x150.jpeg\" class=\"attachment-thumbnail size-thumbnail\" alt=\"\" srcset=\"https:\/\/www.hsu-hh.de\/drc\/wp-content\/uploads\/sites\/917\/2024\/10\/IMG_3615-1-150x150.jpeg 150w, https:\/\/www.hsu-hh.de\/drc\/wp-content\/uploads\/sites\/917\/2024\/10\/IMG_3615-1-100x100.jpeg 100w\" sizes=\"auto, (max-width: 150px) 100vw, 150px\" \/><\/a>\n\t\t\t<\/dt><\/dl><dl class='gallery-item'>\n\t\t\t<dt class='gallery-icon landscape'>\n\t\t\t\t<a href='https:\/\/www.hsu-hh.de\/drc\/wp-content\/uploads\/sites\/917\/2024\/10\/IMG_3689-1024x578.jpeg' data-full='https:\/\/www.hsu-hh.de\/drc\/wp-content\/uploads\/sites\/917\/2024\/10\/IMG_3689.jpeg' data-credit=\"DRC\"><img loading=\"lazy\" decoding=\"async\" width=\"150\" height=\"150\" src=\"https:\/\/www.hsu-hh.de\/drc\/wp-content\/uploads\/sites\/917\/2024\/10\/IMG_3689-150x150.jpeg\" class=\"attachment-thumbnail size-thumbnail\" alt=\"\" srcset=\"https:\/\/www.hsu-hh.de\/drc\/wp-content\/uploads\/sites\/917\/2024\/10\/IMG_3689-150x150.jpeg 150w, https:\/\/www.hsu-hh.de\/drc\/wp-content\/uploads\/sites\/917\/2024\/10\/IMG_3689-100x100.jpeg 100w\" sizes=\"auto, (max-width: 150px) 100vw, 150px\" \/><\/a>\n\t\t\t<\/dt><\/dl>\n\t\t<\/div>\n<\/div>","protected":false},"excerpt":{"rendered":"<p>Das DRC-Team arbeitet mit leitenden Wissenschaftlern und Regierungsorganisationen zusammen, um sicherzustellen, dass die aus unserer Forschung gewonnenen Erkenntnisse in eine Reihe von Aktivit\u00e4ten einflie\u00dfen, die von staatsb\u00fcrgerlicher Bildung bis hin [&hellip;]<\/p>\n","protected":false},"author":3912,"featured_media":0,"parent":0,"menu_order":0,"comment_status":"closed","ping_status":"closed","template":"","meta":{"footnotes":""},"categories":[4],"tags":[],"class_list":["post-556","page","type-page","status-publish","hentry","category-forschung"],"_links":{"self":[{"href":"https:\/\/www.hsu-hh.de\/drc\/wp-json\/wp\/v2\/pages\/556","targetHints":{"allow":["GET"]}}],"collection":[{"href":"https:\/\/www.hsu-hh.de\/drc\/wp-json\/wp\/v2\/pages"}],"about":[{"href":"https:\/\/www.hsu-hh.de\/drc\/wp-json\/wp\/v2\/types\/page"}],"author":[{"embeddable":true,"href":"https:\/\/www.hsu-hh.de\/drc\/wp-json\/wp\/v2\/users\/3912"}],"replies":[{"embeddable":true,"href":"https:\/\/www.hsu-hh.de\/drc\/wp-json\/wp\/v2\/comments?post=556"}],"version-history":[{"count":35,"href":"https:\/\/www.hsu-hh.de\/drc\/wp-json\/wp\/v2\/pages\/556\/revisions"}],"predecessor-version":[{"id":905,"href":"https:\/\/www.hsu-hh.de\/drc\/wp-json\/wp\/v2\/pages\/556\/revisions\/905"}],"wp:attachment":[{"href":"https:\/\/www.hsu-hh.de\/drc\/wp-json\/wp\/v2\/media?parent=556"}],"wp:term":[{"taxonomy":"category","embeddable":true,"href":"https:\/\/www.hsu-hh.de\/drc\/wp-json\/wp\/v2\/categories?post=556"},{"taxonomy":"post_tag","embeddable":true,"href":"https:\/\/www.hsu-hh.de\/drc\/wp-json\/wp\/v2\/tags?post=556"}],"curies":[{"name":"wp","href":"https:\/\/api.w.org\/{rel}","templated":true}]}}