{"id":166,"date":"2023-05-12T11:59:23","date_gmt":"2023-05-12T09:59:23","guid":{"rendered":"https:\/\/www.hsu-hh.de\/doorlog\/?page_id=166"},"modified":"2025-10-28T11:05:36","modified_gmt":"2025-10-28T10:05:36","slug":"naechster-termin","status":"publish","type":"page","link":"https:\/\/www.hsu-hh.de\/doorlog\/naechster-termin\/","title":{"rendered":"N\u00e4chster Termin"},"content":{"rendered":"\n<p>Wir freuen uns, den n\u00e4chsten Termin unseres j\u00e4hrlichen doORlog-Workshops f\u00fcr Doktorand:innen in Operations Research und Logistik bekannt zu geben! Dieser Workshop bietet eine einzigartige Gelegenheit, aktuelle Forschungsprojekte vorzustellen, wertvolles Feedback zu erhalten und sich mit anderen Doktorand:innen sowie erfahrenen Forschern auszutauschen.<\/p>\n\n\n\n<p><strong>Datum:<\/strong> 23.09.2026 \u2013 25.09.2026<br><strong>Ort:<\/strong> wird noch bekannt gegeben<\/p>\n\n\n\n<p><\/p>\n","protected":false},"excerpt":{"rendered":"<p>Wir freuen uns, den n\u00e4chsten Termin unseres j\u00e4hrlichen doORlog-Workshops f\u00fcr Doktorand:innen in Operations Research und Logistik bekannt zu geben! Dieser Workshop bietet eine einzigartige Gelegenheit, aktuelle Forschungsprojekte vorzustellen, wertvolles Feedback [&hellip;]<\/p>\n","protected":false},"author":2775,"featured_media":0,"parent":0,"menu_order":0,"comment_status":"closed","ping_status":"closed","template":"","meta":{"footnotes":""},"categories":[4],"tags":[],"class_list":["post-166","page","type-page","status-publish","hentry","category-forschung"],"_links":{"self":[{"href":"https:\/\/www.hsu-hh.de\/doorlog\/wp-json\/wp\/v2\/pages\/166","targetHints":{"allow":["GET"]}}],"collection":[{"href":"https:\/\/www.hsu-hh.de\/doorlog\/wp-json\/wp\/v2\/pages"}],"about":[{"href":"https:\/\/www.hsu-hh.de\/doorlog\/wp-json\/wp\/v2\/types\/page"}],"author":[{"embeddable":true,"href":"https:\/\/www.hsu-hh.de\/doorlog\/wp-json\/wp\/v2\/users\/2775"}],"replies":[{"embeddable":true,"href":"https:\/\/www.hsu-hh.de\/doorlog\/wp-json\/wp\/v2\/comments?post=166"}],"version-history":[{"count":11,"href":"https:\/\/www.hsu-hh.de\/doorlog\/wp-json\/wp\/v2\/pages\/166\/revisions"}],"predecessor-version":[{"id":282,"href":"https:\/\/www.hsu-hh.de\/doorlog\/wp-json\/wp\/v2\/pages\/166\/revisions\/282"}],"wp:attachment":[{"href":"https:\/\/www.hsu-hh.de\/doorlog\/wp-json\/wp\/v2\/media?parent=166"}],"wp:term":[{"taxonomy":"category","embeddable":true,"href":"https:\/\/www.hsu-hh.de\/doorlog\/wp-json\/wp\/v2\/categories?post=166"},{"taxonomy":"post_tag","embeddable":true,"href":"https:\/\/www.hsu-hh.de\/doorlog\/wp-json\/wp\/v2\/tags?post=166"}],"curies":[{"name":"wp","href":"https:\/\/api.w.org\/{rel}","templated":true}]}}