{"id":9,"date":"2016-06-07T18:09:30","date_gmt":"2016-06-07T16:09:30","guid":{"rendered":"https:\/\/webbox.hsu-hh.de\/vorlage\/?page_id=9"},"modified":"2018-02-01T17:59:15","modified_gmt":"2018-02-01T16:59:15","slug":"impressum","status":"publish","type":"page","link":"https:\/\/www.hsu-hh.de\/dluhosch\/de\/impressum","title":{"rendered":"Impressum"},"content":{"rendered":"<p><strong>Professor<\/strong> <strong> <abbr title=\"Doktor\">Dr.<\/abbr> Barbara Dluhosch<\/strong><br \/>\n<strong>Helmut-Schmidt-Universit\u00e4t<\/strong><br \/>\n<strong> Universit\u00e4t der Bundeswehr Hamburg<\/strong><br \/>\n<strong> Holstenhofweg 85<\/strong><br \/>\n<strong> 22043 Hamburg<\/strong><\/p>\n<p><strong>Telefon: <\/strong>(040) 6541-2590<br \/>\n<strong>Telefax: <\/strong>(040) 6541-2042<br \/>\n<strong>E-Mail: <\/strong>international.econ at hsu-hh.de<\/p>\n<p>&nbsp;<\/p>\n<p>Inhaltlich Verantwortliche gem\u00e4\u00df \u00a7 7 Telemediengesetz<br \/>\nsind auf den einzelnen Seiten gesondert benannt.<\/p>\n<p><strong>Haftungsausschluss<\/strong><br \/>\nTrotz sorgf\u00e4ltiger inhaltlicher Kontrolle \u00fcbernehmen wir keine Haftung f\u00fcr die Richtigkeit,<br \/>\nVollst\u00e4ndigkeit und Aktualit\u00e4t unserer Webseiten sowie f\u00fcr die Inhalte externer Links.<br \/>\nF\u00fcr den Inhalt der verlinkten Seiten sind ausschlie\u00dflich deren Betreiber verantwortlich.<\/p>\n<p><strong>Urheberrechtsvermerk<\/strong><br \/>\nDas Layout, s\u00e4mtliche Grafiken und Fotos sowie die Textbeitr\u00e4ge sind urheberrechtlich gesch\u00fctzt.<br \/>\nEs gelten die gesetzlichen Bestimmungen. \u00c4nderungen d\u00fcrfen nicht vorgenommen werden.<br \/>\nBei Anfragen wenden Sie sich an den auf den jeweiligen Seiten erkenntlichen Autor.<\/p>\n","protected":false},"excerpt":{"rendered":"<p>Professor Dr. Barbara Dluhosch Helmut-Schmidt-Universit\u00e4t Universit\u00e4t der Bundeswehr Hamburg Holstenhofweg 85 22043 Hamburg Telefon: (040) 6541-2590 Telefax: (040) 6541-2042 E-Mail: international.econ at hsu-hh.de &nbsp; Inhaltlich Verantwortliche gem\u00e4\u00df \u00a7 7 Telemediengesetz [&hellip;]<\/p>\n","protected":false},"author":1,"featured_media":0,"parent":0,"menu_order":0,"comment_status":"closed","ping_status":"closed","template":"","meta":{"footnotes":""},"categories":[],"tags":[],"class_list":["post-9","page","type-page","status-publish","hentry"],"_links":{"self":[{"href":"https:\/\/www.hsu-hh.de\/dluhosch\/wp-json\/wp\/v2\/pages\/9","targetHints":{"allow":["GET"]}}],"collection":[{"href":"https:\/\/www.hsu-hh.de\/dluhosch\/wp-json\/wp\/v2\/pages"}],"about":[{"href":"https:\/\/www.hsu-hh.de\/dluhosch\/wp-json\/wp\/v2\/types\/page"}],"author":[{"embeddable":true,"href":"https:\/\/www.hsu-hh.de\/dluhosch\/wp-json\/wp\/v2\/users\/1"}],"replies":[{"embeddable":true,"href":"https:\/\/www.hsu-hh.de\/dluhosch\/wp-json\/wp\/v2\/comments?post=9"}],"version-history":[{"count":15,"href":"https:\/\/www.hsu-hh.de\/dluhosch\/wp-json\/wp\/v2\/pages\/9\/revisions"}],"predecessor-version":[{"id":613,"href":"https:\/\/www.hsu-hh.de\/dluhosch\/wp-json\/wp\/v2\/pages\/9\/revisions\/613"}],"wp:attachment":[{"href":"https:\/\/www.hsu-hh.de\/dluhosch\/wp-json\/wp\/v2\/media?parent=9"}],"wp:term":[{"taxonomy":"category","embeddable":true,"href":"https:\/\/www.hsu-hh.de\/dluhosch\/wp-json\/wp\/v2\/categories?post=9"},{"taxonomy":"post_tag","embeddable":true,"href":"https:\/\/www.hsu-hh.de\/dluhosch\/wp-json\/wp\/v2\/tags?post=9"}],"curies":[{"name":"wp","href":"https:\/\/api.w.org\/{rel}","templated":true}]}}