{"id":230,"date":"2017-09-29T09:35:14","date_gmt":"2017-09-29T07:35:14","guid":{"rendered":"https:\/\/www.hsu-hh.de\/dluhosch\/?page_id=230"},"modified":"2017-10-23T18:27:30","modified_gmt":"2017-10-23T16:27:30","slug":"aktuellesnews","status":"publish","type":"page","link":"https:\/\/www.hsu-hh.de\/dluhosch\/de\/aktuellesnews","title":{"rendered":"News"},"content":{"rendered":"<p>Das mittelfristige Lehr- und Pr\u00fcfungsprogramm des Lehrstuhles ist online unter der Rubrik &#8222;Lehre \/ Courses&#8220; einzusehen.<\/p>\n<p>Alle Angaben zum Lehrprogramm sind vorl\u00e4ufig und ohne Gew\u00e4hr. Bitte informieren Sie sich rechtzeitig und regelm\u00e4ssig \u00fcber das geplante Lehr- und Pr\u00fcfungsprogramm, da sich (auch kurzfristig) \u00c4nderungen ergeben k\u00f6nnen.<\/p>\n<hr \/>\n<p>F\u00fcr Klausurtermine sind ausschlie\u00dflich die offiziellen Angaben des Pr\u00fcfungsamtes relevant. Von Anfragen zu Klausurergebnissen <abbr title=\"beziehungsweise\">bzw.<\/abbr> Ergebnissen der Abschlussarbeiten bitten wir generell abzusehen. Ergebnisse werden immer &#8212; sobald sie vorliegen &#8212; in das CMS eingepflegt.<\/p>\n<p>Aus diesem Grunde werden Emailanfragen diesbez\u00fcglich auch nicht beantwortet. F\u00fcr die Anmeldung zur Pr\u00fcfung im CMS ist jede\/r Student\/in selbst verantwortlich. Ohne Anmeldung k\u00f6nnen Noten nicht verbucht werden.<\/p>\n<hr \/>\n<p>W\u00e4hrend der vorlesungsfreien Zeit sind die Mitarbeiter urlaubs- und forschungsbedingt nicht in jeder Woche anwesend. Erkundigen Sie sich deshalb bitte rechtzeitig in den Sprechstunden.<\/p>\n","protected":false},"excerpt":{"rendered":"<p>Das mittelfristige Lehr- und Pr\u00fcfungsprogramm des Lehrstuhles ist online unter der Rubrik &#8222;Lehre \/ Courses&#8220; einzusehen. Alle Angaben zum Lehrprogramm sind vorl\u00e4ufig und ohne Gew\u00e4hr. Bitte informieren Sie sich rechtzeitig [&hellip;]<\/p>\n","protected":false},"author":38,"featured_media":0,"parent":0,"menu_order":0,"comment_status":"closed","ping_status":"closed","template":"","meta":{"footnotes":""},"categories":[],"tags":[],"class_list":["post-230","page","type-page","status-publish","hentry"],"_links":{"self":[{"href":"https:\/\/www.hsu-hh.de\/dluhosch\/wp-json\/wp\/v2\/pages\/230","targetHints":{"allow":["GET"]}}],"collection":[{"href":"https:\/\/www.hsu-hh.de\/dluhosch\/wp-json\/wp\/v2\/pages"}],"about":[{"href":"https:\/\/www.hsu-hh.de\/dluhosch\/wp-json\/wp\/v2\/types\/page"}],"author":[{"embeddable":true,"href":"https:\/\/www.hsu-hh.de\/dluhosch\/wp-json\/wp\/v2\/users\/38"}],"replies":[{"embeddable":true,"href":"https:\/\/www.hsu-hh.de\/dluhosch\/wp-json\/wp\/v2\/comments?post=230"}],"version-history":[{"count":5,"href":"https:\/\/www.hsu-hh.de\/dluhosch\/wp-json\/wp\/v2\/pages\/230\/revisions"}],"predecessor-version":[{"id":602,"href":"https:\/\/www.hsu-hh.de\/dluhosch\/wp-json\/wp\/v2\/pages\/230\/revisions\/602"}],"wp:attachment":[{"href":"https:\/\/www.hsu-hh.de\/dluhosch\/wp-json\/wp\/v2\/media?parent=230"}],"wp:term":[{"taxonomy":"category","embeddable":true,"href":"https:\/\/www.hsu-hh.de\/dluhosch\/wp-json\/wp\/v2\/categories?post=230"},{"taxonomy":"post_tag","embeddable":true,"href":"https:\/\/www.hsu-hh.de\/dluhosch\/wp-json\/wp\/v2\/tags?post=230"}],"curies":[{"name":"wp","href":"https:\/\/api.w.org\/{rel}","templated":true}]}}