{"id":11,"date":"2016-06-07T18:10:35","date_gmt":"2016-06-07T16:10:35","guid":{"rendered":"https:\/\/webbox.hsu-hh.de\/vorlage\/?page_id=11"},"modified":"2018-02-01T17:58:50","modified_gmt":"2018-02-01T16:58:50","slug":"imprint","status":"publish","type":"page","link":"https:\/\/www.hsu-hh.de\/dluhosch\/imprint","title":{"rendered":"Imprint"},"content":{"rendered":"<p>Professor <abbr title=\"Doktor\">Dr.<\/abbr> Barbara Dluhosch<br \/>\nHelmut-Schmidt-Universit\u00e4t<br \/>\nUniversit\u00e4t der Bundeswehr Hamburg<br \/>\nHolstenhofweg 85<br \/>\n22043 Hamburg<\/p>\n<p>Telefon: (040) 6541-2590<br \/>\nTelefax: (040) 6541-2042<br \/>\nE-Mail: international.econ at hsu-hh.de<\/p>\n<p>Inhaltlich Verantwortliche gem\u00e4\u00df \u00a7 7 Telemediengesetz<br \/>\nsind auf den einzelnen Seiten gesondert benannt.<\/p>\n<p>Haftungsausschluss<br \/>\nTrotz sorgf\u00e4ltiger inhaltlicher Kontrolle \u00fcbernehmen wir keine Haftung f\u00fcr die Richtigkeit,<br \/>\nVollst\u00e4ndigkeit und Aktualit\u00e4t unserer Webseiten sowie f\u00fcr die Inhalte externer Links.<\/p>\n<p>Urheberrechtsvermerk<br \/>\nDas Layout, s\u00e4mtliche Grafiken und Fotos sowie die Textbeitr\u00e4ge sind urheberrechtlich gesch\u00fctzt.<br \/>\nEs gelten die gesetzlichen Bestimmungen. \u00c4nderungen d\u00fcrfen nicht vorgenommen werden.<br \/>\nBei Anfragen wenden Sie sich an den auf den jeweiligen Seiten\u00a0erkenntlichen Autor.<\/p>\n","protected":false},"excerpt":{"rendered":"<p>Professor Dr. Barbara Dluhosch Helmut-Schmidt-Universit\u00e4t Universit\u00e4t der Bundeswehr Hamburg Holstenhofweg 85 22043 Hamburg Telefon: (040) 6541-2590 Telefax: (040) 6541-2042 E-Mail: international.econ at hsu-hh.de Inhaltlich Verantwortliche gem\u00e4\u00df \u00a7 7 Telemediengesetz sind [&hellip;]<\/p>\n","protected":false},"author":1,"featured_media":0,"parent":0,"menu_order":0,"comment_status":"closed","ping_status":"closed","template":"","meta":{"footnotes":""},"categories":[],"tags":[],"class_list":["post-11","page","type-page","status-publish","hentry"],"_links":{"self":[{"href":"https:\/\/www.hsu-hh.de\/dluhosch\/wp-json\/wp\/v2\/pages\/11","targetHints":{"allow":["GET"]}}],"collection":[{"href":"https:\/\/www.hsu-hh.de\/dluhosch\/wp-json\/wp\/v2\/pages"}],"about":[{"href":"https:\/\/www.hsu-hh.de\/dluhosch\/wp-json\/wp\/v2\/types\/page"}],"author":[{"embeddable":true,"href":"https:\/\/www.hsu-hh.de\/dluhosch\/wp-json\/wp\/v2\/users\/1"}],"replies":[{"embeddable":true,"href":"https:\/\/www.hsu-hh.de\/dluhosch\/wp-json\/wp\/v2\/comments?post=11"}],"version-history":[{"count":4,"href":"https:\/\/www.hsu-hh.de\/dluhosch\/wp-json\/wp\/v2\/pages\/11\/revisions"}],"predecessor-version":[{"id":612,"href":"https:\/\/www.hsu-hh.de\/dluhosch\/wp-json\/wp\/v2\/pages\/11\/revisions\/612"}],"wp:attachment":[{"href":"https:\/\/www.hsu-hh.de\/dluhosch\/wp-json\/wp\/v2\/media?parent=11"}],"wp:term":[{"taxonomy":"category","embeddable":true,"href":"https:\/\/www.hsu-hh.de\/dluhosch\/wp-json\/wp\/v2\/categories?post=11"},{"taxonomy":"post_tag","embeddable":true,"href":"https:\/\/www.hsu-hh.de\/dluhosch\/wp-json\/wp\/v2\/tags?post=11"}],"curies":[{"name":"wp","href":"https:\/\/api.w.org\/{rel}","templated":true}]}}