{"id":418,"date":"2024-08-22T15:00:14","date_gmt":"2024-08-22T13:00:14","guid":{"rendered":"https:\/\/www.hsu-hh.de\/digigov\/?page_id=418"},"modified":"2025-09-17T08:52:25","modified_gmt":"2025-09-17T06:52:25","slug":"dr-konstantin-hondros-2","status":"publish","type":"page","link":"https:\/\/www.hsu-hh.de\/digigov\/en\/dr-konstantin-hondros-2\/","title":{"rendered":"Dr. Konstantin Hondros"},"content":{"rendered":"\n<div class=\"wp-block-columns is-layout-flex wp-container-core-columns-is-layout-9d6595d7 wp-block-columns-is-layout-flex\">\n<div class=\"wp-block-column is-layout-flow wp-block-column-is-layout-flow\">\n<p><strong>Address<\/strong><br>Helmut-Schmidt-Universit\u00e4t<br>Fakult\u00e4t f\u00fcr Wirtschafts- und Sozialwissenschaften<br>Friedrich-Ebert-Damm 245<br>22159 Hamburg<\/p>\n<\/div>\n\n\n\n<div class=\"wp-block-column is-layout-flow wp-block-column-is-layout-flow\">\n<p><strong>Room<\/strong>: Campus Nord, R. 3 E 142<br><strong>Phone:<\/strong> +49 (0)40 6541-4562<br><strong>E-mail:<\/strong> <a href=\"mailto:konstantin.hondros@hsu.hamburg\" rel='nofollow'>konstantin.hondros@hsu.hamburg<\/a><\/p>\n<\/div>\n\n\n\n<div class=\"wp-block-column is-layout-flow wp-block-column-is-layout-flow\"><div class=\"wp-block-image is-style-rounded\">\n<figure class=\"aligncenter size-medium is-resized\"><img loading=\"lazy\" decoding=\"async\" width=\"1707\" height=\"2560\" src=\"https:\/\/www.hsu-hh.de\/digigov\/wp-content\/uploads\/sites\/921\/2024\/09\/20240813_HSU_Professur_Heimstaedt_Teamfotos_Gelhausen_023-1-edited-2-scaled.jpg\" data-credit=\"HSU\/Christian Gelhausen\" alt=\"\" class=\"wp-image-612\" style=\"width:150px\" srcset=\"https:\/\/www.hsu-hh.de\/digigov\/wp-content\/uploads\/sites\/921\/2024\/09\/20240813_HSU_Professur_Heimstaedt_Teamfotos_Gelhausen_023-1-edited-2-scaled.jpg 1707w, https:\/\/www.hsu-hh.de\/digigov\/wp-content\/uploads\/sites\/921\/2024\/09\/20240813_HSU_Professur_Heimstaedt_Teamfotos_Gelhausen_023-1-edited-2-200x300.jpg 200w, https:\/\/www.hsu-hh.de\/digigov\/wp-content\/uploads\/sites\/921\/2024\/09\/20240813_HSU_Professur_Heimstaedt_Teamfotos_Gelhausen_023-1-edited-2-683x1024.jpg 683w, https:\/\/www.hsu-hh.de\/digigov\/wp-content\/uploads\/sites\/921\/2024\/09\/20240813_HSU_Professur_Heimstaedt_Teamfotos_Gelhausen_023-1-edited-2-768x1152.jpg 768w, https:\/\/www.hsu-hh.de\/digigov\/wp-content\/uploads\/sites\/921\/2024\/09\/20240813_HSU_Professur_Heimstaedt_Teamfotos_Gelhausen_023-1-edited-2-1024x1536.jpg 1024w, https:\/\/www.hsu-hh.de\/digigov\/wp-content\/uploads\/sites\/921\/2024\/09\/20240813_HSU_Professur_Heimstaedt_Teamfotos_Gelhausen_023-1-edited-2-1365x2048.jpg 1365w, https:\/\/www.hsu-hh.de\/digigov\/wp-content\/uploads\/sites\/921\/2024\/09\/20240813_HSU_Professur_Heimstaedt_Teamfotos_Gelhausen_023-1-edited-2-1100x1650.jpg 1100w\" sizes=\"auto, (max-width: 1707px) 100vw, 1707px\" \/><\/figure>\n<\/div><\/div>\n<\/div>\n\n\n\n<div class=\"wp-block-columns is-layout-flex wp-container-core-columns-is-layout-9d6595d7 wp-block-columns-is-layout-flex\">\n<div class=\"wp-block-column is-layout-flow wp-block-column-is-layout-flow\">\n<hr class=\"wp-block-separator has-alpha-channel-opacity\" \/>\n<\/div>\n<\/div>\n\n\n\n<p><strong>CV<\/strong><\/p>\n\n\n\n<p>Konstantin Hondros studied sociology and theater-, film-, and media studies at the University of Vienna (Austria). In 2020, he received his PhD from the University of Duisburg-Essen with a dissertation exploring the \u201climinal creativity\u201d necessary to produce musical similarity in environments for commissioned music. During his PhD and his first post-doc, he worked for two subsequent DFG-funded projects exploring the role of intellectual property rights as well as alternatives thereof in organized creative processes in the music and pharmaceuticals industries. Since August 2024, he is a post-doc at the chair for Digital Governance and Service Design, at Helmut Schmidt University\/University of the Federal Armed Forces Hamburg.<\/p>\n\n\n\n<div class=\"wp-block-columns is-layout-flex wp-container-core-columns-is-layout-9d6595d7 wp-block-columns-is-layout-flex\">\n<div class=\"wp-block-column is-layout-flow wp-block-column-is-layout-flow\">\n<hr class=\"wp-block-separator has-alpha-channel-opacity\" \/>\n<\/div>\n<\/div>\n\n\n\n<p><a href=\"https:\/\/konstantinhondros.info\/\" rel='nofollow'>Personal Homepage<\/a> | <a href=\"https:\/\/scholar.google.com\/citations?user=hGh4gl4AAAAJ&amp;hl=de\" rel='nofollow'>Google Scholar<\/a><\/p>\n","protected":false},"excerpt":{"rendered":"<p>AddressHelmut-Schmidt-Universit\u00e4tFakult\u00e4t f\u00fcr Wirtschafts- und SozialwissenschaftenFriedrich-Ebert-Damm 24522159 Hamburg Room: Campus Nord, R. 3 E 142Phone: +49 (0)40 6541-4562E-mail: konstantin.hondros@hsu.hamburg CV Konstantin Hondros studied sociology and theater-, film-, and media studies at [&hellip;]<\/p>\n","protected":false},"author":3932,"featured_media":0,"parent":0,"menu_order":0,"comment_status":"closed","ping_status":"closed","template":"","meta":{"footnotes":""},"categories":[7,9],"tags":[],"class_list":["post-418","page","type-page","status-publish","hentry","category-research","category-team-en"],"_links":{"self":[{"href":"https:\/\/www.hsu-hh.de\/digigov\/wp-json\/wp\/v2\/pages\/418","targetHints":{"allow":["GET"]}}],"collection":[{"href":"https:\/\/www.hsu-hh.de\/digigov\/wp-json\/wp\/v2\/pages"}],"about":[{"href":"https:\/\/www.hsu-hh.de\/digigov\/wp-json\/wp\/v2\/types\/page"}],"author":[{"embeddable":true,"href":"https:\/\/www.hsu-hh.de\/digigov\/wp-json\/wp\/v2\/users\/3932"}],"replies":[{"embeddable":true,"href":"https:\/\/www.hsu-hh.de\/digigov\/wp-json\/wp\/v2\/comments?post=418"}],"version-history":[{"count":14,"href":"https:\/\/www.hsu-hh.de\/digigov\/wp-json\/wp\/v2\/pages\/418\/revisions"}],"predecessor-version":[{"id":688,"href":"https:\/\/www.hsu-hh.de\/digigov\/wp-json\/wp\/v2\/pages\/418\/revisions\/688"}],"wp:attachment":[{"href":"https:\/\/www.hsu-hh.de\/digigov\/wp-json\/wp\/v2\/media?parent=418"}],"wp:term":[{"taxonomy":"category","embeddable":true,"href":"https:\/\/www.hsu-hh.de\/digigov\/wp-json\/wp\/v2\/categories?post=418"},{"taxonomy":"post_tag","embeddable":true,"href":"https:\/\/www.hsu-hh.de\/digigov\/wp-json\/wp\/v2\/tags?post=418"}],"curies":[{"name":"wp","href":"https:\/\/api.w.org\/{rel}","templated":true}]}}