{"id":332,"date":"2024-08-22T14:50:39","date_gmt":"2024-08-22T12:50:39","guid":{"rendered":"https:\/\/www.hsu-hh.de\/digigov\/?page_id=332"},"modified":"2025-09-17T08:54:28","modified_gmt":"2025-09-17T06:54:28","slug":"dr-konstantin-hondros","status":"publish","type":"page","link":"https:\/\/www.hsu-hh.de\/digigov\/dr-konstantin-hondros\/","title":{"rendered":"Dr. Konstantin Hondros"},"content":{"rendered":"\n<div class=\"wp-block-columns is-layout-flex wp-container-core-columns-is-layout-9d6595d7 wp-block-columns-is-layout-flex\">\n<div class=\"wp-block-column is-layout-flow wp-block-column-is-layout-flow\">\n<p><strong>Anschrift<\/strong><br>Helmut-Schmidt-Universit\u00e4t<br>Fakult\u00e4t f\u00fcr Wirtschafts- und Sozialwissenschaften<br>Friedrich-Ebert-Damm 245<br>22159 Hamburg<\/p>\n<\/div>\n\n\n\n<div class=\"wp-block-column is-layout-flow wp-block-column-is-layout-flow\">\n<p><strong>Raum<\/strong>: Campus Nord, R. 3 E 142<br><strong>Telefon:<\/strong> +49 (0)40 6541-4562<br><strong>E-mail:<\/strong> <a href=\"mailto:konstantin.hondros@hsu.hamburg\" rel='nofollow'>konstantin.hondros@hsu.hamburg<\/a><\/p>\n<\/div>\n\n\n\n<div class=\"wp-block-column is-layout-flow wp-block-column-is-layout-flow\"><div class=\"wp-block-image is-style-rounded\">\n<figure class=\"aligncenter size-medium is-resized\"><img loading=\"lazy\" decoding=\"async\" width=\"1707\" height=\"2560\" src=\"https:\/\/www.hsu-hh.de\/digigov\/wp-content\/uploads\/sites\/921\/2024\/09\/20240813_HSU_Professur_Heimstaedt_Teamfotos_Gelhausen_023-1-edited-1-scaled.jpg\" data-credit=\"HSU\/Christian Gelhausen\" alt=\"\" class=\"wp-image-610\" style=\"width:150px\" srcset=\"https:\/\/www.hsu-hh.de\/digigov\/wp-content\/uploads\/sites\/921\/2024\/09\/20240813_HSU_Professur_Heimstaedt_Teamfotos_Gelhausen_023-1-edited-1-scaled.jpg 1707w, https:\/\/www.hsu-hh.de\/digigov\/wp-content\/uploads\/sites\/921\/2024\/09\/20240813_HSU_Professur_Heimstaedt_Teamfotos_Gelhausen_023-1-edited-1-200x300.jpg 200w, https:\/\/www.hsu-hh.de\/digigov\/wp-content\/uploads\/sites\/921\/2024\/09\/20240813_HSU_Professur_Heimstaedt_Teamfotos_Gelhausen_023-1-edited-1-683x1024.jpg 683w, https:\/\/www.hsu-hh.de\/digigov\/wp-content\/uploads\/sites\/921\/2024\/09\/20240813_HSU_Professur_Heimstaedt_Teamfotos_Gelhausen_023-1-edited-1-768x1152.jpg 768w, https:\/\/www.hsu-hh.de\/digigov\/wp-content\/uploads\/sites\/921\/2024\/09\/20240813_HSU_Professur_Heimstaedt_Teamfotos_Gelhausen_023-1-edited-1-1024x1536.jpg 1024w, https:\/\/www.hsu-hh.de\/digigov\/wp-content\/uploads\/sites\/921\/2024\/09\/20240813_HSU_Professur_Heimstaedt_Teamfotos_Gelhausen_023-1-edited-1-1365x2048.jpg 1365w, https:\/\/www.hsu-hh.de\/digigov\/wp-content\/uploads\/sites\/921\/2024\/09\/20240813_HSU_Professur_Heimstaedt_Teamfotos_Gelhausen_023-1-edited-1-1100x1650.jpg 1100w\" sizes=\"auto, (max-width: 1707px) 100vw, 1707px\" \/><\/figure>\n<\/div><\/div>\n<\/div>\n\n\n\n<hr class=\"wp-block-separator has-alpha-channel-opacity\" \/>\n\n\n\n<div class=\"wp-block-columns is-layout-flex wp-container-core-columns-is-layout-9d6595d7 wp-block-columns-is-layout-flex\">\n<div class=\"wp-block-column is-layout-flow wp-block-column-is-layout-flow\">\n<div class=\"wp-block-columns is-layout-flex wp-container-core-columns-is-layout-9d6595d7 wp-block-columns-is-layout-flex\">\n<div class=\"wp-block-column is-layout-flow wp-block-column-is-layout-flow\">\n<p><strong>CV<\/strong><\/p>\n\n\n\n<p>Konstantin Hondros hat Soziologie sowie Theater-, Film- und Medienwissenschaften an der Universit\u00e4t Wien studiert. Im Jahr 2020 promovierte er an der Universit\u00e4t Duisburg-Essen mit einer Dissertation zu \u201eliminaler Kreativit\u00e4t\u201c und ihrer Bedeutung f\u00fcr die Herstellung musikalischer \u00c4hnlichkeit in Auftragszusammenh\u00e4ngen der Musikwirtschaft. W\u00e4hrend seiner Promotion und im Anschluss daran als Post-Doc hat er in zwei DFG-gef\u00f6rderten Projekten die Rolle von geistigen Eigentumsrechten sowie deren Alternativen in organisierten kreativen Prozessen in der Musik- und Pharmaindustrie erforscht. Seit August 2024 ist er wissenschaftlicher Mitarbeiter am Lehrstuhl f\u00fcr Digital Governance und Service Design an der Helmut-Schmidt-Universit\u00e4t\/Universit\u00e4t der Bundeswehr Hamburg.<\/p>\n<\/div>\n<\/div>\n<\/div>\n<\/div>\n\n\n\n<hr class=\"wp-block-separator has-alpha-channel-opacity\" \/>\n\n\n\n<p><a href=\"https:\/\/konstantinhondros.info\/\" rel='nofollow'>Pers\u00f6nliche Homepage<\/a> | <a href=\"https:\/\/scholar.google.com\/citations?user=hGh4gl4AAAAJ&amp;hl=de\" rel='nofollow'>Google Scholar<\/a><\/p>\n","protected":false},"excerpt":{"rendered":"<p>AnschriftHelmut-Schmidt-Universit\u00e4tFakult\u00e4t f\u00fcr Wirtschafts- und SozialwissenschaftenFriedrich-Ebert-Damm 24522159 Hamburg Raum: Campus Nord, R. 3 E 142Telefon: +49 (0)40 6541-4562E-mail: konstantin.hondros@hsu.hamburg CV Konstantin Hondros hat Soziologie sowie Theater-, Film- und Medienwissenschaften an der [&hellip;]<\/p>\n","protected":false},"author":3932,"featured_media":0,"parent":0,"menu_order":0,"comment_status":"closed","ping_status":"closed","template":"","meta":{"footnotes":""},"categories":[4,8],"tags":[],"class_list":["post-332","page","type-page","status-publish","hentry","category-forschung","category-team"],"_links":{"self":[{"href":"https:\/\/www.hsu-hh.de\/digigov\/wp-json\/wp\/v2\/pages\/332","targetHints":{"allow":["GET"]}}],"collection":[{"href":"https:\/\/www.hsu-hh.de\/digigov\/wp-json\/wp\/v2\/pages"}],"about":[{"href":"https:\/\/www.hsu-hh.de\/digigov\/wp-json\/wp\/v2\/types\/page"}],"author":[{"embeddable":true,"href":"https:\/\/www.hsu-hh.de\/digigov\/wp-json\/wp\/v2\/users\/3932"}],"replies":[{"embeddable":true,"href":"https:\/\/www.hsu-hh.de\/digigov\/wp-json\/wp\/v2\/comments?post=332"}],"version-history":[{"count":30,"href":"https:\/\/www.hsu-hh.de\/digigov\/wp-json\/wp\/v2\/pages\/332\/revisions"}],"predecessor-version":[{"id":689,"href":"https:\/\/www.hsu-hh.de\/digigov\/wp-json\/wp\/v2\/pages\/332\/revisions\/689"}],"wp:attachment":[{"href":"https:\/\/www.hsu-hh.de\/digigov\/wp-json\/wp\/v2\/media?parent=332"}],"wp:term":[{"taxonomy":"category","embeddable":true,"href":"https:\/\/www.hsu-hh.de\/digigov\/wp-json\/wp\/v2\/categories?post=332"},{"taxonomy":"post_tag","embeddable":true,"href":"https:\/\/www.hsu-hh.de\/digigov\/wp-json\/wp\/v2\/tags?post=332"}],"curies":[{"name":"wp","href":"https:\/\/api.w.org\/{rel}","templated":true}]}}