{"id":250,"date":"2024-07-03T10:34:12","date_gmt":"2024-07-03T08:34:12","guid":{"rendered":"https:\/\/www.hsu-hh.de\/digigov\/?page_id=250"},"modified":"2026-01-06T08:58:24","modified_gmt":"2026-01-06T07:58:24","slug":"suna-oezdemir","status":"publish","type":"page","link":"https:\/\/www.hsu-hh.de\/digigov\/suna-oezdemir\/","title":{"rendered":"Suna Ellen \u00d6zdemir"},"content":{"rendered":"\n<div class=\"wp-block-columns is-layout-flex wp-container-core-columns-is-layout-9d6595d7 wp-block-columns-is-layout-flex\">\n<div class=\"wp-block-column is-layout-flow wp-block-column-is-layout-flow\">\n<p><strong>Anschrift<\/strong><br>Helmut-Schmidt-Universit\u00e4t<br>Fakult\u00e4t f\u00fcr Wirtschafts- und Sozialwissenschaften<br>Friedrich-Ebert-Damm 245<br>22159 Hamburg<\/p>\n<\/div>\n\n\n\n<div class=\"wp-block-column is-layout-flow wp-block-column-is-layout-flow\">\n<p><strong>Raum<\/strong>: Campus Nord, R. 3 E 138<br><strong>Telefon:<\/strong> +49 (0)40 6541-4561<br><strong>E-mail:<\/strong> <a href=\"mailto:suna.oezdemir@hsu.hamburg\" rel='nofollow'>suna.oezdemir@hsu.hamburg<\/a><\/p>\n<\/div>\n\n\n\n<div class=\"wp-block-column is-layout-flow wp-block-column-is-layout-flow\"><div class=\"wp-block-image is-style-rounded\">\n<figure class=\"aligncenter size-medium is-resized\"><img loading=\"lazy\" decoding=\"async\" width=\"1707\" height=\"2560\" src=\"https:\/\/www.hsu-hh.de\/digigov\/wp-content\/uploads\/sites\/921\/2024\/09\/20240813_HSU_Professur_Heimstaedt_Teamfotos_Gelhausen_027-2-edited-2-scaled.jpg\" data-credit=\"HSU\/Christian Gelhausen\" alt=\"\" class=\"wp-image-621\" style=\"width:150px\" srcset=\"https:\/\/www.hsu-hh.de\/digigov\/wp-content\/uploads\/sites\/921\/2024\/09\/20240813_HSU_Professur_Heimstaedt_Teamfotos_Gelhausen_027-2-edited-2-scaled.jpg 1707w, https:\/\/www.hsu-hh.de\/digigov\/wp-content\/uploads\/sites\/921\/2024\/09\/20240813_HSU_Professur_Heimstaedt_Teamfotos_Gelhausen_027-2-edited-2-200x300.jpg 200w, https:\/\/www.hsu-hh.de\/digigov\/wp-content\/uploads\/sites\/921\/2024\/09\/20240813_HSU_Professur_Heimstaedt_Teamfotos_Gelhausen_027-2-edited-2-683x1024.jpg 683w, https:\/\/www.hsu-hh.de\/digigov\/wp-content\/uploads\/sites\/921\/2024\/09\/20240813_HSU_Professur_Heimstaedt_Teamfotos_Gelhausen_027-2-edited-2-768x1152.jpg 768w, https:\/\/www.hsu-hh.de\/digigov\/wp-content\/uploads\/sites\/921\/2024\/09\/20240813_HSU_Professur_Heimstaedt_Teamfotos_Gelhausen_027-2-edited-2-1024x1536.jpg 1024w, https:\/\/www.hsu-hh.de\/digigov\/wp-content\/uploads\/sites\/921\/2024\/09\/20240813_HSU_Professur_Heimstaedt_Teamfotos_Gelhausen_027-2-edited-2-1365x2048.jpg 1365w, https:\/\/www.hsu-hh.de\/digigov\/wp-content\/uploads\/sites\/921\/2024\/09\/20240813_HSU_Professur_Heimstaedt_Teamfotos_Gelhausen_027-2-edited-2-1100x1650.jpg 1100w\" sizes=\"auto, (max-width: 1707px) 100vw, 1707px\" \/><\/figure>\n<\/div><\/div>\n<\/div>\n\n\n\n<hr class=\"wp-block-separator has-alpha-channel-opacity\" \/>\n\n\n\n<p><strong>CV<\/strong><\/p>\n\n\n\n<p>Suna Ellen \u00d6zdemir studierte an der Rheinischen Friedrich-Wilhelms-Universit\u00e4t Bonn Geschichte, Politik und Gesellschaft und schloss das Studium mit dem Bachelor of Arts ab. An der Universit\u00e4t Bielefeld erwarb sie an der Fakult\u00e4t f\u00fcr Soziologie den Master of Arts. W\u00e4hrend ihres Masters war sie als Wissenschaftliche Hilfskraft an der Universit\u00e4t Bielefeld und der Johannes Gutenberg-Universit\u00e4t Mainz t\u00e4tig. Seit Juli 2024 ist sie Wissenschaftliche Mitarbeiterin von Professor <abbr title=\"Doktor\">Dr.<\/abbr> Maximilian Heimst\u00e4dt an der Professur f\u00fcr Betriebswirtschaftslehre, insbesondere Digital Governance und Service Design der Helmut-Schmidt-Universit\u00e4t\/Universit\u00e4t der Bundeswehr Hamburg.<\/p>\n\n\n\n<hr class=\"wp-block-separator has-alpha-channel-opacity\" \/>\n","protected":false},"excerpt":{"rendered":"<p>AnschriftHelmut-Schmidt-Universit\u00e4tFakult\u00e4t f\u00fcr Wirtschafts- und SozialwissenschaftenFriedrich-Ebert-Damm 24522159 Hamburg Raum: Campus Nord, R. 3 E 138Telefon: +49 (0)40 6541-4561E-mail: suna.oezdemir@hsu.hamburg CV Suna Ellen \u00d6zdemir studierte an der Rheinischen Friedrich-Wilhelms-Universit\u00e4t Bonn Geschichte, Politik [&hellip;]<\/p>\n","protected":false},"author":3932,"featured_media":0,"parent":0,"menu_order":0,"comment_status":"closed","ping_status":"closed","template":"","meta":{"footnotes":""},"categories":[4],"tags":[],"class_list":["post-250","page","type-page","status-publish","hentry","category-forschung"],"_links":{"self":[{"href":"https:\/\/www.hsu-hh.de\/digigov\/wp-json\/wp\/v2\/pages\/250","targetHints":{"allow":["GET"]}}],"collection":[{"href":"https:\/\/www.hsu-hh.de\/digigov\/wp-json\/wp\/v2\/pages"}],"about":[{"href":"https:\/\/www.hsu-hh.de\/digigov\/wp-json\/wp\/v2\/types\/page"}],"author":[{"embeddable":true,"href":"https:\/\/www.hsu-hh.de\/digigov\/wp-json\/wp\/v2\/users\/3932"}],"replies":[{"embeddable":true,"href":"https:\/\/www.hsu-hh.de\/digigov\/wp-json\/wp\/v2\/comments?post=250"}],"version-history":[{"count":15,"href":"https:\/\/www.hsu-hh.de\/digigov\/wp-json\/wp\/v2\/pages\/250\/revisions"}],"predecessor-version":[{"id":711,"href":"https:\/\/www.hsu-hh.de\/digigov\/wp-json\/wp\/v2\/pages\/250\/revisions\/711"}],"wp:attachment":[{"href":"https:\/\/www.hsu-hh.de\/digigov\/wp-json\/wp\/v2\/media?parent=250"}],"wp:term":[{"taxonomy":"category","embeddable":true,"href":"https:\/\/www.hsu-hh.de\/digigov\/wp-json\/wp\/v2\/categories?post=250"},{"taxonomy":"post_tag","embeddable":true,"href":"https:\/\/www.hsu-hh.de\/digigov\/wp-json\/wp\/v2\/tags?post=250"}],"curies":[{"name":"wp","href":"https:\/\/api.w.org\/{rel}","templated":true}]}}