{"id":244,"date":"2024-07-03T07:37:19","date_gmt":"2024-07-03T05:37:19","guid":{"rendered":"https:\/\/www.hsu-hh.de\/digigov\/?page_id=244"},"modified":"2025-09-17T08:59:57","modified_gmt":"2025-09-17T06:59:57","slug":"klara-friese","status":"publish","type":"page","link":"https:\/\/www.hsu-hh.de\/digigov\/klara-friese\/","title":{"rendered":"Klara Friese"},"content":{"rendered":"\n<div class=\"wp-block-columns is-layout-flex wp-container-core-columns-is-layout-9d6595d7 wp-block-columns-is-layout-flex\">\n<div class=\"wp-block-column is-vertically-aligned-top is-layout-flow wp-block-column-is-layout-flow\">\n<p class=\"has-text-align-left\"><strong>Anschrift<\/strong><br>Helmut-Schmidt-Universit\u00e4t<br>Fakult\u00e4t f\u00fcr Wirtschafts- und Sozialwissenschaften<br>Friedrich-Ebert-Damm 245<br>22159 Hamburg<\/p>\n<\/div>\n\n\n\n<div class=\"wp-block-column is-layout-flow wp-block-column-is-layout-flow\">\n<p class=\"has-text-align-left\"><strong>Raum<\/strong>: Campus Nord, R. 3 E 138<br><strong>Telefon:<\/strong> +49 (0)40 6541-4560<br><strong>E-mail:<\/strong> <a href=\"mailto:friese@hsu.hamburg\" rel='nofollow'>friese@hsu.hamburg<\/a><\/p>\n<\/div>\n\n\n\n<div class=\"wp-block-column is-layout-flow wp-block-column-is-layout-flow\"><div class=\"wp-block-image is-style-rounded\">\n<figure class=\"aligncenter size-medium is-resized\"><img loading=\"lazy\" decoding=\"async\" width=\"1707\" height=\"2560\" src=\"https:\/\/www.hsu-hh.de\/digigov\/wp-content\/uploads\/sites\/921\/2024\/09\/20240813_HSU_Professur_Heimstaedt_Teamfotos_Gelhausen_016-1-edited-1-scaled.jpg\" data-credit=\"HSU\/Christian Gelhausen\" alt=\"\" class=\"wp-image-615\" style=\"width:150px\" srcset=\"https:\/\/www.hsu-hh.de\/digigov\/wp-content\/uploads\/sites\/921\/2024\/09\/20240813_HSU_Professur_Heimstaedt_Teamfotos_Gelhausen_016-1-edited-1-scaled.jpg 1707w, https:\/\/www.hsu-hh.de\/digigov\/wp-content\/uploads\/sites\/921\/2024\/09\/20240813_HSU_Professur_Heimstaedt_Teamfotos_Gelhausen_016-1-edited-1-200x300.jpg 200w, https:\/\/www.hsu-hh.de\/digigov\/wp-content\/uploads\/sites\/921\/2024\/09\/20240813_HSU_Professur_Heimstaedt_Teamfotos_Gelhausen_016-1-edited-1-683x1024.jpg 683w, https:\/\/www.hsu-hh.de\/digigov\/wp-content\/uploads\/sites\/921\/2024\/09\/20240813_HSU_Professur_Heimstaedt_Teamfotos_Gelhausen_016-1-edited-1-768x1152.jpg 768w, https:\/\/www.hsu-hh.de\/digigov\/wp-content\/uploads\/sites\/921\/2024\/09\/20240813_HSU_Professur_Heimstaedt_Teamfotos_Gelhausen_016-1-edited-1-1024x1536.jpg 1024w, https:\/\/www.hsu-hh.de\/digigov\/wp-content\/uploads\/sites\/921\/2024\/09\/20240813_HSU_Professur_Heimstaedt_Teamfotos_Gelhausen_016-1-edited-1-1365x2048.jpg 1365w, https:\/\/www.hsu-hh.de\/digigov\/wp-content\/uploads\/sites\/921\/2024\/09\/20240813_HSU_Professur_Heimstaedt_Teamfotos_Gelhausen_016-1-edited-1-1100x1650.jpg 1100w\" sizes=\"auto, (max-width: 1707px) 100vw, 1707px\" \/><\/figure>\n<\/div><\/div>\n<\/div>\n\n\n\n<hr class=\"wp-block-separator has-alpha-channel-opacity\" \/>\n\n\n\n<p><strong>CV<\/strong><\/p>\n\n\n\n<p>Klara Friese studierte Soziologie und Geschichte an der Universit\u00e4t Hamburg. Anschlie\u00dfend erwarb sie ihren Master of Arts in Culture &amp; Organization an der Leuphana Universit\u00e4t L\u00fcneburg. W\u00e4hrend ihres Studiums war sie im Rahmen des Forschungsprojekts &#8222;Automating the Logictsical City \u2013 Space, Algorithms, Speculation&#8220; am Institut f\u00fcr Soziologie und Kulturorganisation sowie dem Centre for Digital Cultures der Leuphana Universit\u00e4t L\u00fcneburg besch\u00e4ftigt. Seit Juli 2024 arbeitet sie als wissenschaftliche Mitarbeiterin im Team von Professor <abbr title=\"Doktor\">Dr.<\/abbr> Maximilian Heimst\u00e4dt an der Professur f\u00fcr Betriebswirtschaftslehre, insbesondere Digital Governance und Service Design der Helmut-Schmidt-Universit\u00e4t\/Universit\u00e4t der Bundeswehr Hamburg.&nbsp;&nbsp;<\/p>\n\n\n\n<hr class=\"wp-block-separator has-alpha-channel-opacity\" \/>\n","protected":false},"excerpt":{"rendered":"<p>AnschriftHelmut-Schmidt-Universit\u00e4tFakult\u00e4t f\u00fcr Wirtschafts- und SozialwissenschaftenFriedrich-Ebert-Damm 24522159 Hamburg Raum: Campus Nord, R. 3 E 138Telefon: +49 (0)40 6541-4560E-mail: friese@hsu.hamburg CV Klara Friese studierte Soziologie und Geschichte an der Universit\u00e4t Hamburg. Anschlie\u00dfend [&hellip;]<\/p>\n","protected":false},"author":3932,"featured_media":0,"parent":0,"menu_order":0,"comment_status":"closed","ping_status":"closed","template":"","meta":{"footnotes":""},"categories":[4,8],"tags":[],"class_list":["post-244","page","type-page","status-publish","hentry","category-forschung","category-team"],"_links":{"self":[{"href":"https:\/\/www.hsu-hh.de\/digigov\/wp-json\/wp\/v2\/pages\/244","targetHints":{"allow":["GET"]}}],"collection":[{"href":"https:\/\/www.hsu-hh.de\/digigov\/wp-json\/wp\/v2\/pages"}],"about":[{"href":"https:\/\/www.hsu-hh.de\/digigov\/wp-json\/wp\/v2\/types\/page"}],"author":[{"embeddable":true,"href":"https:\/\/www.hsu-hh.de\/digigov\/wp-json\/wp\/v2\/users\/3932"}],"replies":[{"embeddable":true,"href":"https:\/\/www.hsu-hh.de\/digigov\/wp-json\/wp\/v2\/comments?post=244"}],"version-history":[{"count":21,"href":"https:\/\/www.hsu-hh.de\/digigov\/wp-json\/wp\/v2\/pages\/244\/revisions"}],"predecessor-version":[{"id":690,"href":"https:\/\/www.hsu-hh.de\/digigov\/wp-json\/wp\/v2\/pages\/244\/revisions\/690"}],"wp:attachment":[{"href":"https:\/\/www.hsu-hh.de\/digigov\/wp-json\/wp\/v2\/media?parent=244"}],"wp:term":[{"taxonomy":"category","embeddable":true,"href":"https:\/\/www.hsu-hh.de\/digigov\/wp-json\/wp\/v2\/categories?post=244"},{"taxonomy":"post_tag","embeddable":true,"href":"https:\/\/www.hsu-hh.de\/digigov\/wp-json\/wp\/v2\/tags?post=244"}],"curies":[{"name":"wp","href":"https:\/\/api.w.org\/{rel}","templated":true}]}}