{"id":201,"date":"2024-04-18T20:34:06","date_gmt":"2024-04-18T18:34:06","guid":{"rendered":"https:\/\/www.hsu-hh.de\/digigov\/?page_id=201"},"modified":"2025-09-17T09:20:19","modified_gmt":"2025-09-17T07:20:19","slug":"secretary-andrea-vorwerk","status":"publish","type":"page","link":"https:\/\/www.hsu-hh.de\/digigov\/en\/secretary-andrea-vorwerk\/","title":{"rendered":"Secretary: Jonas Tamm"},"content":{"rendered":"\n<div class=\"wp-block-columns is-layout-flex wp-container-core-columns-is-layout-9d6595d7 wp-block-columns-is-layout-flex\">\n<div class=\"wp-block-column is-layout-flow wp-block-column-is-layout-flow\">\n<p><strong>Building: <\/strong>Campus Nord (Geb\u00e4ude der Deutschen Rentenversicherung Nord)<br><strong>Room: <\/strong>1E 156<\/p>\n\n\n\n<p><strong>E-Mail: <\/strong><a href=\"mailto:tammj@hsu.hamburg\" rel='nofollow'>tammj@hsu.hamburg<\/a><br><strong>Phone: <\/strong>+49 (0)40 6541 3942<br><strong>Fax:<\/strong> +49 (0)40 6541 2780 (Fakult\u00e4tsverwaltung)<\/p>\n\n\n\n<p><strong>Postal address:<\/strong><br>Helmut-Schmidt-Universit\u00e4t<br>Universit\u00e4t der Bundeswehr Hamburg<br>Postfach 70 08 22<br>22039 Hamburg<\/p>\n<\/div>\n\n\n\n<div class=\"wp-block-column is-layout-flow wp-block-column-is-layout-flow\"><div class=\"wp-block-image is-style-rounded\">\n<figure class=\"aligncenter size-medium is-resized\"><img loading=\"lazy\" decoding=\"async\" width=\"1707\" height=\"2560\" src=\"https:\/\/www.hsu-hh.de\/digigov\/wp-content\/uploads\/sites\/921\/2024\/09\/20240813_HSU_Professur_Heimstaedt_Teamfotos_Gelhausen_021-edited-scaled.jpg\" data-credit=\"HSU\/Christian Gelhausen\" alt=\"\" class=\"wp-image-627\" style=\"width:150px\" srcset=\"https:\/\/www.hsu-hh.de\/digigov\/wp-content\/uploads\/sites\/921\/2024\/09\/20240813_HSU_Professur_Heimstaedt_Teamfotos_Gelhausen_021-edited-scaled.jpg 1707w, https:\/\/www.hsu-hh.de\/digigov\/wp-content\/uploads\/sites\/921\/2024\/09\/20240813_HSU_Professur_Heimstaedt_Teamfotos_Gelhausen_021-edited-200x300.jpg 200w, https:\/\/www.hsu-hh.de\/digigov\/wp-content\/uploads\/sites\/921\/2024\/09\/20240813_HSU_Professur_Heimstaedt_Teamfotos_Gelhausen_021-edited-683x1024.jpg 683w, https:\/\/www.hsu-hh.de\/digigov\/wp-content\/uploads\/sites\/921\/2024\/09\/20240813_HSU_Professur_Heimstaedt_Teamfotos_Gelhausen_021-edited-768x1152.jpg 768w, https:\/\/www.hsu-hh.de\/digigov\/wp-content\/uploads\/sites\/921\/2024\/09\/20240813_HSU_Professur_Heimstaedt_Teamfotos_Gelhausen_021-edited-1024x1536.jpg 1024w, https:\/\/www.hsu-hh.de\/digigov\/wp-content\/uploads\/sites\/921\/2024\/09\/20240813_HSU_Professur_Heimstaedt_Teamfotos_Gelhausen_021-edited-1366x2048.jpg 1366w, https:\/\/www.hsu-hh.de\/digigov\/wp-content\/uploads\/sites\/921\/2024\/09\/20240813_HSU_Professur_Heimstaedt_Teamfotos_Gelhausen_021-edited-1100x1650.jpg 1100w\" sizes=\"auto, (max-width: 1707px) 100vw, 1707px\" \/><\/figure>\n<\/div><\/div>\n<\/div>\n\n\n\n<p><\/p>\n","protected":false},"excerpt":{"rendered":"<p>Building: Campus Nord (Geb\u00e4ude der Deutschen Rentenversicherung Nord)Room: 1E 156 E-Mail: tammj@hsu.hamburgPhone: +49 (0)40 6541 3942Fax: +49 (0)40 6541 2780 (Fakult\u00e4tsverwaltung) Postal address:Helmut-Schmidt-Universit\u00e4tUniversit\u00e4t der Bundeswehr HamburgPostfach 70 08 2222039 Hamburg<\/p>\n","protected":false},"author":3884,"featured_media":0,"parent":0,"menu_order":0,"comment_status":"closed","ping_status":"closed","template":"","meta":{"footnotes":""},"categories":[9],"tags":[],"class_list":["post-201","page","type-page","status-publish","hentry","category-team-en"],"_links":{"self":[{"href":"https:\/\/www.hsu-hh.de\/digigov\/wp-json\/wp\/v2\/pages\/201","targetHints":{"allow":["GET"]}}],"collection":[{"href":"https:\/\/www.hsu-hh.de\/digigov\/wp-json\/wp\/v2\/pages"}],"about":[{"href":"https:\/\/www.hsu-hh.de\/digigov\/wp-json\/wp\/v2\/types\/page"}],"author":[{"embeddable":true,"href":"https:\/\/www.hsu-hh.de\/digigov\/wp-json\/wp\/v2\/users\/3884"}],"replies":[{"embeddable":true,"href":"https:\/\/www.hsu-hh.de\/digigov\/wp-json\/wp\/v2\/comments?post=201"}],"version-history":[{"count":11,"href":"https:\/\/www.hsu-hh.de\/digigov\/wp-json\/wp\/v2\/pages\/201\/revisions"}],"predecessor-version":[{"id":701,"href":"https:\/\/www.hsu-hh.de\/digigov\/wp-json\/wp\/v2\/pages\/201\/revisions\/701"}],"wp:attachment":[{"href":"https:\/\/www.hsu-hh.de\/digigov\/wp-json\/wp\/v2\/media?parent=201"}],"wp:term":[{"taxonomy":"category","embeddable":true,"href":"https:\/\/www.hsu-hh.de\/digigov\/wp-json\/wp\/v2\/categories?post=201"},{"taxonomy":"post_tag","embeddable":true,"href":"https:\/\/www.hsu-hh.de\/digigov\/wp-json\/wp\/v2\/tags?post=201"}],"curies":[{"name":"wp","href":"https:\/\/api.w.org\/{rel}","templated":true}]}}