{"id":182,"date":"2024-04-17T11:44:33","date_gmt":"2024-04-17T09:44:33","guid":{"rendered":"https:\/\/www.hsu-hh.de\/digigov\/?page_id=182"},"modified":"2025-09-17T09:22:41","modified_gmt":"2025-09-17T07:22:41","slug":"maximilian-heimstaedt","status":"publish","type":"page","link":"https:\/\/www.hsu-hh.de\/digigov\/maximilian-heimstaedt\/","title":{"rendered":"Univ.-Prof. Dr. Maximilian Heimst\u00e4dt"},"content":{"rendered":"\n<div class=\"wp-block-columns is-layout-flex wp-container-core-columns-is-layout-9d6595d7 wp-block-columns-is-layout-flex\">\n<div class=\"wp-block-column is-layout-flow wp-block-column-is-layout-flow\">\n<p><strong>Anschrift<\/strong><br>Helmut-Schmidt-Universit\u00e4t<br>Fakult\u00e4t f\u00fcr Wirtschafts- und Sozialwissenschaften<br>Friedrich-Ebert-Damm 245<br>22159 Hamburg<\/p>\n<\/div>\n\n\n\n<div class=\"wp-block-column is-layout-flow wp-block-column-is-layout-flow\">\n<p><strong>Raum<\/strong>: Campus Nord, R. 3 E 144<br><strong>Telefon:<\/strong> +49 (0)40 6541-4563<br><strong>E-mail:<\/strong> <a href=\"mailto:heimstaedt@hsu.hamburg\" rel='nofollow'>heimstaedt@hsu.hamburg<\/a><br><strong>Sekretariat<\/strong>: Jonas Tamm<br><strong>Telefon: <\/strong>+49 (0)40 6541-3942<\/p>\n<\/div>\n\n\n\n<div class=\"wp-block-column is-layout-flow wp-block-column-is-layout-flow\"><div class=\"wp-block-image is-style-rounded\">\n<figure class=\"aligncenter size-medium is-resized\"><img loading=\"lazy\" decoding=\"async\" width=\"1706\" height=\"2560\" src=\"https:\/\/www.hsu-hh.de\/digigov\/wp-content\/uploads\/sites\/921\/2024\/09\/20240813_HSU_Professur_Heimstaedt_Teamfotos_Gelhausen_012-edited-2-scaled.jpg\" data-credit=\"HSU\/Christian Gelhausen\" alt=\"\" class=\"wp-image-604\" style=\"width:150px\" srcset=\"https:\/\/www.hsu-hh.de\/digigov\/wp-content\/uploads\/sites\/921\/2024\/09\/20240813_HSU_Professur_Heimstaedt_Teamfotos_Gelhausen_012-edited-2-scaled.jpg 1706w, https:\/\/www.hsu-hh.de\/digigov\/wp-content\/uploads\/sites\/921\/2024\/09\/20240813_HSU_Professur_Heimstaedt_Teamfotos_Gelhausen_012-edited-2-200x300.jpg 200w, https:\/\/www.hsu-hh.de\/digigov\/wp-content\/uploads\/sites\/921\/2024\/09\/20240813_HSU_Professur_Heimstaedt_Teamfotos_Gelhausen_012-edited-2-683x1024.jpg 683w, https:\/\/www.hsu-hh.de\/digigov\/wp-content\/uploads\/sites\/921\/2024\/09\/20240813_HSU_Professur_Heimstaedt_Teamfotos_Gelhausen_012-edited-2-768x1152.jpg 768w, https:\/\/www.hsu-hh.de\/digigov\/wp-content\/uploads\/sites\/921\/2024\/09\/20240813_HSU_Professur_Heimstaedt_Teamfotos_Gelhausen_012-edited-2-1024x1536.jpg 1024w, https:\/\/www.hsu-hh.de\/digigov\/wp-content\/uploads\/sites\/921\/2024\/09\/20240813_HSU_Professur_Heimstaedt_Teamfotos_Gelhausen_012-edited-2-1365x2048.jpg 1365w, https:\/\/www.hsu-hh.de\/digigov\/wp-content\/uploads\/sites\/921\/2024\/09\/20240813_HSU_Professur_Heimstaedt_Teamfotos_Gelhausen_012-edited-2-1100x1650.jpg 1100w\" sizes=\"auto, (max-width: 1706px) 100vw, 1706px\" \/><\/figure>\n<\/div><\/div>\n<\/div>\n\n\n\n<p><strong>Sprechstunde<\/strong><\/p>\n\n\n\n<p>nach Vereinbarung<\/p>\n\n\n\n<hr class=\"wp-block-separator has-alpha-channel-opacity\" \/>\n\n\n\n<p><strong>CV<\/strong><\/p>\n\n\n\n<p>Maximilian Heimst\u00e4dt studierte Betriebswirtschaftslehre in K\u00f6ln und Wirtschaftsinformatik in St. Andrews (Schottland). 2017 wurde er am Fachbereich Wirtschaftswissenschaften der Freien Universit\u00e4t Berlin promoviert. Es folgten T\u00e4tigkeiten an der Universit\u00e4t Witten\/Herdecke (Postdoc), der Universit\u00e4t Bielefeld (Akademischer Oberrat) und dem Weizenbaum-Institut in Berlin (Forschungsgruppenleiter). 2023 wurde er an der Fakult\u00e4t f\u00fcr Wirtschaft und Gesellschaft der Universit\u00e4t Witten\/Herdecke habilitiert. 2024 wurde er auf die Professur f\u00fcr Betriebswirtschaftslehre, insbesondere Digital Governance und Service Design, an der Helmut-Schmidt-Universit\u00e4t\/Universit\u00e4t der Bundeswehr Hamburg berufen. Seit 1. April 2024 leitet er den interdisziplin\u00e4ren Master-Studiengang \u201e<a href=\"https:\/\/www.hsu-hh.de\/wiso\/digital-governance-and-administration-diga\" data-type=\"link\" data-id=\"https:\/\/www.hsu-hh.de\/wiso\/digital-governance-and-administration-diga\">Digital Governance and Administration<\/a>\u201c.<\/p>\n\n\n\n<hr class=\"wp-block-separator has-alpha-channel-opacity\" \/>\n\n\n\n<p><a href=\"https:\/\/heimstaedt.org\/\" data-type=\"link\" data-id=\"https:\/\/heimstaedt.org\/\" rel='nofollow'>Pers\u00f6nliche Homepage<\/a> | <a href=\"https:\/\/scholar.google.de\/citations?user=HuHwOA8AAAAJ&amp;hl=en\" data-type=\"link\" data-id=\"https:\/\/scholar.google.de\/citations?user=HuHwOA8AAAAJ&amp;hl=en\" rel='nofollow'>Google Scholar<\/a><\/p>\n","protected":false},"excerpt":{"rendered":"<p>AnschriftHelmut-Schmidt-Universit\u00e4tFakult\u00e4t f\u00fcr Wirtschafts- und SozialwissenschaftenFriedrich-Ebert-Damm 24522159 Hamburg Raum: Campus Nord, R. 3 E 144Telefon: +49 (0)40 6541-4563E-mail: heimstaedt@hsu.hamburgSekretariat: Jonas TammTelefon: +49 (0)40 6541-3942 Sprechstunde nach Vereinbarung CV Maximilian Heimst\u00e4dt studierte [&hellip;]<\/p>\n","protected":false},"author":3884,"featured_media":0,"parent":0,"menu_order":0,"comment_status":"closed","ping_status":"closed","template":"","meta":{"footnotes":""},"categories":[4],"tags":[],"class_list":["post-182","page","type-page","status-publish","hentry","category-forschung"],"_links":{"self":[{"href":"https:\/\/www.hsu-hh.de\/digigov\/wp-json\/wp\/v2\/pages\/182","targetHints":{"allow":["GET"]}}],"collection":[{"href":"https:\/\/www.hsu-hh.de\/digigov\/wp-json\/wp\/v2\/pages"}],"about":[{"href":"https:\/\/www.hsu-hh.de\/digigov\/wp-json\/wp\/v2\/types\/page"}],"author":[{"embeddable":true,"href":"https:\/\/www.hsu-hh.de\/digigov\/wp-json\/wp\/v2\/users\/3884"}],"replies":[{"embeddable":true,"href":"https:\/\/www.hsu-hh.de\/digigov\/wp-json\/wp\/v2\/comments?post=182"}],"version-history":[{"count":22,"href":"https:\/\/www.hsu-hh.de\/digigov\/wp-json\/wp\/v2\/pages\/182\/revisions"}],"predecessor-version":[{"id":702,"href":"https:\/\/www.hsu-hh.de\/digigov\/wp-json\/wp\/v2\/pages\/182\/revisions\/702"}],"wp:attachment":[{"href":"https:\/\/www.hsu-hh.de\/digigov\/wp-json\/wp\/v2\/media?parent=182"}],"wp:term":[{"taxonomy":"category","embeddable":true,"href":"https:\/\/www.hsu-hh.de\/digigov\/wp-json\/wp\/v2\/categories?post=182"},{"taxonomy":"post_tag","embeddable":true,"href":"https:\/\/www.hsu-hh.de\/digigov\/wp-json\/wp\/v2\/tags?post=182"}],"curies":[{"name":"wp","href":"https:\/\/api.w.org\/{rel}","templated":true}]}}