{"id":116,"date":"2018-01-17T14:07:04","date_gmt":"2018-01-17T13:07:04","guid":{"rendered":"https:\/\/www.hsu-hh.de\/digigov\/?page_id=116"},"modified":"2025-08-11T12:42:06","modified_gmt":"2025-08-11T10:42:06","slug":"lehre","status":"publish","type":"page","link":"https:\/\/www.hsu-hh.de\/digigov\/lehre\/","title":{"rendered":"Lehre"},"content":{"rendered":"\n<p>Das Team der Professur bringt betriebswirtschaftliche Lehrinhalte in den interdisziplin\u00e4ren Masterstudiengang &#8222;<a href=\"https:\/\/www.hsu-hh.de\/wiso\/diga\" data-type=\"link\" data-id=\"https:\/\/www.hsu-hh.de\/wiso\/digital-governance-and-administration-diga\">Digital Governance and Administration<\/a>&#8220; (DiGA) ein. Der DiGA bereitet Studierende auf die \u00dcbernahme verantwortungsvoller Positionen im Kontext der digitalen Transformation des \u00f6ffentlichen Sektors und dar\u00fcber hinaus vor.<\/p>\n\n\n\n<p>Im DiGA ist das Team des Lehrstuhls f\u00fcr folgende Module verantwortlich:<\/p>\n\n\n\n<ul class=\"wp-block-list\">\n<li>Fundamentals of Organisation &amp; Management<\/li>\n\n\n\n<li>Strategic Thinking \/ Decision Making in a Digital World<\/li>\n\n\n\n<li>Service Design &amp; Digital Business Models<\/li>\n\n\n\n<li>Designing and Controlling Digital Organizations<\/li>\n\n\n\n<li>Digital Leadership \/ Digital Work<\/li>\n\n\n\n<li>Technology &amp; Innovation Management<\/li>\n\n\n\n<li>Organization Theory &amp; Network Management<\/li>\n<\/ul>\n\n\n\n<p><\/p>\n\n\n\n<p>Um eine Pr\u00fcfungsleistung in der Professur f\u00fcr Digital Governance und Service Design ablegen zu k\u00f6nnen, beachten Sie bitte die <a href=\"https:\/\/www.hsu-hh.de\/digigov\/wp-content\/uploads\/sites\/921\/2024\/11\/Guidelines-for-BA_MA-Theses.pdf\" data-type=\"link\" data-id=\"https:\/\/www.hsu-hh.de\/digigov\/wp-content\/uploads\/sites\/921\/2024\/11\/Guidelines-for-BA_MA-Theses.pdf\">Richtlinien und Hinweise zur Gestaltung von Haus-, Bachelor- oder Masterarbeiten<\/a> sowie die <a href=\"https:\/\/www.hsu-hh.de\/digigov\/wp-content\/uploads\/sites\/921\/2025\/08\/Writing-an-Expose-for-BA-MA-Theses.pdf\">Handreichung zur Erstellung eines Expos\u00e9s f\u00fcr Bachelor- oder Masterarbeiten<\/a>.<\/p>\n\n\n\n<p><\/p>\n","protected":false},"excerpt":{"rendered":"<p>Das Team der Professur bringt betriebswirtschaftliche Lehrinhalte in den interdisziplin\u00e4ren Masterstudiengang &#8222;Digital Governance and Administration&#8220; (DiGA) ein. Der DiGA bereitet Studierende auf die \u00dcbernahme verantwortungsvoller Positionen im Kontext der digitalen [&hellip;]<\/p>\n","protected":false},"author":26,"featured_media":0,"parent":0,"menu_order":0,"comment_status":"closed","ping_status":"closed","template":"","meta":{"footnotes":""},"categories":[6],"tags":[],"class_list":["post-116","page","type-page","status-publish","hentry","category-lehre"],"_links":{"self":[{"href":"https:\/\/www.hsu-hh.de\/digigov\/wp-json\/wp\/v2\/pages\/116","targetHints":{"allow":["GET"]}}],"collection":[{"href":"https:\/\/www.hsu-hh.de\/digigov\/wp-json\/wp\/v2\/pages"}],"about":[{"href":"https:\/\/www.hsu-hh.de\/digigov\/wp-json\/wp\/v2\/types\/page"}],"author":[{"embeddable":true,"href":"https:\/\/www.hsu-hh.de\/digigov\/wp-json\/wp\/v2\/users\/26"}],"replies":[{"embeddable":true,"href":"https:\/\/www.hsu-hh.de\/digigov\/wp-json\/wp\/v2\/comments?post=116"}],"version-history":[{"count":7,"href":"https:\/\/www.hsu-hh.de\/digigov\/wp-json\/wp\/v2\/pages\/116\/revisions"}],"predecessor-version":[{"id":662,"href":"https:\/\/www.hsu-hh.de\/digigov\/wp-json\/wp\/v2\/pages\/116\/revisions\/662"}],"wp:attachment":[{"href":"https:\/\/www.hsu-hh.de\/digigov\/wp-json\/wp\/v2\/media?parent=116"}],"wp:term":[{"taxonomy":"category","embeddable":true,"href":"https:\/\/www.hsu-hh.de\/digigov\/wp-json\/wp\/v2\/categories?post=116"},{"taxonomy":"post_tag","embeddable":true,"href":"https:\/\/www.hsu-hh.de\/digigov\/wp-json\/wp\/v2\/tags?post=116"}],"curies":[{"name":"wp","href":"https:\/\/api.w.org\/{rel}","templated":true}]}}