{"id":112,"date":"2018-01-17T14:06:36","date_gmt":"2018-01-17T13:06:36","guid":{"rendered":"https:\/\/www.hsu-hh.de\/digigov\/?page_id=112"},"modified":"2024-04-26T10:23:17","modified_gmt":"2024-04-26T08:23:17","slug":"forschung","status":"publish","type":"page","link":"https:\/\/www.hsu-hh.de\/digigov\/forschung\/","title":{"rendered":"Forschung"},"content":{"rendered":"\n<p>Die Professur f\u00fcr Digital Governance und Service Design besch\u00e4ftigt sich mit dem Verh\u00e4ltnis von digitalen Technologien (<abbr title=\"zum Beispiel\">z.B.<\/abbr> Daten, Algorithmen, Infrastrukturen) und wissensintensiver Arbeit in \u00f6ffentlichen Organisationen und organisierten \u00d6ffentlichkeiten (<abbr title=\"zum Beispiel\">z.B.<\/abbr> digitale Plattformen). Die Forschungsprojekte der Professur zeichnen sich durch einen organisationstheoretischen Fokus und qualitative Forschungsmethoden aus.<\/p>\n","protected":false},"excerpt":{"rendered":"<p>Die Professur f\u00fcr Digital Governance und Service Design besch\u00e4ftigt sich mit dem Verh\u00e4ltnis von digitalen Technologien (z.B. Daten, Algorithmen, Infrastrukturen) und wissensintensiver Arbeit in \u00f6ffentlichen Organisationen und organisierten \u00d6ffentlichkeiten (z.B. [&hellip;]<\/p>\n","protected":false},"author":26,"featured_media":0,"parent":0,"menu_order":0,"comment_status":"closed","ping_status":"closed","template":"","meta":{"footnotes":""},"categories":[4],"tags":[],"class_list":["post-112","page","type-page","status-publish","hentry","category-forschung"],"_links":{"self":[{"href":"https:\/\/www.hsu-hh.de\/digigov\/wp-json\/wp\/v2\/pages\/112","targetHints":{"allow":["GET"]}}],"collection":[{"href":"https:\/\/www.hsu-hh.de\/digigov\/wp-json\/wp\/v2\/pages"}],"about":[{"href":"https:\/\/www.hsu-hh.de\/digigov\/wp-json\/wp\/v2\/types\/page"}],"author":[{"embeddable":true,"href":"https:\/\/www.hsu-hh.de\/digigov\/wp-json\/wp\/v2\/users\/26"}],"replies":[{"embeddable":true,"href":"https:\/\/www.hsu-hh.de\/digigov\/wp-json\/wp\/v2\/comments?post=112"}],"version-history":[{"count":2,"href":"https:\/\/www.hsu-hh.de\/digigov\/wp-json\/wp\/v2\/pages\/112\/revisions"}],"predecessor-version":[{"id":218,"href":"https:\/\/www.hsu-hh.de\/digigov\/wp-json\/wp\/v2\/pages\/112\/revisions\/218"}],"wp:attachment":[{"href":"https:\/\/www.hsu-hh.de\/digigov\/wp-json\/wp\/v2\/media?parent=112"}],"wp:term":[{"taxonomy":"category","embeddable":true,"href":"https:\/\/www.hsu-hh.de\/digigov\/wp-json\/wp\/v2\/categories?post=112"},{"taxonomy":"post_tag","embeddable":true,"href":"https:\/\/www.hsu-hh.de\/digigov\/wp-json\/wp\/v2\/tags?post=112"}],"curies":[{"name":"wp","href":"https:\/\/api.w.org\/{rel}","templated":true}]}}