{"id":733,"date":"2018-12-05T14:26:21","date_gmt":"2018-12-05T13:26:21","guid":{"rendered":"https:\/\/www.hsu-hh.de\/diffpsych\/?page_id=733"},"modified":"2025-02-19T08:02:28","modified_gmt":"2025-02-19T07:02:28","slug":"marcus-buerger","status":"publish","type":"page","link":"https:\/\/www.hsu-hh.de\/diffpsych\/team\/marcus-buerger","title":{"rendered":"Marcus B\u00fcrger M.Sc."},"content":{"rendered":"\n<p>Externer Wissenschaftlicher Mitarbeiter <\/p>\n\n\n<script type=\"application\/ld+json\">[{\"@context\": \"https:\/\/www.schema.org\",\"@type\": \"Person\",\"name\": \"  \",\"worksFor\": [{\t\"@type\": \"Organization\",\t\"name\": \"Helmut-Schmidt-Universit\u00e4t\",\t\"url\": \"https:\/\/www.hsu-hh.de\"\t, \"department\": {\"@type\": \"Organization\",\t\t\t\t\t\"name\": \"WiMa der Professur f\u00fcr Pers\u00f6nlichkeitspsychologie\",\t\t\t\t\t\"location\": {\t\t\t\t\t\t\"@type\": \"PostalAddress\",\t\t\t\t\t\t\"addressLocality\": \"\",        \t\t\t\t\"postalCode\": \"22043\",        \t\t\t\t\"streetAddress\": \"Holstenhofweg 85 , Geb\u00e4ude H01\"\t\t\t\t\t}},\t\"location\": {\t\t\"@type\": \"PostalAddress\",    \t\"addressLocality\": \"\",    \t\"postalCode\": \"22043\",    \t\"postOfficeBoxNumber\": \"85\"\t}   }],\"image\": \"https:\/\/www.hsu-hh.de\/diffpsych\/wp-content\/uploads\/sites\/722\/2022\/03\/MB-150x150.jpg\",\"telephone\": \"+49 40 6541-2614\",\"faxNumber\": \"\",\"email\": \"buergerm@hsu-hh.de\"}]<\/script><div class=\"clearfix\"><\/div><div class=\"ansprechparter-container \" style=\"margin-top:1em; \"><div class=\"row ansprechpartner-item ansprechparter-header\" ><div class=\"col-xs-8 col-lg-12\" style=\"margin-bottom: 30px;\"><h3 class=\"ansprechparter-headline\">  <\/h3><\/div><\/div><div class=\"col-md-4 col-lg-3 col-xs-4 ansprechpartner-item floatright img-circle center-block\" style=\"margin-bottom: 30px;\"><div class=\"img-responsive-wrapper\"><img decoding=\"async\" src=\"https:\/\/www.hsu-hh.de\/diffpsych\/wp-content\/uploads\/sites\/722\/2022\/03\/MB-150x150.jpg\" alt=\"\" class=\"img-circle img-responsive center-block\" \/><\/div><\/div><div class=\"col-md-12 col-lg-3 col-xs-12 ansprechpartner-item kontakt floatright\" style=\"margin-bottom: 30px; \"><div class=\"row\"><div class=\"col-xs-12 col-sm-6 col-lg-12\"><div class=\"row\"><div class=\"col-xs-4 col-lg-4 row-text bold\" >Raum:<\/div><div class=\" row-text\">2. OG &#8211; 2319<\/div><\/div><\/div><div class=\"col-xs-12 col-sm-6 col-lg-12\"><div class=\"row\"><div class=\"col-xs-4 col-lg-4 row-text bold\">Telefon:<\/div><div class=\" row-text\">+49 40 6541-2614<\/div><\/div><\/div><div class=\"col-xs-12 col-sm-6 col-lg-12\"><div class=\"row\"><div class=\"col-xs-4 col-lg-4 row-text bold\">E-Mail:<\/div><div class=\"row-text\" style=\"overflow:hidden; word-break: break-word\"><a href=\"mailto:buergerm@hsu-hh.de\" rel=\"nofollow\">buergerm@hsu-hh.de<\/a><\/div><\/div><\/div><\/div><\/div><div class=\"col-md-6 col-lg-3 col-xs-12 ansprechpartner-item anschrift floatright\" ><div class=\"row-headline\">Besucheranschrift<\/div><div class=\"dataBesucheranschrift\" style=\"\"><div class=\"row-text\">Helmut-Schmidt-Universit\u00e4t<\/div><div class=\"row-text\">Geb\u00e4ude H01<\/div><div class=\"row-text\">Holstenhofweg 85<\/div><div class=\"row-text\">22043 Hamburg<\/div><\/div><\/div><div class=\"col-md-6 col-lg-3 col-xs-12 ansprechpartner-item anschrift floatright\"><div class=\"row-headline\">Postanschrift<\/div><div class=\"dataPostanschrift\" style=\"\"><div class=\"row-text\">Helmut-Schmidt-Universit\u00e4t<\/div><div class=\"row-text\">Fakult\u00e4t: GeiSo<\/div><div class=\"row-text\">Fakult\u00e4tsplanung<\/div><div class=\"row-text\">&amp;<\/div><div class=\"row-text\">WiMa der Professur f\u00fcr Pers\u00f6nlichkeitspsychologie<\/div><div class=\"row-text\">Holstenhofweg 85<\/div><div class=\"row-text\">22043 Hamburg<\/div><\/div><\/div><\/div><div class=\"clearfix\"><\/div>\n\n\n<h2 class=\"wp-block-heading\">Forschung<\/h2>\n\n\n\n<p>Allgemeine Hinweise zu unserer Forschung zum Thema <a href=\"https:\/\/www.hsu-hh.de\/diffpsych\/herzlich-willkommen-auf-unseren-forschungsseiten-zum-thema-hochsensibilitaet\" data-type=\"URL\" data-id=\"https:\/\/www.hsu-hh.de\/diffpsych\/herzlich-willkommen-auf-unseren-forschungsseiten-zum-thema-hochsensibilitaet\">&#8222;Hochsensibilit\u00e4t&#8220;<\/a> (sensory-processing sensitivity)<\/p>\n\n\n\n<p class=\"has-text-align-left\">(i) Hochsensibilit\u00e4t und Pers\u00f6nlichkeit<\/p>\n\n\n\n<p class=\"has-text-align-left\">(ii) <a href=\"http:\/\/www.hsu-hh.de\/diffpsych\/eha-studie\" data-type=\"URL\">EHA-Studie<\/a> (Hochsensibilit\u00e4t und Aufmerksamkeit)<\/p>\n\n\n\n<p>(iii) Deutsche Adaptation des Sensory Processing Sensitivity Questionnaire (SPSQ, De Gucht et al., 2022) &#8211; Fragebogen zur Erfassung von Hochsensibilit\u00e4t (Kooperationsprojekt, gemeinsam mit der Universit\u00e4t Leiden, NL)<\/p>\n\n\n\n<p class=\"has-text-align-left\">(iv) Hochsensibilt\u00e4t und Reagibilit\u00e4t auf emotionale Bilder<\/p>\n\n\n\n<p>(v) Generierung einer deutschen Normstichprobe und interkulturelle Vergleiche (direkte Unterst\u00fctzung unseres Kooperationsprojekts \u00fcber <a href=\"http:\/\/www.sps-q.com\" rel='nofollow'>www.sps-q.com<\/a> (Kooperationsprojekt mit <abbr title=\"Professor\">Prof.<\/abbr> V\u00e9ronique De Gucht und Dion Woestenburg, Universit\u00e4t Leiden)<\/p>\n\n\n\n<h2 class=\"wp-block-heading\">Publikationen<\/h2>\n\n\n\n<p><strong>B\u00fcrger, M.<\/strong>, Woestenburg, D. H., De Gucht, V., &amp; Herzberg, P. Y. (2025). SPSQ-G: The German adaptation and validation of the Sensory Processing Sensitivity Questionnaire. (in preparation)<\/p>\n\n\n\n<p><strong>B\u00fcrger, M.<\/strong>, M\u00fcnscher, J. C. &amp; Herzberg, P. Y. (2024). High sensitivity groups with distinct personality patterns: a person-centered perspective. <em>Frontiers in psychology<\/em>, 1-22.<\/p>\n\n\n\n<p>M\u00fcnscher, J. C., <strong>B\u00fcrger, M<\/strong>. &amp; Herzberg, P. Y. (2021). Parameters of Attention at Work (PAW36)\u2014Construction of a Questionnaire.&nbsp;<em>Trends in Psychology<\/em>, 1-26.<\/p>\n\n\n\n<p>M\u00fcnscher, J. C., <strong>B\u00fcrger, M<\/strong>. &amp; Herzberg, P. Y. (2021). The Continuous Matching Task (CMT)\u2013real-time procedural stimulus generation for adaptive testing of attention.&nbsp;<em>Applied Neuropsychology: Adult<\/em>, 1-14.<\/p>\n\n\n\n<p><strong>B\u00fcrger, M.<\/strong> (2018). <em>Die Bew\u00e4ltigung von Identit\u00e4tsbedrohungen als Teil vorl\u00e4ufiger Identit\u00e4tsarbeit von Medizinstudierenden [Coping with identity threats as part of provisional identity work of medical students]<\/em> (Master&#8217;s thesis). Universit\u00e4t Gie\u00dfen.<\/p>\n\n\n\n<p>Eikmann, T., zur Nieden, A., Lengler, A., Harpel, S., Ziedorn, D., <strong>B\u00fcrger, M.<\/strong>, &#8230; Spilski, J. (2015). <em>Blutdruckmonitoring: Wirkung chronischer L\u00e4rmbelastung auf den Blutdruck bei Erwachsenen (NORAH-Band 5)<\/em>. Gemeinn\u00fctzige Umwelthaus <abbr title=\"Gesellschaft mit beschr\u00e4nkter Haftung\">GmbH<\/abbr>.<\/p>\n\n\n\n<h2 class=\"wp-block-heading\"><strong>Konferenzbeitr\u00e4ge<\/strong><\/h2>\n\n\n\n<p><strong>B\u00fcrger, M.<\/strong>, De Gucht, V., Woestenburg, D.H.A., Herzberg P.Y. (2024). \u00dcbersetzung und Validierung der deutschen Version des Sensory Processing Sensitivity Questionnaire (SPSQ-G). In: Ansorge, Gugerell, Pomper, Szaszk\u00f3, Werner (Eds.) Congress of the German and Austrian Psychological Societies2024. Lengerich: Pabst. <a href=\"https:\/\/doi.org\/10.2440\/0003&nbsp;\" rel='nofollow'>https:\/\/doi.org\/10.2440\/0003&nbsp;<\/a><\/p>\n\n\n\n<p><strong>B\u00fcrger M., <\/strong>M\u00fcnscher J. C., Konrad S., Herzberg P. Y. (2023) Person-centered lens on Sensory-Processing Sensitivity reveals sensitivity types characterized by distinct personality profiles at the International Conference on Environmental Psychology (ICEP, 20. \u2013 23. Juni 2023)<\/p>\n\n\n\n<h2 class=\"wp-block-heading\">Lehrveranstaltungen<\/h2>\n\n\n\n<p>Einf\u00fchrung in die Psychologie <abbr title=\"Herbsttrimester\">HT<\/abbr> 2019 \/ 2020<\/p>\n\n\n\n<p>Pers\u00f6nlichkeitsdiagnostik <abbr title=\"Fr\u00fchjahrstrimester\">FT<\/abbr> 2019 \/ 2020 \/ 2022 \/ 2023 \/ 2024<\/p>\n\n\n\n<p>Individualdiagnostik <abbr title=\"Wintertrimester\">WT<\/abbr> 2020 \/ 2021<\/p>\n\n\n\n<p>Leistungs- und Intelligenzdiagnostik <abbr title=\"Wintertrimester\">WT<\/abbr> 2022 \/ 2023 \/ 2024<\/p>\n\n\n\n<h2 class=\"wp-block-heading\">Mitgliedschaft<\/h2>\n\n\n\n<p>Deutsche Gesellschaft f\u00fcr Psychologie (DGPs)<\/p>\n","protected":false},"excerpt":{"rendered":"<p>Externer Wissenschaftlicher Mitarbeiter Forschung Allgemeine Hinweise zu unserer Forschung zum Thema &#8222;Hochsensibilit\u00e4t&#8220; (sensory-processing sensitivity) (i) Hochsensibilit\u00e4t und Pers\u00f6nlichkeit (ii) EHA-Studie (Hochsensibilit\u00e4t und Aufmerksamkeit) (iii) Deutsche Adaptation des Sensory Processing Sensitivity [&hellip;]<\/p>\n","protected":false},"author":2634,"featured_media":0,"parent":102,"menu_order":0,"comment_status":"closed","ping_status":"closed","template":"","meta":{"footnotes":""},"categories":[8],"tags":[],"class_list":["post-733","page","type-page","status-publish","hentry","category-team"],"_links":{"self":[{"href":"https:\/\/www.hsu-hh.de\/diffpsych\/wp-json\/wp\/v2\/pages\/733","targetHints":{"allow":["GET"]}}],"collection":[{"href":"https:\/\/www.hsu-hh.de\/diffpsych\/wp-json\/wp\/v2\/pages"}],"about":[{"href":"https:\/\/www.hsu-hh.de\/diffpsych\/wp-json\/wp\/v2\/types\/page"}],"author":[{"embeddable":true,"href":"https:\/\/www.hsu-hh.de\/diffpsych\/wp-json\/wp\/v2\/users\/2634"}],"replies":[{"embeddable":true,"href":"https:\/\/www.hsu-hh.de\/diffpsych\/wp-json\/wp\/v2\/comments?post=733"}],"version-history":[{"count":50,"href":"https:\/\/www.hsu-hh.de\/diffpsych\/wp-json\/wp\/v2\/pages\/733\/revisions"}],"predecessor-version":[{"id":2209,"href":"https:\/\/www.hsu-hh.de\/diffpsych\/wp-json\/wp\/v2\/pages\/733\/revisions\/2209"}],"up":[{"embeddable":true,"href":"https:\/\/www.hsu-hh.de\/diffpsych\/wp-json\/wp\/v2\/pages\/102"}],"wp:attachment":[{"href":"https:\/\/www.hsu-hh.de\/diffpsych\/wp-json\/wp\/v2\/media?parent=733"}],"wp:term":[{"taxonomy":"category","embeddable":true,"href":"https:\/\/www.hsu-hh.de\/diffpsych\/wp-json\/wp\/v2\/categories?post=733"},{"taxonomy":"post_tag","embeddable":true,"href":"https:\/\/www.hsu-hh.de\/diffpsych\/wp-json\/wp\/v2\/tags?post=733"}],"curies":[{"name":"wp","href":"https:\/\/api.w.org\/{rel}","templated":true}]}}