{"id":73,"date":"2017-07-03T15:52:08","date_gmt":"2017-07-03T13:52:08","guid":{"rendered":"https:\/\/www.hsu-hh.de\/vorlage\/?page_id=73"},"modified":"2023-04-29T13:29:04","modified_gmt":"2023-04-29T11:29:04","slug":"startseite","status":"publish","type":"page","link":"https:\/\/www.hsu-hh.de\/diffpsych\/","title":{"rendered":""},"content":{"rendered":"<p><img loading=\"lazy\" decoding=\"async\" class=\"alignnone wp-image-353 size-full\" src=\"https:\/\/www.hsu-hh.de\/diffpsych\/wp-content\/uploads\/sites\/722\/2018\/04\/choice.png\" alt=\"PPP\" width=\"1970\" height=\"580\" srcset=\"https:\/\/www.hsu-hh.de\/diffpsych\/wp-content\/uploads\/sites\/722\/2018\/04\/choice.png 1970w, https:\/\/www.hsu-hh.de\/diffpsych\/wp-content\/uploads\/sites\/722\/2018\/04\/choice-300x88.png 300w, https:\/\/www.hsu-hh.de\/diffpsych\/wp-content\/uploads\/sites\/722\/2018\/04\/choice-768x226.png 768w, https:\/\/www.hsu-hh.de\/diffpsych\/wp-content\/uploads\/sites\/722\/2018\/04\/choice-1024x301.png 1024w\" sizes=\"auto, (max-width: 1970px) 100vw, 1970px\" \/><\/p>\n<p>\u00a0<\/p>\n<p> <h3>Besucheranschrift<\/h3><br \/>Helmut-Schmidt-Universit\u00e4t<br \/>Universit\u00e4t der Bundeswehr Hamburg<br \/>Holstenhofweg 85<br \/>22043 Hamburg<\/p>\n<p><a href=\"https:\/\/www.hsu-hh.de\/diffpsych\/anreise\">Anreiseinformationen<\/a><br \/><br \/><h3>Postanschrift<\/h3><\/p>\n<p>Helmut-Schmidt-Universit\u00e4t<br \/>Universit\u00e4t der Bundeswehr Hamburg<br \/>22008 Hamburg<\/p>\n<p><br \/><h3>Sekretariat<\/h3><\/p>\n<p>Frau Diana Vo\u00df<br \/>Geb\u00e4ude H4, Raum 118<br \/><br \/><h3>Telefon &amp; Fax<\/h3><\/p>\n<p>Telefon &#8211; Vermittlung:<\/p>\n<p>(040) 6541 &#8211; 1<\/p>\n<p>Telefon &#8211; Sekretariat:<\/p>\n<p>(040) 6541 &#8211; 2285<\/p>\n<p>Fax:<\/p>\n<p>(040) 6541 &#8211; 2041  <\/p>\n<p>\u00a0<\/p>\n<hr \/>\n<p><a href=\"https:\/\/www.hsu-hh.de\/diffpsych\/team\"><img loading=\"lazy\" decoding=\"async\" class=\"alignleft wp-image-387\" src=\"https:\/\/www.hsu-hh.de\/diffpsych\/wp-content\/uploads\/sites\/722\/2018\/05\/Logo-PPD-Mitarbeiter-1-1024x301.png\" alt=\"Mitarbeiter\" width=\"450\" height=\"132\" srcset=\"https:\/\/www.hsu-hh.de\/diffpsych\/wp-content\/uploads\/sites\/722\/2018\/05\/Logo-PPD-Mitarbeiter-1-1024x301.png 1024w, https:\/\/www.hsu-hh.de\/diffpsych\/wp-content\/uploads\/sites\/722\/2018\/05\/Logo-PPD-Mitarbeiter-1-300x88.png 300w, https:\/\/www.hsu-hh.de\/diffpsych\/wp-content\/uploads\/sites\/722\/2018\/05\/Logo-PPD-Mitarbeiter-1-768x226.png 768w, https:\/\/www.hsu-hh.de\/diffpsych\/wp-content\/uploads\/sites\/722\/2018\/05\/Logo-PPD-Mitarbeiter-1.png 1970w\" sizes=\"auto, (max-width: 450px) 100vw, 450px\" \/><\/a><\/p>\n<div class=\"content-block2\">\n<p>Unser Team forscht und arbeitet zu verschiedensten Themen, darunter Paarpsychologie, Hochsensibilit\u00e4t, Aufmerksamkeit, Test- und Fragebogenkonstruktion, Musikpsychologie, Textanalyse.<\/p>\n<\/div>\n<p>\u00a0<\/p>\n<p>\u00a0<\/p>\n<p>\u00a0<\/p>\n<p>\u00a0<\/p>\n<hr \/>\n<p><a href=\"https:\/\/ilias.hsu-hh.de\/goto_unibw_cat_172511.html\" rel='nofollow'><img loading=\"lazy\" decoding=\"async\" class=\"alignleft wp-image-412\" src=\"https:\/\/www.hsu-hh.de\/diffpsych\/wp-content\/uploads\/sites\/722\/2018\/05\/Logo-PPD-LV-1-300x88.png\" alt=\"LV\" width=\"450\" height=\"132\" srcset=\"https:\/\/www.hsu-hh.de\/diffpsych\/wp-content\/uploads\/sites\/722\/2018\/05\/Logo-PPD-LV-1-300x88.png 300w, https:\/\/www.hsu-hh.de\/diffpsych\/wp-content\/uploads\/sites\/722\/2018\/05\/Logo-PPD-LV-1-768x226.png 768w, https:\/\/www.hsu-hh.de\/diffpsych\/wp-content\/uploads\/sites\/722\/2018\/05\/Logo-PPD-LV-1-1024x301.png 1024w, https:\/\/www.hsu-hh.de\/diffpsych\/wp-content\/uploads\/sites\/722\/2018\/05\/Logo-PPD-LV-1.png 1970w\" sizes=\"auto, (max-width: 450px) 100vw, 450px\" \/><\/a><\/p>\n<div class=\"content-block2\">\n<p>Zu den Lehrangeboten der Professur gibt es in der Regel Angebote auf der E-Learning Plattform ILIAS. Dort finden sich Kurse, Downloads, Zusatzmaterialien und allgemeine Informationen.<\/p>\n<\/div>\n<p>\u00a0<\/p>\n<p>\u00a0<\/p>\n<p>\u00a0<\/p>\n<p>\u00a0<\/p>\n<hr \/>\n<p><a href=\"https:\/\/www.hsu-hh.de\/diffpsych\/testbibliothek\"><img loading=\"lazy\" decoding=\"async\" class=\"alignleft wp-image-377\" src=\"https:\/\/www.hsu-hh.de\/diffpsych\/wp-content\/uploads\/sites\/722\/2018\/05\/Logo-PPD-TESTBIB-300x88.png\" alt=\"Testbibliothek\" width=\"450\" height=\"132\" srcset=\"https:\/\/www.hsu-hh.de\/diffpsych\/wp-content\/uploads\/sites\/722\/2018\/05\/Logo-PPD-TESTBIB-300x88.png 300w, https:\/\/www.hsu-hh.de\/diffpsych\/wp-content\/uploads\/sites\/722\/2018\/05\/Logo-PPD-TESTBIB-768x226.png 768w, https:\/\/www.hsu-hh.de\/diffpsych\/wp-content\/uploads\/sites\/722\/2018\/05\/Logo-PPD-TESTBIB-1024x301.png 1024w, https:\/\/www.hsu-hh.de\/diffpsych\/wp-content\/uploads\/sites\/722\/2018\/05\/Logo-PPD-TESTBIB.png 1970w\" sizes=\"auto, (max-width: 450px) 100vw, 450px\" \/><\/a><\/p>\n<div class=\"content-block2\">\n<p>Zur Unterst\u00fctzung der Lehre hat die Professur f\u00fcr Pers\u00f6nlichkeitspsychologie und Psychologische Diagnostik eine Testbibliothek eingerichtet. Hier k\u00f6nnen sich Mitarbeiter und Studenten der <abbr title=\"Helmut Schmidt Universit\u00e4t\">HSU<\/abbr> f\u00fcr ihre Lehre <abbr title=\"beziehungsweise\">bzw.<\/abbr> f\u00fcr ihr Studium psychologische Testverfahren ausleihen.<\/p>\n<\/div>\n<p>\u00a0<\/p>\n<p>\u00a0<\/p>\n<p>\u00a0<\/p>\n<p>\u00a0<\/p>\n<p>\u00a0<\/p>\n<hr \/>\n<p><a href=\"https:\/\/www.hsu-hh.de\/diffpsych\/labor\"><img loading=\"lazy\" decoding=\"async\" class=\"alignleft wp-image-376\" src=\"https:\/\/www.hsu-hh.de\/diffpsych\/wp-content\/uploads\/sites\/722\/2018\/05\/Logo-PPD-labor-300x88.png\" alt=\"Labor\" width=\"450\" height=\"132\" srcset=\"https:\/\/www.hsu-hh.de\/diffpsych\/wp-content\/uploads\/sites\/722\/2018\/05\/Logo-PPD-labor-300x88.png 300w, https:\/\/www.hsu-hh.de\/diffpsych\/wp-content\/uploads\/sites\/722\/2018\/05\/Logo-PPD-labor-768x226.png 768w, https:\/\/www.hsu-hh.de\/diffpsych\/wp-content\/uploads\/sites\/722\/2018\/05\/Logo-PPD-labor-1024x301.png 1024w, https:\/\/www.hsu-hh.de\/diffpsych\/wp-content\/uploads\/sites\/722\/2018\/05\/Logo-PPD-labor.png 1970w\" sizes=\"auto, (max-width: 450px) 100vw, 450px\" \/><\/a><\/p>\n<div class=\"content-block2\">\n<p>Das Labor bietet verschiedene M\u00f6glichkeiten der Datenerhebung und Messung. Zur verf\u00fcgbaren Ausstattung geh\u00f6ren\u00a0<abbr title=\"unter anderem\">u.a.<\/abbr>\u00a0Computer mit dem Wiener Testsystem und anderen Testverfahren, Eye-Tracking Computer, Dokumentenscanner, ein Beobachtungslabor mit Video- und Audioaufzeichnung und diverse Softwarel\u00f6sungen zur Erhebung und Messung.\u00a0Bei Fragen zu den verf\u00fcgbaren Ger\u00e4ten oder zur Terminvereinbarung f\u00fcr eine Einf\u00fchrung schreiben Sie eine Email an <a href=\"mailto:diffpsych@hsu-hh.de\" rel='nofollow'>diffpsych@hsu-hh.de<\/a> .<\/p>\n<\/div>\n<p>\u00a0<\/p>\n<p>\u00a0<\/p>\n<p>\u00a0<\/p>\n<p>\u00a0<\/p>\n<p>\u00a0<\/p>\n<p>\u00a0<\/p>\n<p>\u00a0<\/p>\n\n<div class=\"wp-block-image\">\n<figure class=\"aligncenter size-large\"><a href=\"https:\/\/www.hsu-hh.de\/diffpsych\/abschlussarbeiten\"><img loading=\"lazy\" decoding=\"async\" width=\"1024\" height=\"263\" src=\"https:\/\/www.hsu-hh.de\/diffpsych\/wp-content\/uploads\/sites\/722\/2023\/04\/Schalter-Abschlussarbeiten-1024x263.png\" data-credit=\"\" alt=\"\" class=\"wp-image-1902\" srcset=\"https:\/\/www.hsu-hh.de\/diffpsych\/wp-content\/uploads\/sites\/722\/2023\/04\/Schalter-Abschlussarbeiten-1024x263.png 1024w, https:\/\/www.hsu-hh.de\/diffpsych\/wp-content\/uploads\/sites\/722\/2023\/04\/Schalter-Abschlussarbeiten-300x77.png 300w, https:\/\/www.hsu-hh.de\/diffpsych\/wp-content\/uploads\/sites\/722\/2023\/04\/Schalter-Abschlussarbeiten-768x197.png 768w, https:\/\/www.hsu-hh.de\/diffpsych\/wp-content\/uploads\/sites\/722\/2023\/04\/Schalter-Abschlussarbeiten-1536x394.png 1536w, https:\/\/www.hsu-hh.de\/diffpsych\/wp-content\/uploads\/sites\/722\/2023\/04\/Schalter-Abschlussarbeiten-2048x525.png 2048w, https:\/\/www.hsu-hh.de\/diffpsych\/wp-content\/uploads\/sites\/722\/2023\/04\/Schalter-Abschlussarbeiten-1100x282.png 1100w\" sizes=\"auto, (max-width: 1024px) 100vw, 1024px\" \/><\/a><\/figure>\n<\/div>","protected":false},"excerpt":{"rendered":"<p>\u00a0 Besucheranschrift Helmut-Schmidt-Universit\u00e4tUniversit\u00e4t der Bundeswehr HamburgHolstenhofweg 8522043 Hamburg Anreiseinformationen Postanschrift Helmut-Schmidt-Universit\u00e4tUniversit\u00e4t der Bundeswehr Hamburg22008 Hamburg Sekretariat Frau Diana Vo\u00dfGeb\u00e4ude H4, Raum 118 Telefon &amp; Fax Telefon &#8211; Vermittlung: (040) 6541 [&hellip;]<\/p>\n","protected":false},"author":1,"featured_media":0,"parent":0,"menu_order":0,"comment_status":"closed","ping_status":"closed","template":"","meta":{"footnotes":""},"categories":[35],"tags":[],"class_list":["post-73","page","type-page","status-publish","hentry","category-startseite"],"_links":{"self":[{"href":"https:\/\/www.hsu-hh.de\/diffpsych\/wp-json\/wp\/v2\/pages\/73","targetHints":{"allow":["GET"]}}],"collection":[{"href":"https:\/\/www.hsu-hh.de\/diffpsych\/wp-json\/wp\/v2\/pages"}],"about":[{"href":"https:\/\/www.hsu-hh.de\/diffpsych\/wp-json\/wp\/v2\/types\/page"}],"author":[{"embeddable":true,"href":"https:\/\/www.hsu-hh.de\/diffpsych\/wp-json\/wp\/v2\/users\/1"}],"replies":[{"embeddable":true,"href":"https:\/\/www.hsu-hh.de\/diffpsych\/wp-json\/wp\/v2\/comments?post=73"}],"version-history":[{"count":62,"href":"https:\/\/www.hsu-hh.de\/diffpsych\/wp-json\/wp\/v2\/pages\/73\/revisions"}],"predecessor-version":[{"id":2224,"href":"https:\/\/www.hsu-hh.de\/diffpsych\/wp-json\/wp\/v2\/pages\/73\/revisions\/2224"}],"wp:attachment":[{"href":"https:\/\/www.hsu-hh.de\/diffpsych\/wp-json\/wp\/v2\/media?parent=73"}],"wp:term":[{"taxonomy":"category","embeddable":true,"href":"https:\/\/www.hsu-hh.de\/diffpsych\/wp-json\/wp\/v2\/categories?post=73"},{"taxonomy":"post_tag","embeddable":true,"href":"https:\/\/www.hsu-hh.de\/diffpsych\/wp-json\/wp\/v2\/tags?post=73"}],"curies":[{"name":"wp","href":"https:\/\/api.w.org\/{rel}","templated":true}]}}