{"id":667,"date":"2018-09-12T14:49:38","date_gmt":"2018-09-12T12:49:38","guid":{"rendered":"https:\/\/www.hsu-hh.de\/diffpsych\/?page_id=667"},"modified":"2020-08-31T10:27:55","modified_gmt":"2020-08-31T08:27:55","slug":"test-und-fragebogenkonstruktion","status":"publish","type":"page","link":"https:\/\/www.hsu-hh.de\/diffpsych\/test-und-fragebogenkonstruktion","title":{"rendered":"Test- und Fragebogenkonstruktion"},"content":{"rendered":"<p>Psychologisch diagnostische Verfahren sind ein wesentlicher Bestandteil des praktischen Arbeitens sowie der Forschung in der Psychologie; um so wichtiger ist es also methodisch hochwertige Verfahren zur Verf\u00fcgung stehen zu haben. Die Testkonstruktion, die genau diese Ziele verfolgt, ist wesentlicher Bestandteil der psychologischen Methodenlehre und leistet einen wichten Beitrag f\u00fcr das Arbeiten in allen Teilbereichen und Disziplinen der Psychologie.<\/p>\n<p>An der Helmut-Schmidt-Universt\u00e4t werden psychologische diagnostische Verfahren f\u00fcr verschiedene Anwendungsfelder erstellt, ver\u00f6ffentlicht und der professionellen Anwendung zur Verf\u00fcgung gestellt. Insbesondere die Professur f\u00fcr Pers\u00f6nlichkeitspsychologie, Differentielle Psychologie und psychologsiche Diagnostik tr\u00e4gt zu diesem Angebot bei; entweder direkt oder durch Kooperationen mit anderen Professuren der Universit\u00e4t sowie externen Partnern.<\/p>\n<p>Abgeschlossene Projekte von oder mit der Professur:<\/p>\n<p><a href=\"https:\/\/www.sciencedirect.com\/science\/article\/pii\/S0191886915300337\" rel='nofollow'>NfU-G &#8211; German Need for Uniqueness Scale<\/a><\/p>\n<p><a href=\"https:\/\/econtent.hogrefe.com\/doi\/abs\/10.1026\/0012-1924\/a000014\" rel='nofollow'>KSIP &#8211; Konfliktl\u00f6sungsstil-Inventar f\u00fcr Paare<\/a><\/p>\n<p><a href=\"https:\/\/econtent.hogrefe.com\/doi\/full\/10.1024\/\/0170-1789.24.1.45\" rel='nofollow'>AViS &#8211; Aggressives Verhalten im Stra\u00dfenverkehr<\/a><\/p>\n<p><a href=\"https:\/\/www.researchgate.net\/publication\/250799129_Die_Deutsche_Version_des_Life-Orientation-Tests_LOT-R_zum_dispositionellen_Optimismus_und_Pessimismus\" rel='nofollow'>LOT-R &#8211; Life Orientation Test-Revised &#8211; deutsche Fassung<\/a><\/p>\n<p><a href=\"https:\/\/econtent.hogrefe.com\/doi\/10.1027\/1015-5759\/a000411\" rel='nofollow'>German High Sensitive Person Scale (HSPS-G)<\/a><\/p>\n<p><a href=\"https:\/\/link.springer.com\/article\/10.1007\/s12144-020-00895-x\" rel='nofollow'>IPP31 &#8211; Impostor Ph\u00e4nomen<\/a><\/p>\n","protected":false},"excerpt":{"rendered":"<p>Psychologisch diagnostische Verfahren sind ein wesentlicher Bestandteil des praktischen Arbeitens sowie der Forschung in der Psychologie; um so wichtiger ist es also methodisch hochwertige Verfahren zur Verf\u00fcgung stehen zu haben. [&hellip;]<\/p>\n","protected":false},"author":1462,"featured_media":0,"parent":0,"menu_order":0,"comment_status":"closed","ping_status":"closed","template":"","meta":{"footnotes":""},"categories":[4],"tags":[],"class_list":["post-667","page","type-page","status-publish","hentry","category-forschung"],"_links":{"self":[{"href":"https:\/\/www.hsu-hh.de\/diffpsych\/wp-json\/wp\/v2\/pages\/667","targetHints":{"allow":["GET"]}}],"collection":[{"href":"https:\/\/www.hsu-hh.de\/diffpsych\/wp-json\/wp\/v2\/pages"}],"about":[{"href":"https:\/\/www.hsu-hh.de\/diffpsych\/wp-json\/wp\/v2\/types\/page"}],"author":[{"embeddable":true,"href":"https:\/\/www.hsu-hh.de\/diffpsych\/wp-json\/wp\/v2\/users\/1462"}],"replies":[{"embeddable":true,"href":"https:\/\/www.hsu-hh.de\/diffpsych\/wp-json\/wp\/v2\/comments?post=667"}],"version-history":[{"count":2,"href":"https:\/\/www.hsu-hh.de\/diffpsych\/wp-json\/wp\/v2\/pages\/667\/revisions"}],"predecessor-version":[{"id":1080,"href":"https:\/\/www.hsu-hh.de\/diffpsych\/wp-json\/wp\/v2\/pages\/667\/revisions\/1080"}],"wp:attachment":[{"href":"https:\/\/www.hsu-hh.de\/diffpsych\/wp-json\/wp\/v2\/media?parent=667"}],"wp:term":[{"taxonomy":"category","embeddable":true,"href":"https:\/\/www.hsu-hh.de\/diffpsych\/wp-json\/wp\/v2\/categories?post=667"},{"taxonomy":"post_tag","embeddable":true,"href":"https:\/\/www.hsu-hh.de\/diffpsych\/wp-json\/wp\/v2\/tags?post=667"}],"curies":[{"name":"wp","href":"https:\/\/api.w.org\/{rel}","templated":true}]}}