{"id":504,"date":"2018-05-24T13:54:17","date_gmt":"2018-05-24T11:54:17","guid":{"rendered":"https:\/\/www.hsu-hh.de\/diffpsych\/?page_id=504"},"modified":"2026-01-21T10:00:36","modified_gmt":"2026-01-21T09:00:36","slug":"versuchspersonenstunden","status":"publish","type":"page","link":"https:\/\/www.hsu-hh.de\/diffpsych\/versuchspersonenstunden","title":{"rendered":"Versuchspersonenstunden"},"content":{"rendered":"\n<p class=\"has-text-align-center\"><strong>Bitte beachten Sie, dass im Sommertrimester <strong>grunds\u00e4tzlich<\/strong> keine VP-Stunden gestempelt<\/strong> <strong>werden!<\/strong><\/p>\n\n\n<h2>F\u00fcr Versuchspersonen:<\/h2>\n<p style=\"padding-left: 40px\"><strong>Wir bitten um Geduld bei Online-Studien: <\/strong>Achten Sie bitte bei jeder Studie darauf, ab wann Sie VP-Stunden empfangen k\u00f6nnen. In vielen F\u00e4llen ist es <span style=\"text-decoration: underline\">nicht<\/span> m\u00f6glich VP-Stunden vor dem Ablauf eines Erhebungszeitraums zu erhalten. Dies gilt insbesondere f\u00fcr Fragebogenstudien, an denen Sie online teilnehmen. Im Rahmen Ihrer Teilnahe erhalten Sie einen Hinweis, ab wann VP-Stunden vergeben werden.<\/p>\n<p style=\"padding-left: 40px\"><strong>Denken Sie an Ihr VP-Heft: <\/strong>Sollten Sie vor Ort, beispielsweise im Labor, an einer Erhebung teilnehmen, <span style=\"text-decoration: underline\">m\u00fcssen<\/span> Sie Ihr VP-Heft zu Ihrem Erhebungstermin mitbringen. Bitte beachten Sie, dass die Bescheinigung von VP-Stunden aus einer Laborstudie grunds\u00e4tzlich nur unmittelbar nach Ihrer Teilnahme m\u00f6glich ist. Eine Bescheinigung zu einem sp\u00e4teren Zeitpunkt, k\u00f6nnen wir nicht gew\u00e4hrleisten.<\/p>\n<h3><strong>Wann und wo erhalten Sie Ihre VP-Stunden?<\/strong><\/h3>\n<p style=\"padding-left: 40px\"><strong>Teilnahme vor Ort: <\/strong>Die Bescheinigung von VP-Stunden, f\u00fcr Ihre Studienteilnahme vor Ort, erfolgt unmittelbar nach Ihrer Teilnahme am Ort der Erhebung, direkt in Ihr VP-Heft. Bringen Sie dazu bitte unbedingt Ihr VP-Heft mit!<\/p>\n<p style=\"padding-left: 40px\"><strong>Teilnahme an einer Onlinestudie<\/strong>: Die Bescheinigung von VP-Stunden, f\u00fcr Ihre Teilnahme an Online-Studien, erfolgt\u00a0<span style=\"text-decoration: underline\"><em>nach Abschluss des Erhebungszeitraums<\/em><\/span><em>.<\/em><\/p>\n<h3><strong>!<\/strong> Aktuell k\u00f6nnen die VP-Stunden zu folgenden Zeiten abgeholt werden:\u00a0<\/h3>\n<ul>\n<li style=\"list-style-type: none\">\n<ul>\n<li>Dienstags von 12.45bis 13.45 Uhr\u00a0<\/li>\n<li>Mittwochs von 13.30 bis 14.30 Uhr<\/li>\n<\/ul>\n<\/li>\n<\/ul>\n<p>F\u00fcr die korrekte Bearbeitung muss nachvollziehbar sein, an welcher Studie teilgenommen wurde. Dies erfolgt in der Regel \u00fcber einen Code, der bei der Durchf\u00fchrung erstellt wurde.<\/p>\n<p style=\"text-align: center\"><strong>Wichtig:<\/strong><\/p>\n<p style=\"text-align: center\">Wir bearbeiten ausschlie\u00dflich VP-Stunden von Studien der<a href=\"https:\/\/www.hsu-hh.de\/diffpsych\/\"> <strong>Professur f\u00fcr Pers\u00f6nlichkeitspsychologie und psychologische Diagnostik<\/strong><\/a>! Wir k\u00f6nnen keine VP-Stunden f\u00fcr Studien anderer Professuren vergeben!<\/p>\n<h2>F\u00fcr Versuchsleiter:<\/h2>\n<p>Die Erstellung des Versuchspersonencodes ist nach einem festen Schema zu gestalten. Nur so kann gew\u00e4hrleistet werden, dass Ihre Versuchspersonen den Code zu einem sp\u00e4teren Zeitpunkt wiederherstellen k\u00f6nnen.<\/p>\n<p style=\"text-align: center\"><span style=\"text-decoration: underline\">Die Festlegung eines solchen Schemas liegt in Ihrer Verantwortung und ist vor dem Beginn Ihres Erhebungszeitraums durchzuf\u00fchren.<\/span><\/p>\n<h3>Beispiel f\u00fcr ein Schema zur Erstellung eines VP-Codes:<\/h3>\n<p>Die ersten beiden Buchstaben des Namens der Mutter, die ersten beiden Buchstaben des Namens des Vaters und die ersten beiden Ziffern des eigenen Geburtstags.<\/p>\n<p>Mutter: Sabine<\/p>\n<p>Vater: Holger<\/p>\n<p>Eigener Geburtstag: 03.07.1992<\/p>\n<p><strong>Code: SaHo03<\/strong><\/p>\n<p>Erinnern Sie Ihre Versuchspersonen daran, sich den eigenen VP-Code aufzuschreiben.<\/p>\n<p>Wenn Sie eine Erhebung vor Ort durchf\u00fchren, werden die VP-Codes unmittelbar nach der Teilnahme in den VP-Heften Ihrer Versuchspersonen bescheinigt. Empfangen Sie dazu rechtzeitig den notwendigen VP-Stempel. Dazu vereinbaren Sie bitte einen Termin unter <abbr title=\"Studentische Hilfskraft\">SHK<\/abbr>.diffpsych@hsu-hh.de. Der Stempel verbleibt dauerhaft in der Professur und darf das Geb\u00e4ude H4 nicht verlassen.<\/p>\n<p>Bei Online-Umfragen erfolgt die Vergabe der VP-Stunden in zwei Schritten:<\/p>\n<p><strong>Schritt 1:<\/strong><\/p>\n<p>Sie versorgen Ihre Studienteilnehmer selbstst\u00e4ndig mit Ihren VP-Codes und notieren sich s\u00e4mtliche Codes Ihrer Versuchspersonen. Nach Abschluss Ihres Erhebungszeitraums senden Sie die Liste mit den Codes an <strong><a href=\"mailto:SHK.diffpsych@hsu-hh.de\" rel='nofollow'><abbr title=\"Studentische Hilfskraft\">SHK<\/abbr>.diffpsych@hsu-hh.de<\/a>. <\/strong>Auf dieser Liste notieren Sie bitte zus\u00e4tzlich Ihren Eigenen Namen, gegebenenfalls den Namen Ihrer Betreuerin oder Ihres Betreuers sowie Ihren Erhebungszeitraum. Wir empfehlen dazu das\u00a0<strong>VP-Stunden Formblatt<\/strong>, das Sie am Ende dieser Seite finden.<\/p>\n<p><strong>Schritt 2:<\/strong><\/p>\n<p>Nachdem Ihre Erhebung abgeschlossen ist und Sie die Liste mit den verbleibenden Codes an <abbr title=\"Studentische Hilfskraft\">SHK<\/abbr>.diffpsych@hsu-hh.de gesendet haben, weisen Sie Ihre Versuchspersonen selbstst\u00e4ndig, beispielsweise per Bulletin, darauf hin, dass die VP-Stunden nun bescheinigt werden k\u00f6nnen.<\/p>\n<div class=\"col-xs-12 downloads-item\">\n<div class=\"row border-line\">\n<div class=\"thumbnail-area\"><img decoding=\"async\" class=\"download-image\" src=\"\/wp-content\/themes\/hsu\/img\/dummy\/downloads_dummy.png\" alt=\"\" \/><\/div>\n<div class=\"text-area\"><span class=\"download-text\">VP-Stunden Formblatt<\/span><\/div>\n<div class=\"download-area\"><a class=\"download-link\" href=\"https:\/\/www.hsu-hh.de\/diffpsych\/wp-content\/uploads\/sites\/722\/2018\/11\/Formblatt-VP.pdf\"><span class=\"download-name\">pdf laden<\/span><span class=\"donwload-icon\"><img decoding=\"async\" class=\"download-icon\" src=\"\/wp-content\/themes\/hsu\/img\/icons\/download_icon.png\" alt=\"download icon\" \/><\/span><span class=\"download-size\">85 KB<\/span><\/a><\/div>\n<\/div>\n<\/div>\n<p>Ihre Teilnehmer k\u00f6nnen dann in den oben angegebenen Zeiten ihre Hefte stempeln lassen.<\/p>\n<p>Voraussetzung f\u00fcr einen reibungslosen und fairen Ablauf ist, dass die Listen vollst\u00e4ndig und korrekt \u00fcbermittelt werden.<\/p>\n<h3>Aktuelle Studien an denen Sie teilnehmen k\u00f6nnen<\/h3>\n<p>Wir weisen aktuell regelm\u00e4\u00dfig \u00fcber den Bulletin-Service der <abbr title=\"Helmut Schmidt Universit\u00e4t\">HSU<\/abbr> auf laufende Studien hin. Fragen Sie gerne auch nach unter: <abbr title=\"Studentische Hilfskraft\">SHK<\/abbr>.diffpsych@hsu-hh.de.<\/p>","protected":false},"excerpt":{"rendered":"<p>Bitte beachten Sie, dass im Sommertrimester grunds\u00e4tzlich keine VP-Stunden gestempelt werden! F\u00fcr Versuchspersonen: Wir bitten um Geduld bei Online-Studien: Achten Sie bitte bei jeder Studie darauf, ab wann Sie VP-Stunden [&hellip;]<\/p>\n","protected":false},"author":1462,"featured_media":0,"parent":0,"menu_order":0,"comment_status":"closed","ping_status":"closed","template":"","meta":{"footnotes":""},"categories":[4],"tags":[],"class_list":["post-504","page","type-page","status-publish","hentry","category-forschung"],"_links":{"self":[{"href":"https:\/\/www.hsu-hh.de\/diffpsych\/wp-json\/wp\/v2\/pages\/504","targetHints":{"allow":["GET"]}}],"collection":[{"href":"https:\/\/www.hsu-hh.de\/diffpsych\/wp-json\/wp\/v2\/pages"}],"about":[{"href":"https:\/\/www.hsu-hh.de\/diffpsych\/wp-json\/wp\/v2\/types\/page"}],"author":[{"embeddable":true,"href":"https:\/\/www.hsu-hh.de\/diffpsych\/wp-json\/wp\/v2\/users\/1462"}],"replies":[{"embeddable":true,"href":"https:\/\/www.hsu-hh.de\/diffpsych\/wp-json\/wp\/v2\/comments?post=504"}],"version-history":[{"count":47,"href":"https:\/\/www.hsu-hh.de\/diffpsych\/wp-json\/wp\/v2\/pages\/504\/revisions"}],"predecessor-version":[{"id":2312,"href":"https:\/\/www.hsu-hh.de\/diffpsych\/wp-json\/wp\/v2\/pages\/504\/revisions\/2312"}],"wp:attachment":[{"href":"https:\/\/www.hsu-hh.de\/diffpsych\/wp-json\/wp\/v2\/media?parent=504"}],"wp:term":[{"taxonomy":"category","embeddable":true,"href":"https:\/\/www.hsu-hh.de\/diffpsych\/wp-json\/wp\/v2\/categories?post=504"},{"taxonomy":"post_tag","embeddable":true,"href":"https:\/\/www.hsu-hh.de\/diffpsych\/wp-json\/wp\/v2\/tags?post=504"}],"curies":[{"name":"wp","href":"https:\/\/api.w.org\/{rel}","templated":true}]}}