{"id":489,"date":"2018-05-24T12:37:27","date_gmt":"2018-05-24T10:37:27","guid":{"rendered":"https:\/\/www.hsu-hh.de\/diffpsych\/?page_id=489"},"modified":"2024-09-12T12:12:31","modified_gmt":"2024-09-12T10:12:31","slug":"labor","status":"publish","type":"page","link":"https:\/\/www.hsu-hh.de\/diffpsych\/labor","title":{"rendered":"Labor"},"content":{"rendered":"\n<figure class=\"wp-block-image\"><img loading=\"lazy\" decoding=\"async\" width=\"300\" height=\"88\" src=\"https:\/\/www.hsu-hh.de\/diffpsych\/wp-content\/uploads\/sites\/722\/2018\/05\/Logo-PPD-labor-300x88.png\" data-credit=\"\" alt=\"Labor\" class=\"wp-image-376\" srcset=\"https:\/\/www.hsu-hh.de\/diffpsych\/wp-content\/uploads\/sites\/722\/2018\/05\/Logo-PPD-labor-300x88.png 300w, https:\/\/www.hsu-hh.de\/diffpsych\/wp-content\/uploads\/sites\/722\/2018\/05\/Logo-PPD-labor-768x226.png 768w, https:\/\/www.hsu-hh.de\/diffpsych\/wp-content\/uploads\/sites\/722\/2018\/05\/Logo-PPD-labor-1024x301.png 1024w, https:\/\/www.hsu-hh.de\/diffpsych\/wp-content\/uploads\/sites\/722\/2018\/05\/Logo-PPD-labor.png 1970w\" sizes=\"auto, (max-width: 300px) 100vw, 300px\" \/><\/figure>\n\n\n\n<p>Das Labor bietet verschiedene M\u00f6glichkeiten der Datenerhebung und Messung. Zur verf\u00fcgbaren Ausstattung geh\u00f6ren <abbr title=\"unter anderem\">u.a.<\/abbr> Computer mit dem Wiener Testsystem und anderen Testverfahren, Eye-Tracking Computer, Dokumentenscanner, ein Beobachtungslabor mit Video- und Audioaufzeichnung und diverse Softwarel\u00f6sungen zur Erhebung und Messung. Der Raum kann von Studierenden und Mitarbeitern zu Test- und Erhebungszwecken genutzt werden. Die Bedienung des Laborger\u00e4ts ist nur nach vorheriger Absprache und Einf\u00fchrung durch den Laborleiter der Professur f\u00fcr Pers\u00f6nlichkeitspsychologie und Psychologische Diagnostik erlaubt.<\/p>\n\n\n\n<p>Bei Fragen zu den verf\u00fcgbaren Ger\u00e4ten oder zur Terminvereinbarung f\u00fcr eine Einf\u00fchrung schreiben Sie eine Email an <strong>diffpsych@hsu-hh.de<\/strong> .<\/p>\n\n\n\n<h3 class=\"wp-block-heading\">Regeln f\u00fcr das Labor:<\/h3>\n\n\n\n<ul class=\"wp-block-list\">\n<li>Eine Nutzung ist nur nach einer Reservierung \u00fcber die <a href=\"https:\/\/www.hsu-hh.de\/diffpsych\/marie-sophie-wolbergs\" data-type=\"link\" data-id=\"https:\/\/www.hsu-hh.de\/diffpsych\/fhj-julian-dohmen-shk\">Laborleitung<\/a> m\u00f6glich.<\/li>\n\n\n\n<li>Das Labor ist nach der Verwendung wieder abzuschlie\u00dfen.<\/li>\n\n\n\n<li>Eye-Tracking Ger\u00e4te werden nur mit expliziter Erlaubnis von <abbr title=\"Professor\">Prof.<\/abbr> <abbr title=\"Doktor\">Dr.<\/abbr> Herzberg ausgeliehen.<\/li>\n\n\n\n<li>Andere Ger\u00e4te (Wiener-Testsystem Laptops, IAT Laptops) k\u00f6nnen ausgeliehen werden. Der Prozess wird streng dokumentiert und die Leihgabe ist f\u00fcr den Leihzeitraum nicht versichert! Sch\u00e4den und Verlust m\u00fcssen selbst gezahlt werden.<\/li>\n<\/ul>\n\n\n\n<p><\/p>\n","protected":false},"excerpt":{"rendered":"<p>Das Labor bietet verschiedene M\u00f6glichkeiten der Datenerhebung und Messung. Zur verf\u00fcgbaren Ausstattung geh\u00f6ren u.a. Computer mit dem Wiener Testsystem und anderen Testverfahren, Eye-Tracking Computer, Dokumentenscanner, ein Beobachtungslabor mit Video- und [&hellip;]<\/p>\n","protected":false},"author":1462,"featured_media":0,"parent":0,"menu_order":0,"comment_status":"closed","ping_status":"closed","template":"","meta":{"footnotes":""},"categories":[4],"tags":[],"class_list":["post-489","page","type-page","status-publish","hentry","category-forschung"],"_links":{"self":[{"href":"https:\/\/www.hsu-hh.de\/diffpsych\/wp-json\/wp\/v2\/pages\/489","targetHints":{"allow":["GET"]}}],"collection":[{"href":"https:\/\/www.hsu-hh.de\/diffpsych\/wp-json\/wp\/v2\/pages"}],"about":[{"href":"https:\/\/www.hsu-hh.de\/diffpsych\/wp-json\/wp\/v2\/types\/page"}],"author":[{"embeddable":true,"href":"https:\/\/www.hsu-hh.de\/diffpsych\/wp-json\/wp\/v2\/users\/1462"}],"replies":[{"embeddable":true,"href":"https:\/\/www.hsu-hh.de\/diffpsych\/wp-json\/wp\/v2\/comments?post=489"}],"version-history":[{"count":11,"href":"https:\/\/www.hsu-hh.de\/diffpsych\/wp-json\/wp\/v2\/pages\/489\/revisions"}],"predecessor-version":[{"id":2100,"href":"https:\/\/www.hsu-hh.de\/diffpsych\/wp-json\/wp\/v2\/pages\/489\/revisions\/2100"}],"wp:attachment":[{"href":"https:\/\/www.hsu-hh.de\/diffpsych\/wp-json\/wp\/v2\/media?parent=489"}],"wp:term":[{"taxonomy":"category","embeddable":true,"href":"https:\/\/www.hsu-hh.de\/diffpsych\/wp-json\/wp\/v2\/categories?post=489"},{"taxonomy":"post_tag","embeddable":true,"href":"https:\/\/www.hsu-hh.de\/diffpsych\/wp-json\/wp\/v2\/tags?post=489"}],"curies":[{"name":"wp","href":"https:\/\/api.w.org\/{rel}","templated":true}]}}