{"id":468,"date":"2018-05-24T12:00:13","date_gmt":"2018-05-24T10:00:13","guid":{"rendered":"https:\/\/www.hsu-hh.de\/diffpsych\/?page_id=468"},"modified":"2026-04-14T14:55:25","modified_gmt":"2026-04-14T12:55:25","slug":"testbibliothek","status":"publish","type":"page","link":"https:\/\/www.hsu-hh.de\/diffpsych\/testbibliothek","title":{"rendered":"Testbibliothek"},"content":{"rendered":"\n<p class=\"has-text-align-center\"><strong>Bitte beachten Sie, dass im Sommertrimester grunds\u00e4tzlich keine Testausleihe stattfindet!<\/strong><\/p>\n\n\n<p><img loading=\"lazy\" decoding=\"async\" class=\"alignnone wp-image-377\" src=\"https:\/\/www.hsu-hh.de\/diffpsych\/wp-content\/uploads\/sites\/722\/2018\/05\/Logo-PPD-TESTBIB-300x88.png\" alt=\"Testbibliothek\" width=\"450\" height=\"132\" srcset=\"https:\/\/www.hsu-hh.de\/diffpsych\/wp-content\/uploads\/sites\/722\/2018\/05\/Logo-PPD-TESTBIB-300x88.png 300w, https:\/\/www.hsu-hh.de\/diffpsych\/wp-content\/uploads\/sites\/722\/2018\/05\/Logo-PPD-TESTBIB-768x226.png 768w, https:\/\/www.hsu-hh.de\/diffpsych\/wp-content\/uploads\/sites\/722\/2018\/05\/Logo-PPD-TESTBIB-1024x301.png 1024w, https:\/\/www.hsu-hh.de\/diffpsych\/wp-content\/uploads\/sites\/722\/2018\/05\/Logo-PPD-TESTBIB.png 1970w\" sizes=\"auto, (max-width: 450px) 100vw, 450px\" \/><\/p>\n<p>Die Testbibliothek der Helmut-Schmidt-Universit\u00e4t bietet Studierenden und Mitarbeitern des Fachbereichs Psychologie die M\u00f6glichkeit psychologisch diagnostische Tests und Fragebogenverfahren f\u00fcr Lehr- und \u00dcbungszwecke auszuleihen.<\/p>\n<p>Bitte beachten Sie, dass grunds\u00e4tzlich <strong>nur Psychologinnen und Psychologen sowie Studierende der Psychologie<\/strong> der Helmut-Schmidt-Universit\u00e4t zur Ausleihe von Testsystemen aus der Testbibliothek berechtigt sind.<\/p>\n<div class=\"background-grey\">\n<h3>Ausleihe im Trimesterbetrieb:<\/h3>\n<p><strong>Zur Ausleihe und R\u00fcckgabe von Material aus der Testbibliothek, vereinbaren Sie bitte einen Termin unter <a href=\"mailto:SHK.diffpsych@hsu-hh.de\" rel='nofollow'><abbr title=\"Studentische Hilfskraft\">SHK<\/abbr>.diffpsych@hsu-hh.de<\/a>.<\/strong><\/p>\n<p style=\"padding-left: 30px\">Die Testbibliothek finden Sie im Geb\u00e4ude H4, Raum 117.<\/p>\n<\/div>\n<h3>Hinweis f\u00fcr Seminarleiterinnen und Seminarleiter <span style=\"text-decoration: underline\">au\u00dferhalb<\/span> der Professur f\u00fcr Pers\u00f6nlichkeitspsychologie und psychologische <span style=\"font-size: 21.06px\">Diagnostik<\/span>:<\/h3>\n<p>Sollten Sie f\u00fcr Ihre Lehrveranstaltung Testverfahren ben\u00f6tigen, melden Sie diese Bedarfe bitte vor dem Beginn des entsprechenden Trimesters an. Die angemeldeten Bedarfe werden dann vonseiten der Professur gepr\u00fcft. Seminare der Professur f\u00fcr Pers\u00f6nlichkeitspsychologie und psychologische Diagnostik, haben bei der Reservierung von Testsystemen grunds\u00e4tzlich Vorrang. Im laufenden Trimesterbetrieb k\u00f6nnen wir die Bereitstellung von Tests f\u00fcr Lehrveranstaltungen leider nicht garantieren.<\/p>\n<div class=\"background-grey\">\n<h3>Regeln f\u00fcr das Verleihen:<\/h3>\n<\/div>\n<ul>\n<li>\n<div class=\"background-grey\"><strong>Jede<\/strong> Leihgabe wird elektronisch vermerkt.<\/div>\n<\/li>\n<li>\n<div class=\"background-grey\">Bei der R\u00fcckgabe ist darauf zu achten, dass die R\u00fcckgabe ebenfalls korrekt verbucht wird.<\/div>\n<\/li>\n<li>\n<div class=\"background-grey\">Um Zweifeln vorzubeigen, achten Sie bitte bei der Abgabe von Verfahren darauf, dass diese direkt verbucht wird.<\/div>\n<\/li>\n<li>\n<div class=\"background-grey\">Die maximale Leihdauer betr\u00e4gt <strong>vier Wochen<\/strong>.<\/div>\n<\/li>\n<li>\n<div class=\"background-grey\">Fehlendes oder verbrauchtes Material muss ersetzt werden.<\/div>\n<\/li>\n<li>\n<div class=\"background-grey\">Nicht zur\u00fcckgegebene Verfahren m\u00fcssen ersetzt werden.<\/div>\n<\/li>\n<li>\n<div class=\"background-grey\">Eine kommerzielle Anwendung ist untersagt.<\/div>\n<\/li>\n<li>\n<div class=\"background-grey\">Die Ausgabe erfolgt ausschlie\u00dflich an Studierende und Mitarbeiter der Psychologie.<\/div>\n<\/li>\n<li>\n<div class=\"background-grey\">Die Vervielf\u00e4ltigung von Material ist untersagt.<\/div>\n<ul>\n<li>\n<div class=\"background-grey\">F\u00fcr Verfahren des Hogrefe Verlags gelten die Regelungen unter: <a href=\"https:\/\/www.hogrefe.de\/service\/rights-permissions\/nachdruck-testmaterialien\" rel='nofollow'>Nachdruck<\/a> und <a href=\"https:\/\/www.hogrefe.de\/service\/rights-permissions\/abdruck-testverfahren\" rel='nofollow'>Abdruck<\/a><\/div>\n<\/li>\n<li>\n<div class=\"background-grey\">F\u00fcr Verfahren anderer Verlage gelten <abbr title=\"gegebenenfalls\">ggf.<\/abbr> andere Regelungen.<\/div>\n<\/li>\n<\/ul>\n<\/li>\n<\/ul>\n<h3>\u00d6ffnungszeiten im <abbr title=\"Wintertrimester\">WT<\/abbr>26:\u00a0<\/h3>\n<p>Dienstag: 14.00 &#8211; 15.00 Uhr\u00a0<\/p>\n<p>Mittwoch: 13.15 &#8211; 14.15 Uhr<\/p>\n<h3>Bestand:<\/h3>\n<p>Der aktuelle Bestand der Testbibliothek kann im Katalog der Universit\u00e4tsbibliothek der <abbr title=\"Helmut Schmidt Universit\u00e4t\">HSU<\/abbr> mit den Stichworten &#8222;testbibliothek psychologie&#8220; eingesehen werden. Link:\u00a0<a href=\"https:\/\/ub.hsu-hh.de\/DB=1.10\/SET=2\/TTL=1\/CMD?ACT=SRCHM&amp;MATCFILTER=Y&amp;MATCSET=Y&amp;NOSCAN=Y&amp;PARSE_MNEMONICS=N&amp;PARSE_OPWORDS=N&amp;PARSE_OLDSETS=N&amp;ACT0=SRCH&amp;IKT0=1004&amp;TRM0=&amp;ACT1=*&amp;IKT1=4&amp;TRM1=&amp;ACT2=*&amp;IKT2=1016&amp;TRM2=&amp;ACT3=*&amp;IKT3=46&amp;TRM3=testbibliothek+psychologie&amp;SRT=YOP&amp;ADI_JVU=&amp;ADI_TAA=&amp;ADI_LND=&amp;ADI_MAT=B&amp;ADI_MAT=G&amp;ADI_MAT=T&amp;ADI_MAT=M&amp;ADI_MAT=A&amp;ADI_MAT=L&amp;ADI_MAT=O&amp;ADI_MAT=H&amp;ADI_MAT=E&amp;ADI_MAT=K&amp;ADI_MAT=V&amp;ADI_MAT=I&amp;ADI_MAT=S&amp;ADI_MAT=X\" rel='nofollow'>Katalog<\/a><\/p>\n<div class=\"col-xs-12 downloads-item\">\n<div class=\"row border-line\">\n<div class=\"thumbnail-area\"><img decoding=\"async\" class=\"download-image\" src=\"\/wp-content\/themes\/hsu\/img\/dummy\/downloads_dummy.png\" alt=\"\" \/><\/div>\n<div class=\"text-area\"><span class=\"download-text\">Hier finden Sie alle in unserer Testbibliothek verf\u00fcgbaren Tests<\/span><\/div>\n<div class=\"download-area\"><a class=\"download-link\" href=\"https:\/\/www.hsu-hh.de\/diffpsych\/wp-content\/uploads\/sites\/722\/2023\/04\/Testbib_ProfPersPsyDiag.pdf\"><span class=\"download-name\">pdf laden<\/span><span class=\"donwload-icon\"><img decoding=\"async\" class=\"download-icon\" src=\"\/wp-content\/themes\/hsu\/img\/icons\/download_icon.png\" alt=\"download icon\" \/><\/span><span class=\"download-size\">149 kB<\/span><\/a><\/div>\n<\/div>\n<\/div>\n<h3>Tipps:<\/h3>\n<ul>\n<li>Beachten Sie bei der Anwendung die\u00a0 internationalen Richtlinien zur Testanwendung: <a href=\"https:\/\/www.psyndex.de\/pub\/tests\/itc_richtlinien.pdf\" rel='nofollow'>ITC-Richtlinien<\/a><\/li>\n<li>Das\u00a0Leibniz-Zentrum f\u00fcr Psychologische Information und Dokumentation (ZPID) bietet eine Reihe von diagnostischen Verfahren kostenlos zum Download an. Diese k\u00f6nnen in der Forschung frei eingesetzt werden. <a href=\"https:\/\/www.testarchiv.eu\" rel='nofollow'>www.testarchiv.eu<\/a><\/li>\n<li>Die Suchmaschine PubPsych erlaubt mit dem Suchargument DT=&#8220;TEST\/Questionnaire&#8220; eine Suche aller verlagsm\u00e4\u00dfig vertriebenen Verfahren. <a href=\"https:\/\/pubpsych.zpid.de\/pubpsych\/Search.action?sortBy=score&amp;dir=desc&amp;q=DT%3D%22TEST%2FQuestionnaire%22\" rel='nofollow'>LINK<\/a><\/li>\n<li>Alle dort aufgef\u00fchrten Verfahren sind im Verzeichnis f\u00fcr Testverfahren des ZPID nach unterschiedlichen Merkmalen geordnet: <a href=\"https:\/\/www.psyndex.de\/index.php?wahl=products&amp;uwahl=printed&amp;uuwahl=testverzeichnis\" rel='nofollow'>LINK<\/a><\/li>\n<\/ul>","protected":false},"excerpt":{"rendered":"<p>Bitte beachten Sie, dass im Sommertrimester grunds\u00e4tzlich keine Testausleihe stattfindet! Die Testbibliothek der Helmut-Schmidt-Universit\u00e4t bietet Studierenden und Mitarbeitern des Fachbereichs Psychologie die M\u00f6glichkeit psychologisch diagnostische Tests und Fragebogenverfahren f\u00fcr Lehr- [&hellip;]<\/p>\n","protected":false},"author":1462,"featured_media":0,"parent":0,"menu_order":0,"comment_status":"closed","ping_status":"closed","template":"","meta":{"footnotes":""},"categories":[4],"tags":[],"class_list":["post-468","page","type-page","status-publish","hentry","category-forschung"],"_links":{"self":[{"href":"https:\/\/www.hsu-hh.de\/diffpsych\/wp-json\/wp\/v2\/pages\/468","targetHints":{"allow":["GET"]}}],"collection":[{"href":"https:\/\/www.hsu-hh.de\/diffpsych\/wp-json\/wp\/v2\/pages"}],"about":[{"href":"https:\/\/www.hsu-hh.de\/diffpsych\/wp-json\/wp\/v2\/types\/page"}],"author":[{"embeddable":true,"href":"https:\/\/www.hsu-hh.de\/diffpsych\/wp-json\/wp\/v2\/users\/1462"}],"replies":[{"embeddable":true,"href":"https:\/\/www.hsu-hh.de\/diffpsych\/wp-json\/wp\/v2\/comments?post=468"}],"version-history":[{"count":43,"href":"https:\/\/www.hsu-hh.de\/diffpsych\/wp-json\/wp\/v2\/pages\/468\/revisions"}],"predecessor-version":[{"id":2370,"href":"https:\/\/www.hsu-hh.de\/diffpsych\/wp-json\/wp\/v2\/pages\/468\/revisions\/2370"}],"wp:attachment":[{"href":"https:\/\/www.hsu-hh.de\/diffpsych\/wp-json\/wp\/v2\/media?parent=468"}],"wp:term":[{"taxonomy":"category","embeddable":true,"href":"https:\/\/www.hsu-hh.de\/diffpsych\/wp-json\/wp\/v2\/categories?post=468"},{"taxonomy":"post_tag","embeddable":true,"href":"https:\/\/www.hsu-hh.de\/diffpsych\/wp-json\/wp\/v2\/tags?post=468"}],"curies":[{"name":"wp","href":"https:\/\/api.w.org\/{rel}","templated":true}]}}